{"id":1013,"date":"2025-03-20T14:26:28","date_gmt":"2025-03-20T13:26:28","guid":{"rendered":"https:\/\/tds-ch-microsoft-v2.local\/?page_id=1013"},"modified":"2025-03-25T15:55:56","modified_gmt":"2025-03-25T14:55:56","slug":"sap-on-azure-fr","status":"publish","type":"page","link":"https:\/\/dach.tdsynnex.com\/ch\/microsoft\/fr\/td-services-fr\/sap-on-azure-fr\/","title":{"rendered":"SAP on Azure FR"},"content":{"rendered":"\n<section class=\"tds-msft-block hero  bg-deepteal clr-white bg-top-right\"   style=\"background-image: url(https:\/\/dach.tdsynnex.com\/ch\/microsoft\/wp-content\/uploads\/2025\/02\/mesh-pattern-1.png);\">\n\n  <div class=\"uk-container uk-container-xlarge\">\n          <div class=\"uk-grid\">\n        <div class=\"uk-width-2-3@m uk-width-1-1 uk-flex-first@m uk-flex-last\">\n                <h1>SAP on Azure<\/h1>\n<p>Avec SAP on Azure, TD SYNNEX vous propose une solution innovante dans le Cloud. Vous pouvez par exemple installer une reprise d\u2019activit\u00e9 de votre solution ERP ou migrer l\u2019archivage de donn\u00e9es, l\u2019environnement de d\u00e9veloppement, de test et m\u00eame l\u2019environnement complet de production.<\/p>\n<p>Avec SAP on Azure, vous profitez d\u2019une infrastructure \u00e0 l\u2019environnement flexible, avec paiement \u00e0 l\u2019usage, qui vous permet de faire \u00e9voluer les ressources n\u00e9cessaires en fonction des besoins et ainsi de r\u00e9duire consid\u00e9rablement le TCO.<\/p>\n                <\/div>\n        <div class=\"uk-width-1-3@m uk-width-1-1\">\n          <img decoding=\"async\" src=\"https:\/\/dach.tdsynnex.com\/ch\/microsoft\/wp-content\/uploads\/2025\/03\/hero-sap.png\" alt=\"\">\n        <\/div>\n      <\/div>\n      <\/div>\n\n<\/section>\n\n\n<section class=\"tds-msft-block icon-cards  bg-deepteal clr-white bg-center\"  >\n\n  <div class=\"uk-container uk-container-xlarge\">\n          <div class=\"uk-grid\">\n        <div class=\"uk-width-1-4@m uk-width-1-1\">\n          <div class=\"intro\">\n            <h2>Vos avantages avec SAP on Azure<\/h2>\n          <\/div>\n        <\/div>\n        <div class=\"uk-width-3-4@m uk-width-1-1\">\n                <div class=\"uk-grid uk-child-width-1-3@l uk-child-width-1-2@s uk-child-width-1-1\" uk-height-match=\"target: .icon-card-content\">\n                      <div>\n              <div class=\"icon-card icon-card-center\">\n                                <div class=\"icon-card-content\">\n                  <p style=\"text-align: center;\">SAP on Azure offre un niveau \u00e9lev\u00e9 de flexibilit\u00e9, de s\u00e9curit\u00e9 et de disponibilit\u00e9.<\/p>\n                <\/div>\n              <\/div>\n            <\/div>\n                      <div>\n              <div class=\"icon-card icon-card-center\">\n                                  <img decoding=\"async\" src=\"https:\/\/dach.tdsynnex.com\/ch\/microsoft\/wp-content\/uploads\/2025\/03\/icon-save-money.svg\" alt=\"\">\n                                <div class=\"icon-card-content\">\n                  <p style=\"text-align: center;\">Diminution des co\u00fbts et augmentation de la productivit\u00e9 gr\u00e2ce \u00e0 la migration d\u2019environnements SAP complexes locaux dans le Cloud.<\/p>\n                <\/div>\n              <\/div>\n            <\/div>\n                      <div>\n              <div class=\"icon-card icon-card-center\">\n                                  <img decoding=\"async\" src=\"https:\/\/dach.tdsynnex.com\/ch\/microsoft\/wp-content\/uploads\/2025\/02\/icon-beratung.svg\" alt=\"\">\n                                <div class=\"icon-card-content\">\n                  <p style=\"text-align: center;\">Expertise \u00e0 la fois dans les environnements SAP et dans Azure. Conseil professionnel et accompagnement dans toutes les phases de votre projet, y compris les services de migration Cloud complets<\/p>\n                <\/div>\n              <\/div>\n            <\/div>\n                      <div>\n              <div class=\"icon-card icon-card-center\">\n                                  <img decoding=\"async\" src=\"https:\/\/dach.tdsynnex.com\/ch\/microsoft\/wp-content\/uploads\/2025\/03\/icon-screwdriver.svg\" alt=\"\">\n                                <div class=\"icon-card-content\">\n                  <p style=\"text-align: center;\">Tous les services sont disponibles en marque blanche.<\/p>\n                <\/div>\n              <\/div>\n            <\/div>\n                      <div>\n              <div class=\"icon-card icon-card-center\">\n                                  <img decoding=\"async\" src=\"https:\/\/dach.tdsynnex.com\/ch\/microsoft\/wp-content\/uploads\/2025\/03\/icon-global-net.svg\" alt=\"\">\n                                <div class=\"icon-card-content\">\n                  <p style=\"text-align: center;\">Cloud-Plattform mit Customer Lifecycle Management. Flexible Abrechnung, um den \u00dcbergang zu Abonnement- und Verbrauchsmodellen zu vereinfachen.<\/p>\n                <\/div>\n              <\/div>\n            <\/div>\n                  <\/div>\n                <\/div>\n      <\/div>\n      <\/div>\n<\/section>\n\n\n<section class=\"tds-msft-block text  bg-teal clr-white bg-center\"  >\n\n  <div class=\"uk-container uk-container-xlarge\">\n    <div class=\"uk-grid uk-child-width-1-1@m uk-width-1-1\">\n      <div class=\"uk-margin-large\">\n        <p>TD SYNNEX est partenaire SAP Gold et un centre de support SAP certifi\u00e9. Le portefeuille de prestations de TD SYNNEX SAP on Azure offre aux partenaires une introduction acc\u00e9l\u00e9r\u00e9e sur le march\u00e9 pour l\u2019impl\u00e9mentation des charges de travail SAP de leurs clients sur Azure. En utilisant la bo\u00eete \u00e0 outils, les connaissances et l\u2019expertise de TD SYNNEX, les partenaires peuvent \u00e9toffer leur propre offre de services, minimiser les co\u00fbts superflus et se concentrer sur leur c\u0153ur de m\u00e9tier.<\/p>\n<p>Notre offre de service s\u2019\u00e9tend du dimensionnement et de la tarification \u00e0 la migration et m\u00eame aux services g\u00e9r\u00e9s en marque blanche, en passant par l\u2019\u00e9valuation et la planification de la migration. Notre offre englobe ainsi tout ce dont nos partenaires ont besoin pour r\u00e9ussir dans des sc\u00e9narios SAP on Azure complexes et la gestion de leurs clients finals.<\/p>\n<p>Faites appel \u00e0 notre centre de comp\u00e9tences SAP pour vos projets de migration SAP. Nous disposons du savoir-faire et de l\u2019exp\u00e9rience pour vous accompagner et vous qualifier dans toutes les phases de votre projet.<\/p>\n<p style=\"text-align: center;\"><a class=\"uk-button tdcl-btn tds-button btn-chartreuse\" href=\"https:\/\/dach.tdsynnex.com\/ch\/microsoft\/wp-content\/uploads\/2025\/03\/SAP-Hana-on-Azure_Sales_Leaflet.pdf\" target=\"_blank\" rel=\"noopener\">Factsheet SAP HANA on Microsoft Azure<\/a><\/p>\n<p>&nbsp;<\/p>\n      <\/div>\n                <\/div>\n  <\/div>\n\n<\/section>\n\n\n<section class=\"tds-msft-block text  bg-deepteal clr-white bg-center\"   style=\"background-image: url(https:\/\/dach.tdsynnex.com\/ch\/microsoft\/wp-content\/uploads\/2025\/02\/bg-StreamOne_teal.jpg);\">\n\n  <div class=\"uk-container uk-container-xlarge\">\n    <div class=\"uk-grid uk-child-width-1-1@m uk-width-1-1\">\n      <div class=\"uk-margin-large\">\n        <h3><strong>Inscription pour CSP<\/strong><\/h3>\n<p>Avec le questionnaire de migration SAP, vous pouvez facilement \u00e9valuer les besoins de vos clients.<\/p>\n<p><a class=\"tds-button btn-chartreuse\" href=\"https:\/\/www.adwork-muc.de\/c67ebb71ec5f71c490d63daeb375a5c5\/mscsp\/lang\/ch_de\/\" target=\"_blank\" rel=\"noopener\">S&#8217;inscrire maintenant<\/a><\/p>\n      <\/div>\n                <\/div>\n  <\/div>\n\n<\/section>\n\n\n<section class=\"tds-msft-block icon-cards  bg-white clr-black bg-center\"  >\n\n  <div class=\"uk-container uk-container-xlarge\">\n        <div class=\"uk-grid uk-child-width-1-3@m uk-child-width-1-1 uk-flex-center\" uk-height-match=\"target: .icon-card-content\">\n              <div>\n          <div class=\"icon-card icon-card-center\">\n                          <img decoding=\"async\" src=\"https:\/\/dach.tdsynnex.com\/ch\/microsoft\/wp-content\/uploads\/2025\/02\/icon-trainingsportal.svg\" alt=\"\" style=\"height: 100px;\">\n                        <div class=\"icon-card-content\">\n              <h3 style=\"text-align: center;\">Training<\/h3>\n<p style=\"text-align: center;\">Avec nos formations Azure, vous pouvez former efficacement vos employ\u00e9s et les aider \u00e0 devenir des sp\u00e9cialistes du cloud.<\/p>\n<p style=\"text-align: center;\"><a class=\"tds-button btn-chartreuse\" href=\"https:\/\/techdata-events.com\/?action=login&amp;ref=121\" target=\"_blank\" rel=\"noopener\">S&#8217;inscrire maintenant<\/a><\/p>\n            <\/div>\n          <\/div>\n        <\/div>\n          <\/div>\n  <\/div>\n<\/section>\n\n\n<section class=\"tds-msft-block text  bg-deepteal clr-white bg-bottom-right\"   style=\"background-image: url(https:\/\/dach.tdsynnex.com\/ch\/microsoft\/wp-content\/uploads\/2025\/02\/mesh-pattern-3.png);\">\n\n  <div class=\"uk-container uk-container-xlarge\">\n    <div class=\"uk-grid uk-child-width-1-1@m uk-width-1-1\">\n      <div class=\"uk-margin-large\">\n        <h3 style=\"text-align: center;\">Contactez-nous<\/h3>\n<p style=\"text-align: center;\">Des questions, des impr\u00e9cisions, besoin d\u2019informations suppl\u00e9mentaires sur notre plateforme Cloud StreamOne?<br \/>\nN\u2019h\u00e9sitez pas \u00e0 nous contacter.<\/p>\n<p style=\"text-align: center;\"><a class=\"tds-button btn-chartreuse\" href=\"https:\/\/dach.tdsynnex.com\/ch\/microsoft\/fr\/kontakt-fr\/\">Prendre contact ici<\/a><\/p>\n      <\/div>\n                <\/div>\n  <\/div>\n\n<\/section>","protected":false},"excerpt":{"rendered":"","protected":false},"author":1,"featured_media":0,"parent":1003,"menu_order":0,"comment_status":"closed","ping_status":"closed","template":"","meta":{"_acf_changed":false,"inline_featured_image":false,"footnotes":""},"class_list":["post-1013","page","type-page","status-publish","hentry"],"acf":[],"_links":{"self":[{"href":"https:\/\/dach.tdsynnex.com\/ch\/microsoft\/wp-json\/wp\/v2\/pages\/1013","targetHints":{"allow":["GET"]}}],"collection":[{"href":"https:\/\/dach.tdsynnex.com\/ch\/microsoft\/wp-json\/wp\/v2\/pages"}],"about":[{"href":"https:\/\/dach.tdsynnex.com\/ch\/microsoft\/wp-json\/wp\/v2\/types\/page"}],"author":[{"embeddable":true,"href":"https:\/\/dach.tdsynnex.com\/ch\/microsoft\/wp-json\/wp\/v2\/users\/1"}],"replies":[{"embeddable":true,"href":"https:\/\/dach.tdsynnex.com\/ch\/microsoft\/wp-json\/wp\/v2\/comments?post=1013"}],"version-history":[{"count":3,"href":"https:\/\/dach.tdsynnex.com\/ch\/microsoft\/wp-json\/wp\/v2\/pages\/1013\/revisions"}],"predecessor-version":[{"id":1363,"href":"https:\/\/dach.tdsynnex.com\/ch\/microsoft\/wp-json\/wp\/v2\/pages\/1013\/revisions\/1363"}],"up":[{"embeddable":true,"href":"https:\/\/dach.tdsynnex.com\/ch\/microsoft\/wp-json\/wp\/v2\/pages\/1003"}],"wp:attachment":[{"href":"https:\/\/dach.tdsynnex.com\/ch\/microsoft\/wp-json\/wp\/v2\/media?parent=1013"}],"curies":[{"name":"wp","href":"https:\/\/api.w.org\/{rel}","templated":true}]}}