{"id":1054,"date":"2025-03-20T16:50:39","date_gmt":"2025-03-20T15:50:39","guid":{"rendered":"https:\/\/tds-ch-microsoft-v2.local\/?page_id=1054"},"modified":"2025-05-29T13:24:23","modified_gmt":"2025-05-29T11:24:23","slug":"cloud-marketplace-it","status":"publish","type":"page","link":"https:\/\/dach.tdsynnex.com\/ch\/microsoft\/it\/cloud-marketplace-it\/","title":{"rendered":"Cloud Marketplace IT"},"content":{"rendered":"\n<section class=\"tds-msft-block hero  bg-deepteal clr-white bg-top-right\"   style=\"background-image: url(https:\/\/dach.tdsynnex.com\/ch\/microsoft\/wp-content\/uploads\/2025\/02\/mesh-pattern-1.png);\">\n\n  <div class=\"uk-container uk-container-xlarge\">\n          <div class=\"uk-grid\">\n        <div class=\"uk-width-2-3@m uk-width-1-1 uk-flex-first@m uk-flex-last\">\n                <h1>StreamOne Ion Cloud Marketplace<\/h1>\n<p>La vostra piattaforma per un provisioning intuitivo e una gestione del cloud a prova di futuro!<\/p>\n<p>StreamOne\u00ae Ion \u00e8 pi\u00f9 di un marketplace: \u00e8 uno strumento strategico che ottimizza e automatizza l&#8217;intero percorso del cliente. La piattaforma semplifica la gestione fornendo un&#8217;interfaccia utente centralizzata e intuitiva.<\/p>\n<p>Con StreamOne\u00ae Ion, \u00e8 possibile creare soluzioni personalizzate che si adattano perfettamente alle vostre esigenze e a quelle dei vostri clienti. Sperimentate un&#8217;implementazione facile da usare che soddisfi gli standard pi\u00f9 elevati e delizi i vostri clienti.<\/p>\n                <\/div>\n        <div class=\"uk-width-1-3@m uk-width-1-1\">\n          <img decoding=\"async\" src=\"https:\/\/dach.tdsynnex.com\/ch\/microsoft\/wp-content\/uploads\/2025\/02\/hero-cloud-marketplace.png\" alt=\"\">\n        <\/div>\n      <\/div>\n      <\/div>\n\n<\/section>\n\n\n\n<section class=\"tds-msft-block icon-card-with-checkboxes  bg-deepteal clr-white bg-center\"  >\n\n  <div class=\"uk-container uk-container-xlarge\">\n    <div class=\"uk-grid uk-grid-large uk-flex-middle\">\n      <div class=\"uk-width-1-3@m uk-width-1-1\">\n        <div class=\"icon-card icon-card-center\">\n                      <img decoding=\"async\" src=\"https:\/\/dach.tdsynnex.com\/ch\/microsoft\/wp-content\/uploads\/2025\/02\/icon-cloud-marketplace.svg\" alt=\"\">\n                    <h3>Marketplace<\/h3>\n<p>Qui troverete i cataloghi dei prodotti di tutti i produttori elencati, come Microsoft, e potrete attivare il software.<\/p>\n                      <a href=\"https:\/\/ion.tdsynnex.com\/v2\/login\" target=\"_blank\" class=\"tds-button btn-chartreuse\">LogIn<\/a>\n                  <\/div>\n      <\/div>\n      <div class=\"uk-width-2-3@m uk-width-1-1 uk-margin-large\">\n        <div class=\"checkbox-Grid\">\n                      <div class=\"checkbox\">\n              <img decoding=\"async\" src=\"https:\/\/dach.tdsynnex.com\/ch\/microsoft\/wp-content\/themes\/tds-microsoft-ch\/assets\/img\/icon-checkbox.svg\" alt=\"Icon checkbox\">\n              <p>Gestione del portafoglio e dei produttori<\/p>\n            <\/div>\n                      <div class=\"checkbox\">\n              <img decoding=\"async\" src=\"https:\/\/dach.tdsynnex.com\/ch\/microsoft\/wp-content\/themes\/tds-microsoft-ch\/assets\/img\/icon-checkbox.svg\" alt=\"Icon checkbox\">\n              <p>Fare clic su un riquadro del prodotto per accedere alle informazioni sul prodotto.<\/p>\n            <\/div>\n                      <div class=\"checkbox\">\n              <img decoding=\"async\" src=\"https:\/\/dach.tdsynnex.com\/ch\/microsoft\/wp-content\/themes\/tds-microsoft-ch\/assets\/img\/icon-checkbox.svg\" alt=\"Icon checkbox\">\n              <p>Confrontare diversi piani (Microsoft).<\/p>\n            <\/div>\n                      <div class=\"checkbox\">\n              <img decoding=\"async\" src=\"https:\/\/dach.tdsynnex.com\/ch\/microsoft\/wp-content\/themes\/tds-microsoft-ch\/assets\/img\/icon-checkbox.svg\" alt=\"Icon checkbox\">\n              <p>Acquisto e fornitura di servizi cloud per conto dei vostri clienti.<\/p>\n            <\/div>\n                                <div class=\"checkbox\">\n              <a href=\"https:\/\/ion.tdsynnex.com\/v2\/login\" target=\"_blank\" class=\"tds-button btn-chartreuse\">Mehr erfahren<\/a>\n            <\/div>\n                  <\/div>\n      <\/div>\n    <\/div>\n  <\/div>\n<\/section>\n\n\n<section class=\"tds-msft-block text  bg-deepteal clr-white bg-center\"   style=\"background-image: url(https:\/\/dach.tdsynnex.com\/ch\/microsoft\/wp-content\/uploads\/2025\/02\/bg-StreamOne_teal.jpg);\">\n\n  <div class=\"uk-container uk-container-xlarge\">\n    <div class=\"uk-grid uk-child-width-1-1@m uk-width-1-1\">\n      <div class=\"uk-margin-large\">\n        <h2>Restate aggiornati su tutto quanto riguarda Microsoft<\/h2>\n<p>Nel nostro blog TD SYNNEX potete trovare le pi\u00f9 recenti informazioni sui prodotti attuali e futuri di Microsoft.<\/p>\n<p><a class=\"btn-chartreuse tds-button\" href=\"https:\/\/dach.tdsynnex.com\/blog\/ch\/microsoft\/\" target=\"_blank\" rel=\"noopener\">News<\/a><\/p>\n      <\/div>\n                <\/div>\n  <\/div>\n\n<\/section>\n\n\n<section class=\"tds-msft-block text  bg-deepteal clr-white bg-bottom-right\"   style=\"background-image: url(https:\/\/dach.tdsynnex.com\/ch\/microsoft\/wp-content\/uploads\/2025\/02\/mesh-pattern-3.png);\">\n\n  <div class=\"uk-container uk-container-xlarge\">\n    <div class=\"uk-grid uk-child-width-1-1@m uk-width-1-1\">\n      <div class=\"uk-margin-large\">\n        <h3 style=\"text-align: center;\">Contattateci<\/h3>\n<p style=\"text-align: center;\">Se avete domande, non vi \u00e8 chiaro o desiderate maggiori informazioni sul nostro Cloud Marketplace StreamOne siete invitati a contattarci.<\/p>\n<p style=\"text-align: center;\"><a class=\"tds-button btn-chartreuse\" href=\"https:\/\/dach.tdsynnex.com\/ch\/microsoft\/it\/kontakt-it\/\">Contatto qui<\/a><\/p>\n      <\/div>\n                <\/div>\n  <\/div>\n\n<\/section>","protected":false},"excerpt":{"rendered":"","protected":false},"author":1,"featured_media":0,"parent":0,"menu_order":0,"comment_status":"closed","ping_status":"closed","template":"","meta":{"_acf_changed":false,"inline_featured_image":false,"footnotes":""},"class_list":["post-1054","page","type-page","status-publish","hentry"],"acf":[],"_links":{"self":[{"href":"https:\/\/dach.tdsynnex.com\/ch\/microsoft\/wp-json\/wp\/v2\/pages\/1054","targetHints":{"allow":["GET"]}}],"collection":[{"href":"https:\/\/dach.tdsynnex.com\/ch\/microsoft\/wp-json\/wp\/v2\/pages"}],"about":[{"href":"https:\/\/dach.tdsynnex.com\/ch\/microsoft\/wp-json\/wp\/v2\/types\/page"}],"author":[{"embeddable":true,"href":"https:\/\/dach.tdsynnex.com\/ch\/microsoft\/wp-json\/wp\/v2\/users\/1"}],"replies":[{"embeddable":true,"href":"https:\/\/dach.tdsynnex.com\/ch\/microsoft\/wp-json\/wp\/v2\/comments?post=1054"}],"version-history":[{"count":7,"href":"https:\/\/dach.tdsynnex.com\/ch\/microsoft\/wp-json\/wp\/v2\/pages\/1054\/revisions"}],"predecessor-version":[{"id":2008,"href":"https:\/\/dach.tdsynnex.com\/ch\/microsoft\/wp-json\/wp\/v2\/pages\/1054\/revisions\/2008"}],"wp:attachment":[{"href":"https:\/\/dach.tdsynnex.com\/ch\/microsoft\/wp-json\/wp\/v2\/media?parent=1054"}],"curies":[{"name":"wp","href":"https:\/\/api.w.org\/{rel}","templated":true}]}}