{"id":1091,"date":"2025-03-20T17:21:22","date_gmt":"2025-03-20T16:21:22","guid":{"rendered":"https:\/\/tds-ch-microsoft-v2.local\/?page_id=1091"},"modified":"2025-03-26T10:03:02","modified_gmt":"2025-03-26T09:03:02","slug":"demo-center-it","status":"publish","type":"page","link":"https:\/\/dach.tdsynnex.com\/ch\/microsoft\/it\/td-services-it\/demo-center-it\/","title":{"rendered":"Demo Center IT"},"content":{"rendered":"\n<section class=\"tds-msft-block hero  bg-deepteal clr-white bg-top-right\"   style=\"background-image: url(https:\/\/dach.tdsynnex.com\/ch\/microsoft\/wp-content\/uploads\/2025\/02\/mesh-pattern-1.png);\">\n\n  <div class=\"uk-container uk-container-xlarge\">\n          <div class=\"uk-grid\">\n        <div class=\"uk-width-2-3@m uk-width-1-1 uk-flex-first@m uk-flex-last\">\n                <h1>Microsoft Demo Center<\/h1>\n<p><strong>L&#8217;aula di formazione ibrida.<\/strong> Scoprite il nostro nuovissimo Microsoft Demo Center, uno spazio progettato appositamente per le esigenze del lavoro ibrido, dotato della pi\u00f9 recente tecnologia Microsoft. La caratteristica distintiva \u00e8 una tribuna semicircolare che pu\u00f2 ospitare fino a 12 partecipanti.<\/p>\n<p>Offriamo inoltre un&#8217;ampia gamma di corsi di formazione basati sui pi\u00f9 recenti dispositivi Microsoft Surface, integrati in un ambiente Microsoft Intune.<\/p>\n<p>In aggiunta, siamo dotati di un ambiente Cloud Server, che ci consente di coprire un&#8217;ampia gamma di scenari virtuali, per aiutarvi ad approfondire le vostre competenze nell&#8217;uso delle tecnologie Microsoft.<\/p>\n                <\/div>\n        <div class=\"uk-width-1-3@m uk-width-1-1\">\n          <img decoding=\"async\" src=\"https:\/\/dach.tdsynnex.com\/ch\/microsoft\/wp-content\/uploads\/2025\/02\/hero-democenter.png\" alt=\"\">\n        <\/div>\n      <\/div>\n      <\/div>\n\n<\/section>\n\n\n\n<section class=\"tds-msft-block text-image  bg-deepteal clr-white bg-center\"  >\n\n  <div class=\"uk-container uk-container-xlarge\">\n    <div class=\"uk-grid \">\n      <div class=\"uk-width-1-3@m uk-width-1-1\">\n        <img decoding=\"async\" src=\"https:\/\/dach.tdsynnex.com\/ch\/microsoft\/wp-content\/uploads\/2025\/02\/img-mtr.png\" alt=\"\" class=\"rounded\">      <\/div>\n      <div class=\"uk-width-2-3@m uk-width-1-1\">\n        <h2><span style=\"color: #ccd814;\">Sistema MTR<\/span><\/h2>\n<p>Al centro del sistema MTR (Microsoft Teams Rooms) si trova la Logitech Rally Bar, il cuore del sistema. \u00c8 dotata di un&#8217;elegante struttura con obiettivi multi-elemento, potenti altoparlanti a bassa distorsione e un avanzato sistema di microfoni. Il sistema \u00e8 estremamente semplice da utilizzare grazie a un&#8217;unit\u00e0 di controllo intuitiva, che consente di accedere alle riunioni con un semplice tocco. La gestione dei meeting \u00e8 sempre semplice e flessibile, eliminando la necessit\u00e0 di complicate istruzioni operative.<\/p>\n<p>Logitech Rally Camera: Un&#8217;aggiunta sofisticata \u00e8 rappresentata dalla telecamera posteriore, posizionata sulla tribuna, che offre ai partecipanti virtuali l&#8217;esperienza unica di seguire i webinar dalla prospettiva del pubblico. Questa soluzione innovativa consente ai partecipanti di collegarsi da grandi distanze, mantenendo comunque la sensazione di essere presenti dal vivo. La telecamera si distingue per un&#8217;ottica 4K di alta qualit\u00e0 e tecnologie avanzate che garantiscono prestazioni eccellenti.<\/p>\n      <\/div>\n    <\/div>\n  <\/div>\n\n<\/section>\n\n\n\n<section class=\"tds-msft-block text-image  bg-deepteal clr-white bg-center\"  >\n\n  <div class=\"uk-container uk-container-xlarge\">\n    <div class=\"uk-grid uk-flex-row-reverse\">\n      <div class=\"uk-width-1-3@m uk-width-1-1\">\n        <img decoding=\"async\" src=\"https:\/\/dach.tdsynnex.com\/ch\/microsoft\/wp-content\/uploads\/2025\/02\/img-raummiete.png\" alt=\"\" class=\"rounded\">      <\/div>\n      <div class=\"uk-width-2-3@m uk-width-1-1\">\n        <h2 style=\"text-align: right;\"><span style=\"color: #ccd814;\">Affitto della Sala<\/span><\/h2>\n<p style=\"text-align: right;\">Il nostro concetto vi consente di utilizzare questa sala per vari scopi, che si tratti di formazione per i vostri dipendenti, testare nuovi dispositivi e scenari, o invitare potenziali clienti per una presentazione. E la cosa migliore? Tutte queste opportunit\u00e0 sono completamente gratuite!<\/p>\n<p style=\"text-align: right;\">Nel nostro pacchetto \u00e8 incluso un sistema Logitech MTR all&#8217;avanguardia, che garantisce un&#8217;esperienza di conferenza di prima qualit\u00e0. Inoltre, disponiamo di una vasta selezione di tablet, PC e hub della linea Microsoft Surface, disponibili in pi\u00f9 esemplari. Questi dispositivi non sono solo a disposizione per le vostre esigenze, ma fanno anche parte integrante del nostro programma gratuito di dispositivi di test. Come partner, avrete la possibilit\u00e0 di far testare questi dispositivi gratuitamente ai vostri clienti, per assicurarvi che soddisfino tutte le loro esigenze prima che effettuino un investimento.<\/p>\n<p style=\"text-align: right;\">Il nostro obiettivo \u00e8 fornirvi non solo uno spazio, ma anche tutte le risorse necessarie per raggiungere i vostri obiettivi in modo efficace.<\/p>\n<p style=\"text-align: right;\"><a class=\"tds-button btn-chartreuse\" href=\"https:\/\/dach.tdsynnex.com\/ch\/microsoft\/it\/microsoft-surface-testen-demo-solution-raum-it\/\">Prenotazione<\/a><\/p>\n      <\/div>\n    <\/div>\n  <\/div>\n\n<\/section>\n\n\n\n<section class=\"tds-msft-block text-image  bg-deepteal clr-white bg-center\"  >\n\n  <div class=\"uk-container uk-container-xlarge\">\n    <div class=\"uk-grid \">\n      <div class=\"uk-width-1-3@m uk-width-1-1\">\n        <img decoding=\"async\" src=\"https:\/\/dach.tdsynnex.com\/ch\/microsoft\/wp-content\/uploads\/2025\/02\/img-possibilities.png\" alt=\"\" class=\"rounded\">      <\/div>\n      <div class=\"uk-width-2-3@m uk-width-1-1\">\n        <h2><span style=\"color: #ccd814;\">Opportunit\u00e0 Complete<\/span><\/h2>\n<p>Nel nostro ambiente, i partner interessati possono approfondire e ampliare le proprie conoscenze e competenze nell&#8217;uso delle tecnologie Microsoft in modo realistico e pratico, in un ambiente di lavoro simulato.<\/p>\n<ol>\n<li><strong>Gestione dei Dispositivi:<\/strong> I partecipanti possono imparare a gestire i dispositivi utilizzando Microsoft Intune, assicurandosi che siano conformi alle politiche aziendali. Possono eseguire esercitazioni pratiche per registrare i dispositivi, definire le politiche e implementare misure di sicurezza, come le politiche di password e la crittografia dei dispositivi.<\/li>\n<li><strong>Collaborazione:<\/strong> Utilizzando dispositivi Microsoft Surface e Microsoft 365, i partecipanti possono esplorare vari scenari. Possono collaborare su documenti, coordinare appuntamenti e condurre videoconferenze, migliorando cos\u00ec l&#8217;efficienza e la produttivit\u00e0 nel lavoro di squadra.<\/li>\n<li><strong>Implementazione di Soluzioni Cloud:<\/strong> Nell&#8217;ambiente Cloud Server, i partecipanti possono simulare vari scenari cloud e acquisire esperienza pratica nell&#8217;implementazione di soluzioni come Azure Virtual Desktop, Azure Active Directory e Azure Storage. Possono, ad esempio, creare macchine virtuali, gestire account utente e archiviare e proteggere i dati nel cloud.<\/li>\n<\/ol>\n      <\/div>\n    <\/div>\n  <\/div>\n\n<\/section>\n\n\n<section class=\"tds-msft-block text  bg-deepteal clr-white bg-bottom-right\"   style=\"background-image: url(https:\/\/dach.tdsynnex.com\/ch\/microsoft\/wp-content\/uploads\/2025\/02\/mesh-pattern-3.png);\">\n\n  <div class=\"uk-container uk-container-xlarge\">\n    <div class=\"uk-grid uk-child-width-1-1@m uk-width-1-1\">\n      <div class=\"uk-margin-large\">\n        <h3 style=\"text-align: center;\">Contattateci<\/h3>\n<p style=\"text-align: center;\">Se avete domande, non vi \u00e8 chiaro o desiderate maggiori informazioni sul nostro Cloud Marketplace StreamOne siete invitati a contattarci.<\/p>\n<p style=\"text-align: center;\"><a class=\"tds-button btn-chartreuse\" href=\"https:\/\/dach.tdsynnex.com\/ch\/microsoft\/it\/kontakt-it\/\">Contatto qui<\/a><\/p>\n      <\/div>\n                <\/div>\n  <\/div>\n\n<\/section>","protected":false},"excerpt":{"rendered":"","protected":false},"author":1,"featured_media":0,"parent":1087,"menu_order":0,"comment_status":"closed","ping_status":"closed","template":"","meta":{"_acf_changed":false,"inline_featured_image":false,"footnotes":""},"class_list":["post-1091","page","type-page","status-publish","hentry"],"acf":[],"_links":{"self":[{"href":"https:\/\/dach.tdsynnex.com\/ch\/microsoft\/wp-json\/wp\/v2\/pages\/1091","targetHints":{"allow":["GET"]}}],"collection":[{"href":"https:\/\/dach.tdsynnex.com\/ch\/microsoft\/wp-json\/wp\/v2\/pages"}],"about":[{"href":"https:\/\/dach.tdsynnex.com\/ch\/microsoft\/wp-json\/wp\/v2\/types\/page"}],"author":[{"embeddable":true,"href":"https:\/\/dach.tdsynnex.com\/ch\/microsoft\/wp-json\/wp\/v2\/users\/1"}],"replies":[{"embeddable":true,"href":"https:\/\/dach.tdsynnex.com\/ch\/microsoft\/wp-json\/wp\/v2\/comments?post=1091"}],"version-history":[{"count":2,"href":"https:\/\/dach.tdsynnex.com\/ch\/microsoft\/wp-json\/wp\/v2\/pages\/1091\/revisions"}],"predecessor-version":[{"id":1389,"href":"https:\/\/dach.tdsynnex.com\/ch\/microsoft\/wp-json\/wp\/v2\/pages\/1091\/revisions\/1389"}],"up":[{"embeddable":true,"href":"https:\/\/dach.tdsynnex.com\/ch\/microsoft\/wp-json\/wp\/v2\/pages\/1087"}],"wp:attachment":[{"href":"https:\/\/dach.tdsynnex.com\/ch\/microsoft\/wp-json\/wp\/v2\/media?parent=1091"}],"curies":[{"name":"wp","href":"https:\/\/api.w.org\/{rel}","templated":true}]}}