{"id":12,"date":"2025-02-03T11:15:26","date_gmt":"2025-02-03T10:15:26","guid":{"rendered":"https:\/\/tds-ch-microsoft-v2.local\/?page_id=12"},"modified":"2025-05-09T14:13:41","modified_gmt":"2025-05-09T12:13:41","slug":"home","status":"publish","type":"page","link":"https:\/\/dach.tdsynnex.com\/ch\/microsoft\/","title":{"rendered":"Home"},"content":{"rendered":"\n<section class=\"tds-msft-block hero  bg-deepteal clr-white bg-top-right\"   style=\"background-image: url(https:\/\/dach.tdsynnex.com\/ch\/microsoft\/wp-content\/uploads\/2025\/02\/mesh-pattern-1.png);\">\n\n  <div class=\"uk-container uk-container-xlarge\">\n            <h1>Willkommen bei TD SYNNEX Schweiz,<br \/>\nIhrem Microsoft Spezialisten<\/h1>\n<p>Wir sind offizieller Microsoft-Gold-Partner und Ihr strategischer Partner und Lizenzberater, der Sie mit technischen Services und Support im Bereich Business Transformation unterst\u00fctzt und bef\u00e4higt. Als Device &amp; Cloud-Spezialisten setzen wir Kollaborationsl\u00f6sungen von Hardware in Kombination mit Office 365 bis zu Microsoft 365 um.<\/p>\n<p>Unser kompetentes Team steht Ihnen gerne mit Erfahrung und Know-how zur Seite.<\/p>\n          <\/div>\n\n<\/section>\n\n\n<section class=\"tds-msft-block icon-cards  bg-deepteal clr-white bg-center\"  >\n\n  <div class=\"uk-container uk-container-xlarge\">\n          <div class=\"uk-grid\">\n        <div class=\"uk-width-1-4@m uk-width-1-1\">\n          <div class=\"intro\">\n            <h2>Ihre Vorteile mit TD SYNNEX<\/h2>\n<p>Wir sind offizieller Microsoft-Gold-Partner und Ihr strategischer Partner und Lizenzberater, der Sie mit technischen Services und Support im Bereich Business Transformation unterst\u00fctzt und bef\u00e4higt.<\/p>\n          <\/div>\n        <\/div>\n        <div class=\"uk-width-3-4@m uk-width-1-1\">\n                <div class=\"uk-grid uk-child-width-1-3@l uk-child-width-1-2@s uk-child-width-1-1\" uk-height-match=\"target: .icon-card-content\">\n                      <div>\n              <div class=\"icon-card icon-card-center\">\n                                  <img decoding=\"async\" src=\"https:\/\/dach.tdsynnex.com\/ch\/microsoft\/wp-content\/uploads\/2025\/02\/icon-cloud-marketplace.svg\" alt=\"\">\n                                <div class=\"icon-card-content\">\n                  <h3>Effizienter Cloud Marketplace<\/h3>\n<p>StreamOne f\u00fcr verbrauchs- und abonnementbasierende Dienste wie Microsoft CSP ohne eigene Vertriebsl\u00f6sung.<\/p>\n                <\/div>\n              <\/div>\n            <\/div>\n                      <div>\n              <div class=\"icon-card icon-card-center\">\n                                  <img decoding=\"async\" src=\"https:\/\/dach.tdsynnex.com\/ch\/microsoft\/wp-content\/uploads\/2025\/02\/icon-beratung.svg\" alt=\"\">\n                                <div class=\"icon-card-content\">\n                  <h3>Microsoft Lizenzberatung<\/h3>\n<p>S\u00e4mtliche Microsoft-Volumenlizenz- sowie Cloud-Produkte.<\/p>\n                <\/div>\n              <\/div>\n            <\/div>\n                      <div>\n              <div class=\"icon-card icon-card-center\">\n                                  <img decoding=\"async\" src=\"https:\/\/dach.tdsynnex.com\/ch\/microsoft\/wp-content\/uploads\/2025\/02\/icon-support.svg\" alt=\"\">\n                                <div class=\"icon-card-content\">\n                  <h3>24\/7 Cloud Support<\/h3>\n<p>PreSales Support, technische Projektbegleitung und After Sales Support.<\/p>\n                <\/div>\n              <\/div>\n            <\/div>\n                      <div>\n              <div class=\"icon-card icon-card-center\">\n                                  <img decoding=\"async\" src=\"https:\/\/dach.tdsynnex.com\/ch\/microsoft\/wp-content\/uploads\/2025\/02\/icon-business-transformation.svg\" alt=\"\">\n                                <div class=\"icon-card-content\">\n                  <h3>Business Transformation<\/h3>\n<p>Unterst\u00fctzung bei der Ausf\u00fchrung und der pers\u00f6nlichen Bef\u00e4higung.<\/p>\n                <\/div>\n              <\/div>\n            <\/div>\n                      <div>\n              <div class=\"icon-card icon-card-center\">\n                                  <img decoding=\"async\" src=\"https:\/\/dach.tdsynnex.com\/ch\/microsoft\/wp-content\/uploads\/2025\/02\/icon-hardware.svg\" alt=\"\">\n                                <div class=\"icon-card-content\">\n                  <h3>Hardware<\/h3>\n<p>Microsoft Surface Ger\u00e4te sind nicht nur optimal in Kombination mit Microsoft Software sondern wir bieten auch eine einfache Projektabwicklung.<\/p>\n                <\/div>\n              <\/div>\n            <\/div>\n                      <div>\n              <div class=\"icon-card icon-card-center\">\n                                  <img decoding=\"async\" src=\"https:\/\/dach.tdsynnex.com\/ch\/microsoft\/wp-content\/uploads\/2025\/02\/icon-trainingsportal.svg\" alt=\"\">\n                                <div class=\"icon-card-content\">\n                  <h3>Trainingsportal<\/h3>\n<p>Breites Angebot an verschiedenen Schulungen zur Erweiterung Ihres Know-hows.<\/p>\n                <\/div>\n              <\/div>\n            <\/div>\n                  <\/div>\n                <\/div>\n      <\/div>\n      <\/div>\n<\/section>\n\n\n<section class=\"tds-msft-block icon-cards  bg-white clr-white bg-center\"  >\n\n  <div class=\"uk-container uk-container-xlarge\">\n          <h2 class=\"uk-text-center clr-teal\">Rund-um-Services<\/h2>\n        <div class=\"uk-grid uk-child-width-1-3@m uk-child-width-1-1 uk-flex-left\" uk-height-match=\"target: .icon-card-content\">\n              <div>\n          <div class=\"icon-card icon-card-center\">\n                          <img decoding=\"async\" src=\"https:\/\/dach.tdsynnex.com\/ch\/microsoft\/wp-content\/uploads\/2025\/02\/icon-cloud-marketplace.svg\" alt=\"\" style=\"height: 100px;\">\n                        <div class=\"icon-card-content\">\n              <h3>Consulting<\/h3>\n<p>Umfassende Beratung vor, w\u00e4hrend und nach der Realisierung von Projekten. Umfassendes Know-How in den Bereichen Azure, Microsoft 365, Security und Microsoft Surface.<\/p>\n<p><a class=\"tds-button btn-chartreuse\" href=\"https:\/\/dach.tdsynnex.com\/ch\/microsoft\/kontakt\/\">Kontakt<\/a><\/p>\n            <\/div>\n          <\/div>\n        <\/div>\n              <div>\n          <div class=\"icon-card icon-card-center\">\n                          <img decoding=\"async\" src=\"https:\/\/dach.tdsynnex.com\/ch\/microsoft\/wp-content\/uploads\/2025\/02\/icon-beratung.svg\" alt=\"\" style=\"height: 100px;\">\n                        <div class=\"icon-card-content\">\n              <h3>Services<\/h3>\n<p>Mit unseren Services bieten wir umfassende M\u00f6glichkeiten Business zu erweitern und voranzutreiben.<\/p>\n<p><a class=\"tds-button btn-chartreuse\" href=\"https:\/\/dach.tdsynnex.com\/ch\/microsoft\/td-services\/\">Services<\/a><\/p>\n            <\/div>\n          <\/div>\n        <\/div>\n              <div>\n          <div class=\"icon-card icon-card-center\">\n                          <img decoding=\"async\" src=\"https:\/\/dach.tdsynnex.com\/ch\/microsoft\/wp-content\/uploads\/2025\/02\/icon-support.svg\" alt=\"\" style=\"height: 100px;\">\n                        <div class=\"icon-card-content\">\n              <h3>Training<\/h3>\n<p>Ein breites Angebot an Online- und Vor-Ort Trainings bieten die ideale Basis Projekte anzugehen und auszubauen.<\/p>\n<p><a class=\"tds-button btn-chartreuse\" href=\"https:\/\/events-dach.tdsynnex.com\/lobby\" target=\"_blank\" rel=\"noopener\">Jetzt registrieren<\/a><\/p>\n            <\/div>\n          <\/div>\n        <\/div>\n          <\/div>\n  <\/div>\n<\/section>\n\n\n<section class=\"tds-msft-block text  bg-deepteal clr-white bg-center\"   style=\"background-image: url(https:\/\/dach.tdsynnex.com\/ch\/microsoft\/wp-content\/uploads\/2025\/02\/bg-StreamOne_teal.jpg);\">\n\n  <div class=\"uk-container uk-container-xlarge\">\n    <div class=\"uk-grid uk-child-width-1-1@m uk-width-1-1\">\n      <div class=\"uk-margin-large\">\n        <h2>Bleiben Sie auf dem neusten Stand rund um Microsoft<\/h2>\n<p>Pr\u00fcfen Sie unseren TD SYNNEX Blog f\u00fcr die neusten Informationen zu aktuellen und kommenden Produkten von Microsoft.<\/p>\n<p><a class=\"btn-chartreuse tds-button\" href=\"https:\/\/dach.tdsynnex.com\/blog\/ch\/microsoft\/\" target=\"_blank\" rel=\"noopener\">News<\/a><\/p>\n      <\/div>\n                <\/div>\n  <\/div>\n\n<\/section>\n\n\n<section class=\"tds-msft-block form-2col  bg-deepteal clr-white bg-bottom-left\"   style=\"background-image: url(https:\/\/dach.tdsynnex.com\/ch\/microsoft\/wp-content\/uploads\/2025\/02\/mesh-pattern-2.png);\">\n\n  <div class=\"uk-container uk-container-xlarge\">\n    <div class=\"uk-grid uk-child-width-1-2@m uk-child-width-1-1\">\n      <div>\n                  <h2>Newsletter abonnieren<\/h2>\n<p>Bleiben Sie \u00fcber Neuerungen, Innovationen und unsere Services auf dem Laufenden.<br \/>\nRegistrieren Sie sich hier f\u00fcr unseren Newsletter:<\/p>\n              <\/div>\n      <div>\n                  <script>\nvar gform;gform||(document.addEventListener(\"gform_main_scripts_loaded\",function(){gform.scriptsLoaded=!0}),document.addEventListener(\"gform\/theme\/scripts_loaded\",function(){gform.themeScriptsLoaded=!0}),window.addEventListener(\"DOMContentLoaded\",function(){gform.domLoaded=!0}),gform={domLoaded:!1,scriptsLoaded:!1,themeScriptsLoaded:!1,isFormEditor:()=>\"function\"==typeof InitializeEditor,callIfLoaded:function(o){return!(!gform.domLoaded||!gform.scriptsLoaded||!gform.themeScriptsLoaded&&!gform.isFormEditor()||(gform.isFormEditor()&&console.warn(\"The use of gform.initializeOnLoaded() is deprecated in the form editor context and will be removed in Gravity Forms 3.1.\"),o(),0))},initializeOnLoaded:function(o){gform.callIfLoaded(o)||(document.addEventListener(\"gform_main_scripts_loaded\",()=>{gform.scriptsLoaded=!0,gform.callIfLoaded(o)}),document.addEventListener(\"gform\/theme\/scripts_loaded\",()=>{gform.themeScriptsLoaded=!0,gform.callIfLoaded(o)}),window.addEventListener(\"DOMContentLoaded\",()=>{gform.domLoaded=!0,gform.callIfLoaded(o)}))},hooks:{action:{},filter:{}},addAction:function(o,r,e,t){gform.addHook(\"action\",o,r,e,t)},addFilter:function(o,r,e,t){gform.addHook(\"filter\",o,r,e,t)},doAction:function(o){gform.doHook(\"action\",o,arguments)},applyFilters:function(o){return gform.doHook(\"filter\",o,arguments)},removeAction:function(o,r){gform.removeHook(\"action\",o,r)},removeFilter:function(o,r,e){gform.removeHook(\"filter\",o,r,e)},addHook:function(o,r,e,t,n){null==gform.hooks[o][r]&&(gform.hooks[o][r]=[]);var d=gform.hooks[o][r];null==n&&(n=r+\"_\"+d.length),gform.hooks[o][r].push({tag:n,callable:e,priority:t=null==t?10:t})},doHook:function(r,o,e){var t;if(e=Array.prototype.slice.call(e,1),null!=gform.hooks[r][o]&&((o=gform.hooks[r][o]).sort(function(o,r){return o.priority-r.priority}),o.forEach(function(o){\"function\"!=typeof(t=o.callable)&&(t=window[t]),\"action\"==r?t.apply(null,e):e[0]=t.apply(null,e)})),\"filter\"==r)return e[0]},removeHook:function(o,r,t,n){var e;null!=gform.hooks[o][r]&&(e=(e=gform.hooks[o][r]).filter(function(o,r,e){return!!(null!=n&&n!=o.tag||null!=t&&t!=o.priority)}),gform.hooks[o][r]=e)}});\n<\/script>\n\n                <div class='gf_browser_gecko gform_wrapper gravity-theme gform-theme--no-framework td-form-small_wrapper td-form_wrapper newsletter-form_wrapper' data-form-theme='gravity-theme' data-form-index='0' id='gform_wrapper_1' ><div id='gf_1' class='gform_anchor' tabindex='-1'><\/div>\n                        <div class='gform_heading'>\n\t\t\t\t\t\t\t<p class='gform_required_legend'>\u201e<span class=\"gfield_required gfield_required_asterisk\">*<\/span>\u201c zeigt erforderliche Felder an<\/p>\n                        <\/div><form method='post' enctype='multipart\/form-data' target='gform_ajax_frame_1' id='gform_1' class='td-form-small td-form newsletter-form' action='\/ch\/microsoft\/wp-json\/wp\/v2\/pages\/12#gf_1' data-formid='1' novalidate>\n                        <div class='gform-body gform_body'><div id='gform_fields_1' class='gform_fields top_label form_sublabel_below description_below validation_below'><div id=\"field_1_1\" class=\"gfield gfield--type-email gfield--width-full field_sublabel_below gfield--no-description field_description_below hidden_label field_validation_below gfield_visibility_visible\"  ><label class='gfield_label gform-field-label' for='input_1_1'>E-Mail<\/label><div class='ginput_container ginput_container_email'>\n                            <input name='input_1' id='input_1_1' type='email' value='' class='large'   placeholder='E-Mail'  aria-invalid=\"false\"  \/>\n                        <\/div><\/div><fieldset id=\"field_1_3\" class=\"gfield gfield--type-checkbox gfield--type-choice gfield--width-full gfield_contains_required field_sublabel_below gfield--no-description field_description_below field_validation_below gfield_visibility_visible\"  ><legend class='gfield_label gform-field-label gfield_label_before_complex' >Einwilligung<span class=\"gfield_required\"><span class=\"gfield_required gfield_required_asterisk\">*<\/span><\/span><\/legend><div class='ginput_container ginput_container_checkbox'><div class='gfield_checkbox ' id='input_1_3'><div class='gchoice gchoice_1_3_1'>\n\t\t\t\t\t\t\t\t<input class='gfield-choice-input' name='input_3.1' type='checkbox'  value='Ich m\u00f6chte regelm\u00e4\u00dfig Newsletter zu Trends, Veranstaltungen und Produkten erhalten und bin damit einverstanden, dass die TD SYNNEX Switzerland GmbH meine Daten entsprechend verwendet. Ich kann den Newsletter jederzeit f\u00fcr die Zukunft im Footerbereich des jeweiligen Newsletters oder per E-Mail an &lt;a href=&quot;mailto:marcom-services@tdsynnex.com&quot;&gt;marcom-services@tdsynnex.com&lt;\/a&gt; abbestellen.'  id='choice_1_3_1'   \/>\n\t\t\t\t\t\t\t\t<label for='choice_1_3_1' id='label_1_3_1' class='gform-field-label gform-field-label--type-inline'>Ich m\u00f6chte regelm\u00e4\u00dfig Newsletter zu Trends, Veranstaltungen und Produkten erhalten und bin damit einverstanden, dass die TD SYNNEX Switzerland GmbH meine Daten entsprechend verwendet. Ich kann den Newsletter jederzeit f\u00fcr die Zukunft im Footerbereich des jeweiligen Newsletters oder per E-Mail an <a href=\"mailto:marcom-services@tdsynnex.com\">marcom-services@tdsynnex.com<\/a> abbestellen.<\/label>\n\t\t\t\t\t\t\t<\/div><\/div><\/div><\/fieldset><div id=\"field_1_4\" class=\"gfield gfield--type-html gfield_html gfield_html_formatted gfield_no_follows_desc field_sublabel_below gfield--no-description field_description_below field_validation_below gfield_visibility_visible\"  ><p style=\"font-size: 15px;\">Wenn Sie erfahren wollen, wie die TD SYNNEX Switzerland GmbH im Zusammenhang mit diesem Marcom Service Ihre Daten verarbeitet, informieren Sie sich in unseren <a href=\"https:\/\/eu.tdsynnex.com\/CatAdminHtmlContentEditor\/uploads\/Country\/COM\/NEW%20Terms-and-Conditions\/Additional%20Local\/DACH_Datenschutzhinweise_Marcom-Services%20-%20DE.pdf\" target=\"_blank\">Datenschutzhinweisen Marcom Services<\/a>.\n  \nDar\u00fcber hinaus gelten die <a href=\"https:\/\/eu.tdsynnex.com\/CatAdminHtmlContentEditor\/uploads\/Country\/COM\/NEW%20Terms-and-Conditions\/Additional%20Local\/DACH_AGB_Marcom-Services%20-%20DE.pdf\" target=\"_blank\">AGB Marcom Services<\/a> der TD SYNNEX Switzerland GmbH.<\/p><\/div><\/div><\/div>\n        <div class='gform-footer gform_footer top_label'> <input type='submit' id='gform_submit_button_1' class='gform_button button' onclick='gform.submission.handleButtonClick(this);' data-submission-type='submit' value='Registrieren'  \/> <input type='hidden' name='gform_ajax' value='form_id=1&amp;title=&amp;description=&amp;tabindex=0&amp;theme=gravity-theme&amp;styles=[]&amp;hash=e434af579bbf82c4679b624f390df8de' \/>\n            <input type='hidden' class='gform_hidden' name='gform_submission_method' data-js='gform_submission_method_1' value='iframe' \/>\n            <input type='hidden' class='gform_hidden' name='gform_theme' data-js='gform_theme_1' id='gform_theme_1' value='gravity-theme' \/>\n            <input type='hidden' class='gform_hidden' name='gform_style_settings' data-js='gform_style_settings_1' id='gform_style_settings_1' value='[]' \/>\n            <input type='hidden' class='gform_hidden' name='is_submit_1' value='1' \/>\n            <input type='hidden' class='gform_hidden' name='gform_submit' value='1' \/>\n            \n            <input type='hidden' class='gform_hidden' name='gform_currency' data-currency='CHF' value='nEWhfuJ6r\/keWVD\/e1\/64O1f+Cc8aWksygsA88MOF9t7rQ6lLYrBhHgpZHhoejmHZKMmYCVAEOQKS\/GhQhEYo3Y7yoF6uO9GZA91rjdeP8Ozovg=' \/>\n            <input type='hidden' class='gform_hidden' name='gform_unique_id' value='' \/>\n            <input type='hidden' class='gform_hidden' name='state_1' value='WyJbXSIsIjI3NDQzZGZmN2Q1ZjA0YzUyNThlNGE3YzU2ZjNmYzQ0Il0=' \/>\n            <input type='hidden' autocomplete='off' class='gform_hidden' name='gform_target_page_number_1' id='gform_target_page_number_1' value='0' \/>\n            <input type='hidden' autocomplete='off' class='gform_hidden' name='gform_source_page_number_1' id='gform_source_page_number_1' value='1' \/>\n            <input type='hidden' name='gform_field_values' value='' \/>\n            \n        <\/div>\n                        <\/form>\n                        <\/div>\n\t\t                <iframe style='display:none;width:0px;height:0px;' src='about:blank' name='gform_ajax_frame_1' id='gform_ajax_frame_1' title='Dieser iframe enth\u00e4lt die erforderliche Logik um Gravity Forms Formulare mit AJAX zu handhaben.'><\/iframe>\n\t\t                <script>\ngform.initializeOnLoaded( function() {gformInitSpinner( 1, 'https:\/\/dach.tdsynnex.com\/ch\/microsoft\/wp-content\/plugins\/gravityforms\/images\/spinner.svg', true );jQuery('#gform_ajax_frame_1').on('load',function(){var contents = jQuery(this).contents().find('*').html();var is_postback = contents.indexOf('GF_AJAX_POSTBACK') >= 0;if(!is_postback){return;}var form_content = jQuery(this).contents().find('#gform_wrapper_1');var is_confirmation = jQuery(this).contents().find('#gform_confirmation_wrapper_1').length > 0;var is_redirect = contents.indexOf('gformRedirect(){') >= 0;var is_form = form_content.length > 0 && ! is_redirect && ! is_confirmation;var mt = parseInt(jQuery('html').css('margin-top'), 10) + parseInt(jQuery('body').css('margin-top'), 10) + 100;if(is_form){jQuery('#gform_wrapper_1').html(form_content.html());if(form_content.hasClass('gform_validation_error')){jQuery('#gform_wrapper_1').addClass('gform_validation_error');} else {jQuery('#gform_wrapper_1').removeClass('gform_validation_error');}setTimeout( function() { \/* delay the scroll by 50 milliseconds to fix a bug in chrome *\/ jQuery(document).scrollTop(jQuery('#gform_wrapper_1').offset().top - mt); }, 50 );if(window['gformInitDatepicker']) {gformInitDatepicker();}if(window['gformInitPriceFields']) {gformInitPriceFields();}var current_page = jQuery('#gform_source_page_number_1').val();gformInitSpinner( 1, 'https:\/\/dach.tdsynnex.com\/ch\/microsoft\/wp-content\/plugins\/gravityforms\/images\/spinner.svg', true );jQuery(document).trigger('gform_page_loaded', [1, current_page]);window['gf_submitting_1'] = false;}else if(!is_redirect){var confirmation_content = jQuery(this).contents().find('.GF_AJAX_POSTBACK').html();if(!confirmation_content){confirmation_content = contents;}jQuery('#gform_wrapper_1').replaceWith(confirmation_content);jQuery(document).scrollTop(jQuery('#gf_1').offset().top - mt);jQuery(document).trigger('gform_confirmation_loaded', [1]);window['gf_submitting_1'] = false;wp.a11y.speak(jQuery('#gform_confirmation_message_1').text());}else{jQuery('#gform_1').append(contents);if(window['gformRedirect']) {gformRedirect();}}jQuery(document).trigger(\"gform_pre_post_render\", [{ formId: \"1\", currentPage: \"current_page\", abort: function() { this.preventDefault(); } }]);        if (event && event.defaultPrevented) {                return;        }        const gformWrapperDiv = document.getElementById( \"gform_wrapper_1\" );        if ( gformWrapperDiv ) {            const visibilitySpan = document.createElement( \"span\" );            visibilitySpan.id = \"gform_visibility_test_1\";            gformWrapperDiv.insertAdjacentElement( \"afterend\", visibilitySpan );        }        const visibilityTestDiv = document.getElementById( \"gform_visibility_test_1\" );        let postRenderFired = false;        function triggerPostRender() {            if ( postRenderFired ) {                return;            }            postRenderFired = true;            gform.core.triggerPostRenderEvents( 1, current_page );            if ( visibilityTestDiv ) {                visibilityTestDiv.parentNode.removeChild( visibilityTestDiv );            }        }        function debounce( func, wait, immediate ) {            var timeout;            return function() {                var context = this, args = arguments;                var later = function() {                    timeout = null;                    if ( !immediate ) func.apply( context, args );                };                var callNow = immediate && !timeout;                clearTimeout( timeout );                timeout = setTimeout( later, wait );                if ( callNow ) func.apply( context, args );            };        }        const debouncedTriggerPostRender = debounce( function() {            triggerPostRender();        }, 200 );        if ( visibilityTestDiv && visibilityTestDiv.offsetParent === null ) {            const observer = new MutationObserver( ( mutations ) => {                mutations.forEach( ( mutation ) => {                    if ( mutation.type === 'attributes' && visibilityTestDiv.offsetParent !== null ) {                        debouncedTriggerPostRender();                        observer.disconnect();                    }                });            });            observer.observe( document.body, {                attributes: true,                childList: false,                subtree: true,                attributeFilter: [ 'style', 'class' ],            });        } else {            triggerPostRender();        }    } );} );\n<\/script>\n              <\/div>\n    <\/div>\n  <\/div>\n\n<\/section>","protected":false},"excerpt":{"rendered":"","protected":false},"author":1,"featured_media":0,"parent":0,"menu_order":0,"comment_status":"closed","ping_status":"closed","template":"","meta":{"_acf_changed":false,"inline_featured_image":false,"footnotes":""},"class_list":["post-12","page","type-page","status-publish","hentry"],"acf":[],"_links":{"self":[{"href":"https:\/\/dach.tdsynnex.com\/ch\/microsoft\/wp-json\/wp\/v2\/pages\/12","targetHints":{"allow":["GET"]}}],"collection":[{"href":"https:\/\/dach.tdsynnex.com\/ch\/microsoft\/wp-json\/wp\/v2\/pages"}],"about":[{"href":"https:\/\/dach.tdsynnex.com\/ch\/microsoft\/wp-json\/wp\/v2\/types\/page"}],"author":[{"embeddable":true,"href":"https:\/\/dach.tdsynnex.com\/ch\/microsoft\/wp-json\/wp\/v2\/users\/1"}],"replies":[{"embeddable":true,"href":"https:\/\/dach.tdsynnex.com\/ch\/microsoft\/wp-json\/wp\/v2\/comments?post=12"}],"version-history":[{"count":75,"href":"https:\/\/dach.tdsynnex.com\/ch\/microsoft\/wp-json\/wp\/v2\/pages\/12\/revisions"}],"predecessor-version":[{"id":2013,"href":"https:\/\/dach.tdsynnex.com\/ch\/microsoft\/wp-json\/wp\/v2\/pages\/12\/revisions\/2013"}],"wp:attachment":[{"href":"https:\/\/dach.tdsynnex.com\/ch\/microsoft\/wp-json\/wp\/v2\/media?parent=12"}],"curies":[{"name":"wp","href":"https:\/\/api.w.org\/{rel}","templated":true}]}}