{"id":15,"date":"2025-02-03T11:15:43","date_gmt":"2025-02-03T10:15:43","guid":{"rendered":"https:\/\/tds-ch-microsoft-v2.local\/?page_id=15"},"modified":"2025-05-29T13:16:12","modified_gmt":"2025-05-29T11:16:12","slug":"cloud-marketplace","status":"publish","type":"page","link":"https:\/\/dach.tdsynnex.com\/ch\/microsoft\/cloud-marketplace\/","title":{"rendered":"Cloud Marketplace"},"content":{"rendered":"\n<section class=\"tds-msft-block hero  bg-deepteal clr-white bg-top-right\"   style=\"background-image: url(https:\/\/dach.tdsynnex.com\/ch\/microsoft\/wp-content\/uploads\/2025\/02\/mesh-pattern-1.png);\">\n\n  <div class=\"uk-container uk-container-xlarge\">\n          <div class=\"uk-grid\">\n        <div class=\"uk-width-2-3@m uk-width-1-1 uk-flex-first@m uk-flex-last\">\n                <h1>StreamOne Ion Cloud Marketplace<\/h1>\n<h4>Ihre Plattform f\u00fcr intuitive Bereitstellung und zukunftssicheres Cloud Management!<\/h4>\n<p><span class=\"TextRun SCXW161553666 BCX8\" lang=\"DE-AT\" xml:lang=\"DE-AT\" data-contrast=\"auto\"><span class=\"NormalTextRun SCXW161553666 BCX8\">StreamOne\u00ae Ion ist mehr als ein Marktplatz; es ist ein strategisches Instrument, das die gesamte Customer Journey optimiert und automatisiert. Die Plattform vereinfacht die\u00a0<\/span><span class=\"NormalTextRun SCXW161553666 BCX8\">Verwaltung<\/span><span class=\"NormalTextRun SCXW161553666 BCX8\">\u00a0indem sie eine zentrale, intuitive Benutzeroberfl\u00e4che bietet.<\/span><\/span><span class=\"EOP SCXW161553666 BCX8\" data-ccp-props=\"{&quot;335559739&quot;:240}\">\u00a0<\/span><\/p>\n<p>Mit StreamOne\u00ae Ion gestalten Sie massgeschneiderte L\u00f6sungen, die perfekt auf Ihre Bed\u00fcrfnisse und die Ihrer Kunden abgestimmt sind. Erleben Sie eine benutzerfreundliche Bereitstellung, die h\u00f6chsten Anspr\u00fcchen gerecht wird und Ihre Kunden begeistert.<\/p>\n                <\/div>\n        <div class=\"uk-width-1-3@m uk-width-1-1\">\n          <img decoding=\"async\" src=\"https:\/\/dach.tdsynnex.com\/ch\/microsoft\/wp-content\/uploads\/2025\/02\/hero-cloud-marketplace.png\" alt=\"\">\n        <\/div>\n      <\/div>\n      <\/div>\n\n<\/section>\n\n\n\n<section class=\"tds-msft-block icon-card-with-checkboxes  bg-deepteal clr-white bg-center\"  >\n\n  <div class=\"uk-container uk-container-xlarge\">\n    <div class=\"uk-grid uk-grid-large uk-flex-middle\">\n      <div class=\"uk-width-1-3@m uk-width-1-1\">\n        <div class=\"icon-card icon-card-center\">\n                      <img decoding=\"async\" src=\"https:\/\/dach.tdsynnex.com\/ch\/microsoft\/wp-content\/uploads\/2025\/02\/icon-cloud-marketplace.svg\" alt=\"\">\n                    <h3>Marketplace<\/h3>\n<p>Hier finden Sie die Produktkataloge aller gelisteten Hersteller wie zB Microsoft und k\u00f6nnen sich die Programmatik freischalten lassen.<\/p>\n                      <a href=\"https:\/\/ion.tdsynnex.com\/v2\/login\" target=\"_blank\" class=\"tds-button btn-chartreuse\">LogIn<\/a>\n                  <\/div>\n      <\/div>\n      <div class=\"uk-width-2-3@m uk-width-1-1 uk-margin-large\">\n        <div class=\"checkbox-Grid\">\n                      <div class=\"checkbox\">\n              <img decoding=\"async\" src=\"https:\/\/dach.tdsynnex.com\/ch\/microsoft\/wp-content\/themes\/tds-microsoft-ch\/assets\/img\/icon-checkbox.svg\" alt=\"Icon checkbox\">\n              <p>Portfolio und Herstellerverwaltung<\/p>\n            <\/div>\n                      <div class=\"checkbox\">\n              <img decoding=\"async\" src=\"https:\/\/dach.tdsynnex.com\/ch\/microsoft\/wp-content\/themes\/tds-microsoft-ch\/assets\/img\/icon-checkbox.svg\" alt=\"Icon checkbox\">\n              <p>Klicken Sie auf eine Produktkachel, um auf Produktinformationen zuzugreifen.<\/p>\n            <\/div>\n                      <div class=\"checkbox\">\n              <img decoding=\"async\" src=\"https:\/\/dach.tdsynnex.com\/ch\/microsoft\/wp-content\/themes\/tds-microsoft-ch\/assets\/img\/icon-checkbox.svg\" alt=\"Icon checkbox\">\n              <p>Vergleichen Sie verschiedene (Microsoft) Pl\u00e4ne.<\/p>\n            <\/div>\n                      <div class=\"checkbox\">\n              <img decoding=\"async\" src=\"https:\/\/dach.tdsynnex.com\/ch\/microsoft\/wp-content\/themes\/tds-microsoft-ch\/assets\/img\/icon-checkbox.svg\" alt=\"Icon checkbox\">\n              <p>Kauf und Bereitstellung von Cloud-Services im Namen Ihrer Kunden.<\/p>\n            <\/div>\n                                <div class=\"checkbox\">\n              <a href=\"https:\/\/ion.tdsynnex.com\/v2\/login\" target=\"_blank\" class=\"tds-button btn-chartreuse\">Jetzt erleben<\/a>\n            <\/div>\n                  <\/div>\n      <\/div>\n    <\/div>\n  <\/div>\n<\/section>\n\n\n<section class=\"tds-msft-block text  bg-deepteal clr-white bg-center\"   style=\"background-image: url(https:\/\/dach.tdsynnex.com\/ch\/microsoft\/wp-content\/uploads\/2025\/02\/bg-StreamOne_teal.jpg);\">\n\n  <div class=\"uk-container uk-container-xlarge\">\n    <div class=\"uk-grid uk-child-width-1-1@m uk-width-1-1\">\n      <div class=\"uk-margin-large\">\n        <h2>Bleiben Sie auf dem neusten Stand rund um Microsoft<\/h2>\n<p>Pr\u00fcfen Sie unseren TD SYNNEX Blog f\u00fcr die neusten Informationen zu aktuellen und kommenden Produkten von Microsoft.<\/p>\n<p><a class=\"btn-chartreuse tds-button\" href=\"https:\/\/dach.tdsynnex.com\/blog\/ch\/microsoft\/\" target=\"_blank\" rel=\"noopener\">News<\/a><\/p>\n      <\/div>\n                <\/div>\n  <\/div>\n\n<\/section>\n\n\n<section class=\"tds-msft-block text  bg-deepteal clr-white bg-bottom-right\"   style=\"background-image: url(https:\/\/dach.tdsynnex.com\/ch\/microsoft\/wp-content\/uploads\/2025\/02\/mesh-pattern-3.png);\">\n\n  <div class=\"uk-container uk-container-xlarge\">\n    <div class=\"uk-grid uk-child-width-1-1@m uk-width-1-1\">\n      <div class=\"uk-margin-large\">\n        <h3 style=\"text-align: center;\">Nehmen Sie Kontakt auf<\/h3>\n<p style=\"text-align: center;\">Bei Fragen, Unklarheiten oder f\u00fcr weitere Informationen zu unserem Cloud Marketplace StreamOne k\u00f6nnen Sie uns gerne kontaktieren.<\/p>\n<p style=\"text-align: center;\"><a class=\"tds-button btn-chartreuse\" href=\"https:\/\/dach.tdsynnex.com\/ch\/microsoft\/kontakt\/\">Hier Kontakt aufnehmen<\/a><\/p>\n      <\/div>\n                <\/div>\n  <\/div>\n\n<\/section>","protected":false},"excerpt":{"rendered":"","protected":false},"author":1,"featured_media":0,"parent":0,"menu_order":0,"comment_status":"closed","ping_status":"closed","template":"","meta":{"_acf_changed":false,"inline_featured_image":false,"footnotes":""},"class_list":["post-15","page","type-page","status-publish","hentry"],"acf":[],"_links":{"self":[{"href":"https:\/\/dach.tdsynnex.com\/ch\/microsoft\/wp-json\/wp\/v2\/pages\/15","targetHints":{"allow":["GET"]}}],"collection":[{"href":"https:\/\/dach.tdsynnex.com\/ch\/microsoft\/wp-json\/wp\/v2\/pages"}],"about":[{"href":"https:\/\/dach.tdsynnex.com\/ch\/microsoft\/wp-json\/wp\/v2\/types\/page"}],"author":[{"embeddable":true,"href":"https:\/\/dach.tdsynnex.com\/ch\/microsoft\/wp-json\/wp\/v2\/users\/1"}],"replies":[{"embeddable":true,"href":"https:\/\/dach.tdsynnex.com\/ch\/microsoft\/wp-json\/wp\/v2\/comments?post=15"}],"version-history":[{"count":20,"href":"https:\/\/dach.tdsynnex.com\/ch\/microsoft\/wp-json\/wp\/v2\/pages\/15\/revisions"}],"predecessor-version":[{"id":1703,"href":"https:\/\/dach.tdsynnex.com\/ch\/microsoft\/wp-json\/wp\/v2\/pages\/15\/revisions\/1703"}],"wp:attachment":[{"href":"https:\/\/dach.tdsynnex.com\/ch\/microsoft\/wp-json\/wp\/v2\/media?parent=15"}],"curies":[{"name":"wp","href":"https:\/\/api.w.org\/{rel}","templated":true}]}}