{"id":17,"date":"2025-02-03T11:15:55","date_gmt":"2025-02-03T10:15:55","guid":{"rendered":"https:\/\/tds-ch-microsoft-v2.local\/?page_id=17"},"modified":"2025-03-20T11:16:50","modified_gmt":"2025-03-20T10:16:50","slug":"microsoft-365","status":"publish","type":"page","link":"https:\/\/dach.tdsynnex.com\/ch\/microsoft\/microsoft-365\/","title":{"rendered":"Microsoft 365"},"content":{"rendered":"\n<section class=\"tds-msft-block hero  bg-deepteal clr-white bg-top-right\"   style=\"background-image: url(https:\/\/dach.tdsynnex.com\/ch\/microsoft\/wp-content\/uploads\/2025\/02\/mesh-pattern-1.png);\">\n\n  <div class=\"uk-container uk-container-xlarge\">\n          <div class=\"uk-grid\">\n        <div class=\"uk-width-2-3@m uk-width-1-1 uk-flex-first@m uk-flex-last\">\n                <h1>Microsoft 365 \u2013 die Komplettl\u00f6sung f\u00fcr Ihr Unternehmen<\/h1>\n<p>Microsoft 365 kann Ihnen eine Vielzahl von Produkten in einer L\u00f6sung vereint bieten, wie Office 365, Security- und Management-Funktionen sowie Windows 10. Die verschiedenen Versionen von Microsoft 365 bestehen aus diversen Produkten und Services, mit welchen Sie immer die richtige L\u00f6sung f\u00fcr Ihr Unternehmen haben.<\/p>\n<p>Sie k\u00f6nnen damit die Produktivit\u00e4t Ihrer Kunden erheblich steigern und deren Daten sicher sch\u00fctzen, um die GDPR (DSGVO) Compliance zu gew\u00e4hrleisten. Zudem k\u00f6nnen Sie das Ausrollen und Verwalten der Ger\u00e4te erheblich vereinfachen.<\/p>\n                <\/div>\n        <div class=\"uk-width-1-3@m uk-width-1-1\">\n          <img decoding=\"async\" src=\"https:\/\/dach.tdsynnex.com\/ch\/microsoft\/wp-content\/uploads\/2025\/02\/hero-m365.png\" alt=\"\">\n        <\/div>\n      <\/div>\n      <\/div>\n\n<\/section>\n\n\n<section class=\"tds-msft-block icon-cards  bg-deepteal clr-white bg-center\"  >\n\n  <div class=\"uk-container uk-container-xlarge\">\n          <div class=\"uk-grid\">\n        <div class=\"uk-width-1-4@m uk-width-1-1\">\n          <div class=\"intro\">\n            <h2>Die Vorteile von Microsoft 365 auf einen Blick<\/h2>\n          <\/div>\n        <\/div>\n        <div class=\"uk-width-3-4@m uk-width-1-1\">\n                <div class=\"uk-grid uk-child-width-1-3@l uk-child-width-1-2@s uk-child-width-1-1\" uk-height-match=\"target: .icon-card-content\">\n                      <div>\n              <div class=\"icon-card icon-card-center\">\n                                  <img decoding=\"async\" src=\"https:\/\/dach.tdsynnex.com\/ch\/microsoft\/wp-content\/uploads\/2025\/02\/icon-cloud-marketplace.svg\" alt=\"\">\n                                <div class=\"icon-card-content\">\n                  <p>Schutz vor Cyberbedrohungen dank Advanced Treat Protection.<\/p>\n                <\/div>\n              <\/div>\n            <\/div>\n                      <div>\n              <div class=\"icon-card icon-card-center\">\n                                  <img decoding=\"async\" src=\"https:\/\/dach.tdsynnex.com\/ch\/microsoft\/wp-content\/uploads\/2025\/02\/icon-beratung.svg\" alt=\"\">\n                                <div class=\"icon-card-content\">\n                  <p>Mittels Sicherheitsreporting beh\u00e4lt Ihr Endkunde Einblick in seine IT-Nutzung.<\/p>\n                <\/div>\n              <\/div>\n            <\/div>\n                      <div>\n              <div class=\"icon-card icon-card-center\">\n                                  <img decoding=\"async\" src=\"https:\/\/dach.tdsynnex.com\/ch\/microsoft\/wp-content\/uploads\/2025\/02\/icon-support.svg\" alt=\"\">\n                                <div class=\"icon-card-content\">\n                  <p>Cloudbasierte Kollaborationsl\u00f6sung durch Office 365 und den mitgelieferten Applikationen wie Office, Exchange Online, Teams, Sharepoint Online, Planner, usw.<\/p>\n                <\/div>\n              <\/div>\n            <\/div>\n                      <div>\n              <div class=\"icon-card icon-card-center\">\n                                  <img decoding=\"async\" src=\"https:\/\/dach.tdsynnex.com\/ch\/microsoft\/wp-content\/uploads\/2025\/02\/icon-hardware.svg\" alt=\"\">\n                                <div class=\"icon-card-content\">\n                  <p>Zuverl\u00e4ssiger Datenschutz der Gesch\u00e4ftsdaten auf firmeneigenen und pers\u00f6nlichen Endger\u00e4ten wird durch das Identit\u00e4ts- und Zugriffsmanagement gew\u00e4hrleistet.<\/p>\n                <\/div>\n              <\/div>\n            <\/div>\n                      <div>\n              <div class=\"icon-card icon-card-center\">\n                                  <img decoding=\"async\" src=\"https:\/\/dach.tdsynnex.com\/ch\/microsoft\/wp-content\/uploads\/2025\/02\/icon-trainingsportal.svg\" alt=\"\">\n                                <div class=\"icon-card-content\">\n                  <p>Sch\u00fctzen Sie mit Information Protection Dateien, welche Sie versenden, damit Sie nicht an unberechtigte Empf\u00e4nger gelangen k\u00f6nnen.<\/p>\n                <\/div>\n              <\/div>\n            <\/div>\n                      <div>\n              <div class=\"icon-card icon-card-center\">\n                                  <img decoding=\"async\" src=\"https:\/\/dach.tdsynnex.com\/ch\/microsoft\/wp-content\/uploads\/2025\/02\/icon-business-transformation.svg\" alt=\"\">\n                                <div class=\"icon-card-content\">\n                  <p>Sicheres und vereinfachtes Management von Windows-, iOS-, Android- und macOS-Ger\u00e4ten.<\/p>\n                <\/div>\n              <\/div>\n            <\/div>\n                      <div>\n              <div class=\"icon-card icon-card-center\">\n                                  <img decoding=\"async\" src=\"https:\/\/dach.tdsynnex.com\/ch\/microsoft\/wp-content\/uploads\/2025\/02\/icon-hardware.svg\" alt=\"\">\n                                <div class=\"icon-card-content\">\n                  <p>Der Autopilot erlaubt die schnelle Bereitstellung neuer Ger\u00e4te.<\/p>\n                <\/div>\n              <\/div>\n            <\/div>\n                  <\/div>\n                <\/div>\n      <\/div>\n      <\/div>\n<\/section>\n\n\n<section class=\"tds-msft-block text  bg-deepteal clr-white bg-center\"   style=\"background-image: url(https:\/\/dach.tdsynnex.com\/ch\/microsoft\/wp-content\/uploads\/2025\/02\/bg-StreamOne_teal.jpg);\">\n\n  <div class=\"uk-container uk-container-xlarge\">\n    <div class=\"uk-grid uk-child-width-1-1@m uk-width-1-1\">\n      <div class=\"uk-margin-large\">\n        <h2>Bleiben Sie auf dem neusten Stand rund um Microsoft<\/h2>\n<p>Pr\u00fcfen Sie unseren TD SYNNEX Blog f\u00fcr die neusten Informationen zu aktuellen und kommenden Produkten von Microsoft.<\/p>\n<p><a class=\"btn-chartreuse tds-button\" href=\"https:\/\/dach.tdsynnex.com\/blog\/ch\/microsoft\/\" target=\"_blank\" rel=\"noopener\">News<\/a><\/p>\n      <\/div>\n                <\/div>\n  <\/div>\n\n<\/section>\n\n\n<section class=\"tds-msft-block icon-cards  bg-white clr-black bg-center\"  >\n\n  <div class=\"uk-container uk-container-xlarge\">\n        <div class=\"uk-grid uk-child-width-1-3@m uk-child-width-1-1 uk-flex-\" uk-height-match=\"target: .icon-card-content\">\n              <div>\n          <div class=\"icon-card icon-card-center\">\n                          <img decoding=\"async\" src=\"https:\/\/dach.tdsynnex.com\/ch\/microsoft\/wp-content\/uploads\/2025\/02\/icon-m365.png\" alt=\"\" style=\"height: 100px;\">\n                        <div class=\"icon-card-content\">\n              <h3>Microsoft 365 KMU<\/h3>\n<p>F\u00fcr Business Standard gibt es zwei Registrierungsoptionen. Die Dom\u00e4nenkontoregistrierung eignet sich am besten f\u00fcr Unternehmen mit eigener Dom\u00e4ne (z. B. @meinebaeckerei), f\u00fcr die Microsoft als Auftragsverarbeiter t\u00e4tig wird. Die vereinfachte Registrierung eignet sich f\u00fcr Unternehmen, die \u00fcber keine eigene Dom\u00e4ne verf\u00fcgen. Insbesondere f\u00fcr Unternehmen, f\u00fcr die Microsoft die Rolle des Datenverantwortlichen \u00fcbernimmt.<\/p>\n<p><a class=\"tds-button btn-chartreuse\" href=\"https:\/\/www.microsoft.com\/de-ch\/microsoft-365\/business\/compare-all-microsoft-365-business-products?=&amp;activetab=tab%3Aprimaryr2&amp;market=ch\" target=\"_blank\" rel=\"noopener\">Mehr erfahren<\/a><\/p>\n            <\/div>\n          <\/div>\n        <\/div>\n              <div>\n          <div class=\"icon-card icon-card-center\">\n                          <img decoding=\"async\" src=\"https:\/\/dach.tdsynnex.com\/ch\/microsoft\/wp-content\/uploads\/2025\/02\/icon-m365.png\" alt=\"\" style=\"height: 100px;\">\n                        <div class=\"icon-card-content\">\n              <h3>Microsoft 365 Education<\/h3>\n<p>Erm\u00f6glichen Sie Lehrkr\u00e4ften, Kreativit\u00e4t und Teamarbeit zu f\u00f6rdern und eine einfache und sichere Komplettl\u00f6sung zu nutzen, die speziell f\u00fcr den Bildungsbereich entwickelt wurde. Beim Kauf von Microsoft 365 f\u00fcr Lehrkr\u00e4fte, die Fakult\u00e4t oder Mitarbeitende k\u00f6nnen Sch\u00fcler*innen und Studierende die Software gratis nutzen.<\/p>\n<p><a class=\"tds-button btn-chartreuse\" href=\"https:\/\/www.microsoft.com\/de-ch\/education\/Products\/microsoft-365\" target=\"_blank\" rel=\"noopener\">Mehr erfahren<\/a><\/p>\n            <\/div>\n          <\/div>\n        <\/div>\n              <div>\n          <div class=\"icon-card icon-card-center\">\n                          <img decoding=\"async\" src=\"https:\/\/dach.tdsynnex.com\/ch\/microsoft\/wp-content\/uploads\/2025\/02\/icon-m365.png\" alt=\"\" style=\"height: 100px;\">\n                        <div class=\"icon-card-content\">\n              <h3>Microsoft 365 Enterprise<\/h3>\n<p>Verbinden und st\u00e4rken Sie Ihr ganzes Team \u2013 vom Backoffice bis hin zu Mitarbeitern in Service und Produktion. Microsoft 365 f\u00f6rdert die Produktivit\u00e4t und das Innovationsdenken.<\/p>\n<p><a class=\"tds-button btn-chartreuse\" href=\"https:\/\/www.microsoft.com\/de-ch\/microsoft-365\/compare-microsoft-365-enterprise-plans?market=ch\" target=\"_blank\" rel=\"noopener\">Mehr erfahren<\/a><\/p>\n            <\/div>\n          <\/div>\n        <\/div>\n          <\/div>\n  <\/div>\n<\/section>\n\n\n<section class=\"tds-msft-block text  bg-deepteal clr-white bg-bottom-right\"   style=\"background-image: url(https:\/\/dach.tdsynnex.com\/ch\/microsoft\/wp-content\/uploads\/2025\/02\/mesh-pattern-3.png);\">\n\n  <div class=\"uk-container uk-container-xlarge\">\n    <div class=\"uk-grid uk-child-width-1-1@m uk-width-1-1\">\n      <div class=\"uk-margin-large\">\n        <h3 style=\"text-align: center;\">Nehmen Sie Kontakt auf<\/h3>\n<p style=\"text-align: center;\">Bei Fragen, Unklarheiten oder f\u00fcr weitere Informationen zu unserem Cloud Marketplace StreamOne k\u00f6nnen Sie uns gerne kontaktieren.<\/p>\n<p style=\"text-align: center;\"><a class=\"tds-button btn-chartreuse\" href=\"https:\/\/dach.tdsynnex.com\/ch\/microsoft\/kontakt\/\">Hier Kontakt aufnehmen<\/a><\/p>\n      <\/div>\n                <\/div>\n  <\/div>\n\n<\/section>","protected":false},"excerpt":{"rendered":"","protected":false},"author":1,"featured_media":0,"parent":0,"menu_order":0,"comment_status":"closed","ping_status":"closed","template":"","meta":{"_acf_changed":false,"inline_featured_image":false,"footnotes":""},"class_list":["post-17","page","type-page","status-publish","hentry"],"acf":[],"_links":{"self":[{"href":"https:\/\/dach.tdsynnex.com\/ch\/microsoft\/wp-json\/wp\/v2\/pages\/17","targetHints":{"allow":["GET"]}}],"collection":[{"href":"https:\/\/dach.tdsynnex.com\/ch\/microsoft\/wp-json\/wp\/v2\/pages"}],"about":[{"href":"https:\/\/dach.tdsynnex.com\/ch\/microsoft\/wp-json\/wp\/v2\/types\/page"}],"author":[{"embeddable":true,"href":"https:\/\/dach.tdsynnex.com\/ch\/microsoft\/wp-json\/wp\/v2\/users\/1"}],"replies":[{"embeddable":true,"href":"https:\/\/dach.tdsynnex.com\/ch\/microsoft\/wp-json\/wp\/v2\/comments?post=17"}],"version-history":[{"count":14,"href":"https:\/\/dach.tdsynnex.com\/ch\/microsoft\/wp-json\/wp\/v2\/pages\/17\/revisions"}],"predecessor-version":[{"id":2583,"href":"https:\/\/dach.tdsynnex.com\/ch\/microsoft\/wp-json\/wp\/v2\/pages\/17\/revisions\/2583"}],"wp:attachment":[{"href":"https:\/\/dach.tdsynnex.com\/ch\/microsoft\/wp-json\/wp\/v2\/media?parent=17"}],"curies":[{"name":"wp","href":"https:\/\/api.w.org\/{rel}","templated":true}]}}