{"id":2104,"date":"2026-02-26T13:03:08","date_gmt":"2026-02-26T12:03:08","guid":{"rendered":"https:\/\/dach.tdsynnex.com\/ch\/microsoft\/?page_id=2104"},"modified":"2026-02-26T14:34:45","modified_gmt":"2026-02-26T13:34:45","slug":"microsoft-copilot","status":"publish","type":"page","link":"https:\/\/dach.tdsynnex.com\/ch\/microsoft\/microsoft-copilot\/","title":{"rendered":"Microsoft Copilot"},"content":{"rendered":"\n<section class=\"tds-msft-block text  bg-deepteal clr-white bg-center\"   style=\"background-image: url(https:\/\/dach.tdsynnex.com\/ch\/microsoft\/wp-content\/uploads\/2026\/02\/Copilot-klein-rechts-e1770646352413.png);\">\n\n  <div class=\"uk-container uk-container-xlarge\">\n    <div class=\"uk-grid uk-child-width-1-2@m uk-width-1-1\">\n      <div class=\"uk-margin-large\">\n        <h1 style=\"text-align: left;\"><strong>Microsoft Copilot was ist das?\u00a0<\/strong><\/h1>\n<p style=\"text-align: left;\">Microsoft Copilot ist ein von Microsoft entwickelter pers\u00f6nlicher KI\u2011Begleiter, der dich in vielf\u00e4ltigen digitalen Situationen unterst\u00fctzt. Er vereint die Funktionen eines Assistenten, Recherchepartners, Kreativwerkzeugs und Lernhelfers in einem leistungsstarken System. Copilot beantwortet Fragen, erstellt Inhalte, analysiert Daten, generiert Bilder und hilft dabei, im Alltag, im Beruf und in kreativen Prozessen schneller und effizienter zu arbeiten.<\/p>\n<p style=\"text-align: left;\">Durch die Integration moderner KI\u2011Technologie l\u00e4sst sich Copilot nahtlos in zahlreiche Ger\u00e4te und Anwendungen einbinden. Darunter geh\u00f6ren Windows, Microsoft 365\u2011Apps, mobile Endger\u00e4te und Web\u2011Umgebungen. Dadurch steht die Unterst\u00fctzung jederzeit dort zur Verf\u00fcgung, wo sie gebraucht wird.<\/p>\n      <\/div>\n              <div class=\"uk-margin-large\">\n                  <\/div>\n                <\/div>\n  <\/div>\n\n<\/section>\n\n\n<section class=\"tds-msft-block icon-cards  bg-deepteal clr-white bg-center\"  >\n\n  <div class=\"uk-container uk-container-xlarge\">\n          <h2 class=\"uk-text-center clr-aqua\">Wichtigste Funktionen<\/h2>\n        <div class=\"uk-grid uk-child-width-1-3@m uk-child-width-1-1 uk-flex-left\" uk-height-match=\"target: .icon-card-content\">\n              <div>\n          <div class=\"icon-card icon-card-center\">\n                          <img decoding=\"async\" src=\"https:\/\/dach.tdsynnex.com\/ch\/microsoft\/wp-content\/uploads\/2025\/02\/icon-brain.svg\" alt=\"\" style=\"height: 100px;\">\n                        <div class=\"icon-card-content\">\n              <h4><strong>Inteligente Unterst\u00fctzung im Arbeitsalltag<\/strong><\/h4>\n<ul>\n<li><span style=\"language: en-CH;\">Erstellung und Optimierung von Texten, E-Mails, Pr\u00e4sentationen und Dokumenten<\/span><\/li>\n<li><span style=\"language: en-CH;\">Zusammenfassung von langen Texten, Webseiten oder Dateien<\/span><\/li>\n<li><span style=\"language: en-CH;\">Unterst\u00fctzung bei Recherche, Plannung und Organisation<\/span><\/li>\n<\/ul>\n            <\/div>\n          <\/div>\n        <\/div>\n              <div>\n          <div class=\"icon-card icon-card-center\">\n                          <img decoding=\"async\" src=\"https:\/\/dach.tdsynnex.com\/ch\/microsoft\/wp-content\/uploads\/2025\/03\/icon-bulb.svg\" alt=\"\" style=\"height: 100px;\">\n                        <div class=\"icon-card-content\">\n              <h4><strong>Kreativit\u00e4t neu definiert<\/strong><\/h4>\n<ul>\n<li><span style=\"language: en-CH;\">Generierung von Bildern nach indi<\/span><span style=\"language: de-CH;\">viduellen Vorgaben<\/span><\/li>\n<li>\n<p style=\"language: de-CH; margin-top: 0pt; margin-bottom: 0pt; margin-left: 0in;\"><span style=\"language: de-CH;\">Ideenfindung f\u00fcr Projekte, Kampagnen, Designs oder Inhalte<\/span><\/p>\n<\/li>\n<li>\n<p style=\"language: de-CH; margin-top: 0pt; margin-bottom: 0pt; margin-left: 0in;\"><span style=\"language: de-CH;\">Unterst\u00fctzung beim Schreiben von Geschichten, Skripten oder Konzepten<\/span><\/p>\n<\/li>\n<\/ul>\n            <\/div>\n          <\/div>\n        <\/div>\n              <div>\n          <div class=\"icon-card icon-card-center\">\n                          <img decoding=\"async\" src=\"https:\/\/dach.tdsynnex.com\/ch\/microsoft\/wp-content\/uploads\/2025\/03\/icon-cloud-net.svg\" alt=\"\" style=\"height: 100px;\">\n                        <div class=\"icon-card-content\">\n              <h4><strong>Nahtlose Integration in Microsoft-\u00d6kosysteme<\/strong><\/h4>\n<ul>\n<li>\n<p style=\"language: de-CH; margin-top: 0pt; margin-bottom: 0pt; margin-left: 0in;\"><span style=\"language: de-CH;\">Verf\u00fcgbar in Windows, Edge, Microsoft 365\u2011Apps (je nach Lizenz)<\/span><\/p>\n<\/li>\n<li>\n<p style=\"language: de-CH; margin-top: 0pt; margin-bottom: 0pt; margin-left: 0in;\"><span style=\"language: de-CH;\">Nutzung auf Web, iOS, Android, Xbox und weiteren Plattformen<\/span><\/p>\n<\/li>\n<li>\n<p style=\"language: de-CH; margin-top: 0pt; margin-bottom: 0pt; margin-left: 0in;\"><span style=\"language: de-CH;\">Einfache Bedienung \u00fcber Chat, Sprache oder App<\/span><\/p>\n<\/li>\n<\/ul>\n            <\/div>\n          <\/div>\n        <\/div>\n          <\/div>\n  <\/div>\n<\/section>\n\n\n\n<section class=\"tds-msft-block text-image  bg-deepteal clr-white bg-center\"  >\n\n  <div class=\"uk-container uk-container-xlarge\">\n    <div class=\"uk-grid uk-flex-row-reverse\">\n      <div class=\"uk-width-1-2@m uk-width-1-1\">\n        <img decoding=\"async\" src=\"https:\/\/dach.tdsynnex.com\/ch\/microsoft\/wp-content\/uploads\/2025\/02\/hero-security.png\" alt=\"\" class=\"rounded\">      <\/div>\n      <div class=\"uk-width-1-2@m uk-width-1-1\">\n        <h1><strong>Copilot Agents die n\u00e4chste Stufe der Automatisierung<\/strong><\/h1>\n<p>Auf Basis dieser F\u00e4higkeiten geht Microsoft mit Copilot Agents einen Schritt weiter. W\u00e4hrend Copilot auf Anfragen reagiert und situativ unterst\u00fctzt, \u00fcbernehmen Agents Aufgaben, die dauerhaft laufen oder mehrere Schritte umfassen.<\/p>\n<p>Copilot Agents f\u00fchren Prozesse eigenst\u00e4ndig aus, \u00fcberwachen Abl\u00e4ufe und automatisieren wiederkehrende T\u00e4tigkeiten. Sie arbeiten nach klaren Vorgaben und erledigen Aufgaben \u00fcber l\u00e4ngere Zeitr\u00e4ume, ohne dass Nutzer st\u00e4ndig eingreifen m\u00fcssen.<\/p>\n      <\/div>\n    <\/div>\n  <\/div>\n\n<\/section>\n\n\n<section class=\"tds-msft-block icon-cards  bg-deepteal clr-white bg-center\"  >\n\n  <div class=\"uk-container uk-container-xlarge\">\n          <h2 class=\"uk-text-center clr-aqua\">Die F\u00e4higkeiten der Copilot Agents<\/h2>\n        <div class=\"uk-grid uk-child-width-1-3@m uk-child-width-1-1 uk-flex-center\" uk-height-match=\"target: .icon-card-content\">\n              <div>\n          <div class=\"icon-card icon-card-center\">\n                        <div class=\"icon-card-content\">\n              <h4><strong>Eigenst\u00e4ndige Prozessf\u00fchrung<\/strong><\/h4>\n<ul>\n<li>\u00dcbernimmt mehrstufige Abl\u00e4ufe vollst\u00e4ndig und f\u00fchrt Aufgaben von Anfang bis Ende aus.<\/li>\n<\/ul>\n            <\/div>\n          <\/div>\n        <\/div>\n              <div>\n          <div class=\"icon-card icon-card-center\">\n                        <div class=\"icon-card-content\">\n              <h4><strong>Kontinuierliche \u00dcberwachung<\/strong><\/h4>\n<ul>\n<li>Beobachtet definierte Prozesse oder Datenquellen und reagiert automatisch auf Ver\u00e4nderungen.<\/li>\n<\/ul>\n            <\/div>\n          <\/div>\n        <\/div>\n              <div>\n          <div class=\"icon-card icon-card-center\">\n                        <div class=\"icon-card-content\">\n              <h4>Observe les processus ou sources de donn\u00e9es d\u00e9finis et r\u00e9agit automatiquement aux changements.<\/h4>\n            <\/div>\n          <\/div>\n        <\/div>\n              <div>\n          <div class=\"icon-card icon-card-center\">\n                        <div class=\"icon-card-content\">\n              <h4><strong>Arbeiten nach klaren Vorgaben<\/strong><\/h4>\n<ul>\n<li>Befolgt festgelegte Regeln, Ziele und Bedingungen, sodass Abl\u00e4ufe nachvollziehbar bleiben.<\/li>\n<\/ul>\n            <\/div>\n          <\/div>\n        <\/div>\n              <div>\n          <div class=\"icon-card icon-card-center\">\n                        <div class=\"icon-card-content\">\n              <h4><strong>Interaktion mit Anwendungen und Datenquellen<\/strong><\/h4>\n<ul>\n<li>Greift auf Systeme zu, sammelt Informationen, analysiert sie und f\u00fchrt passende Aktionen aus.<\/li>\n<\/ul>\n            <\/div>\n          <\/div>\n        <\/div>\n          <\/div>\n  <\/div>\n<\/section>\n\n\n<section class=\"tds-msft-block icon-cards  bg-deepteal clr-white bg-center\"  >\n\n  <div class=\"uk-container uk-container-xlarge\">\n          <div class=\"uk-grid\">\n        <div class=\"uk-width-1-4@m uk-width-1-1\">\n          <div class=\"intro\">\n            <h2>Vorteile Copilot Agents:<\/h2>\n          <\/div>\n        <\/div>\n        <div class=\"uk-width-3-4@m uk-width-1-1\">\n                <div class=\"uk-grid uk-child-width-1-2@l uk-child-width-1-2@s uk-child-width-1-1\" uk-height-match=\"target: .icon-card-content\">\n                      <div>\n              <div class=\"icon-card icon-card-center\">\n                                  <img decoding=\"async\" src=\"https:\/\/dach.tdsynnex.com\/ch\/microsoft\/wp-content\/uploads\/2025\/03\/icon-stairs.svg\" alt=\"\">\n                                <div class=\"icon-card-content\">\n                  <p><strong>Produktivit\u00e4tssteigerung<\/strong> durch automatisierte Routinenaufgaben<\/p>\n                <\/div>\n              <\/div>\n            <\/div>\n                      <div>\n              <div class=\"icon-card icon-card-center\">\n                                  <img decoding=\"async\" src=\"https:\/\/dach.tdsynnex.com\/ch\/microsoft\/wp-content\/uploads\/2025\/03\/icon-time.svg\" alt=\"\">\n                                <div class=\"icon-card-content\">\n                  <p><strong>Zeitersparnis<\/strong> bei Recherche, Dokumentation und Kommunikation<\/p>\n                <\/div>\n              <\/div>\n            <\/div>\n                      <div>\n              <div class=\"icon-card icon-card-center\">\n                                  <img decoding=\"async\" src=\"https:\/\/dach.tdsynnex.com\/ch\/microsoft\/wp-content\/uploads\/2025\/03\/icon-best.svg\" alt=\"\">\n                                <div class=\"icon-card-content\">\n                  <p><strong>Konsistente Qualit\u00e4t<\/strong> bei Texten, Pr\u00e4sentationen und Analysen<\/p>\n                <\/div>\n              <\/div>\n            <\/div>\n                      <div>\n              <div class=\"icon-card icon-card-center\">\n                                  <img decoding=\"async\" src=\"https:\/\/dach.tdsynnex.com\/ch\/microsoft\/wp-content\/uploads\/2025\/03\/icon-time-2.svg\" alt=\"\">\n                                <div class=\"icon-card-content\">\n                  <p><strong>Schnelle Einarbeitung<\/strong> dank intuitiver Bedienung<\/p>\n                <\/div>\n              <\/div>\n            <\/div>\n                      <div>\n              <div class=\"icon-card icon-card-center\">\n                                  <img decoding=\"async\" src=\"https:\/\/dach.tdsynnex.com\/ch\/microsoft\/wp-content\/uploads\/2025\/02\/icon-sicherheitsmanagement.svg\" alt=\"\">\n                                <div class=\"icon-card-content\">\n                  <p><strong>Sichere Nutzung<\/strong> innerhalb der Microsoft-Infrastruktur<\/p>\n                <\/div>\n              <\/div>\n            <\/div>\n                  <\/div>\n                <\/div>\n      <\/div>\n      <\/div>\n<\/section>","protected":false},"excerpt":{"rendered":"","protected":false},"author":9,"featured_media":0,"parent":0,"menu_order":0,"comment_status":"closed","ping_status":"closed","template":"","meta":{"_acf_changed":false,"inline_featured_image":false,"footnotes":""},"class_list":["post-2104","page","type-page","status-publish","hentry"],"acf":[],"_links":{"self":[{"href":"https:\/\/dach.tdsynnex.com\/ch\/microsoft\/wp-json\/wp\/v2\/pages\/2104","targetHints":{"allow":["GET"]}}],"collection":[{"href":"https:\/\/dach.tdsynnex.com\/ch\/microsoft\/wp-json\/wp\/v2\/pages"}],"about":[{"href":"https:\/\/dach.tdsynnex.com\/ch\/microsoft\/wp-json\/wp\/v2\/types\/page"}],"author":[{"embeddable":true,"href":"https:\/\/dach.tdsynnex.com\/ch\/microsoft\/wp-json\/wp\/v2\/users\/9"}],"replies":[{"embeddable":true,"href":"https:\/\/dach.tdsynnex.com\/ch\/microsoft\/wp-json\/wp\/v2\/comments?post=2104"}],"version-history":[{"count":82,"href":"https:\/\/dach.tdsynnex.com\/ch\/microsoft\/wp-json\/wp\/v2\/pages\/2104\/revisions"}],"predecessor-version":[{"id":2241,"href":"https:\/\/dach.tdsynnex.com\/ch\/microsoft\/wp-json\/wp\/v2\/pages\/2104\/revisions\/2241"}],"wp:attachment":[{"href":"https:\/\/dach.tdsynnex.com\/ch\/microsoft\/wp-json\/wp\/v2\/media?parent=2104"}],"curies":[{"name":"wp","href":"https:\/\/api.w.org\/{rel}","templated":true}]}}