{"id":2225,"date":"2026-02-25T17:21:42","date_gmt":"2026-02-25T16:21:42","guid":{"rendered":"https:\/\/dach.tdsynnex.com\/ch\/microsoft\/?page_id=2225"},"modified":"2026-02-26T12:50:26","modified_gmt":"2026-02-26T11:50:26","slug":"microsoft-sentinel-fr","status":"publish","type":"page","link":"https:\/\/dach.tdsynnex.com\/ch\/microsoft\/fr\/microsoft-sentinel-fr\/","title":{"rendered":"Microsoft Sentinel FR"},"content":{"rendered":"\n<section class=\"tds-msft-block hero  bg-deepteal clr-white bg-center\"   style=\"background-image: url(https:\/\/dach.tdsynnex.com\/ch\/microsoft\/wp-content\/uploads\/2025\/02\/mesh-pattern-1.png);\">\n\n  <div class=\"uk-container uk-container-xlarge\">\n          <div class=\"uk-grid\">\n        <div class=\"uk-width-2-3@m uk-width-1-1 uk-flex-first@m uk-flex-last\">\n                <h1><strong>Microsoft Sentinel \u2013 Une cybers\u00e9curit\u00e9 moderne pour votre entreprise<\/strong><\/h1>\n<h3>Renforcez vos op\u00e9rations de s\u00e9curit\u00e9 gr\u00e2ce \u00e0 une technologie cloud moderne<\/h3>\n<p>Microsoft Sentinel combine une analyse puissante, une d\u00e9tection bas\u00e9e sur l&#8217;IA et une visibilit\u00e9 centralis\u00e9e sur l&#8217;ensemble de votre environnement informatique. La plateforme vous aide \u00e0 identifier plus rapidement les menaces, \u00e0 les examiner efficacement et \u00e0 y r\u00e9pondre de mani\u00e8re automatis\u00e9e.<\/p>\n<p>En tant que partenaire exp\u00e9riment\u00e9, nous vous accompagnons dans la mise en place et l&#8217;optimisation de cette solution de s\u00e9curit\u00e9 moderne.<\/p>\n                <\/div>\n        <div class=\"uk-width-1-3@m uk-width-1-1\">\n          <img decoding=\"async\" src=\"https:\/\/dach.tdsynnex.com\/ch\/microsoft\/wp-content\/uploads\/2026\/02\/AdobeStock_267991674_circle.png\" alt=\"\">\n        <\/div>\n      <\/div>\n      <\/div>\n\n<\/section>\n\n\n<section class=\"tds-msft-block icon-cards  bg-deepteal clr-white bg-center\"  >\n\n  <div class=\"uk-container uk-container-xlarge\">\n          <div class=\"uk-grid\">\n        <div class=\"uk-width-1-4@m uk-width-1-1\">\n          <div class=\"intro\">\n            <h4>Qu&#8217;est-ce que Microsoft Sentinel?<\/h4>\n<p><strong>Microsoft Sentinel est une solution SOAR (Security Orchestration, Automation and Response) native du cloud sur Azure.<\/strong><\/p>\n<p><strong>Elle collecte et corr\u00e8le les donn\u00e9es de s\u00e9curit\u00e9 relatives aux identit\u00e9s, aux terminaux, aux environnements SaaS (Software as a Service), sur site et multicloud.<\/strong><\/p>\n<p><strong>Elle d\u00e9tecte les menaces \u00e0 l&#8217;aide d&#8217;analyses et de l&#8217;IA, automatise les r\u00e9ponses \u00e0 l&#8217;aide de playbooks et r\u00e9duit ainsi le MTTD\/MTTR (Mean Time to Detect\/Respond).<\/strong><\/p>\n<p><strong>Gr\u00e2ce \u00e0 un mod\u00e8le \u00e9lastique bas\u00e9 sur l&#8217;utilisation, Sentinel s&#8217;adapte sans surco\u00fbt d&#8217;infrastructure.<\/strong><\/p>\n          <\/div>\n        <\/div>\n        <div class=\"uk-width-3-4@m uk-width-1-1\">\n                <div class=\"uk-grid uk-child-width-1-2@l uk-child-width-1-2@s uk-child-width-1-1\" uk-height-match=\"target: .icon-card-content\">\n                      <div>\n              <div class=\"icon-card icon-card-center\">\n                                  <img decoding=\"async\" src=\"https:\/\/dach.tdsynnex.com\/ch\/microsoft\/wp-content\/uploads\/2025\/03\/icon-cloud-net.svg\" alt=\"\">\n                                <div class=\"icon-card-content\">\n                  <p><strong>Analyse intelligente des menaces<\/strong><\/p>\n<p>D\u00e9tection des anomalies et des mod\u00e8les d&#8217;attaque assist\u00e9e par IA<\/p>\n<p>Int\u00e9gration avec Microsoft Defender et des solutions tierces<\/p>\n<p>Flux d&#8217;informations sur les menaces et listes de surveillance<\/p>\n                <\/div>\n              <\/div>\n            <\/div>\n                      <div>\n              <div class=\"icon-card icon-card-center\">\n                                  <img decoding=\"async\" src=\"https:\/\/dach.tdsynnex.com\/ch\/microsoft\/wp-content\/uploads\/2025\/02\/icon-sicherheitsmanagement.svg\" alt=\"\">\n                                <div class=\"icon-card-content\">\n                  <p><strong>Gestion proactive des risques<\/strong><\/p>\n<p>Analyse des vuln\u00e9rabilit\u00e9s et hi\u00e9rarchisation en fonction des risques<\/p>\n<p>Comparaison automatique de l&#8217;inventaire logiciel<\/p>\n<p>D\u00e9tection pr\u00e9coce des vuln\u00e9rabilit\u00e9s potentielles<\/p>\n                <\/div>\n              <\/div>\n            <\/div>\n                      <div>\n              <div class=\"icon-card icon-card-center\">\n                                  <img decoding=\"async\" src=\"https:\/\/dach.tdsynnex.com\/ch\/microsoft\/wp-content\/uploads\/2025\/03\/icon-time-2.svg\" alt=\"\">\n                                <div class=\"icon-card-content\">\n                  <p><strong>R\u00e9action efficace aux incidents<\/strong><\/p>\n<p>Hub centralis\u00e9 des incidents avec regroupement et fusion des alertes<\/p>\n<p>R\u00e9action automatis\u00e9e via des playbooks<\/p>\n<p>Repr\u00e9sentation graphique dans des workbooks et des tableaux de bord<\/p>\n                <\/div>\n              <\/div>\n            <\/div>\n                      <div>\n              <div class=\"icon-card icon-card-center\">\n                                  <img decoding=\"async\" src=\"https:\/\/dach.tdsynnex.com\/ch\/microsoft\/wp-content\/uploads\/2025\/02\/icon-business-transformation.svg\" alt=\"\">\n                                <div class=\"icon-card-content\">\n                  <p><strong>Conformit\u00e9 globale en mati\u00e8re de s\u00e9curit\u00e9<\/strong><\/p>\n<p>RBAC et contr\u00f4le d&#8217;acc\u00e8s multi-clients<\/p>\n<p>Rapports de conformit\u00e9 (ISO, RGPD)<\/p>\n<p>Contr\u00f4le des co\u00fbts gr\u00e2ce aux journaux de base\/d&#8217;archivage et aux r\u00e8gles CAP<\/p>\n                <\/div>\n              <\/div>\n            <\/div>\n                  <\/div>\n                <\/div>\n      <\/div>\n      <\/div>\n<\/section>\n\n\n<section class=\"tds-msft-block icon-cards  bg-deepteal clr-black bg-bottom-left\"   style=\"background-image: url(https:\/\/dach.tdsynnex.com\/ch\/microsoft\/wp-content\/uploads\/2025\/02\/mesh-pattern-2.png);\">\n\n  <div class=\"uk-container uk-container-xlarge\">\n          <h2 class=\"uk-text-center clr-white\">Comment impl\u00e9menter Microsoft Sentinel avec succ\u00e8s<\/h2>\n        <div class=\"uk-grid uk-child-width-1-3@m uk-child-width-1-1 uk-flex-left\" uk-height-match=\"target: .icon-card-content\">\n              <div>\n          <div class=\"icon-card icon-card-center\">\n                        <div class=\"icon-card-content\">\n              <p><strong>Configuration et architecture optimales<\/strong><\/p>\n<p>Configurer Log Analytics Workspace<\/p>\n<p>Connecter les sources de donn\u00e9es (Microsoft et fournisseurs tiers)<\/p>\n<p>Activer les r\u00e8gles d&#8217;analyse standard<\/p>\n<p>RBAC pour le contr\u00f4le d&#8217;acc\u00e8s<\/p>\n            <\/div>\n          <\/div>\n        <\/div>\n              <div>\n          <div class=\"icon-card icon-card-center\">\n                        <div class=\"icon-card-content\">\n              <p><strong>Processus de s\u00e9curit\u00e9 automatis\u00e9s<\/strong><\/p>\n<p>Cr\u00e9er des playbooks avec Logic Apps<\/p>\n<p>R\u00e9actions automatis\u00e9es aux incidents (SOAR)<\/p>\n<p>Int\u00e9gration ITSM pour la gestion des tickets<\/p>\n<p>Utilisation des informations sur les menaces<\/p>\n            <\/div>\n          <\/div>\n        <\/div>\n              <div>\n          <div class=\"icon-card icon-card-center\">\n                        <div class=\"icon-card-content\">\n              <p><strong>Surveillance et am\u00e9lioration continues\u00a0<\/strong><\/p>\n<p>Tableaux de bord avec des classeurs<\/p>\n<p>Optimisation r\u00e9guli\u00e8re des r\u00e8gles<\/p>\n<p>Contr\u00f4le des co\u00fbts (journaux de base\/archives)<\/p>\n<p>Surveillance des performances<\/p>\n            <\/div>\n          <\/div>\n        <\/div>\n          <\/div>\n  <\/div>\n<\/section>\n\n\n<section class=\"tds-msft-block text  bg-teal clr-white bg-left\"  >\n\n  <div class=\"uk-container uk-container-xlarge\">\n    <div class=\"uk-grid uk-child-width-1-1@m uk-width-1-1\">\n      <div class=\"uk-margin-large\">\n        <h3><span style=\"color: #ccd814;\">Pr\u00eat \u00e0 renforcer votre cybers\u00e9curit\u00e9 avec Microsoft Sentinel?<\/span><\/h3>\n<p>Avec Microsoft Sentinel, nous vous aidons \u00e0 rendre votre organisation plus r\u00e9siliente, \u00e0 d\u00e9tecter les menaces \u00e0 un stade pr\u00e9coce et \u00e0 automatiser les processus de s\u00e9curit\u00e9.<\/p>\n<h3><span style=\"color: #ccd814;\">Vous avez d\u00e9j\u00e0 acquis de l&#8217;exp\u00e9rience ou obtenu des r\u00e9sultats positifs avec Sentinel?<\/span><\/h3>\n<p>Nous serions ravis d&#8217;en savoir plus et d&#8217;examiner ensemble si votre r\u00e9ussite avec Sentinel peut \u00eatre partag\u00e9e comme r\u00e9f\u00e9rence ou vitrine.<\/p>\n      <\/div>\n                <\/div>\n  <\/div>\n\n<\/section>\n\n\n<section class=\"tds-msft-block text  bg-deepteal clr-white bg-bottom-right\"   style=\"background-image: url(https:\/\/dach.tdsynnex.com\/ch\/microsoft\/wp-content\/uploads\/2025\/02\/mesh-pattern-3.png);\">\n\n  <div class=\"uk-container uk-container-xlarge\">\n    <div class=\"uk-grid uk-child-width-1-1@m uk-width-1-1\">\n      <div class=\"uk-margin-large\">\n        <h3 style=\"text-align: center;\">Contactez-nous<\/h3>\n<p style=\"text-align: center;\">Des questions, des impr\u00e9cisions, besoin d\u2019informations suppl\u00e9mentaires sur notre plateforme Cloud StreamOne?<br \/>\nN\u2019h\u00e9sitez pas \u00e0 nous contacter.<\/p>\n<p style=\"text-align: center;\"><a class=\"tds-button btn-chartreuse\" href=\"https:\/\/dach.tdsynnex.com\/ch\/microsoft\/fr\/kontakt-fr\/\">Prendre contact ici<\/a><\/p>\n      <\/div>\n                <\/div>\n  <\/div>\n\n<\/section>","protected":false},"excerpt":{"rendered":"","protected":false},"author":8,"featured_media":0,"parent":0,"menu_order":0,"comment_status":"closed","ping_status":"closed","template":"","meta":{"_acf_changed":false,"inline_featured_image":false,"footnotes":""},"class_list":["post-2225","page","type-page","status-publish","hentry"],"acf":[],"_links":{"self":[{"href":"https:\/\/dach.tdsynnex.com\/ch\/microsoft\/wp-json\/wp\/v2\/pages\/2225","targetHints":{"allow":["GET"]}}],"collection":[{"href":"https:\/\/dach.tdsynnex.com\/ch\/microsoft\/wp-json\/wp\/v2\/pages"}],"about":[{"href":"https:\/\/dach.tdsynnex.com\/ch\/microsoft\/wp-json\/wp\/v2\/types\/page"}],"author":[{"embeddable":true,"href":"https:\/\/dach.tdsynnex.com\/ch\/microsoft\/wp-json\/wp\/v2\/users\/8"}],"replies":[{"embeddable":true,"href":"https:\/\/dach.tdsynnex.com\/ch\/microsoft\/wp-json\/wp\/v2\/comments?post=2225"}],"version-history":[{"count":1,"href":"https:\/\/dach.tdsynnex.com\/ch\/microsoft\/wp-json\/wp\/v2\/pages\/2225\/revisions"}],"predecessor-version":[{"id":2235,"href":"https:\/\/dach.tdsynnex.com\/ch\/microsoft\/wp-json\/wp\/v2\/pages\/2225\/revisions\/2235"}],"wp:attachment":[{"href":"https:\/\/dach.tdsynnex.com\/ch\/microsoft\/wp-json\/wp\/v2\/media?parent=2225"}],"curies":[{"name":"wp","href":"https:\/\/api.w.org\/{rel}","templated":true}]}}