{"id":27,"date":"2025-02-03T11:17:13","date_gmt":"2025-02-03T10:17:13","guid":{"rendered":"https:\/\/tds-ch-microsoft-v2.local\/?page_id=27"},"modified":"2025-03-23T16:04:47","modified_gmt":"2025-03-23T15:04:47","slug":"td-services","status":"publish","type":"page","link":"https:\/\/dach.tdsynnex.com\/ch\/microsoft\/td-services\/","title":{"rendered":"TD Services"},"content":{"rendered":"\n<section class=\"tds-msft-block hero  bg-deepteal clr-white bg-top-right\"   style=\"background-image: url(https:\/\/dach.tdsynnex.com\/ch\/microsoft\/wp-content\/uploads\/2025\/02\/mesh-pattern-1.png);\">\n\n  <div class=\"uk-container uk-container-xlarge\">\n          <div class=\"uk-grid\">\n        <div class=\"uk-width-2-3@m uk-width-1-1 uk-flex-first@m uk-flex-last\">\n                <h1>Services<\/h1>\n<p>TD SYNNEX ber\u00e4t und unterst\u00fctzt Sie im Bereich Lizenzen sowie bei der Implementierung einzelner Cloud-Produkte oder ganzer Cloud-L\u00f6sungen.<\/p>\n<p>Zu unserem Serviceangebot geh\u00f6rt zudem die Bef\u00e4higung unserer Partner in Next-Generation-Technologien, damit sie die passenden L\u00f6sungen selbst implementieren und die Gesch\u00e4ftsprozesse dadurch vereinfachen k\u00f6nnen, aber auch Managed Services f\u00fcr die Verwaltung der Cloud-Umgebung. Alle unsere Services bieten wir Ihnen auch white-labeled an. Das heisst, wir f\u00fchren sie in Ihrem Namen durch.<\/p>\n                <\/div>\n        <div class=\"uk-width-1-3@m uk-width-1-1\">\n          <img decoding=\"async\" src=\"https:\/\/dach.tdsynnex.com\/ch\/microsoft\/wp-content\/uploads\/2025\/03\/hero-service.png\" alt=\"\">\n        <\/div>\n      <\/div>\n      <\/div>\n\n<\/section>\n\n\n\n<section class=\"tds-msft-block text-image  bg-deepteal clr-white bg-center\"  >\n\n  <div class=\"uk-container uk-container-xlarge\">\n    <div class=\"uk-grid \">\n      <div class=\"uk-width-1-3@m uk-width-1-1\">\n        <img decoding=\"async\" src=\"https:\/\/dach.tdsynnex.com\/ch\/microsoft\/wp-content\/uploads\/2025\/02\/img-azure-stack.jpg\" alt=\"\" class=\"rounded\">      <\/div>\n      <div class=\"uk-width-2-3@m uk-width-1-1\">\n        <h2><span style=\"color: #ccd814;\">Lokale Azure Services<\/span><\/h2>\n<p>wir beraten Sie vor, w\u00e4hrend und nach der Realisierung Ihrer Projekte, um Ihnen die bestm\u00f6gliche Cloud-L\u00f6sung mit Microsoft Azure anbieten zu k\u00f6nnen. Vertrauen Sie auf unsere Erfahrung und Expertise mit unseren Azure Experten.<\/p>\n<p><a class=\"tds-button btn-chartreuse\" href=\"https:\/\/dach.tdsynnex.com\/ch\/microsoft\/td-services\/lokale-azure-services\/\">Mehr erfahren<\/a><\/p>\n      <\/div>\n    <\/div>\n  <\/div>\n\n<\/section>\n\n\n\n<section class=\"tds-msft-block text-image  bg-deepteal clr-white bg-center\"  >\n\n  <div class=\"uk-container uk-container-xlarge\">\n    <div class=\"uk-grid \">\n      <div class=\"uk-width-1-3@m uk-width-1-1\">\n        <img decoding=\"async\" src=\"https:\/\/dach.tdsynnex.com\/ch\/microsoft\/wp-content\/uploads\/2025\/02\/img-acams.jpg\" alt=\"\" class=\"rounded\">      <\/div>\n      <div class=\"uk-width-2-3@m uk-width-1-1\">\n        <h2><span style=\"color: #ccd814;\">Azure Cloud Assessment und Migration Service<\/span><\/h2>\n<p>Von der Bewertung aktueller Cloud-Umgebungen bis zur Erstellung und Ausf\u00fchrung eines klaren Migrationsplans kann TD SYNNEX seinen Partnern geeignete und kosteneffiziente Dienste empfehlen und bereitstellen, die den Kundenbed\u00fcrfnissen am besten entsprechen.<\/p>\n<p><a class=\"tds-button btn-chartreuse\" href=\"https:\/\/dach.tdsynnex.com\/ch\/microsoft\/azure-cloud-assessment-und-migration-service\/\">Mehr erfahren<\/a><\/p>\n      <\/div>\n    <\/div>\n  <\/div>\n\n<\/section>\n\n\n\n<section class=\"tds-msft-block text-image  bg-deepteal clr-white bg-center\"  >\n\n  <div class=\"uk-container uk-container-xlarge\">\n    <div class=\"uk-grid \">\n      <div class=\"uk-width-1-3@m uk-width-1-1\">\n        <img decoding=\"async\" src=\"https:\/\/dach.tdsynnex.com\/ch\/microsoft\/wp-content\/uploads\/2025\/02\/img-sap.jpg\" alt=\"\" class=\"rounded\">      <\/div>\n      <div class=\"uk-width-2-3@m uk-width-1-1\">\n        <h2><span style=\"color: #ccd814;\">SAP on Azure<\/span><\/h2>\n<p>Unser Serviceangebot beinhaltet Sizing, Pricing, Assessment, Migrationsplanung, Migration sowie white-labeled Managed Services. Somit stehen wir Ihnen mit einem umfassenden Servicepaket zur Seite, das Sie f\u00fcr Ihren Erfolg in komplexen SAP on Azure-Szenarien und das Management Ihrer Endkunden ben\u00f6tigen.<\/p>\n<p><a class=\"tds-button btn-chartreuse\" href=\"https:\/\/dach.tdsynnex.com\/ch\/microsoft\/td-services\/sap-on-azure\/\">Mehr erfahren<\/a><\/p>\n      <\/div>\n    <\/div>\n  <\/div>\n\n<\/section>\n\n\n\n<section class=\"tds-msft-block text-image  bg-deepteal clr-white bg-center\"  >\n\n  <div class=\"uk-container uk-container-xlarge\">\n    <div class=\"uk-grid \">\n      <div class=\"uk-width-1-3@m uk-width-1-1\">\n        <img decoding=\"async\" src=\"https:\/\/dach.tdsynnex.com\/ch\/microsoft\/wp-content\/uploads\/2025\/02\/img-css.jpg\" alt=\"\" class=\"rounded\">      <\/div>\n      <div class=\"uk-width-2-3@m uk-width-1-1\">\n        <h2><span style=\"color: #ccd814;\">Cloud Support Services<\/span><\/h2>\n<p>Ausfallzeiten? Betriebsunterbrechungen? \u2013 Das muss nicht sein! Mit unserem Cloud Support Services (CSS) bieten Sie Ihren Kunden rasche und kompetente Unterst\u00fctzung in technischen Belangen.<\/p>\n<p><a class=\"tds-button btn-chartreuse\" href=\"https:\/\/www.techdatacloud.ch\/de\/our-difference\/support\/\" target=\"_blank\" rel=\"noopener\">Mehr erfahren<\/a><\/p>\n      <\/div>\n    <\/div>\n  <\/div>\n\n<\/section>\n\n\n\n<section class=\"tds-msft-block text-image  bg-deepteal clr-white bg-center\"  >\n\n  <div class=\"uk-container uk-container-xlarge\">\n    <div class=\"uk-grid \">\n      <div class=\"uk-width-1-3@m uk-width-1-1\">\n        <img decoding=\"async\" src=\"https:\/\/dach.tdsynnex.com\/ch\/microsoft\/wp-content\/uploads\/2025\/02\/img-managed-services.jpg\" alt=\"\" class=\"rounded\">      <\/div>\n      <div class=\"uk-width-2-3@m uk-width-1-1\">\n        <h2><span style=\"color: #ccd814;\">Managed Services<\/span><\/h2>\n<p>Die Public Clouds stellen eine leistungsstarke Infrastruktur, Hardware sowie Softwareanwendungen f\u00fcr jedes Unternehmen bereit. Sie geh\u00f6ren weltweit zur kosteng\u00fcnstigsten und agilsten Gesch\u00e4ftsl\u00f6sung f\u00fcr Unternehmen und werden darum immer h\u00e4ufiger verwendet.<\/p>\n<p><a class=\"tds-button btn-chartreuse\" href=\"https:\/\/www.techdatacloud.ch\/de\/our-difference\/services\/\" target=\"_blank\" rel=\"noopener\">Mehr erfahren<\/a><\/p>\n      <\/div>\n    <\/div>\n  <\/div>\n\n<\/section>\n\n\n<section class=\"tds-msft-block text  bg-deepteal clr-white bg-bottom-right\"   style=\"background-image: url(https:\/\/dach.tdsynnex.com\/ch\/microsoft\/wp-content\/uploads\/2025\/02\/mesh-pattern-3.png);\">\n\n  <div class=\"uk-container uk-container-xlarge\">\n    <div class=\"uk-grid uk-child-width-1-1@m uk-width-1-1\">\n      <div class=\"uk-margin-large\">\n        <h3 style=\"text-align: center;\">Nehmen Sie Kontakt auf<\/h3>\n<p style=\"text-align: center;\">Bei Fragen, Unklarheiten oder f\u00fcr weitere Informationen zu unserem Cloud Marketplace StreamOne k\u00f6nnen Sie uns gerne kontaktieren.<\/p>\n<p style=\"text-align: center;\"><a class=\"tds-button btn-chartreuse\" href=\"https:\/\/dach.tdsynnex.com\/ch\/microsoft\/kontakt\/\">Hier Kontakt aufnehmen<\/a><\/p>\n      <\/div>\n                <\/div>\n  <\/div>\n\n<\/section>","protected":false},"excerpt":{"rendered":"","protected":false},"author":1,"featured_media":0,"parent":0,"menu_order":0,"comment_status":"closed","ping_status":"closed","template":"","meta":{"_acf_changed":false,"inline_featured_image":false,"footnotes":""},"class_list":["post-27","page","type-page","status-publish","hentry"],"acf":[],"_links":{"self":[{"href":"https:\/\/dach.tdsynnex.com\/ch\/microsoft\/wp-json\/wp\/v2\/pages\/27","targetHints":{"allow":["GET"]}}],"collection":[{"href":"https:\/\/dach.tdsynnex.com\/ch\/microsoft\/wp-json\/wp\/v2\/pages"}],"about":[{"href":"https:\/\/dach.tdsynnex.com\/ch\/microsoft\/wp-json\/wp\/v2\/types\/page"}],"author":[{"embeddable":true,"href":"https:\/\/dach.tdsynnex.com\/ch\/microsoft\/wp-json\/wp\/v2\/users\/1"}],"replies":[{"embeddable":true,"href":"https:\/\/dach.tdsynnex.com\/ch\/microsoft\/wp-json\/wp\/v2\/comments?post=27"}],"version-history":[{"count":12,"href":"https:\/\/dach.tdsynnex.com\/ch\/microsoft\/wp-json\/wp\/v2\/pages\/27\/revisions"}],"predecessor-version":[{"id":1944,"href":"https:\/\/dach.tdsynnex.com\/ch\/microsoft\/wp-json\/wp\/v2\/pages\/27\/revisions\/1944"}],"wp:attachment":[{"href":"https:\/\/dach.tdsynnex.com\/ch\/microsoft\/wp-json\/wp\/v2\/media?parent=27"}],"curies":[{"name":"wp","href":"https:\/\/api.w.org\/{rel}","templated":true}]}}