{"id":302,"date":"2025-02-18T15:15:57","date_gmt":"2025-02-18T14:15:57","guid":{"rendered":"https:\/\/tds-ch-microsoft-v2.local\/?page_id=302"},"modified":"2025-03-16T14:29:57","modified_gmt":"2025-03-16T13:29:57","slug":"microsoft-dynamics-365","status":"publish","type":"page","link":"https:\/\/dach.tdsynnex.com\/ch\/microsoft\/microsoft-dynamics-365\/","title":{"rendered":"Microsoft Dynamics 365"},"content":{"rendered":"\n<section class=\"tds-msft-block hero  bg-deepteal clr-white bg-top-right\"   style=\"background-image: url(https:\/\/dach.tdsynnex.com\/ch\/microsoft\/wp-content\/uploads\/2025\/02\/mesh-pattern-1.png);\">\n\n  <div class=\"uk-container uk-container-xlarge\">\n          <div class=\"uk-grid\">\n        <div class=\"uk-width-2-3@m uk-width-1-1 uk-flex-first@m uk-flex-last\">\n                <h1>Microsoft Dynamics 365<br \/>\nPartnerprogramm<\/h1>\n<p><strong>Unbegrenztes Potenzial mit TD SYNNEX und Microsoft Dynamics<\/strong><\/p>\n<p>Das TD SYNNEX Microsoft Dynamics 365 Partnerprogramm wurde entwickelt, um Ihnen neue Umsatzpotenziale durch Dynamics-Lizenzen und zus\u00e4tzliche Services zu erschlie\u00dfen. Profitieren Sie von unserem umfassenden Angebot f\u00fcr Partner, die mit der n\u00e4chsten Generation von CRM- und ERP-L\u00f6sungen wachsen m\u00f6chten.<\/p>\n                <\/div>\n        <div class=\"uk-width-1-3@m uk-width-1-1\">\n          <img decoding=\"async\" src=\"https:\/\/dach.tdsynnex.com\/ch\/microsoft\/wp-content\/uploads\/2025\/02\/hero-dynamics.png\" alt=\"\">\n        <\/div>\n      <\/div>\n      <\/div>\n\n<\/section>\n\n\n\n<section class=\"tds-msft-block icon-card-2col-text  bg-deepteal clr-white bg-center\"  >\n\n  <div class=\"uk-container uk-container-xlarge\">\n          <h2>Ihre Vorteile als TD SYNNEX Partner<\/h2>\n        <div class=\"uk-grid\">\n      <div class=\"uk-width-1-3@m uk-width-1-1\">\n        <div class=\"icon-card\">\n                      <img decoding=\"async\" src=\"https:\/\/dach.tdsynnex.com\/ch\/microsoft\/wp-content\/uploads\/2025\/02\/icon-beratung.svg\" alt=\"\">\n                    <h3>Pers\u00f6nliche Unterst\u00fctzung<\/h3>\n<p>Ihr dedizierter Business Development Manager begleitet Sie durch unser Center of Excellence. In individuellen Beratungsgespr\u00e4chen identifizieren wir gemeinsam die Ressourcen, die Sie f\u00fcr den Aufbau Ihres Dynamics-Gesch\u00e4fts ben\u00f6tigen.<\/p>\n                  <\/div>\n      <\/div>\n      <div class=\"uk-width-1-3@m uk-width-1-2@s uk-width-1-1\">\n        <div class=\"content-middle\">\n          <h3>Exklusive TD SYNNEX Ressourcen<\/h3>\n<ul>\n<li>Zugang zu unseren Dynamics Business Development Managern<\/li>\n<li>Cloud Practice Builder Ressourcen<\/li>\n<li>Dynamics 365 Center of Excellence<\/li>\n<li>Enablement-Workshops und technische Schulungen<\/li>\n<li>Webinare und Events<\/li>\n<li>Weltweiter 24\/7 technischer Support<\/li>\n<li>Beratung zu Microsoft Programmen und Incentives<\/li>\n<\/ul>\n        <\/div>\n      <\/div>\n      <div class=\"uk-width-1-3@m uk-width-1-2@s uk-width-1-1\">\n        <div class=\"content-right\">\n          <h3>Zus\u00e4tzliche Ressourcen<\/h3>\n<ul>\n<li>Microsoft AI Cloud Partner Programm Ressourcen<\/li>\n<li>Q&amp;A-Kliniken<\/li>\n<li>Modern Marketing Services<\/li>\n<li>Partner Spotlight Webinare<\/li>\n<li>Partner-to-Partner (P2P) Netzwerk<\/li>\n<li>PreSales-Support durch Microsoft-Experten<\/li>\n<li>Vereinfachtes Multi-Cloud Management<\/li>\n<li>TD SYNNEX Finanzierungsl\u00f6sungen<\/li>\n<li>Zugang zur TD SYNNEX Community<\/li>\n<\/ul>\n<p>&nbsp;<\/p>\n        <\/div>\n      <\/div>\n    <\/div>\n  <\/div>\n<\/section>\n\n\n<section class=\"tds-msft-block icon-cards  bg-white clr-black bg-center\"  >\n\n  <div class=\"uk-container uk-container-xlarge\">\n          <h2 class=\"uk-text-center clr-teal\">Partnerm\u00f6glichkeiten<\/h2>\n        <div class=\"uk-grid uk-child-width-1-3@m uk-child-width-1-1 uk-flex-\" uk-height-match=\"target: .icon-card-content\">\n              <div>\n          <div class=\"icon-card icon-card-left\">\n                          <img decoding=\"async\" src=\"https:\/\/dach.tdsynnex.com\/ch\/microsoft\/wp-content\/uploads\/2025\/02\/icon-dynamics.png\" alt=\"\" style=\"height: 100px;\">\n                        <div class=\"icon-card-content\">\n              <h3>Neu bei Dynamics?<\/h3>\n<p>Vertreiben Sie Dynamics 365 ohne selbst Experte werden zu m\u00fcssen! Die Integration einer neuen Produktlinie in Ihr Microsoft Cloud-Portfolio kann eine Herausforderung sein. Mit unserer Unterst\u00fctzung starten Sie jedoch problemlos durch:<\/p>\n<ul>\n<li>Zugang zu exklusiven TD SYNNEX Schulungen<\/li>\n<li>Marketing- und Enablement-Ressourcen<\/li>\n<li>H\u00f6here Kundenbindung bei gleichbleibender Kundenbeziehung<\/li>\n<li>Partner-to-Partner Service-M\u00f6glichkeiten f\u00fcr den perfekten Start<\/li>\n<li>Unterst\u00fctzung durch unser Expert:innen-Team<\/li>\n<\/ul>\n<p>&nbsp;<\/p>\n            <\/div>\n          <\/div>\n        <\/div>\n              <div>\n          <div class=\"icon-card icon-card-left\">\n                          <img decoding=\"async\" src=\"https:\/\/dach.tdsynnex.com\/ch\/microsoft\/wp-content\/uploads\/2025\/02\/icon-partner.svg\" alt=\"\" style=\"height: 100px;\">\n                        <div class=\"icon-card-content\">\n              <h3>Dynamics 365 Partnerprogramm<\/h3>\n<p>Beschleunigen Sie Ihr Dynamics-Gesch\u00e4ft mit unserem speziellen Partnerprogramm. Als Teil unseres P2P-Netzwerks verbinden wir tausende Modern Work Partner mit den passenden Dynamics-Experten f\u00fcr jede Gesch\u00e4ftschance:<\/p>\n<ul>\n<li>Serviceumsatz durch das TD SYNNEX P2P-Netzwerk<\/li>\n<li>Lead-Generierung und Co-Selling M\u00f6glichkeiten<\/li>\n<li>Unterst\u00fctzung durch zertifizierte Dynamics-Experten<\/li>\n<\/ul>\n            <\/div>\n          <\/div>\n        <\/div>\n              <div>\n          <div class=\"icon-card icon-card-left\">\n                          <img decoding=\"async\" src=\"https:\/\/dach.tdsynnex.com\/ch\/microsoft\/wp-content\/uploads\/2025\/02\/icon-direct-partner.svg\" alt=\"\" style=\"height: 100px;\">\n                        <div class=\"icon-card-content\">\n              <h3>F\u00fcr Microsoft Direct Partner<\/h3>\n<p>Auch als Direct Partner k\u00f6nnen Sie von unseren Vorteilen profitieren: Verlagern Sie einen Teil Ihres Direct-Gesch\u00e4fts zu TD SYNNEX \u2013 ohne Ihren Direct-Status bei Microsoft zu \u00e4ndern.<\/p>\n            <\/div>\n          <\/div>\n        <\/div>\n          <\/div>\n  <\/div>\n<\/section>\n\n\n<section class=\"tds-msft-block text  bg-deepteal clr-white bg-center\"  >\n\n  <div class=\"uk-container uk-container-xlarge\">\n    <div class=\"uk-grid uk-child-width-1-@m uk-width-1-1\">\n      <div class=\"uk-margin-large\">\n        <p style=\"text-align: center;\">Vereinbaren Sie noch heute ein Gespr\u00e4ch mit uns und erschlie\u00dfen Sie das volle Potenzial Ihres Dynamics-Gesch\u00e4fts.<br \/>\nProfitieren Sie von unseren zahlreichen Programmen und Wachstumsm\u00f6glichkeiten.<\/p>\n<p style=\"text-align: center;\"><a class=\"tds-button btn-chartreuse\" href=\"https:\/\/dach.tdsynnex.com\/ch\/microsoft\/kontakt\/\">Jetzt Beratungsgespr\u00e4ch vereinbaren<\/a><\/p>\n      <\/div>\n                <\/div>\n  <\/div>\n\n<\/section>\n\n\n<section class=\"tds-msft-block text  bg-deepteal clr-white bg-center\"   style=\"background-image: url(https:\/\/dach.tdsynnex.com\/ch\/microsoft\/wp-content\/uploads\/2025\/02\/bg-StreamOne_teal.jpg);\">\n\n  <div class=\"uk-container uk-container-xlarge\">\n    <div class=\"uk-grid uk-child-width-1-1@m uk-width-1-1\">\n      <div class=\"uk-margin-large\">\n        <h2>Bleiben Sie auf dem neusten Stand rund um Microsoft<\/h2>\n<p>Pr\u00fcfen Sie unseren TD SYNNEX Blog f\u00fcr die neusten Informationen zu aktuellen und kommenden Produkten von Microsoft.<\/p>\n<p><a class=\"btn-chartreuse tds-button\" href=\"https:\/\/dach.tdsynnex.com\/blog\/ch\/microsoft\/\" target=\"_blank\" rel=\"noopener\">News<\/a><\/p>\n      <\/div>\n                <\/div>\n  <\/div>\n\n<\/section>\n\n\n<section class=\"tds-msft-block text  bg-deepteal clr-white bg-bottom-right\"   style=\"background-image: url(https:\/\/dach.tdsynnex.com\/ch\/microsoft\/wp-content\/uploads\/2025\/02\/mesh-pattern-3.png);\">\n\n  <div class=\"uk-container uk-container-xlarge\">\n    <div class=\"uk-grid uk-child-width-1-1@m uk-width-1-1\">\n      <div class=\"uk-margin-large\">\n        <h3 style=\"text-align: center;\">Nehmen Sie Kontakt auf<\/h3>\n<p style=\"text-align: center;\">Bei Fragen, Unklarheiten oder f\u00fcr weitere Informationen zu unserem Cloud Marketplace StreamOne k\u00f6nnen Sie uns gerne kontaktieren.<\/p>\n<p style=\"text-align: center;\"><a class=\"tds-button btn-chartreuse\" href=\"https:\/\/dach.tdsynnex.com\/ch\/microsoft\/kontakt\/\">Hier Kontakt aufnehmen<\/a><\/p>\n      <\/div>\n                <\/div>\n  <\/div>\n\n<\/section>","protected":false},"excerpt":{"rendered":"","protected":false},"author":1,"featured_media":0,"parent":0,"menu_order":0,"comment_status":"closed","ping_status":"closed","template":"","meta":{"_acf_changed":false,"inline_featured_image":false,"footnotes":""},"class_list":["post-302","page","type-page","status-publish","hentry"],"acf":[],"_links":{"self":[{"href":"https:\/\/dach.tdsynnex.com\/ch\/microsoft\/wp-json\/wp\/v2\/pages\/302","targetHints":{"allow":["GET"]}}],"collection":[{"href":"https:\/\/dach.tdsynnex.com\/ch\/microsoft\/wp-json\/wp\/v2\/pages"}],"about":[{"href":"https:\/\/dach.tdsynnex.com\/ch\/microsoft\/wp-json\/wp\/v2\/types\/page"}],"author":[{"embeddable":true,"href":"https:\/\/dach.tdsynnex.com\/ch\/microsoft\/wp-json\/wp\/v2\/users\/1"}],"replies":[{"embeddable":true,"href":"https:\/\/dach.tdsynnex.com\/ch\/microsoft\/wp-json\/wp\/v2\/comments?post=302"}],"version-history":[{"count":12,"href":"https:\/\/dach.tdsynnex.com\/ch\/microsoft\/wp-json\/wp\/v2\/pages\/302\/revisions"}],"predecessor-version":[{"id":369,"href":"https:\/\/dach.tdsynnex.com\/ch\/microsoft\/wp-json\/wp\/v2\/pages\/302\/revisions\/369"}],"wp:attachment":[{"href":"https:\/\/dach.tdsynnex.com\/ch\/microsoft\/wp-json\/wp\/v2\/media?parent=302"}],"curies":[{"name":"wp","href":"https:\/\/api.w.org\/{rel}","templated":true}]}}