{"id":305,"date":"2025-02-18T15:17:09","date_gmt":"2025-02-18T14:17:09","guid":{"rendered":"https:\/\/tds-ch-microsoft-v2.local\/?page_id=305"},"modified":"2025-06-17T12:14:25","modified_gmt":"2025-06-17T10:14:25","slug":"security","status":"publish","type":"page","link":"https:\/\/dach.tdsynnex.com\/ch\/microsoft\/security\/","title":{"rendered":"Security"},"content":{"rendered":"\n<section class=\"tds-msft-block hero  bg-deepteal clr-white bg-top-right\"   style=\"background-image: url(https:\/\/dach.tdsynnex.com\/ch\/microsoft\/wp-content\/uploads\/2025\/02\/mesh-pattern-1.png);\">\n\n  <div class=\"uk-container uk-container-xlarge\">\n          <div class=\"uk-grid\">\n        <div class=\"uk-width-2-3@m uk-width-1-1 uk-flex-first@m uk-flex-last\">\n                <h1>Microsoft Security Copilot<br \/>\nKI-gest\u00fctzte Cybersicherheit<\/h1>\n<p><strong>Revolutionieren Sie Ihre Cybersicherheit mit KI<\/strong><\/p>\n<p>Microsoft Security Copilot verbindet modernste KI-Technologie mit umfassender Sicherheitsexpertise.<br \/>\nAls Ihr vertrauensw\u00fcrdiger Partner unterst\u00fctzen wir Sie bei der Implementation und Optimierung dieser zukunftsweisenden Sicherheitsl\u00f6sung.<\/p>\n                <\/div>\n        <div class=\"uk-width-1-3@m uk-width-1-1\">\n          <img decoding=\"async\" src=\"https:\/\/dach.tdsynnex.com\/ch\/microsoft\/wp-content\/uploads\/2025\/02\/hero-security.png\" alt=\"\">\n        <\/div>\n      <\/div>\n      <\/div>\n\n<\/section>\n\n\n<section class=\"tds-msft-block icon-cards  bg-deepteal clr-white bg-center\"  >\n\n  <div class=\"uk-container uk-container-xlarge\">\n          <div class=\"uk-grid\">\n        <div class=\"uk-width-1-4@m uk-width-1-1\">\n          <div class=\"intro\">\n            <h2>Leistungs\u00fcbersicht<\/h2>\n<p><strong>Was ist Microsoft Security Copilot?<\/strong><\/p>\n<p>Security Copilot kombiniert OpenAIs GPT-4 mit einem von Microsoft entwickelten sicherheitsspezifischen Modell. Diese innovative L\u00f6sung erm\u00f6glicht Sicherheitsanalysten die Interaktion mittels nat\u00fcrlicher Sprache und bietet ma\u00dfgeschneiderte Unterst\u00fctzung bei allen sicherheitsrelevanten Anfragen.<\/p>\n          <\/div>\n        <\/div>\n        <div class=\"uk-width-3-4@m uk-width-1-1\">\n                <div class=\"uk-grid uk-child-width-1-2@l uk-child-width-1-2@s uk-child-width-1-1\" uk-height-match=\"target: .icon-card-content\">\n                      <div>\n              <div class=\"icon-card icon-card-left\">\n                                  <img decoding=\"async\" src=\"https:\/\/dach.tdsynnex.com\/ch\/microsoft\/wp-content\/uploads\/2025\/02\/icon-bedrohung.svg\" alt=\"\">\n                                <div class=\"icon-card-content\">\n                  <h3>Bedrohungserkennung<\/h3>\n<ul>\n<li>Entwicklung von Erkennungshypothesen<\/li>\n<li>Einblicke in bew\u00e4hrte Taktiken und Techniken (TTPs)<\/li>\n<li>Integration mit Microsoft Defender und Sentinel<\/li>\n<li>Ma\u00dfgeschneiderte Suchabfragen<\/li>\n<\/ul>\n                <\/div>\n              <\/div>\n            <\/div>\n                      <div>\n              <div class=\"icon-card icon-card-left\">\n                                  <img decoding=\"async\" src=\"https:\/\/dach.tdsynnex.com\/ch\/microsoft\/wp-content\/uploads\/2025\/02\/icon-schwachstellen.svg\" alt=\"\">\n                                <div class=\"icon-card-content\">\n                  <h3>Schwachstellenmanagement<\/h3>\n<ul>\n<li>Echtzeit-Sicherheitsanalyse von Endger\u00e4ten<\/li>\n<li>Automatischer Abgleich von Softwareversionen<\/li>\n<li>Generierung von Behebungsschritten<\/li>\n<li>Automatisierte Softwareaktualisierung<\/li>\n<\/ul>\n                <\/div>\n              <\/div>\n            <\/div>\n                      <div>\n              <div class=\"icon-card icon-card-left\">\n                                  <img decoding=\"async\" src=\"https:\/\/dach.tdsynnex.com\/ch\/microsoft\/wp-content\/uploads\/2025\/02\/icon-vorfallsanalyse.svg\" alt=\"\">\n                                <div class=\"icon-card-content\">\n                  <h3>Vorfallsanalyse<\/h3>\n<ul>\n<li>Schnelle Analyse von Sicherheitswarnungen<\/li>\n<li>\u00dcbersichtliche Zusammenfassungen<\/li>\n<li>Grafische Darstellung von Vorf\u00e4llen<\/li>\n<li>Erkennung von Kompromittierungsindikatoren (IOCs)<\/li>\n<\/ul>\n                <\/div>\n              <\/div>\n            <\/div>\n                      <div>\n              <div class=\"icon-card icon-card-left\">\n                                  <img decoding=\"async\" src=\"https:\/\/dach.tdsynnex.com\/ch\/microsoft\/wp-content\/uploads\/2025\/02\/icon-security.svg\" alt=\"\">\n                                <div class=\"icon-card-content\">\n                  <h3>Sicherheit &amp; Datenschutz<\/h3>\n<ul>\n<li>Vollst\u00e4ndige GDPR-Konformit\u00e4t<\/li>\n<li>EU Data Boundary Compliance<\/li>\n<li>256-Bit AES-Verschl\u00fcsselung<\/li>\n<li>Strikte Zugriffskontrolle<\/li>\n<li>Logische Mandantentrennung<\/li>\n<li>Eingeschr\u00e4nkter Netzwerkzugang<\/li>\n<\/ul>\n                <\/div>\n              <\/div>\n            <\/div>\n                  <\/div>\n                <\/div>\n      <\/div>\n      <\/div>\n<\/section>\n\n\n<section class=\"tds-msft-block icon-cards  bg-white clr-teal bg-center\"  >\n\n  <div class=\"uk-container uk-container-xlarge\">\n          <h2 class=\"uk-text-center clr-teal\">Implementierung &#038; Best Practices<\/h2>\n        <div class=\"uk-grid uk-child-width-1-3@m uk-child-width-1-1 uk-flex-\" uk-height-match=\"target: .icon-card-content\">\n              <div>\n          <div class=\"icon-card icon-card-left\">\n                          <img decoding=\"async\" src=\"https:\/\/dach.tdsynnex.com\/ch\/microsoft\/wp-content\/uploads\/2025\/02\/icon-brain.svg\" alt=\"\" style=\"height: 100px;\">\n                        <div class=\"icon-card-content\">\n              <h3>Schutz geistigen Eigentums<\/h3>\n<ul>\n<li>Klare IP-Richtlinien<\/li>\n<li>Sichere Datenspeicherung<\/li>\n<li>Verschl\u00fcsselungsstandards<\/li>\n<\/ul>\n            <\/div>\n          <\/div>\n        <\/div>\n              <div>\n          <div class=\"icon-card icon-card-left\">\n                          <img decoding=\"async\" src=\"https:\/\/dach.tdsynnex.com\/ch\/microsoft\/wp-content\/uploads\/2025\/02\/icon-sicherheitsmanagement.svg\" alt=\"\" style=\"height: 100px;\">\n                        <div class=\"icon-card-content\">\n              <h3>Sicherheitsmanagement<\/h3>\n<ul>\n<li>Automatisierte Sicherheitstests<\/li>\n<li>Regelm\u00e4\u00dfige Berechtigungspr\u00fcfungen<\/li>\n<li>Umfassende Mitarbeiterschulungen<\/li>\n<\/ul>\n            <\/div>\n          <\/div>\n        <\/div>\n              <div>\n          <div class=\"icon-card icon-card-left\">\n                          <img decoding=\"async\" src=\"https:\/\/dach.tdsynnex.com\/ch\/microsoft\/wp-content\/uploads\/2025\/02\/icon-monitoring.svg\" alt=\"\" style=\"height: 100px;\">\n                        <div class=\"icon-card-content\">\n              <h3>Monitoring &amp; Kontrolle<\/h3>\n<ul>\n<li>\u00dcberwachung der Benutzerinteraktionen<\/li>\n<li>Erweiterter E-Mail-Schutz<\/li>\n<li>Datenkategorisierung<\/li>\n<\/ul>\n            <\/div>\n          <\/div>\n        <\/div>\n          <\/div>\n  <\/div>\n<\/section>\n\n\n<section class=\"tds-msft-block text  bg-deepteal clr-white bg-center\"  >\n\n  <div class=\"uk-container uk-container-xlarge\">\n    <div class=\"uk-grid uk-child-width-1-3@m uk-width-1-1\">\n      <div class=\"uk-margin-large\">\n        <h2>TD SYNNEX Mehrwert<\/h2>\n      <\/div>\n              <div class=\"uk-margin-large\">\n          <h3>Unsere Expertise f\u00fcr Ihren Erfolg<\/h3>\n<ul>\n<li>Umfassende Implementierungsunterst\u00fctzung<\/li>\n<li>Technische Beratung und Schulung<\/li>\n<li>24\/7 Support<\/li>\n<li>Individuelle Anpassung<\/li>\n<li>Integration in bestehende Sicherheitsarchitektur<\/li>\n<\/ul>\n        <\/div>\n                    <div class=\"uk-margin-large\">\n          <h3>Warum TD SYNNEX?<\/h3>\n<ul>\n<li>Microsoft-zertifizierte Experten<\/li>\n<li>Langj\u00e4hrige Sicherheitserfahrung<\/li>\n<li>Ganzheitlicher Betreuungsansatz<\/li>\n<li>Lokale Unterst\u00fctzung<\/li>\n<li>Bew\u00e4hrte Implementierungsmethodik<\/li>\n<\/ul>\n        <\/div>\n          <\/div>\n  <\/div>\n\n<\/section>\n\n\n<section class=\"tds-msft-block text  bg-teal clr-white bg-center\"  >\n\n  <div class=\"uk-container uk-container-xlarge\">\n    <div class=\"uk-grid uk-child-width-1-1@m uk-width-1-1\">\n      <div class=\"uk-margin-large\">\n        <p style=\"text-align: center;\">St\u00e4rken Sie Ihre Cybersicherheit mit Microsoft Security Copilot und TD SYNNEX als vertrauensw\u00fcrdigem<br \/>\nPartner an Ihrer Seite.<\/p>\n<p style=\"text-align: center;\"><a class=\"tds-button btn-chartreuse\" href=\"https:\/\/dach.tdsynnex.com\/ch\/microsoft\/kontakt\/\">Sicherheitsberatung anfragen<\/a><\/p>\n      <\/div>\n                <\/div>\n  <\/div>\n\n<\/section>\n\n\n<section class=\"tds-msft-block text  bg-deepteal clr-white bg-center\"   style=\"background-image: url(https:\/\/dach.tdsynnex.com\/ch\/microsoft\/wp-content\/uploads\/2025\/02\/bg-StreamOne_teal.jpg);\">\n\n  <div class=\"uk-container uk-container-xlarge\">\n    <div class=\"uk-grid uk-child-width-1-1@m uk-width-1-1\">\n      <div class=\"uk-margin-large\">\n        <h2>Bleiben Sie auf dem neusten Stand rund um Microsoft<\/h2>\n<p>Pr\u00fcfen Sie unseren TD SYNNEX Blog f\u00fcr die neusten Informationen zu aktuellen und kommenden Produkten von Microsoft.<\/p>\n<p><a class=\"btn-chartreuse tds-button\" href=\"https:\/\/dach.tdsynnex.com\/blog\/ch\/microsoft\/\" target=\"_blank\" rel=\"noopener\">News<\/a><\/p>\n      <\/div>\n                <\/div>\n  <\/div>\n\n<\/section>\n\n\n<section class=\"tds-msft-block text  bg-deepteal clr-white bg-bottom-right\"   style=\"background-image: url(https:\/\/dach.tdsynnex.com\/ch\/microsoft\/wp-content\/uploads\/2025\/02\/mesh-pattern-3.png);\">\n\n  <div class=\"uk-container uk-container-xlarge\">\n    <div class=\"uk-grid uk-child-width-1-1@m uk-width-1-1\">\n      <div class=\"uk-margin-large\">\n        <h3 style=\"text-align: center;\">Nehmen Sie Kontakt auf<\/h3>\n<p style=\"text-align: center;\">Bei Fragen, Unklarheiten oder f\u00fcr weitere Informationen zu unserem Cloud Marketplace StreamOne k\u00f6nnen Sie uns gerne kontaktieren.<\/p>\n<p style=\"text-align: center;\"><a class=\"tds-button btn-chartreuse\" href=\"https:\/\/dach.tdsynnex.com\/ch\/microsoft\/kontakt\/\">Hier Kontakt aufnehmen<\/a><\/p>\n      <\/div>\n                <\/div>\n  <\/div>\n\n<\/section>","protected":false},"excerpt":{"rendered":"","protected":false},"author":1,"featured_media":0,"parent":0,"menu_order":0,"comment_status":"closed","ping_status":"closed","template":"","meta":{"_acf_changed":false,"inline_featured_image":false,"footnotes":""},"class_list":["post-305","page","type-page","status-publish","hentry"],"acf":[],"_links":{"self":[{"href":"https:\/\/dach.tdsynnex.com\/ch\/microsoft\/wp-json\/wp\/v2\/pages\/305","targetHints":{"allow":["GET"]}}],"collection":[{"href":"https:\/\/dach.tdsynnex.com\/ch\/microsoft\/wp-json\/wp\/v2\/pages"}],"about":[{"href":"https:\/\/dach.tdsynnex.com\/ch\/microsoft\/wp-json\/wp\/v2\/types\/page"}],"author":[{"embeddable":true,"href":"https:\/\/dach.tdsynnex.com\/ch\/microsoft\/wp-json\/wp\/v2\/users\/1"}],"replies":[{"embeddable":true,"href":"https:\/\/dach.tdsynnex.com\/ch\/microsoft\/wp-json\/wp\/v2\/comments?post=305"}],"version-history":[{"count":17,"href":"https:\/\/dach.tdsynnex.com\/ch\/microsoft\/wp-json\/wp\/v2\/pages\/305\/revisions"}],"predecessor-version":[{"id":2147,"href":"https:\/\/dach.tdsynnex.com\/ch\/microsoft\/wp-json\/wp\/v2\/pages\/305\/revisions\/2147"}],"wp:attachment":[{"href":"https:\/\/dach.tdsynnex.com\/ch\/microsoft\/wp-json\/wp\/v2\/media?parent=305"}],"curies":[{"name":"wp","href":"https:\/\/api.w.org\/{rel}","templated":true}]}}