{"id":82,"date":"2025-02-03T11:40:42","date_gmt":"2025-02-03T10:40:42","guid":{"rendered":"https:\/\/tds-ch-microsoft-v2.local\/?page_id=82"},"modified":"2025-04-04T10:32:56","modified_gmt":"2025-04-04T08:32:56","slug":"microsoft-autopilot-services","status":"publish","type":"page","link":"https:\/\/dach.tdsynnex.com\/ch\/microsoft\/td-services\/microsoft-autopilot-services\/","title":{"rendered":"Microsoft Autopilot Services"},"content":{"rendered":"\n<section class=\"tds-msft-block icon-cards  bg-deepteal clr-black bg-center\"  >\n\n  <div class=\"uk-container uk-container-xlarge\">\n          <h2 class=\"uk-text-center clr-chartreuse\">Microsoft Surface Autopilot-Optionen<\/h2>\n        <div class=\"uk-grid uk-child-width-1-3@m uk-child-width-1-1 uk-flex-\" uk-height-match=\"target: .icon-card-content\">\n              <div>\n          <div class=\"icon-card icon-card-center\">\n                          <img decoding=\"async\" src=\"https:\/\/dach.tdsynnex.com\/ch\/microsoft\/wp-content\/uploads\/2025\/02\/Option-1.jpg\" alt=\"\" style=\"height: 100px;\">\n                        <div class=\"icon-card-content\">\n              <h3 style=\"text-align: center;\">Hardware Hash File f\u00fcr Intune File via Serialnummer<\/h3>\n<p style=\"text-align: center;\">Haben Sie die Ger\u00e4te bereits bei uns gekauft und m\u00f6chten im Nachhinein das File f\u00fcr Autopilot? Gerne stellen wir Ihnen die Hardware Hash Werte Ihrer Ger\u00e4te kostenlos zur Verf\u00fcgung. Teilen Sie uns dazu die Seriennummern \u00fcber das Formular mit und wir stellen Ihnen entsprechendes csv. File zum Upload via Microsoft Intune innert 2-3 Tagen (abh\u00e4ngig von Microsoft) zu.<\/p>\n<p style=\"text-align: center;\"><a class=\"tds-button btn-chartreuse\" href=\"https:\/\/dach.tdsynnex.com\/ch\/microsoft\/microsoft-autopilot-autopilot-hw-hash-anfrage-surface\/\">Anfrage starten<\/a><\/p>\n            <\/div>\n          <\/div>\n        <\/div>\n              <div>\n          <div class=\"icon-card icon-card-center\">\n                          <img decoding=\"async\" src=\"https:\/\/dach.tdsynnex.com\/ch\/microsoft\/wp-content\/uploads\/2025\/02\/Option-2.jpg\" alt=\"\" style=\"height: 100px;\">\n                        <div class=\"icon-card-content\">\n              <h3 style=\"text-align: center;\">Hardware Hash File f\u00fcr Intune File via Intouch<\/h3>\n<p style=\"text-align: center;\">Bestellen Sie bequem Ihre Ger\u00e4te \u00fcber unser Bestellportal \u00abIntouch\u00bb und legen Sie den Service Artikel mit der entsprechenden Menge der Ger\u00e4te in den Warenkorb. Wir erledigen f\u00fcr Sie den Rest, wir stellen Ihnen entsprechendes csv. File zum Upload via Microsoft Intune innert 2-3 Tagen (abh\u00e4ngig von Microsoft) zu. Sparen Sie sich die Zeit manuell Ihre Auftr\u00e4ge zu tracken, das tun wir f\u00fcr Sie!<\/p>\n<p style=\"text-align: center;\"><a class=\"tds-button btn-chartreuse\" href=\"https:\/\/intouch.tdsynnex.com\/InTouch\/MVC\/Product\/ProductDetails?ProductId=8320751\" target=\"_blank\" rel=\"noopener\">Bestellen<\/a><\/p>\n            <\/div>\n          <\/div>\n        <\/div>\n              <div>\n          <div class=\"icon-card icon-card-center\">\n                          <img decoding=\"async\" src=\"https:\/\/dach.tdsynnex.com\/ch\/microsoft\/wp-content\/uploads\/2025\/02\/Option-3.jpg\" alt=\"\" style=\"height: 100px;\">\n                        <div class=\"icon-card-content\">\n              <h3 class=\"uk-text-center\" style=\"text-align: center;\">Ger\u00e4teregistrierung im Kunden Tenant durch TD SYNNEX<\/h3>\n<div class=\"contentWrapper\">\n<p style=\"text-align: center;\">Gerne k\u00fcmmern wir uns auch um die Ger\u00e4teregistrierung. Bestellen Sie bequem Ihre Ger\u00e4te \u00fcber unser Bestellportal \u00abIntouch\u00bb und legen Sie den Service Artikel mit der entsprechenden Menge der Ger\u00e4te in den Warenkorb. Unser Service Center hinterlegt vor dem Versand der Ware jedes Ger\u00e4t in Ihrem Wunsch-Tenant. So k\u00f6nnen Sie sich sicher sein, die Ger\u00e4te sind hinterlegt sobald Sie oder Ihr Endkunde die Ger\u00e4te erhalten.<\/p>\n<p style=\"text-align: center;\"><a class=\"tds-button btn-chartreuse\" href=\"https:\/\/dach.tdsynnex.com\/ch\/microsoft\/wp-content\/uploads\/2025\/03\/OnePager_Windows-Autopilot-Tenant-Registration-bei-TD-SYNNEX.pdf\" target=\"_blank\" rel=\"noopener\">Mehr erfahren<\/a><\/p>\n<\/div>\n            <\/div>\n          <\/div>\n        <\/div>\n          <\/div>\n  <\/div>\n<\/section>\n\n\n\n<section class=\"tds-msft-block text-image  bg-white clr-black bg-center\"  >\n\n  <div class=\"uk-container uk-container-xlarge\">\n    <div class=\"uk-grid \">\n      <div class=\"uk-width-1-3@m uk-width-1-1\">\n        <img decoding=\"async\" src=\"https:\/\/dach.tdsynnex.com\/ch\/microsoft\/wp-content\/uploads\/2025\/03\/icon-bulb.svg\" alt=\"\" class=\"rounded\">      <\/div>\n      <div class=\"uk-width-2-3@m uk-width-1-1\">\n        <p>Wussten Sie, dass Microsoft Surface eine Fernwartung gewisser Funktionen wie z.B. das Ausschalten der Kamera, USB-Port u.v.m. \u00fcber das DFCI im Intune unterst\u00fctzt? Diese Funktion steht \u00fcber die Ger\u00e4teregistrierung durch uns als Distributor zur Verf\u00fcgung, nicht aber \u00fcber den Upload via Intune durch den Reseller.<\/p>\n      <\/div>\n    <\/div>\n  <\/div>\n\n<\/section>\n\n\n\n<section class=\"tds-msft-block text-video  bg-teal clr-white bg-center\"  >\n\n  <div class=\"uk-container uk-container-xlarge\">\n    <div class=\"uk-grid uk-flex-middle uk-flex-row-reverse\">\n      <div class=\"uk-width-1-2@m uk-width-1-1\">\n        <iframe src=\"https:\/\/www.youtube-nocookie.com\/embed\/LCS-ej94Bmo\" title=\"YouTube video player\" frameborder=\"0\" allow=\"accelerometer; autoplay; clipboard-write; encrypted-media; gyroscope; picture-in-picture; web-share\" referrerpolicy=\"strict-origin-when-cross-origin\" allowfullscreen><\/iframe>\n      <\/div>\n      <div class=\"uk-width-1-2@m uk-width-1-1\">\n        <h2><span style=\"color: #ccd814;\">Microsoft Autopilot im Detail erkl\u00e4rt<\/span><\/h2>\n<p>Windows Autopilot ist eine Funktion in Intune, mit der Sie Ger\u00e4te direkt von Hardwareanbietern an Endbenutzer senden k\u00f6nnen.<\/p>\n<p>Die Bereitstellung neuer Ger\u00e4te ist die Grundlage f\u00fcr die Cloud-Anbindung und das Cloud-basierte Update-Management. W\u00e4hrend der anf\u00e4nglichen Windows-Einrichtung erm\u00f6glicht Autopilot Benutzern, ihr Ger\u00e4t \u00fcber die Intune-Ger\u00e4teverwaltung zu registrieren, sodass PCs ohne Reimaging in einen verwalteten und produktiven Zustand versetzt werden.<\/p>\n      <\/div>\n    <\/div>\n  <\/div>\n\n<\/section>\n\n\n<section class=\"tds-msft-block icon-cards  bg-deepteal clr-white bg-center\"  >\n\n  <div class=\"uk-container uk-container-xlarge\">\n            <div class=\"uk-grid uk-child-width-1-2@l uk-child-width-1-2@s uk-child-width-1-1\" uk-height-match=\"target: .icon-card-content\">\n                      <div>\n              <div class=\"icon-card icon-card-center\">\n                                  <img decoding=\"async\" src=\"https:\/\/dach.tdsynnex.com\/ch\/microsoft\/wp-content\/uploads\/2025\/03\/icon-fast.svg\" alt=\"\">\n                                <div class=\"icon-card-content\">\n                  <p style=\"text-align: center;\"><strong>Sofort betriebsbereit nach dem Auspacken<\/strong><\/p>\n<p style=\"text-align: center;\">Nachdem Sie Ihr neues Windows-Ger\u00e4t ausgepackt haben, k\u00f6nnen Sie es einfach einschalten und Windows Autopilot wird die Konfiguration automatisch \u00fcber die Cloud durchf\u00fchren. Nach nur wenigen Klicks wird Ihr Ger\u00e4t betriebsbereit sein.<\/p>\n                <\/div>\n              <\/div>\n            <\/div>\n                      <div>\n              <div class=\"icon-card icon-card-center\">\n                                  <img decoding=\"async\" src=\"https:\/\/dach.tdsynnex.com\/ch\/microsoft\/wp-content\/uploads\/2025\/03\/icon-overview.svg\" alt=\"\">\n                                <div class=\"icon-card-content\">\n                  <p style=\"text-align: center;\"><strong>\u00dcbersichtliche Darstellung der gesamten Konfiguration<\/strong><\/p>\n<p style=\"text-align: center;\">Mit Windows Autopilot k\u00f6nnen Anwender den Konfigurationsfortschritt auf einfache Weise nachverfolgen.<\/p>\n                <\/div>\n              <\/div>\n            <\/div>\n                      <div>\n              <div class=\"icon-card icon-card-center\">\n                                  <img decoding=\"async\" src=\"https:\/\/dach.tdsynnex.com\/ch\/microsoft\/wp-content\/uploads\/2025\/03\/icon-implementation.svg\" alt=\"\">\n                                <div class=\"icon-card-content\">\n                  <p style=\"text-align: center;\"><strong>Entspannte Implementierung<\/strong><\/p>\n<p style=\"text-align: center;\">Durch Personalisierung und eine bequeme Einrichtung k\u00f6nnen Sie ein positives Benutzererlebnis schaffen.<\/p>\n                <\/div>\n              <\/div>\n            <\/div>\n                      <div>\n              <div class=\"icon-card icon-card-center\">\n                                  <img decoding=\"async\" src=\"https:\/\/dach.tdsynnex.com\/ch\/microsoft\/wp-content\/uploads\/2025\/03\/icon-cloud-net.svg\" alt=\"\">\n                                <div class=\"icon-card-content\">\n                  <p style=\"text-align: center;\"><strong>Schrittweise Migration in die Cloud<\/strong><\/p>\n<p style=\"text-align: center;\">Durch eine einfache Verbindung von mit Windows Autopilot bereitgestellten Ger\u00e4ten mit Azure Active Directory (AD) und der Verwaltung mobiler Ger\u00e4te kann eine nahtlose Integration erreicht werden.<\/p>\n                <\/div>\n              <\/div>\n            <\/div>\n                  <\/div>\n          <\/div>\n<\/section>\n\n\n<section class=\"tds-msft-block text  bg-deepteal clr-white bg-bottom-right\"   style=\"background-image: url(https:\/\/dach.tdsynnex.com\/ch\/microsoft\/wp-content\/uploads\/2025\/02\/mesh-pattern-3.png);\">\n\n  <div class=\"uk-container uk-container-xlarge\">\n    <div class=\"uk-grid uk-child-width-1-1@m uk-width-1-1\">\n      <div class=\"uk-margin-large\">\n        <h3 style=\"text-align: center;\">Nehmen Sie Kontakt auf<\/h3>\n<p style=\"text-align: center;\">Bei Fragen, Unklarheiten oder f\u00fcr weitere Informationen zu unserem Cloud Marketplace StreamOne k\u00f6nnen Sie uns gerne kontaktieren.<\/p>\n<p style=\"text-align: center;\"><a class=\"tds-button btn-chartreuse\" href=\"https:\/\/dach.tdsynnex.com\/ch\/microsoft\/kontakt\/\">Hier Kontakt aufnehmen<\/a><\/p>\n      <\/div>\n                <\/div>\n  <\/div>\n\n<\/section>","protected":false},"excerpt":{"rendered":"","protected":false},"author":1,"featured_media":0,"parent":27,"menu_order":0,"comment_status":"closed","ping_status":"closed","template":"","meta":{"_acf_changed":false,"inline_featured_image":false,"footnotes":""},"class_list":["post-82","page","type-page","status-publish","hentry"],"acf":[],"_links":{"self":[{"href":"https:\/\/dach.tdsynnex.com\/ch\/microsoft\/wp-json\/wp\/v2\/pages\/82","targetHints":{"allow":["GET"]}}],"collection":[{"href":"https:\/\/dach.tdsynnex.com\/ch\/microsoft\/wp-json\/wp\/v2\/pages"}],"about":[{"href":"https:\/\/dach.tdsynnex.com\/ch\/microsoft\/wp-json\/wp\/v2\/types\/page"}],"author":[{"embeddable":true,"href":"https:\/\/dach.tdsynnex.com\/ch\/microsoft\/wp-json\/wp\/v2\/users\/1"}],"replies":[{"embeddable":true,"href":"https:\/\/dach.tdsynnex.com\/ch\/microsoft\/wp-json\/wp\/v2\/comments?post=82"}],"version-history":[{"count":9,"href":"https:\/\/dach.tdsynnex.com\/ch\/microsoft\/wp-json\/wp\/v2\/pages\/82\/revisions"}],"predecessor-version":[{"id":1654,"href":"https:\/\/dach.tdsynnex.com\/ch\/microsoft\/wp-json\/wp\/v2\/pages\/82\/revisions\/1654"}],"up":[{"embeddable":true,"href":"https:\/\/dach.tdsynnex.com\/ch\/microsoft\/wp-json\/wp\/v2\/pages\/27"}],"wp:attachment":[{"href":"https:\/\/dach.tdsynnex.com\/ch\/microsoft\/wp-json\/wp\/v2\/media?parent=82"}],"curies":[{"name":"wp","href":"https:\/\/api.w.org\/{rel}","templated":true}]}}