{"id":978,"date":"2025-03-20T14:05:45","date_gmt":"2025-03-20T13:05:45","guid":{"rendered":"https:\/\/tds-ch-microsoft-v2.local\/?page_id=978"},"modified":"2025-03-21T11:31:34","modified_gmt":"2025-03-21T10:31:34","slug":"cloud-solution-provider-programm-fr","status":"publish","type":"page","link":"https:\/\/dach.tdsynnex.com\/ch\/microsoft\/fr\/azure-fr\/cloud-solution-provider-programm-fr\/","title":{"rendered":"Cloud Solution Provider Programm FR"},"content":{"rendered":"\n<section class=\"tds-msft-block hero  bg-deepteal clr-white bg-top-right\"   style=\"background-image: url(https:\/\/dach.tdsynnex.com\/ch\/microsoft\/wp-content\/uploads\/2025\/02\/mesh-pattern-1.png);\">\n\n  <div class=\"uk-container uk-container-xlarge\">\n          <div class=\"uk-grid\">\n        <div class=\"uk-width-2-3@m uk-width-1-1 uk-flex-first@m uk-flex-last\">\n                <h1>Programme CSP (Cloud Solution Provider)<\/h1>\n<p>Avec le canal de distribution du programme CSP, TD SYNNEX met \u00e0 votre disposition le portefeuille Microsoft Cloud complet et l\u2019ensemble de ses avantages.<\/p>\n<p>Cela comprend par exemple Office\u202f365, Microsoft\u202f365 Azure, Dynamics\u202f365 et beaucoup d\u2019autres produits. La possibilit\u00e9 de choisir entre la facturation mensuelle ou annuelle vous offre la flexibilit\u00e9 d\u2019associer CSP avec vos solutions et services d\u00e9j\u00e0 impl\u00e9ment\u00e9s. Dans la plateforme Cloud StreamOne, tous les produits peuvent \u00eatre command\u00e9s et utilis\u00e9s dans les plus brefs d\u00e9lais.<\/p>\n                <\/div>\n        <div class=\"uk-width-1-3@m uk-width-1-1\">\n          <img decoding=\"async\" src=\"https:\/\/dach.tdsynnex.com\/ch\/microsoft\/wp-content\/uploads\/2025\/03\/hero-cspp.png\" alt=\"\">\n        <\/div>\n      <\/div>\n      <\/div>\n\n<\/section>\n\n\n<section class=\"tds-msft-block icon-cards  bg-deepteal clr-white bg-center\"  >\n\n  <div class=\"uk-container uk-container-xlarge\">\n          <div class=\"uk-grid\">\n        <div class=\"uk-width-1-4@m uk-width-1-1\">\n          <div class=\"intro\">\n            <h2 class=\"medium\">Vue d\u2019ensemble des avantages du programme CSP<\/h2>\n          <\/div>\n        <\/div>\n        <div class=\"uk-width-3-4@m uk-width-1-1\">\n                <div class=\"uk-grid uk-child-width-1-2@l uk-child-width-1-2@s uk-child-width-1-1\" uk-height-match=\"target: .icon-card-content\">\n                      <div>\n              <div class=\"icon-card icon-card-center\">\n                                  <img decoding=\"async\" src=\"https:\/\/dach.tdsynnex.com\/ch\/microsoft\/wp-content\/uploads\/2025\/03\/icon-trophy.svg\" alt=\"\">\n                                <div class=\"icon-card-content\">\n                  <p style=\"text-align: center;\"><strong>Offres exclusives:<\/strong><br \/>\nAssociez les services CSP \u00e0 vos propres services dans le m\u00eame cycle de facturation.<\/p>\n                <\/div>\n              <\/div>\n            <\/div>\n                      <div>\n              <div class=\"icon-card icon-card-center\">\n                                  <img decoding=\"async\" src=\"https:\/\/dach.tdsynnex.com\/ch\/microsoft\/wp-content\/uploads\/2025\/03\/icon-time-2.svg\" alt=\"\">\n                                <div class=\"icon-card-content\">\n                  <p style=\"text-align: center;\"><strong>Disponibilit\u00e9 imm\u00e9diate:<\/strong><br \/>\nLes services achet\u00e9s sont disponibles d\u00e8s que la commande a \u00e9t\u00e9 pass\u00e9e.<\/p>\n                <\/div>\n              <\/div>\n            <\/div>\n                      <div>\n              <div class=\"icon-card icon-card-center\">\n                                  <img decoding=\"async\" src=\"https:\/\/dach.tdsynnex.com\/ch\/microsoft\/wp-content\/uploads\/2025\/03\/icon-gear-screw.svg\" alt=\"\">\n                                <div class=\"icon-card-content\">\n                  <p style=\"text-align: center;\"><strong>Dur\u00e9e de service minimale:<\/strong><br \/>\n1 journ\u00e9e; apr\u00e8s la r\u00e9siliation, vous recevez un avoir pour la dur\u00e9e pay\u00e9e et non utilis\u00e9e.<\/p>\n                <\/div>\n              <\/div>\n            <\/div>\n                      <div>\n              <div class=\"icon-card icon-card-center\">\n                                  <img decoding=\"async\" src=\"https:\/\/dach.tdsynnex.com\/ch\/microsoft\/wp-content\/uploads\/2025\/03\/icon-screwdriver.svg\" alt=\"\">\n                                <div class=\"icon-card-content\">\n                  <p style=\"text-align: center;\"><strong>Flexibilit\u00e9:<\/strong><br \/>\nLes services Office\u202f365 peuvent \u00eatre \u00e9tendus ou r\u00e9duits \u00e0 tout moment (dur\u00e9e de facturation mensuelle ou annuelle). Azure peut \u00e9voluer en fonction de la consommation.<\/p>\n                <\/div>\n              <\/div>\n            <\/div>\n                  <\/div>\n                <\/div>\n      <\/div>\n      <\/div>\n<\/section>\n\n\n<section class=\"tds-msft-block text  bg-teal clr-white bg-center\"  >\n\n  <div class=\"uk-container uk-container-xlarge\">\n    <div class=\"uk-grid uk-child-width-1-1@m uk-width-1-1\">\n      <div class=\"uk-margin-large\">\n        <h2 style=\"text-align: center;\">Augmentez votre chiffre d\u2019affaires CSP<\/h2>\n<p style=\"text-align: center;\"><span data-contrast=\"auto\">Avec CSP, vous pouvez augmenter votre chiffre d\u2019affaires par des recettes mensuelles et des opportunit\u00e9s de ventes crois\u00e9es et de mont\u00e9es en gamme. En ajoutant vos propres services g\u00e9r\u00e9s aux packages CSP, vous vous octroyez en outre des ventes suppl\u00e9mentaires et des recettes plus \u00e9lev\u00e9es.<\/span><span data-ccp-props=\"{&quot;201341983&quot;:0,&quot;335559739&quot;:0,&quot;335559740&quot;:240}\">\u00a0<\/span><\/p>\n<p style=\"text-align: center;\"><span data-contrast=\"auto\">CSP vous permet d\u2019offrir \u00e0 vos clients des solutions qui leur sont parfaitement adapt\u00e9es et peuvent \u00eatre augment\u00e9es ou r\u00e9duites en fonction de leurs besoins et de leur utilisation.<\/span><span data-ccp-props=\"{&quot;201341983&quot;:0,&quot;335559739&quot;:0,&quot;335559740&quot;:240}\">\u00a0<\/span><\/p>\n      <\/div>\n                <\/div>\n  <\/div>\n\n<\/section>\n\n\n<section class=\"tds-msft-block text  bg-deepteal clr-white bg-bottom-right\"   style=\"background-image: url(https:\/\/dach.tdsynnex.com\/ch\/microsoft\/wp-content\/uploads\/2025\/02\/mesh-pattern-3.png);\">\n\n  <div class=\"uk-container uk-container-xlarge\">\n    <div class=\"uk-grid uk-child-width-1-1@m uk-width-1-1\">\n      <div class=\"uk-margin-large\">\n        <h3 style=\"text-align: center;\">Contactez-nous<\/h3>\n<p style=\"text-align: center;\">Des questions, des impr\u00e9cisions, besoin d\u2019informations suppl\u00e9mentaires sur notre plateforme Cloud StreamOne?<br \/>\nN\u2019h\u00e9sitez pas \u00e0 nous contacter.<\/p>\n<p style=\"text-align: center;\"><a class=\"tds-button btn-chartreuse\" href=\"https:\/\/dach.tdsynnex.com\/ch\/microsoft\/fr\/kontakt-fr\/\">Prendre contact ici<\/a><\/p>\n      <\/div>\n                <\/div>\n  <\/div>\n\n<\/section>","protected":false},"excerpt":{"rendered":"","protected":false},"author":1,"featured_media":0,"parent":974,"menu_order":0,"comment_status":"closed","ping_status":"closed","template":"","meta":{"_acf_changed":false,"inline_featured_image":false,"footnotes":""},"class_list":["post-978","page","type-page","status-publish","hentry"],"acf":[],"_links":{"self":[{"href":"https:\/\/dach.tdsynnex.com\/ch\/microsoft\/wp-json\/wp\/v2\/pages\/978","targetHints":{"allow":["GET"]}}],"collection":[{"href":"https:\/\/dach.tdsynnex.com\/ch\/microsoft\/wp-json\/wp\/v2\/pages"}],"about":[{"href":"https:\/\/dach.tdsynnex.com\/ch\/microsoft\/wp-json\/wp\/v2\/types\/page"}],"author":[{"embeddable":true,"href":"https:\/\/dach.tdsynnex.com\/ch\/microsoft\/wp-json\/wp\/v2\/users\/1"}],"replies":[{"embeddable":true,"href":"https:\/\/dach.tdsynnex.com\/ch\/microsoft\/wp-json\/wp\/v2\/comments?post=978"}],"version-history":[{"count":3,"href":"https:\/\/dach.tdsynnex.com\/ch\/microsoft\/wp-json\/wp\/v2\/pages\/978\/revisions"}],"predecessor-version":[{"id":1162,"href":"https:\/\/dach.tdsynnex.com\/ch\/microsoft\/wp-json\/wp\/v2\/pages\/978\/revisions\/1162"}],"up":[{"embeddable":true,"href":"https:\/\/dach.tdsynnex.com\/ch\/microsoft\/wp-json\/wp\/v2\/pages\/974"}],"wp:attachment":[{"href":"https:\/\/dach.tdsynnex.com\/ch\/microsoft\/wp-json\/wp\/v2\/media?parent=978"}],"curies":[{"name":"wp","href":"https:\/\/api.w.org\/{rel}","templated":true}]}}