{"id":984,"date":"2025-03-20T14:10:27","date_gmt":"2025-03-20T13:10:27","guid":{"rendered":"https:\/\/tds-ch-microsoft-v2.local\/?page_id=984"},"modified":"2025-03-20T14:10:28","modified_gmt":"2025-03-20T13:10:28","slug":"microsoft-autopilot-autopilot-hw-hash-anfrage-surface-fr","status":"publish","type":"page","link":"https:\/\/dach.tdsynnex.com\/ch\/microsoft\/fr\/microsoft-autopilot-autopilot-hw-hash-anfrage-surface-fr\/","title":{"rendered":"Microsoft Autopilot &#8211; Autopilot HW Hash Anfrage Surface FR"},"content":{"rendered":"\n\n<section class=\"tds-msft-block form-full  bg-white clr-black bg-center\"  >\n  <div class=\"uk-container uk-container-xlarge\">\n              <div class=\"form-wrapper\">\n        <script>\nvar gform;gform||(document.addEventListener(\"gform_main_scripts_loaded\",function(){gform.scriptsLoaded=!0}),document.addEventListener(\"gform\/theme\/scripts_loaded\",function(){gform.themeScriptsLoaded=!0}),window.addEventListener(\"DOMContentLoaded\",function(){gform.domLoaded=!0}),gform={domLoaded:!1,scriptsLoaded:!1,themeScriptsLoaded:!1,isFormEditor:()=>\"function\"==typeof InitializeEditor,callIfLoaded:function(o){return!(!gform.domLoaded||!gform.scriptsLoaded||!gform.themeScriptsLoaded&&!gform.isFormEditor()||(gform.isFormEditor()&&console.warn(\"The use of gform.initializeOnLoaded() is deprecated in the form editor context and will be removed in Gravity Forms 3.1.\"),o(),0))},initializeOnLoaded:function(o){gform.callIfLoaded(o)||(document.addEventListener(\"gform_main_scripts_loaded\",()=>{gform.scriptsLoaded=!0,gform.callIfLoaded(o)}),document.addEventListener(\"gform\/theme\/scripts_loaded\",()=>{gform.themeScriptsLoaded=!0,gform.callIfLoaded(o)}),window.addEventListener(\"DOMContentLoaded\",()=>{gform.domLoaded=!0,gform.callIfLoaded(o)}))},hooks:{action:{},filter:{}},addAction:function(o,r,e,t){gform.addHook(\"action\",o,r,e,t)},addFilter:function(o,r,e,t){gform.addHook(\"filter\",o,r,e,t)},doAction:function(o){gform.doHook(\"action\",o,arguments)},applyFilters:function(o){return gform.doHook(\"filter\",o,arguments)},removeAction:function(o,r){gform.removeHook(\"action\",o,r)},removeFilter:function(o,r,e){gform.removeHook(\"filter\",o,r,e)},addHook:function(o,r,e,t,n){null==gform.hooks[o][r]&&(gform.hooks[o][r]=[]);var d=gform.hooks[o][r];null==n&&(n=r+\"_\"+d.length),gform.hooks[o][r].push({tag:n,callable:e,priority:t=null==t?10:t})},doHook:function(r,o,e){var t;if(e=Array.prototype.slice.call(e,1),null!=gform.hooks[r][o]&&((o=gform.hooks[r][o]).sort(function(o,r){return o.priority-r.priority}),o.forEach(function(o){\"function\"!=typeof(t=o.callable)&&(t=window[t]),\"action\"==r?t.apply(null,e):e[0]=t.apply(null,e)})),\"filter\"==r)return e[0]},removeHook:function(o,r,t,n){var e;null!=gform.hooks[o][r]&&(e=(e=gform.hooks[o][r]).filter(function(o,r,e){return!!(null!=n&&n!=o.tag||null!=t&&t!=o.priority)}),gform.hooks[o][r]=e)}});\n<\/script>\n\n                <div class='gf_browser_gecko gform_wrapper gravity-theme gform-theme--no-framework' data-form-theme='gravity-theme' data-form-index='0' id='gform_wrapper_29' ><div id='gf_29' class='gform_anchor' tabindex='-1'><\/div>\n                        <div class='gform_heading'>\n\t\t\t\t\t\t\t<p class='gform_required_legend'>\u201e<span class=\"gfield_required gfield_required_asterisk\">*<\/span>\u201c zeigt erforderliche Felder an<\/p>\n                        <\/div><form method='post' enctype='multipart\/form-data' target='gform_ajax_frame_29' id='gform_29'  action='\/ch\/microsoft\/wp-json\/wp\/v2\/pages\/984#gf_29' data-formid='29' novalidate><div id='gf_page_steps_29' class='gf_page_steps'><div id='gf_step_29_1' class='gf_step gf_step_active gf_step_first'><span class='gf_step_number'>1<\/span><span class='gf_step_label'>Resellerangaben<\/span><\/div><div id='gf_step_29_2' class='gf_step gf_step_last gf_step_next gf_step_pending'><span class='gf_step_number'>2<\/span><span class='gf_step_label'>Datenschutz<\/span><\/div><\/div>\n                        <div class='gform-body gform_body'><div id='gform_page_29_1' class='gform_page ' data-js='page-field-id-0' >\n\t\t\t\t\t<div class='gform_page_fields'><div id='gform_fields_29' class='gform_fields top_label form_sublabel_below description_below validation_below'><div id=\"field_29_1\" class=\"gfield gfield--type-text gfield--width-half gfield_contains_required field_sublabel_below gfield--no-description field_description_below field_validation_below gfield_visibility_visible\"  ><label class='gfield_label gform-field-label' for='input_29_1'>Firma<span class=\"gfield_required\"><span class=\"gfield_required gfield_required_asterisk\">*<\/span><\/span><\/label><div class='ginput_container ginput_container_text'><input name='input_1' id='input_29_1' type='text' value='' class='large'     aria-required=\"true\" aria-invalid=\"false\"   \/><\/div><\/div><div id=\"field_29_8\" class=\"gfield gfield--type-text gfield--width-half gfield_contains_required field_sublabel_below gfield--no-description field_description_below field_validation_below gfield_visibility_visible\"  ><label class='gfield_label gform-field-label' for='input_29_8'>Kundennummer<span class=\"gfield_required\"><span class=\"gfield_required gfield_required_asterisk\">*<\/span><\/span><\/label><div class='ginput_container ginput_container_text'><input name='input_8' id='input_29_8' type='text' value='' class='large'     aria-required=\"true\" aria-invalid=\"false\"   \/><\/div><\/div><fieldset id=\"field_29_5\" class=\"gfield gfield--type-name gfield_contains_required field_sublabel_below gfield--no-description field_description_below field_validation_below gfield_visibility_visible\"  ><legend class='gfield_label gform-field-label gfield_label_before_complex' >Name<span class=\"gfield_required\"><span class=\"gfield_required gfield_required_asterisk\">*<\/span><\/span><\/legend><div class='ginput_complex ginput_container ginput_container--name no_prefix has_first_name no_middle_name has_last_name no_suffix gf_name_has_2 ginput_container_name gform-grid-row' id='input_29_5'>\n                            \n                            <span id='input_29_5_3_container' class='name_first gform-grid-col gform-grid-col--size-auto' >\n                                                    <input type='text' name='input_5.3' id='input_29_5_3' value=''   aria-required='true'     \/>\n                                                    <label for='input_29_5_3' class='gform-field-label gform-field-label--type-sub '>Vorname<\/label>\n                                                <\/span>\n                            \n                            <span id='input_29_5_6_container' class='name_last gform-grid-col gform-grid-col--size-auto' >\n                                                    <input type='text' name='input_5.6' id='input_29_5_6' value=''   aria-required='true'     \/>\n                                                    <label for='input_29_5_6' class='gform-field-label gform-field-label--type-sub '>Nachname<\/label>\n                                                <\/span>\n                            \n                        <\/div><\/fieldset><fieldset id=\"field_29_6\" class=\"gfield gfield--type-address gfield--width-full gfield_contains_required field_sublabel_below gfield--no-description field_description_below field_validation_below gfield_visibility_visible\"  ><legend class='gfield_label gform-field-label gfield_label_before_complex' >Anschrift<span class=\"gfield_required\"><span class=\"gfield_required gfield_required_asterisk\">*<\/span><\/span><\/legend>    \n                    <div class='ginput_complex ginput_container has_street has_city has_zip ginput_container_address gform-grid-row' id='input_29_6' >\n                         <span class='ginput_full address_line_1 ginput_address_line_1 gform-grid-col' id='input_29_6_1_container' >\n                                        <input type='text' name='input_6.1' id='input_29_6_1' value=''    aria-required='true'    \/>\n                                        <label for='input_29_6_1' id='input_29_6_1_label' class='gform-field-label gform-field-label--type-sub '>Strasse, Haus Nr.<\/label>\n                                    <\/span><span class='ginput_left address_city ginput_address_city gform-grid-col' id='input_29_6_3_container' >\n                                    <input type='text' name='input_6.3' id='input_29_6_3' value=''    aria-required='true'    \/>\n                                    <label for='input_29_6_3' id='input_29_6_3_label' class='gform-field-label gform-field-label--type-sub '>Ort<\/label>\n                                 <\/span><input type='hidden' class='gform_hidden' name='input_6.4' id='input_29_6_4' value=''\/><span class='ginput_right address_zip ginput_address_zip gform-grid-col' id='input_29_6_5_container' >\n                                    <input type='text' name='input_6.5' id='input_29_6_5' value=''    aria-required='true'    \/>\n                                    <label for='input_29_6_5' id='input_29_6_5_label' class='gform-field-label gform-field-label--type-sub '>PLZ<\/label>\n                                <\/span><input type='hidden' class='gform_hidden' name='input_6.6' id='input_29_6_6' value='' \/>\n                    <div class='gf_clear gf_clear_complex'><\/div>\n                <\/div><\/fieldset><div id=\"field_29_7\" class=\"gfield gfield--type-email gfield--width-half gfield_contains_required field_sublabel_below gfield--no-description field_description_below field_validation_below gfield_visibility_visible\"  ><label class='gfield_label gform-field-label' for='input_29_7'>E-Mail<span class=\"gfield_required\"><span class=\"gfield_required gfield_required_asterisk\">*<\/span><\/span><\/label><div class='ginput_container ginput_container_email'>\n                            <input name='input_7' id='input_29_7' type='email' value='' class='large'    aria-required=\"true\" aria-invalid=\"false\"  \/>\n                        <\/div><\/div><div id=\"field_29_9\" class=\"gfield gfield--type-text gfield--width-half field_sublabel_below gfield--no-description field_description_below field_validation_below gfield_visibility_visible\"  ><label class='gfield_label gform-field-label' for='input_29_9'>Referenz<\/label><div class='ginput_container ginput_container_text'><input name='input_9' id='input_29_9' type='text' value='' class='large'      aria-invalid=\"false\"   \/><\/div><\/div><div id=\"field_29_11\" class=\"gfield gfield--type-textarea gfield--width-full field_sublabel_below gfield--has-description field_description_below field_validation_below gfield_visibility_visible\"  ><label class='gfield_label gform-field-label' for='input_29_11'>Seriennummer<\/label><div class='ginput_container ginput_container_textarea'><textarea name='input_11' id='input_29_11' class='textarea large'  aria-describedby=\"gfield_description_29_11\"    aria-invalid=\"false\"   rows='10' cols='50'><\/textarea><\/div><div class='gfield_description' id='gfield_description_29_11'>Mind. 12 Zeichen inkl. &#8222;nullen&#8220; vor der Zahl<\/div><\/div><\/div>\n                    <\/div>\n                    <div class='gform-page-footer gform_page_footer top_label'>\n                         <input type='button' id='gform_next_button_29_12' class='gform_next_button gform-theme-button button' onclick='gform.submission.handleButtonClick(this);' data-submission-type='next' value='Weiter'  \/> \n                    <\/div>\n                <\/div>\n                <div id='gform_page_29_2' class='gform_page' data-js='page-field-id-12' style='display:none;'>\n                    <div class='gform_page_fields'>\n                        <div id='gform_fields_29_2' class='gform_fields top_label form_sublabel_below description_below validation_below'><div id=\"field_29_13\" class=\"gfield gfield--type-html gfield--width-full gfield_html gfield_html_formatted gfield_no_follows_desc field_sublabel_below gfield--no-description field_description_below field_validation_below gfield_visibility_visible\"  ><div class=\"uk-text-center form-filter-header\">\n<h2>Datenschutz<\/h2>\n<\/div><\/div><fieldset id=\"field_29_14\" class=\"gfield gfield--type-checkbox gfield--type-choice gfield--width-full gfield_contains_required field_sublabel_below gfield--no-description field_description_below field_validation_below gfield_visibility_visible\"  ><legend class='gfield_label gform-field-label gfield_label_before_complex' >Einwilligung zur Kontaktaufnahme<span class=\"gfield_required\"><span class=\"gfield_required gfield_required_asterisk\">*<\/span><\/span><\/legend><div class='ginput_container ginput_container_checkbox'><div class='gfield_checkbox ' id='input_29_14'><div class='gchoice gchoice_29_14_1'>\n\t\t\t\t\t\t\t\t<input class='gfield-choice-input' name='input_14.1' type='checkbox'  value='Ich m\u00f6chte telefonisch\/per E-Mail kontaktiert werden, um von einem Experten der TD SYNNEX Switzerland GmbH weitere Informationen und eine Beratung zu erhalten. Mit der Eingabe meiner Daten erkl\u00e4re ich mich einverstanden, dass die TD SYNNEX Switzerland GmbH diese zur Ausf\u00fchrung der angefragten Kontaktaufnahme verwendet. Meine Einwilligung kann ich jederzeit f\u00fcr die Zukunft per E-Mail an &lt;a href=&quot;marcom-services@tdsynnex.com&quot;&gt;marcom-services@tdsynnex.com&lt;\/a&gt; widerrufen.'  id='choice_29_14_1'   \/>\n\t\t\t\t\t\t\t\t<label for='choice_29_14_1' id='label_29_14_1' class='gform-field-label gform-field-label--type-inline'>Ich m\u00f6chte telefonisch\/per E-Mail kontaktiert werden, um von einem Experten der TD SYNNEX Switzerland GmbH weitere Informationen und eine Beratung zu erhalten. Mit der Eingabe meiner Daten erkl\u00e4re ich mich einverstanden, dass die TD SYNNEX Switzerland GmbH diese zur Ausf\u00fchrung der angefragten Kontaktaufnahme verwendet. Meine Einwilligung kann ich jederzeit f\u00fcr die Zukunft per E-Mail an <a href=\"marcom-services@tdsynnex.com\">marcom-services@tdsynnex.com<\/a> widerrufen.<\/label>\n\t\t\t\t\t\t\t<\/div><\/div><\/div><\/fieldset><div id=\"field_29_15\" class=\"gfield gfield--type-html gfield--width-full gfield_html gfield_html_formatted gfield_no_follows_desc field_sublabel_below gfield--no-description field_description_below field_validation_below gfield_visibility_visible\"  ><p style=\"font-size: 15px;\">Wenn Sie erfahren wollen, wie die TD SYNNEX Switzerland GmbH im Zusammenhang mit diesem Marcom Service Ihre Daten verarbeitet, informieren Sie sich in unseren <a href=\"https:\/\/eu.tdsynnex.com\/CatAdminHtmlContentEditor\/uploads\/Country\/COM\/NEW%20Terms-and-Conditions\/Additional%20Local\/DACH_Datenschutzhinweise_Marcom-Services%20-%20DE.pdf\" target=\"_blank\">Datenschutzhinweisen Marcom Services<\/a>.\n  \nDar\u00fcber hinaus gelten die <a href=\"https:\/\/eu.tdsynnex.com\/CatAdminHtmlContentEditor\/uploads\/Country\/COM\/NEW%20Terms-and-Conditions\/Additional%20Local\/DACH_AGB_Marcom-Services%20-%20DE.pdf\" target=\"_blank\">AGB Marcom Services<\/a> der TD SYNNEX Switzerland GmbH.<\/p><\/div><\/div><\/div>\n        <div class='gform-page-footer gform_page_footer top_label'><input type='submit' id='gform_previous_button_29' class='gform_previous_button gform-theme-button gform-theme-button--secondary button' onclick='gform.submission.handleButtonClick(this);' data-submission-type='previous' value='Zur\u00fcck'  \/> <input type='submit' id='gform_submit_button_29' class='gform_button button' onclick='gform.submission.handleButtonClick(this);' data-submission-type='submit' value='Absenden'  \/> <input type='hidden' name='gform_ajax' value='form_id=29&amp;title=&amp;description=&amp;tabindex=0&amp;theme=gravity-theme&amp;styles=[]&amp;hash=7a48efe2a4855aa0f3984a8021483c68' \/>\n            <input type='hidden' class='gform_hidden' name='gform_submission_method' data-js='gform_submission_method_29' value='iframe' \/>\n            <input type='hidden' class='gform_hidden' name='gform_theme' data-js='gform_theme_29' id='gform_theme_29' value='gravity-theme' \/>\n            <input type='hidden' class='gform_hidden' name='gform_style_settings' data-js='gform_style_settings_29' id='gform_style_settings_29' value='[]' \/>\n            <input type='hidden' class='gform_hidden' name='is_submit_29' value='1' \/>\n            <input type='hidden' class='gform_hidden' name='gform_submit' value='29' \/>\n            \n            <input type='hidden' class='gform_hidden' name='gform_currency' data-currency='CHF' value='X7sJCCsISVRplqMaf8m9bENHO7Y3b89Li\/0bbr2qlkPpOtf4Y3cuayHPId0B8M\/GeTXvL0AyCo68VVRZ4UKT\/RArepxiShQhxW88SuAaf0O4y3A=' \/>\n            <input type='hidden' class='gform_hidden' name='gform_unique_id' value='' \/>\n            <input type='hidden' class='gform_hidden' name='state_29' value='WyJ7XCIxNC4xXCI6XCIyNzM2MTA4YTU1YmY0ZGYzMDAyOTc0OTBlZmJlYjVjZFwifSIsImQxYTA5MmU2ZWE5NDkwOTE2YmIxMjY4OTk5OTdmMDQyIl0=' \/>\n            <input type='hidden' autocomplete='off' class='gform_hidden' name='gform_target_page_number_29' id='gform_target_page_number_29' value='2' \/>\n            <input type='hidden' autocomplete='off' class='gform_hidden' name='gform_source_page_number_29' id='gform_source_page_number_29' value='1' \/>\n            <input type='hidden' name='gform_field_values' value='' \/>\n            \n        <\/div>\n             <\/div><\/div>\n                        <\/form>\n                        <\/div>\n\t\t                <iframe style='display:none;width:0px;height:0px;' src='about:blank' name='gform_ajax_frame_29' id='gform_ajax_frame_29' title='Dieser iframe enth\u00e4lt die erforderliche Logik um Gravity Forms Formulare mit AJAX zu handhaben.'><\/iframe>\n\t\t                <script>\ngform.initializeOnLoaded( function() {gformInitSpinner( 29, 'https:\/\/dach.tdsynnex.com\/ch\/microsoft\/wp-content\/plugins\/gravityforms\/images\/spinner.svg', true );jQuery('#gform_ajax_frame_29').on('load',function(){var contents = jQuery(this).contents().find('*').html();var is_postback = contents.indexOf('GF_AJAX_POSTBACK') >= 0;if(!is_postback){return;}var form_content = jQuery(this).contents().find('#gform_wrapper_29');var is_confirmation = jQuery(this).contents().find('#gform_confirmation_wrapper_29').length > 0;var is_redirect = contents.indexOf('gformRedirect(){') >= 0;var is_form = form_content.length > 0 && ! is_redirect && ! is_confirmation;var mt = parseInt(jQuery('html').css('margin-top'), 10) + parseInt(jQuery('body').css('margin-top'), 10) + 100;if(is_form){jQuery('#gform_wrapper_29').html(form_content.html());if(form_content.hasClass('gform_validation_error')){jQuery('#gform_wrapper_29').addClass('gform_validation_error');} else {jQuery('#gform_wrapper_29').removeClass('gform_validation_error');}setTimeout( function() { \/* delay the scroll by 50 milliseconds to fix a bug in chrome *\/ jQuery(document).scrollTop(jQuery('#gform_wrapper_29').offset().top - mt); }, 50 );if(window['gformInitDatepicker']) {gformInitDatepicker();}if(window['gformInitPriceFields']) {gformInitPriceFields();}var current_page = jQuery('#gform_source_page_number_29').val();gformInitSpinner( 29, 'https:\/\/dach.tdsynnex.com\/ch\/microsoft\/wp-content\/plugins\/gravityforms\/images\/spinner.svg', true );jQuery(document).trigger('gform_page_loaded', [29, current_page]);window['gf_submitting_29'] = false;}else if(!is_redirect){var confirmation_content = jQuery(this).contents().find('.GF_AJAX_POSTBACK').html();if(!confirmation_content){confirmation_content = contents;}jQuery('#gform_wrapper_29').replaceWith(confirmation_content);jQuery(document).scrollTop(jQuery('#gf_29').offset().top - mt);jQuery(document).trigger('gform_confirmation_loaded', [29]);window['gf_submitting_29'] = false;wp.a11y.speak(jQuery('#gform_confirmation_message_29').text());}else{jQuery('#gform_29').append(contents);if(window['gformRedirect']) {gformRedirect();}}jQuery(document).trigger(\"gform_pre_post_render\", [{ formId: \"29\", currentPage: \"current_page\", abort: function() { this.preventDefault(); } }]);        if (event && event.defaultPrevented) {                return;        }        const gformWrapperDiv = document.getElementById( \"gform_wrapper_29\" );        if ( gformWrapperDiv ) {            const visibilitySpan = document.createElement( \"span\" );            visibilitySpan.id = \"gform_visibility_test_29\";            gformWrapperDiv.insertAdjacentElement( \"afterend\", visibilitySpan );        }        const visibilityTestDiv = document.getElementById( \"gform_visibility_test_29\" );        let postRenderFired = false;        function triggerPostRender() {            if ( postRenderFired ) {                return;            }            postRenderFired = true;            gform.core.triggerPostRenderEvents( 29, current_page );            if ( visibilityTestDiv ) {                visibilityTestDiv.parentNode.removeChild( visibilityTestDiv );            }        }        function debounce( func, wait, immediate ) {            var timeout;            return function() {                var context = this, args = arguments;                var later = function() {                    timeout = null;                    if ( !immediate ) func.apply( context, args );                };                var callNow = immediate && !timeout;                clearTimeout( timeout );                timeout = setTimeout( later, wait );                if ( callNow ) func.apply( context, args );            };        }        const debouncedTriggerPostRender = debounce( function() {            triggerPostRender();        }, 200 );        if ( visibilityTestDiv && visibilityTestDiv.offsetParent === null ) {            const observer = new MutationObserver( ( mutations ) => {                mutations.forEach( ( mutation ) => {                    if ( mutation.type === 'attributes' && visibilityTestDiv.offsetParent !== null ) {                        debouncedTriggerPostRender();                        observer.disconnect();                    }                });            });            observer.observe( document.body, {                attributes: true,                childList: false,                subtree: true,                attributeFilter: [ 'style', 'class' ],            });        } else {            triggerPostRender();        }    } );} );\n<\/script>\n      <\/div>\n      <\/div>\n<\/section>","protected":false},"excerpt":{"rendered":"","protected":false},"author":1,"featured_media":0,"parent":0,"menu_order":0,"comment_status":"closed","ping_status":"closed","template":"","meta":{"_acf_changed":false,"inline_featured_image":false,"footnotes":""},"class_list":["post-984","page","type-page","status-publish","hentry"],"acf":[],"_links":{"self":[{"href":"https:\/\/dach.tdsynnex.com\/ch\/microsoft\/wp-json\/wp\/v2\/pages\/984","targetHints":{"allow":["GET"]}}],"collection":[{"href":"https:\/\/dach.tdsynnex.com\/ch\/microsoft\/wp-json\/wp\/v2\/pages"}],"about":[{"href":"https:\/\/dach.tdsynnex.com\/ch\/microsoft\/wp-json\/wp\/v2\/types\/page"}],"author":[{"embeddable":true,"href":"https:\/\/dach.tdsynnex.com\/ch\/microsoft\/wp-json\/wp\/v2\/users\/1"}],"replies":[{"embeddable":true,"href":"https:\/\/dach.tdsynnex.com\/ch\/microsoft\/wp-json\/wp\/v2\/comments?post=984"}],"version-history":[{"count":1,"href":"https:\/\/dach.tdsynnex.com\/ch\/microsoft\/wp-json\/wp\/v2\/pages\/984\/revisions"}],"predecessor-version":[{"id":985,"href":"https:\/\/dach.tdsynnex.com\/ch\/microsoft\/wp-json\/wp\/v2\/pages\/984\/revisions\/985"}],"wp:attachment":[{"href":"https:\/\/dach.tdsynnex.com\/ch\/microsoft\/wp-json\/wp\/v2\/media?parent=984"}],"curies":[{"name":"wp","href":"https:\/\/api.w.org\/{rel}","templated":true}]}}