{"id":139,"date":"2025-07-23T09:07:42","date_gmt":"2025-07-23T07:07:42","guid":{"rendered":"https:\/\/dach.tdsynnex.com\/cloud\/at\/aws-techcare-24x7\/"},"modified":"2025-08-25T15:29:45","modified_gmt":"2025-08-25T13:29:45","slug":"aws-techcare-24x7","status":"publish","type":"page","link":"https:\/\/dach.tdsynnex.com\/cloud\/at\/amazon-web-services-aws\/aws-techcare-24x7\/","title":{"rendered":"AWS TechCARE 24\u00d77"},"content":{"rendered":"\n<p><\/p>\n\n\n\n<section class=\"tds-cloud-block tds-text bg bg-teal clr-white bg-center\"   style=\"background-image: url(https:\/\/dach.tdsynnex.com\/cloud\/at\/wp-content\/uploads\/sites\/3\/2025\/08\/background-teal-1.png);\">\n  <div class=\"uk-container uk-container-xlarge\">\n    <h1>Amazon Web Services (AWS)<\/h1>\n  <\/div>\n<\/section>\n\n\n<section class=\"tds-cloud-block tds-text bg bg-green clr-white bg-center\"  >\n  <div class=\"uk-container uk-container-xlarge\">\n    <h1 class=\"elementor-heading-title elementor-size-default\">AWS TechCARE 24\u00d77<\/h1>\n<div class=\"elementor-element elementor-element-2874e27 elementor-widget__width-initial elementor-widget elementor-widget-heading\" data-id=\"2874e27\" data-element_type=\"widget\" data-widget_type=\"heading.default\">\n<div class=\"elementor-widget-container\">\n<div class=\"elementor-element elementor-element-0805112 elementor-widget__width-initial elementor-widget elementor-widget-heading\" data-id=\"0805112\" data-element_type=\"widget\" data-widget_type=\"heading.default\">\n<div class=\"elementor-widget-container\">\n<h2 class=\"elementor-heading-title elementor-size-default\">Digitale Transformation vorantreiben, beschleunigen<\/h2>\n<\/div>\n<\/div>\n<\/div>\n<\/div>\n<div class=\"elementor-element elementor-element-75fa3f0 elementor-align-center elementor-widget__width-initial elementor-widget elementor-widget-button animated bounceIn\" data-id=\"75fa3f0\" data-element_type=\"widget\" data-settings=\"{&quot;_animation&quot;:&quot;bounceIn&quot;}\" data-widget_type=\"button.default\">\n<div class=\"elementor-widget-container\">\n<div><a class=\"tds-Button btn btn-white\" href=\"https:\/\/dach.tdsynnex.com\/cloud\/at\/kontakt\/\">Beratungstermin buchen<\/a><\/div>\n<\/div>\n<\/div>\n  <\/div>\n<\/section>\n\n<section class=\"tds-cloud-block tds-text-image bg bg-white clr-deepteal bg-center\"  >\n  <div class=\"uk-container uk-container-xlarge\">\n    <div class=\"uk-grid uk-grid-large uk-child-width-1-2 uk-flex-middle\">\n      <div class=\"uk-width-2-3@m uk-width-1-1 \">\n        <div class=\"elementor-element elementor-element-95460dd elementor-widget elementor-widget-heading\" data-id=\"95460dd\" data-element_type=\"widget\" data-widget_type=\"heading.default\">\n<div class=\"elementor-widget-container\">\n<p>Die Sonne geht bei den globalen Services von TD SYNNEX nie unter.<br \/>\nDeshalb freuen wir uns, unseren AWS-Partnern und -Kunden technischen Support zu bieten, der niemals schl\u00e4ft \u2013\u00a0<strong>AWS TechCARE 24\u00d77<\/strong>. Niemand kann besser umfassenden AWS-Support bieten als TD SYNNEX \u2013 ein gepr\u00fcfter AWS Managed Service Provider, der seit \u00fcber 10 Jahren AWS Partner-Led Support (PLS) anbietet.<\/p>\n<p>AWS TechCARE 24\u00d77 ist ein engagierter, reaktiver Support-Service, der rund um die Uhr zur Verf\u00fcgung steht, um die Anforderungen aller Unternehmen zu erf\u00fcllen, die sich auf AWS verlassen \u2013 bei der Behebung unerwarteter Probleme, bei der L\u00f6sung von Zwischenf\u00e4llen oder bei der Bereitstellung von Expertenhilfe in kritischen Momenten.<\/p>\n<\/div>\n<\/div>\n<div class=\"elementor-element elementor-element-d3dbb7b elementor-align-center elementor-widget elementor-widget-button\" data-id=\"d3dbb7b\" data-element_type=\"widget\" data-widget_type=\"button.default\">\n<div class=\"elementor-widget-container\"><a class=\"elementor-button elementor-button-link elementor-size-sm tds-Button btn btn-teal\" href=\"https:\/\/s7d9.scene7.com\/is\/content\/techdata\/CC_TSE_AG_AWS_CS_TDS2025_TechCARE%201_Flyer_DEpdf\" target=\"_blank\" rel=\"noopener\"><span class=\"elementor-button-content-wrapper\"><span class=\"elementor-button-text\">Erfahren Sie mehr \u00fcber AWS TechCARE 24\u00d77<\/span><\/span><\/a><\/div>\n<\/div>\n      <\/div>\n      <div class=\"uk-width-1-3@m uk-width-1-1 uk-flex-last\">\n                  <img decoding=\"async\" src=\"https:\/\/dach.tdsynnex.com\/cloud\/at\/wp-content\/uploads\/sites\/3\/2025\/07\/661325_Bild-fuer-Subpage.png\" alt=\"\" class=\"\">\n                <\/div>\n    <\/div>\n  <\/div>\n<\/section>\n\n<section class=\"tds-cloud-block tds-text-image bg bg-teal clr-white bg-center\"  >\n  <div class=\"uk-container uk-container-xlarge\">\n    <div class=\"uk-grid uk-grid-large uk-child-width-1-2 uk-flex-middle\">\n      <div class=\"uk-width-1-2@m uk-width-1-1  uk-flex-last@m uk-flex-first\">\n        <h2 class=\"elementor-heading-title elementor-size-default\"><strong>Was kann AWS TechCARE 24\u00d77 f\u00fcr Sie tun?<\/strong><\/h2>\n<ul class=\"elementor-icon-list-items\">\n<li class=\"elementor-icon-list-item\"><span class=\"elementor-icon-list-text\">Maximal 30-min\u00fctige SLA-Reaktion bei kritischen Problemen, jederzeit, Tag und Nacht.<\/span><\/li>\n<li class=\"elementor-icon-list-item\"><span class=\"elementor-icon-list-text\">Ein engagiertes Team von AWS-zertifizierten Spezialisten, unterst\u00fctzt von AWS Partner-Led Support (PLS).<\/span><\/li>\n<li class=\"elementor-icon-list-item\"><span class=\"elementor-icon-list-text\">Effiziente Probleml\u00f6sung zur Minimierung von Ausfallzeiten und schnellen Wiederherstellung des Betriebs.<\/span><\/li>\n<li class=\"elementor-icon-list-item\"><span class=\"elementor-icon-list-text\">Flexibles Dienstleistungsmodell, das auf Ihre Bed\u00fcrfnisse und die Ihrer Kunden zugeschnitten ist.<\/span><\/li>\n<li class=\"elementor-icon-list-item\"><span class=\"elementor-icon-list-text\">Kosteng\u00fcnstige L\u00f6sung, die hochwertigen Support zu einem g\u00fcnstigen Preis bietet.<\/span><\/li>\n<\/ul>\n<p><a class=\"elementor-button elementor-button-link elementor-size-sm tds-Button btn btn-white\" href=\"https:\/\/s7d9.scene7.com\/is\/content\/techdata\/CC_TSE_AG_AWS_CS_TDS2025_TechCARE%201_FAQs_DEpdf\" target=\"_blank\" rel=\"noopener\"><span class=\"elementor-button-content-wrapper\"><span class=\"elementor-button-text\">Haben Sie Fragen? Schauen Sie in unsere FAQs<\/span><\/span><\/a><\/p>\n      <\/div>\n      <div class=\"uk-width-1-2@m uk-width-1-1  uk-flex-first@m uk-flex-last\">\n                  <img decoding=\"async\" src=\"https:\/\/dach.tdsynnex.com\/cloud\/at\/wp-content\/uploads\/sites\/3\/2025\/07\/AWS-Tech-Care-Comparison-Table-2025-1024x363-1.png\" alt=\"\" class=\"\">\n                <\/div>\n    <\/div>\n  <\/div>\n<\/section>\n\n<section class=\"tds-cloud-block tds-text-image bg bg-white clr-deepteal bg-center\"  >\n  <div class=\"uk-container uk-container-xlarge\">\n    <div class=\"uk-grid uk-grid-large uk-child-width-1-2 uk-flex-middle\">\n      <div class=\"uk-width-2-3@m uk-width-1-1  uk-flex-last@m uk-flex-first\">\n        <div class=\"elementor-element elementor-element-90cd8ec elementor-widget elementor-widget-text-editor\" data-id=\"90cd8ec\" data-element_type=\"widget\" data-widget_type=\"text-editor.default\">\n<div class=\"elementor-widget-container\">\n<h2 class=\"elementor-heading-title elementor-size-default\"><strong>Branchenf\u00fchrende SLAs<\/strong><\/h2>\n<p>AWS TechCARE 24\u00d77 bietet Support f\u00fcr kritische Vorf\u00e4lle und Anleitung, um Ihre Daten und Ihr Unternehmen in der Cloud zu sch\u00fctzen. Jeder Fall wird auf der Grundlage der branchenf\u00fchrenden Service Level Agreements von TD SYNNEX bewertet und klassifiziert, wobei die Bandbreite von geringf\u00fcgig bis hin zu Notf\u00e4llen reicht. So wird sichergestellt, dass das richtige Ma\u00df an Aufmerksamkeit aufgebracht wird, um Probleme schnell zu beheben, Ausfallzeiten zu minimieren und einen reibungslosen Betrieb aufrechtzuerhalten.<\/p>\n<\/div>\n<\/div>\n<div class=\"elementor-element elementor-element-c307b54 elementor-align-left elementor-widget elementor-widget-button animated bounceIn\" data-id=\"c307b54\" data-element_type=\"widget\" data-settings=\"{&quot;_animation&quot;:&quot;bounceIn&quot;}\" data-widget_type=\"button.default\">\n<div class=\"elementor-widget-container\">\n<div class=\"elementor-button-wrapper\"><a class=\"elementor-button elementor-button-link elementor-size-sm tds-Button btn btn-teal\" href=\"https:\/\/cloud.tdsynnex.eu\/media\/11wb5mwj\/aws-techcare-24x7_statement-of-service.pdf\" target=\"_blank\" rel=\"noopener\"><span class=\"elementor-button-content-wrapper\"><span class=\"elementor-button-text\">Siehe unsere Service-Erkl\u00e4rung<\/span><\/span><\/a><\/div>\n<\/div>\n<\/div>\n      <\/div>\n      <div class=\"uk-width-1-3@m uk-width-1-1  uk-flex-first@m uk-flex-last\">\n                  <img decoding=\"async\" src=\"https:\/\/dach.tdsynnex.com\/cloud\/at\/wp-content\/uploads\/sites\/3\/2025\/07\/661325_Bild-3-fuer-Subpage.png\" alt=\"\" class=\"\">\n                <\/div>\n    <\/div>\n  <\/div>\n<\/section>\n\n<section class=\"tds-cloud-block tds-contact bg bg-green clr-white bg-center\"  >\n  <div class=\"uk-container uk-container-xlarge\">\n    <div class=\"uk-grid uk-grid-large uk-flex-middle\">\n      <div class=\"uk-width-2-3@m uk-width-1-1 uk-margin-large-bottom\">\n        <h2><strong>Rufen Sie uns an oder schreiben Sie uns!<\/strong><br \/>\nWir sind jederzeit gerne f\u00fcr Sie da!<\/h2>\n        <h3>TD SYNNEX  AWS TEAM<\/h3>\n        <div class=\"contact-data\">\n                      <div>\n              <svg width=\"40\" height=\"40\">\n                <use xlink:href=\"https:\/\/dach.tdsynnex.com\/cloud\/at\/wp-content\/themes\/tds-cloud-2025\/assets\/img\/icons.svg#icon-mobile-light\"><\/use>\n              <\/svg>\n              <p>+43 1 48801 254<\/p>\n            <\/div>\n                                <div>\n              <svg width=\"40\" height=\"40\">\n                <use xlink:href=\"https:\/\/dach.tdsynnex.com\/cloud\/at\/wp-content\/themes\/tds-cloud-2025\/assets\/img\/icons.svg#icon-envelope-light\"><\/use>\n              <\/svg>\n              <p>aws.at@tdsynnex.com<\/p>\n            <\/div>\n                  <\/div>\n                  <a href=\"https:\/\/dach.tdsynnex.com\/cloud\/at\/kontakt\/\" class=\"btn btn-white\">Jetzt Kontakt aufnehmen<\/a>\n              <\/div>\n      <div class=\"uk-width-1-3@m uk-width-1-1\">\n                  <img decoding=\"async\" src=\"https:\/\/dach.tdsynnex.com\/cloud\/at\/wp-content\/uploads\/sites\/3\/2025\/08\/admin-ajax.png\" alt=\"\" class=\"img-circle img-border img-border-teal\">\n              <\/div>\n    <\/div>\n  <\/div>\n<\/section>","protected":false},"excerpt":{"rendered":"","protected":false},"author":9,"featured_media":0,"parent":121,"menu_order":0,"comment_status":"closed","ping_status":"closed","template":"","meta":{"_acf_changed":false,"footnotes":""},"class_list":["post-139","page","type-page","status-publish","hentry"],"acf":[],"yoast_head":"<!-- This site is optimized with the Yoast SEO plugin v27.4 - https:\/\/yoast.com\/product\/yoast-seo-wordpress\/ -->\n<title>AWS TechCARE 24\u00d77 - TD SYNNEX |\u00a0Cloud Solutions AT<\/title>\n<meta name=\"robots\" content=\"index, follow, max-snippet:-1, max-image-preview:large, max-video-preview:-1\" \/>\n<link rel=\"canonical\" href=\"https:\/\/dach.tdsynnex.com\/cloud\/at\/amazon-web-services-aws\/aws-techcare-24x7\/\" \/>\n<meta property=\"og:locale\" content=\"de_DE\" \/>\n<meta property=\"og:type\" content=\"article\" \/>\n<meta property=\"og:title\" content=\"AWS TechCARE 24\u00d77 - TD SYNNEX |\u00a0Cloud Solutions AT\" \/>\n<meta property=\"og:url\" content=\"https:\/\/dach.tdsynnex.com\/cloud\/at\/amazon-web-services-aws\/aws-techcare-24x7\/\" \/>\n<meta property=\"og:site_name\" content=\"TD SYNNEX |\u00a0Cloud Solutions AT\" \/>\n<meta property=\"article:modified_time\" content=\"2025-08-25T13:29:45+00:00\" \/>\n<meta name=\"twitter:card\" content=\"summary_large_image\" \/>\n<script type=\"application\/ld+json\" class=\"yoast-schema-graph\">{\"@context\":\"https:\\\/\\\/schema.org\",\"@graph\":[{\"@type\":\"WebPage\",\"@id\":\"https:\\\/\\\/dach.tdsynnex.com\\\/cloud\\\/at\\\/amazon-web-services-aws\\\/aws-techcare-24x7\\\/\",\"url\":\"https:\\\/\\\/dach.tdsynnex.com\\\/cloud\\\/at\\\/amazon-web-services-aws\\\/aws-techcare-24x7\\\/\",\"name\":\"AWS TechCARE 24\u00d77 - TD SYNNEX |\u00a0Cloud Solutions AT\",\"isPartOf\":{\"@id\":\"https:\\\/\\\/dach.tdsynnex.com\\\/cloud\\\/at\\\/#website\"},\"datePublished\":\"2025-07-23T07:07:42+00:00\",\"dateModified\":\"2025-08-25T13:29:45+00:00\",\"breadcrumb\":{\"@id\":\"https:\\\/\\\/dach.tdsynnex.com\\\/cloud\\\/at\\\/amazon-web-services-aws\\\/aws-techcare-24x7\\\/#breadcrumb\"},\"inLanguage\":\"de\",\"potentialAction\":[{\"@type\":\"ReadAction\",\"target\":[\"https:\\\/\\\/dach.tdsynnex.com\\\/cloud\\\/at\\\/amazon-web-services-aws\\\/aws-techcare-24x7\\\/\"]}]},{\"@type\":\"BreadcrumbList\",\"@id\":\"https:\\\/\\\/dach.tdsynnex.com\\\/cloud\\\/at\\\/amazon-web-services-aws\\\/aws-techcare-24x7\\\/#breadcrumb\",\"itemListElement\":[{\"@type\":\"ListItem\",\"position\":1,\"name\":\"Home\",\"item\":\"https:\\\/\\\/dach.tdsynnex.com\\\/cloud\\\/at\\\/\"},{\"@type\":\"ListItem\",\"position\":2,\"name\":\"AWS\",\"item\":\"https:\\\/\\\/dach.tdsynnex.com\\\/cloud\\\/at\\\/amazon-web-services-aws\\\/\"},{\"@type\":\"ListItem\",\"position\":3,\"name\":\"AWS TechCARE 24\u00d77\"}]},{\"@type\":\"WebSite\",\"@id\":\"https:\\\/\\\/dach.tdsynnex.com\\\/cloud\\\/at\\\/#website\",\"url\":\"https:\\\/\\\/dach.tdsynnex.com\\\/cloud\\\/at\\\/\",\"name\":\"TD SYNNEX |\u00a0Cloud Solutions AT\",\"description\":\"\",\"potentialAction\":[{\"@type\":\"SearchAction\",\"target\":{\"@type\":\"EntryPoint\",\"urlTemplate\":\"https:\\\/\\\/dach.tdsynnex.com\\\/cloud\\\/at\\\/?s={search_term_string}\"},\"query-input\":{\"@type\":\"PropertyValueSpecification\",\"valueRequired\":true,\"valueName\":\"search_term_string\"}}],\"inLanguage\":\"de\"}]}<\/script>\n<!-- \/ Yoast SEO plugin. -->","yoast_head_json":{"title":"AWS TechCARE 24\u00d77 - TD SYNNEX |\u00a0Cloud Solutions AT","robots":{"index":"index","follow":"follow","max-snippet":"max-snippet:-1","max-image-preview":"max-image-preview:large","max-video-preview":"max-video-preview:-1"},"canonical":"https:\/\/dach.tdsynnex.com\/cloud\/at\/amazon-web-services-aws\/aws-techcare-24x7\/","og_locale":"de_DE","og_type":"article","og_title":"AWS TechCARE 24\u00d77 - TD SYNNEX |\u00a0Cloud Solutions AT","og_url":"https:\/\/dach.tdsynnex.com\/cloud\/at\/amazon-web-services-aws\/aws-techcare-24x7\/","og_site_name":"TD SYNNEX |\u00a0Cloud Solutions AT","article_modified_time":"2025-08-25T13:29:45+00:00","twitter_card":"summary_large_image","schema":{"@context":"https:\/\/schema.org","@graph":[{"@type":"WebPage","@id":"https:\/\/dach.tdsynnex.com\/cloud\/at\/amazon-web-services-aws\/aws-techcare-24x7\/","url":"https:\/\/dach.tdsynnex.com\/cloud\/at\/amazon-web-services-aws\/aws-techcare-24x7\/","name":"AWS TechCARE 24\u00d77 - TD SYNNEX |\u00a0Cloud Solutions AT","isPartOf":{"@id":"https:\/\/dach.tdsynnex.com\/cloud\/at\/#website"},"datePublished":"2025-07-23T07:07:42+00:00","dateModified":"2025-08-25T13:29:45+00:00","breadcrumb":{"@id":"https:\/\/dach.tdsynnex.com\/cloud\/at\/amazon-web-services-aws\/aws-techcare-24x7\/#breadcrumb"},"inLanguage":"de","potentialAction":[{"@type":"ReadAction","target":["https:\/\/dach.tdsynnex.com\/cloud\/at\/amazon-web-services-aws\/aws-techcare-24x7\/"]}]},{"@type":"BreadcrumbList","@id":"https:\/\/dach.tdsynnex.com\/cloud\/at\/amazon-web-services-aws\/aws-techcare-24x7\/#breadcrumb","itemListElement":[{"@type":"ListItem","position":1,"name":"Home","item":"https:\/\/dach.tdsynnex.com\/cloud\/at\/"},{"@type":"ListItem","position":2,"name":"AWS","item":"https:\/\/dach.tdsynnex.com\/cloud\/at\/amazon-web-services-aws\/"},{"@type":"ListItem","position":3,"name":"AWS TechCARE 24\u00d77"}]},{"@type":"WebSite","@id":"https:\/\/dach.tdsynnex.com\/cloud\/at\/#website","url":"https:\/\/dach.tdsynnex.com\/cloud\/at\/","name":"TD SYNNEX |\u00a0Cloud Solutions AT","description":"","potentialAction":[{"@type":"SearchAction","target":{"@type":"EntryPoint","urlTemplate":"https:\/\/dach.tdsynnex.com\/cloud\/at\/?s={search_term_string}"},"query-input":{"@type":"PropertyValueSpecification","valueRequired":true,"valueName":"search_term_string"}}],"inLanguage":"de"}]}},"_links":{"self":[{"href":"https:\/\/dach.tdsynnex.com\/cloud\/at\/wp-json\/wp\/v2\/pages\/139","targetHints":{"allow":["GET"]}}],"collection":[{"href":"https:\/\/dach.tdsynnex.com\/cloud\/at\/wp-json\/wp\/v2\/pages"}],"about":[{"href":"https:\/\/dach.tdsynnex.com\/cloud\/at\/wp-json\/wp\/v2\/types\/page"}],"author":[{"embeddable":true,"href":"https:\/\/dach.tdsynnex.com\/cloud\/at\/wp-json\/wp\/v2\/users\/9"}],"replies":[{"embeddable":true,"href":"https:\/\/dach.tdsynnex.com\/cloud\/at\/wp-json\/wp\/v2\/comments?post=139"}],"version-history":[{"count":3,"href":"https:\/\/dach.tdsynnex.com\/cloud\/at\/wp-json\/wp\/v2\/pages\/139\/revisions"}],"predecessor-version":[{"id":779,"href":"https:\/\/dach.tdsynnex.com\/cloud\/at\/wp-json\/wp\/v2\/pages\/139\/revisions\/779"}],"up":[{"embeddable":true,"href":"https:\/\/dach.tdsynnex.com\/cloud\/at\/wp-json\/wp\/v2\/pages\/121"}],"wp:attachment":[{"href":"https:\/\/dach.tdsynnex.com\/cloud\/at\/wp-json\/wp\/v2\/media?parent=139"}],"curies":[{"name":"wp","href":"https:\/\/api.w.org\/{rel}","templated":true}]}}