{"id":309,"date":"2025-08-01T19:22:09","date_gmt":"2025-08-01T17:22:09","guid":{"rendered":"https:\/\/dach.tdsynnex.com\/cloud\/at\/?page_id=309"},"modified":"2025-08-25T16:21:24","modified_gmt":"2025-08-25T14:21:24","slug":"kontakt-2","status":"publish","type":"page","link":"https:\/\/dach.tdsynnex.com\/cloud\/at\/kontakt-2\/","title":{"rendered":"Kontakt"},"content":{"rendered":"\n<section class=\"tds-cloud-block tds-text bg bg-teal clr-white bg-center\"   style=\"background-image: url(https:\/\/dach.tdsynnex.com\/cloud\/at\/wp-content\/uploads\/sites\/3\/2025\/08\/background-teal-1.png);\">\n  <div class=\"uk-container uk-container-xlarge\">\n    <h1>Kontakt<\/h1>\n  <\/div>\n<\/section>\n\n\n<section class=\"tds-cloud-block tds-text bg bg-green clr-white bg-center\"  >\n  <div class=\"uk-container uk-container-xlarge\">\n    <h2>Sind Sie schon Partner bei TD SYNNEX?<\/h2>\n<ul>\n<li>Sie sind Wiederverk\u00e4ufer im ITK- oder Elektro-Fachhandel?<\/li>\n<li>Sie sind auf der Suche nach einem Distributor, mit dem Sie vielf\u00e4ltig wachsen k\u00f6nnen?<\/li>\n<li>Sie haben Ihren Handelsregisterauszug oder Gewerbeschein griffbereit?<\/li>\n<li>Ihr Standort ist in Deutschland oder Sie haben eine Filiale in Deutschland?<\/li>\n<\/ul>\n  <\/div>\n<\/section>\n\n\n<section class=\"tds-cloud-block tds-text bg bg-white clr-teal bg-center\"  >\n  <div class=\"uk-container uk-container-xlarge\">\n    <p>Wir arbeiten eng mit unseren Vertriebspartnern zusammen und bieten ein umfangreiches Portfolio an Produkten, L\u00f6sungen und Services, um die technologischen Anforderungen von Endkunden zu erf\u00fcllen \u2013 von kleinen und mittelst\u00e4ndischen Unternehmen, gro\u00dfen Konzernen bis hin zu Bildungseinrichtungen, Beh\u00f6rden und Endverbrauchern.<\/p>\n<p>Klicken Sie hier auf das\u00a0<a href=\"https:\/\/de.tdsynnex.com\/newCustomerRegistration\" target=\"new\">Neukundenformular<\/a>\u00a0und Sie sind nur noch ein paar Schritte von Ihrer Registrierung als Neukunde bei uns entfernt. Nach erfolgreicher Registrierung erhalten Sie nach unseren internen Pr\u00fcfungen per Email Ihre Zugangsdaten. Nach erfolgreichen Registrierung als TD SYNNEX Partner starten wir mit dem Onboarding als Cloud Reseller.<\/p>\n<p><strong>Hinweis: TD SYNNEX handelt nicht direkt mit Endkunden. Um Kunde zu werden, m\u00fcssen Sie ein Wiederverk\u00e4ufer von Technologieprodukten und -services sein.<\/strong><\/p>\n<p><a class=\"tds-Button btn btn-teal\" href=\"https:\/\/de.tdsynnex.com\/newCustomerRegistration\" target=\"new\">JETZT REGISTRIEREN<\/a><\/p>\n<p>Ihre n\u00e4chsten Schritte, um Cloud Partner zu werden, erfahren Sie in einem 1:1 Gespr\u00e4ch mit uns. Nutzen Sie dazu unser Formular.<\/p>\n  <\/div>\n<\/section>\n\n<section class=\"tds-cloud-block tds-contact bg bg-green clr-white bg-center\"  >\n  <div class=\"uk-container uk-container-xlarge\">\n    <div class=\"uk-grid uk-grid-large uk-flex-middle\">\n      <div class=\"uk-width-2-3@m uk-width-1-1 uk-margin-large-bottom\">\n        <h2><strong>Rufen Sie uns an oder schreiben Sie uns!<\/strong><br \/>\nWir sind jederzeit gerne f\u00fcr Sie da!<\/h2>\n        <h3>TD SYNNEX CLOUD TEAM<\/h3>\n        <div class=\"contact-data\">\n                      <div>\n              <svg width=\"40\" height=\"40\">\n                <use xlink:href=\"https:\/\/dach.tdsynnex.com\/cloud\/at\/wp-content\/themes\/tds-cloud-2025\/assets\/img\/icons.svg#icon-mobile-light\"><\/use>\n              <\/svg>\n              <p>+49 89 4700 3020<\/p>\n            <\/div>\n                                <div>\n              <svg width=\"40\" height=\"40\">\n                <use xlink:href=\"https:\/\/dach.tdsynnex.com\/cloud\/at\/wp-content\/themes\/tds-cloud-2025\/assets\/img\/icons.svg#icon-envelope-light\"><\/use>\n              <\/svg>\n              <p>cloud.de@tdsynnex.com<\/p>\n            <\/div>\n                  <\/div>\n                  <a href=\"https:\/\/dach.tdsynnex.com\/cloud\/at\/kontakt\/\" class=\"btn btn-white\">Jetzt Kontakt aufnehmen<\/a>\n              <\/div>\n      <div class=\"uk-width-1-3@m uk-width-1-1\">\n                  <img decoding=\"async\" src=\"https:\/\/dach.tdsynnex.com\/cloud\/at\/wp-content\/uploads\/sites\/3\/2025\/08\/admin-ajax.png\" alt=\"\" class=\"img-circle img-border img-border-teal\">\n              <\/div>\n    <\/div>\n  <\/div>\n<\/section>","protected":false},"excerpt":{"rendered":"","protected":false},"author":9,"featured_media":0,"parent":0,"menu_order":0,"comment_status":"closed","ping_status":"closed","template":"","meta":{"_acf_changed":false,"footnotes":""},"class_list":["post-309","page","type-page","status-publish","hentry"],"acf":[],"yoast_head":"<!-- This site is optimized with the Yoast SEO plugin v27.4 - https:\/\/yoast.com\/product\/yoast-seo-wordpress\/ -->\n<title>Kontakt - TD SYNNEX |\u00a0Cloud Solutions AT<\/title>\n<meta name=\"robots\" content=\"index, follow, max-snippet:-1, max-image-preview:large, max-video-preview:-1\" \/>\n<link rel=\"canonical\" href=\"https:\/\/dach.tdsynnex.com\/cloud\/at\/kontakt-2\/\" \/>\n<meta property=\"og:locale\" content=\"de_DE\" \/>\n<meta property=\"og:type\" content=\"article\" \/>\n<meta property=\"og:title\" content=\"Kontakt - TD SYNNEX |\u00a0Cloud Solutions AT\" \/>\n<meta property=\"og:url\" content=\"https:\/\/dach.tdsynnex.com\/cloud\/at\/kontakt-2\/\" \/>\n<meta property=\"og:site_name\" content=\"TD SYNNEX |\u00a0Cloud Solutions AT\" \/>\n<meta property=\"article:modified_time\" content=\"2025-08-25T14:21:24+00:00\" \/>\n<meta name=\"twitter:card\" content=\"summary_large_image\" \/>\n<script type=\"application\/ld+json\" class=\"yoast-schema-graph\">{\"@context\":\"https:\\\/\\\/schema.org\",\"@graph\":[{\"@type\":\"WebPage\",\"@id\":\"https:\\\/\\\/dach.tdsynnex.com\\\/cloud\\\/at\\\/kontakt-2\\\/\",\"url\":\"https:\\\/\\\/dach.tdsynnex.com\\\/cloud\\\/at\\\/kontakt-2\\\/\",\"name\":\"Kontakt - TD SYNNEX |\u00a0Cloud Solutions AT\",\"isPartOf\":{\"@id\":\"https:\\\/\\\/dach.tdsynnex.com\\\/cloud\\\/at\\\/#website\"},\"datePublished\":\"2025-08-01T17:22:09+00:00\",\"dateModified\":\"2025-08-25T14:21:24+00:00\",\"breadcrumb\":{\"@id\":\"https:\\\/\\\/dach.tdsynnex.com\\\/cloud\\\/at\\\/kontakt-2\\\/#breadcrumb\"},\"inLanguage\":\"de\",\"potentialAction\":[{\"@type\":\"ReadAction\",\"target\":[\"https:\\\/\\\/dach.tdsynnex.com\\\/cloud\\\/at\\\/kontakt-2\\\/\"]}]},{\"@type\":\"BreadcrumbList\",\"@id\":\"https:\\\/\\\/dach.tdsynnex.com\\\/cloud\\\/at\\\/kontakt-2\\\/#breadcrumb\",\"itemListElement\":[{\"@type\":\"ListItem\",\"position\":1,\"name\":\"Home\",\"item\":\"https:\\\/\\\/dach.tdsynnex.com\\\/cloud\\\/at\\\/\"},{\"@type\":\"ListItem\",\"position\":2,\"name\":\"Kontakt\"}]},{\"@type\":\"WebSite\",\"@id\":\"https:\\\/\\\/dach.tdsynnex.com\\\/cloud\\\/at\\\/#website\",\"url\":\"https:\\\/\\\/dach.tdsynnex.com\\\/cloud\\\/at\\\/\",\"name\":\"TD SYNNEX |\u00a0Cloud Solutions AT\",\"description\":\"\",\"potentialAction\":[{\"@type\":\"SearchAction\",\"target\":{\"@type\":\"EntryPoint\",\"urlTemplate\":\"https:\\\/\\\/dach.tdsynnex.com\\\/cloud\\\/at\\\/?s={search_term_string}\"},\"query-input\":{\"@type\":\"PropertyValueSpecification\",\"valueRequired\":true,\"valueName\":\"search_term_string\"}}],\"inLanguage\":\"de\"}]}<\/script>\n<!-- \/ Yoast SEO plugin. -->","yoast_head_json":{"title":"Kontakt - TD SYNNEX |\u00a0Cloud Solutions AT","robots":{"index":"index","follow":"follow","max-snippet":"max-snippet:-1","max-image-preview":"max-image-preview:large","max-video-preview":"max-video-preview:-1"},"canonical":"https:\/\/dach.tdsynnex.com\/cloud\/at\/kontakt-2\/","og_locale":"de_DE","og_type":"article","og_title":"Kontakt - TD SYNNEX |\u00a0Cloud Solutions AT","og_url":"https:\/\/dach.tdsynnex.com\/cloud\/at\/kontakt-2\/","og_site_name":"TD SYNNEX |\u00a0Cloud Solutions AT","article_modified_time":"2025-08-25T14:21:24+00:00","twitter_card":"summary_large_image","schema":{"@context":"https:\/\/schema.org","@graph":[{"@type":"WebPage","@id":"https:\/\/dach.tdsynnex.com\/cloud\/at\/kontakt-2\/","url":"https:\/\/dach.tdsynnex.com\/cloud\/at\/kontakt-2\/","name":"Kontakt - TD SYNNEX |\u00a0Cloud Solutions AT","isPartOf":{"@id":"https:\/\/dach.tdsynnex.com\/cloud\/at\/#website"},"datePublished":"2025-08-01T17:22:09+00:00","dateModified":"2025-08-25T14:21:24+00:00","breadcrumb":{"@id":"https:\/\/dach.tdsynnex.com\/cloud\/at\/kontakt-2\/#breadcrumb"},"inLanguage":"de","potentialAction":[{"@type":"ReadAction","target":["https:\/\/dach.tdsynnex.com\/cloud\/at\/kontakt-2\/"]}]},{"@type":"BreadcrumbList","@id":"https:\/\/dach.tdsynnex.com\/cloud\/at\/kontakt-2\/#breadcrumb","itemListElement":[{"@type":"ListItem","position":1,"name":"Home","item":"https:\/\/dach.tdsynnex.com\/cloud\/at\/"},{"@type":"ListItem","position":2,"name":"Kontakt"}]},{"@type":"WebSite","@id":"https:\/\/dach.tdsynnex.com\/cloud\/at\/#website","url":"https:\/\/dach.tdsynnex.com\/cloud\/at\/","name":"TD SYNNEX |\u00a0Cloud Solutions AT","description":"","potentialAction":[{"@type":"SearchAction","target":{"@type":"EntryPoint","urlTemplate":"https:\/\/dach.tdsynnex.com\/cloud\/at\/?s={search_term_string}"},"query-input":{"@type":"PropertyValueSpecification","valueRequired":true,"valueName":"search_term_string"}}],"inLanguage":"de"}]}},"_links":{"self":[{"href":"https:\/\/dach.tdsynnex.com\/cloud\/at\/wp-json\/wp\/v2\/pages\/309","targetHints":{"allow":["GET"]}}],"collection":[{"href":"https:\/\/dach.tdsynnex.com\/cloud\/at\/wp-json\/wp\/v2\/pages"}],"about":[{"href":"https:\/\/dach.tdsynnex.com\/cloud\/at\/wp-json\/wp\/v2\/types\/page"}],"author":[{"embeddable":true,"href":"https:\/\/dach.tdsynnex.com\/cloud\/at\/wp-json\/wp\/v2\/users\/9"}],"replies":[{"embeddable":true,"href":"https:\/\/dach.tdsynnex.com\/cloud\/at\/wp-json\/wp\/v2\/comments?post=309"}],"version-history":[{"count":3,"href":"https:\/\/dach.tdsynnex.com\/cloud\/at\/wp-json\/wp\/v2\/pages\/309\/revisions"}],"predecessor-version":[{"id":795,"href":"https:\/\/dach.tdsynnex.com\/cloud\/at\/wp-json\/wp\/v2\/pages\/309\/revisions\/795"}],"wp:attachment":[{"href":"https:\/\/dach.tdsynnex.com\/cloud\/at\/wp-json\/wp\/v2\/media?parent=309"}],"curies":[{"name":"wp","href":"https:\/\/api.w.org\/{rel}","templated":true}]}}