{"id":547,"date":"2025-07-30T10:25:29","date_gmt":"2025-07-30T08:25:29","guid":{"rendered":"https:\/\/dach.tdsynnex.com\/cloud\/at\/cloud-solutions\/"},"modified":"2025-09-11T12:15:20","modified_gmt":"2025-09-11T10:15:20","slug":"cloud-solutions","status":"publish","type":"page","link":"https:\/\/dach.tdsynnex.com\/cloud\/at\/cloud-solutions\/","title":{"rendered":"Cloud Solutions"},"content":{"rendered":"\n\n<section class=\"tds-cloud-block tds-hero bg bg-teal clr-white bg-center\"   style=\"background-image: url(https:\/\/dach.tdsynnex.com\/cloud\/at\/wp-content\/uploads\/sites\/3\/2025\/08\/Header_Background_3.png);\">\n  <div class=\"uk-container uk-container-xlarge\">\n    <div class=\"uk-grid uk-flex-between shc\">\n      <div class=\"uk-width-4-5@m uk-width-1-1\">\n                <h1>Cloud Solutions Factory<\/h1>\n<p>Die Solutions Factory verbindet vier Schl\u00fcsseltechnologien \u2013 Cloud, Daten, IoT und Sicherheit &#8211; in markterprobten, wiederholbaren L\u00f6sungen. Partner k\u00f6nnen skalierbar eigene Mehrwerte in der digitalen Transformation generieren.<\/p>\n<p><a class=\"btn btn-white\" href=\"https:\/\/dach.tdsynnex.com\/cloud\/at\/kontakt\/\">Jetzt Cloud Partner werden<\/a><\/p>\n      <\/div>\n      <div class=\"uk-width-1-5@m uk-width-1-1 logoGrid uk-flex-last@m uk-flex-first\">\n                    <img decoding=\"async\" src=\"https:\/\/dach.tdsynnex.com\/cloud\/at\/wp-content\/uploads\/sites\/3\/2025\/07\/logo-aws.svg\" alt=\"\">\n                    <img decoding=\"async\" src=\"https:\/\/dach.tdsynnex.com\/cloud\/at\/wp-content\/uploads\/sites\/3\/2025\/07\/logo-google-cloud.svg\" alt=\"\">\n                    <img decoding=\"async\" src=\"https:\/\/dach.tdsynnex.com\/cloud\/at\/wp-content\/uploads\/sites\/3\/2025\/07\/logo-msft-solutions-partner.svg\" alt=\"\">\n              <\/div>\n    <\/div>\n  <\/div>\n<\/section>\n\n<section class=\"tds-cloud-block tds-text-image bg bg-green clr-white bg-center\"  >\n  <div class=\"uk-container uk-container-xlarge\">\n    <div class=\"uk-grid uk-grid-large uk-child-width-1-2 uk-flex-middle\">\n      <div class=\"uk-width-1-2@m uk-width-1-1 \">\n        <h2>Click-To-Deploy-L\u00f6sungen reduzieren Komplexit\u00e4t<\/h2>\n<p>TD SYNNEX Click-To-Run-L\u00f6sungen erh\u00f6hen Agilit\u00e4t und Marktgeschwindigkeit. Vorkonfigurierte, herstellervalidierte L\u00f6sungen sind sofort einsatzbereit und individuell anpassbar.<\/p>\n<p>Im Pay-As-You-Go-Modell zahlen Sie nur den Azure-Verbrauch \u00fcber den TD SYNNEX Cloud Marketplace &#8211; keine L\u00f6sungskosten, nur \u00fcberwachte Ressourcennutzung.<\/p>\n<p><a class=\"btn btn-white\" href=\"https:\/\/dach.tdsynnex.com\/cloud\/at\/kontakt\/\">Jetzt Kontakt aufnehmen<\/a><\/p>\n      <\/div>\n      <div class=\"uk-width-1-2@m uk-width-1-1 uk-flex-last\">\n                  <img decoding=\"async\" src=\"https:\/\/dach.tdsynnex.com\/cloud\/at\/wp-content\/uploads\/sites\/3\/2025\/08\/img-portfolio-solutions-1.png\" alt=\"\" class=\"img-circle img-border img-border-teal\">\n                <\/div>\n    <\/div>\n  <\/div>\n<\/section>\n\n\n<section class=\"tds-cloud-block tds-text-video bg bg-white clr-coolgray10 bg-center\"  >\n  <div class=\"uk-container uk-container-xlarge\">\n        <div class=\"uk-grid uk-flex-middle\">\n      <div class=\"uk-width-1-2@m uk-width-1-1  uk-flex-last@m uk-flex-first\">\n        <div>\n          <h2><span style=\"color: #005758;\"><strong>Click-2-Run-L\u00f6sungen<\/strong><br \/>\nMerkmale &amp; Features<\/span><\/h2>\n<ul>\n<li>Schnelle Bereitstellung vorvalidierter L\u00f6sungen f\u00fcr Endkunden-Herausforderungen mit messbaren Gesch\u00e4ftsergebnissen<\/li>\n<li>TD SYNNEX unterst\u00fctzt den \u00dcbergang zu hybrider IT-Strategie \u2013 neue Cloud-L\u00f6sungen neben bestehender Infrastruktur<\/li>\n<li>TD SYNNEX Cloud Marketplace f\u00fcr Bereitstellung, Abrechnung und Verwaltung mit Azure-Verbrauchspl\u00e4nen und ISV-Abonnements<\/li>\n<\/ul>\n        <\/div>\n      <\/div>\n      <div class=\"uk-width-1-2@m uk-width-1-1  uk-flex-first@m uk-flex-last\">\n        <div class=\"video-wrapper\">\n                      <iframe class=\"horizontal\" src=\"https:\/\/www.youtube-nocookie.com\/embed\/oUHjHFHOTds\" title=\"YouTube video player\" frameborder=\"0\" allow=\"accelerometer; autoplay; clipboard-write; encrypted-media; gyroscope; picture-in-picture; web-share\" referrerpolicy=\"strict-origin-when-cross-origin\" allowfullscreen><\/iframe>\n                  <\/div>\n      <\/div>\n\n\n    <\/div>\n  <\/div>\n<\/section>\n\n\n<section class=\"tds-cloud-block tds-circles bg bg-purple clr-white bg-center\"   style=\"background-image: url(https:\/\/dach.tdsynnex.com\/cloud\/at\/wp-content\/uploads\/sites\/3\/2025\/08\/background-plum-3.png);\">\n  <div class=\"uk-container uk-container-xlarge\">\n          <div class=\"uk-margin-large-bottom\">\n        <h2 style=\"text-align: center;\"><strong>Optimierte Cloud-Services<br \/>\n<\/strong>Schneller, sicherer, skalierbarer<\/h2>\n      <\/div>\n        <div class=\"uk-grid uk-child-width-1-4@l uk-child-width-1-2@m uk-child-width-1-1 uk-flex-center\">\n              <div class=\"uk-flex uk-flex-center\">\n          <div class=\"circle bg-white clr-coolgray10\">\n            <div class=\"circle__icon\">\n              <img decoding=\"async\" src=\"https:\/\/dach.tdsynnex.com\/cloud\/at\/wp-content\/uploads\/sites\/3\/2025\/08\/icon-stairs-purple.svg\" alt=\"\">\n            <\/div>\n            <div class=\"circle__text\">\n              <h3>Bereitstellung<br \/>\nvon Services<\/h3>\n            <\/div>\n          <\/div>\n        <\/div>\n              <div class=\"uk-flex uk-flex-center\">\n          <div class=\"circle bg-white clr-coolgray10\">\n            <div class=\"circle__icon\">\n              <img decoding=\"async\" src=\"https:\/\/dach.tdsynnex.com\/cloud\/at\/wp-content\/uploads\/sites\/3\/2025\/08\/icon-computer-security-purple.svg\" alt=\"\">\n            <\/div>\n            <div class=\"circle__text\">\n              <h3>Reduzieren Sie Risiken<br \/>\nund Komplexit\u00e4t<\/h3>\n            <\/div>\n          <\/div>\n        <\/div>\n              <div class=\"uk-flex uk-flex-center\">\n          <div class=\"circle bg-white clr-coolgray10\">\n            <div class=\"circle__icon\">\n              <img decoding=\"async\" src=\"https:\/\/dach.tdsynnex.com\/cloud\/at\/wp-content\/uploads\/sites\/3\/2025\/08\/icon-scale-purple.svg\" alt=\"\">\n            <\/div>\n            <div class=\"circle__text\">\n              <h3>Schnellere<br \/>\nMarkteinf\u00fchrung<\/h3>\n            <\/div>\n          <\/div>\n        <\/div>\n              <div class=\"uk-flex uk-flex-center\">\n          <div class=\"circle bg-white clr-coolgray10\">\n            <div class=\"circle__icon\">\n              <img decoding=\"async\" src=\"https:\/\/dach.tdsynnex.com\/cloud\/at\/wp-content\/uploads\/sites\/3\/2025\/08\/icon-solutions-purple-.svg\" alt=\"\">\n            <\/div>\n            <div class=\"circle__text\">\n              <h3>Skalierbare<br \/>\nL\u00f6sungen<\/h3>\n            <\/div>\n          <\/div>\n        <\/div>\n          <\/div>\n          <div class=\"uk-margin-large-top\">\n        <p style=\"text-align: center;\"><a class=\"btn btn-white\" href=\"https:\/\/dach.tdsynnex.com\/cloud\/at\/kontakt\/\">Jetzt Cloud Partner werden<\/a><\/p>\n      <\/div>\n      <\/div>\n<\/section>\n\n<section class=\"tds-cloud-block tds-text-image bg bg-white clr-coolgray10 bg-center\"  >\n  <div class=\"uk-container uk-container-xlarge\">\n    <div class=\"uk-grid uk-grid-large uk-child-width-1-2 uk-flex-middle\">\n      <div class=\"uk-width-1-2@m uk-width-1-1  uk-flex-last@m uk-flex-first\">\n        <h2><span style=\"color: #005758;\">Aktuelle News<\/span><\/h2>\n<p>Die Cloud-Landschaft entwickelt sich rasant. Bleiben Sie mit den neuesten Entwicklungen auf dem Laufenden.<\/p>\n<p><a class=\"btn btn-teal\" href=\"https:\/\/dach.tdsynnex.com\/cloud\/at\/news\/?hersteller=aws%2Cgoogle%2Cmicrosoft\">Jetzt entdecken<\/a><\/p>\n      <\/div>\n      <div class=\"uk-width-1-2@m uk-width-1-1  uk-flex-first@m uk-flex-last\">\n                  <img decoding=\"async\" src=\"https:\/\/dach.tdsynnex.com\/cloud\/at\/wp-content\/uploads\/sites\/3\/2025\/08\/img-news.png\" alt=\"\" class=\"img-circle img-border img-border-gray\">\n                <\/div>\n    <\/div>\n  <\/div>\n<\/section>\n\n<section class=\"tds-cloud-block tds-text-image bg bg-lightgray clr-coolgray10 bg-center\"  >\n  <div class=\"uk-container uk-container-xlarge\">\n    <div class=\"uk-grid uk-grid-large uk-child-width-1-2 uk-flex-middle\">\n      <div class=\"uk-width-1-2@m uk-width-1-1 \">\n        <h2><span style=\"color: #005758;\">Anstehende Events<\/span><\/h2>\n<p>Bleiben Sie auf dem neuesten Stand der Cloud-Technologien und erweitern Sie Ihr Fachwissen. Nutzen Sie die Gelegenheit, sich mit Experten zu vernetzen und wertvolle Insights f\u00fcr Ihr Business zu gewinnen.<\/p>\n<p><a class=\"btn btn-teal\" href=\"https:\/\/dach.tdsynnex.com\/cloud\/at\/events\/?hersteller=AWS%2CGoogle%2CMicrosoft\">Jetzt entdecken<\/a><\/p>\n      <\/div>\n      <div class=\"uk-width-1-2@m uk-width-1-1 uk-flex-last\">\n                  <img decoding=\"async\" src=\"https:\/\/dach.tdsynnex.com\/cloud\/at\/wp-content\/uploads\/sites\/3\/2025\/08\/img-events-1-1.png\" alt=\"\" class=\"img-circle img-border img-border-gray\">\n                <\/div>\n    <\/div>\n  <\/div>\n<\/section>\n\n\n  \n  <section class=\"tds-cloud-block tds-download-grid bg bg-white clr-black bg-center\"  >\n    <div class=\"uk-container uk-container-xlarge\">\n              <div class=\"uk-margin-large-bottom\">\n          <h2 style=\"text-align: center;\"><span style=\"color: #005758;\">Wachstum im Fokus<\/span><\/h2>\n        <\/div>\n                    <div class=\"uk-child-width-1-4@l uk-child-width-1-2@m uk-child-width-1-1 uk-grid uk-flex-center download_items_grid\" uk-height-match=\".download-item__content\">\n                      <div>\n              <div class=\"download-item uk-margin-large-bottom\" style=\"background-image: url('https:\/\/dach.tdsynnex.com\/cloud\/at\/wp-content\/uploads\/sites\/3\/2025\/08\/img-smb-fraud-defense.png')\">\n                <div class=\"download-item__content\">\n                  <h3>SMB Fraud Defense<\/h3>\n                  <a href=\"https:\/\/dach.tdsynnex.com\/cloud\/at\/wp-content\/uploads\/sites\/3\/2025\/08\/Microsoft_OnePager_SMB_v2.pdf\" target=\"_blank\">\n                    <svg width=\"60\" height=\"60\">\n                      <use xlink:href=\"https:\/\/dach.tdsynnex.com\/cloud\/at\/wp-content\/themes\/tds-cloud-2025\/assets\/img\/icons.svg#icon-download\"><\/use>\n                    <\/svg>\n                  <\/a>\n                <\/div>\n              <\/div>\n            <\/div>\n                      <div>\n              <div class=\"download-item uk-margin-large-bottom\" style=\"background-image: url('https:\/\/dach.tdsynnex.com\/cloud\/at\/wp-content\/uploads\/sites\/3\/2025\/08\/img-azure-virtual-desktop.png')\">\n                <div class=\"download-item__content\">\n                  <h3>Azure Virtual Desktop<\/h3>\n                  <a href=\"https:\/\/dach.tdsynnex.com\/cloud\/at\/wp-content\/uploads\/sites\/3\/2025\/08\/Azure-Virtual-Desktop.pdf\" target=\"_blank\">\n                    <svg width=\"60\" height=\"60\">\n                      <use xlink:href=\"https:\/\/dach.tdsynnex.com\/cloud\/at\/wp-content\/themes\/tds-cloud-2025\/assets\/img\/icons.svg#icon-download\"><\/use>\n                    <\/svg>\n                  <\/a>\n                <\/div>\n              <\/div>\n            <\/div>\n                      <div>\n              <div class=\"download-item uk-margin-large-bottom\" style=\"background-image: url('https:\/\/dach.tdsynnex.com\/cloud\/at\/wp-content\/uploads\/sites\/3\/2025\/08\/img-netapp-und-aws-fsx.png')\">\n                <div class=\"download-item__content\">\n                  <h3>NetApp und AWS FSX<\/h3>\n                  <a href=\"https:\/\/dach.tdsynnex.com\/cloud\/at\/wp-content\/uploads\/sites\/3\/2025\/08\/NetApp_FSX_v2.pdf\" target=\"_blank\">\n                    <svg width=\"60\" height=\"60\">\n                      <use xlink:href=\"https:\/\/dach.tdsynnex.com\/cloud\/at\/wp-content\/themes\/tds-cloud-2025\/assets\/img\/icons.svg#icon-download\"><\/use>\n                    <\/svg>\n                  <\/a>\n                <\/div>\n              <\/div>\n            <\/div>\n                      <div>\n              <div class=\"download-item uk-margin-large-bottom\" style=\"background-image: url('https:\/\/dach.tdsynnex.com\/cloud\/at\/wp-content\/uploads\/sites\/3\/2025\/08\/img-cloud-solutions-factory.png')\">\n                <div class=\"download-item__content\">\n                  <h3>Cloud Solutions Factory<\/h3>\n                  <a href=\"https:\/\/dach.tdsynnex.com\/cloud\/at\/wp-content\/uploads\/sites\/3\/2025\/08\/56883_CloudSolutionsFactory_v01-1.pdf\" target=\"_blank\">\n                    <svg width=\"60\" height=\"60\">\n                      <use xlink:href=\"https:\/\/dach.tdsynnex.com\/cloud\/at\/wp-content\/themes\/tds-cloud-2025\/assets\/img\/icons.svg#icon-download\"><\/use>\n                    <\/svg>\n                  <\/a>\n                <\/div>\n              <\/div>\n            <\/div>\n                  <\/div>\n            <div class=\"closure\">\n              <\/div>\n    <\/div>\n  <\/section>\n\n\n\n<section class=\"tds-cloud-block tds-contact bg bg-green clr-white bg-center\"  >\n  <div class=\"uk-container uk-container-xlarge\">\n    <div class=\"uk-grid uk-grid-large uk-flex-middle\">\n      <div class=\"uk-width-2-3@m uk-width-1-1 uk-margin-large-bottom\">\n        <h2><strong>Rufen Sie uns an oder schreiben Sie uns!<\/strong><br \/>\nWir sind jederzeit gerne f\u00fcr Sie da!<\/h2>\n        <h3>TD SYNNEX CLOUD TEAM<\/h3>\n        <div class=\"contact-data\">\n                      <div>\n              <svg width=\"40\" height=\"40\">\n                <use xlink:href=\"https:\/\/dach.tdsynnex.com\/cloud\/at\/wp-content\/themes\/tds-cloud-2025\/assets\/img\/icons.svg#icon-mobile-light\"><\/use>\n              <\/svg>\n              <p>+43 1 488 01 \u2013 254<\/p>\n            <\/div>\n                                <div>\n              <svg width=\"40\" height=\"40\">\n                <use xlink:href=\"https:\/\/dach.tdsynnex.com\/cloud\/at\/wp-content\/themes\/tds-cloud-2025\/assets\/img\/icons.svg#icon-envelope-light\"><\/use>\n              <\/svg>\n              <p>mwp.at@tdsynnex.com<\/p>\n            <\/div>\n                  <\/div>\n                  <a href=\"https:\/\/dach.tdsynnex.com\/cloud\/at\/kontakt-2\/\" class=\"btn btn-white\">Kontakt<\/a>\n              <\/div>\n      <div class=\"uk-width-1-3@m uk-width-1-1\">\n                  <img decoding=\"async\" src=\"https:\/\/dach.tdsynnex.com\/cloud\/at\/wp-content\/uploads\/sites\/3\/2025\/08\/AdobeStock_627401533-e1754909154871.png\" alt=\"\" class=\"img-circle img-border img-border-teal\">\n              <\/div>\n    <\/div>\n  <\/div>\n<\/section>","protected":false},"excerpt":{"rendered":"","protected":false},"author":4,"featured_media":0,"parent":0,"menu_order":0,"comment_status":"closed","ping_status":"closed","template":"","meta":{"_acf_changed":false,"footnotes":""},"class_list":["post-547","page","type-page","status-publish","hentry"],"acf":[],"yoast_head":"<!-- This site is optimized with the Yoast SEO plugin v27.4 - https:\/\/yoast.com\/product\/yoast-seo-wordpress\/ -->\n<title>Cloud Solutions - TD SYNNEX |\u00a0Cloud Solutions AT<\/title>\n<meta name=\"robots\" content=\"index, follow, max-snippet:-1, max-image-preview:large, max-video-preview:-1\" \/>\n<link rel=\"canonical\" href=\"https:\/\/dach.tdsynnex.com\/cloud\/at\/cloud-solutions\/\" \/>\n<meta property=\"og:locale\" content=\"de_DE\" \/>\n<meta property=\"og:type\" content=\"article\" \/>\n<meta property=\"og:title\" content=\"Cloud Solutions - TD SYNNEX |\u00a0Cloud Solutions AT\" \/>\n<meta property=\"og:url\" content=\"https:\/\/dach.tdsynnex.com\/cloud\/at\/cloud-solutions\/\" \/>\n<meta property=\"og:site_name\" content=\"TD SYNNEX |\u00a0Cloud Solutions AT\" \/>\n<meta property=\"article:modified_time\" content=\"2025-09-11T10:15:20+00:00\" \/>\n<meta name=\"twitter:card\" content=\"summary_large_image\" \/>\n<script type=\"application\/ld+json\" class=\"yoast-schema-graph\">{\"@context\":\"https:\\\/\\\/schema.org\",\"@graph\":[{\"@type\":\"WebPage\",\"@id\":\"https:\\\/\\\/dach.tdsynnex.com\\\/cloud\\\/at\\\/cloud-solutions\\\/\",\"url\":\"https:\\\/\\\/dach.tdsynnex.com\\\/cloud\\\/at\\\/cloud-solutions\\\/\",\"name\":\"Cloud Solutions - TD SYNNEX |\u00a0Cloud Solutions AT\",\"isPartOf\":{\"@id\":\"https:\\\/\\\/dach.tdsynnex.com\\\/cloud\\\/at\\\/#website\"},\"datePublished\":\"2025-07-30T08:25:29+00:00\",\"dateModified\":\"2025-09-11T10:15:20+00:00\",\"breadcrumb\":{\"@id\":\"https:\\\/\\\/dach.tdsynnex.com\\\/cloud\\\/at\\\/cloud-solutions\\\/#breadcrumb\"},\"inLanguage\":\"de\",\"potentialAction\":[{\"@type\":\"ReadAction\",\"target\":[\"https:\\\/\\\/dach.tdsynnex.com\\\/cloud\\\/at\\\/cloud-solutions\\\/\"]}]},{\"@type\":\"BreadcrumbList\",\"@id\":\"https:\\\/\\\/dach.tdsynnex.com\\\/cloud\\\/at\\\/cloud-solutions\\\/#breadcrumb\",\"itemListElement\":[{\"@type\":\"ListItem\",\"position\":1,\"name\":\"Home\",\"item\":\"https:\\\/\\\/dach.tdsynnex.com\\\/cloud\\\/at\\\/\"},{\"@type\":\"ListItem\",\"position\":2,\"name\":\"Cloud Solutions\"}]},{\"@type\":\"WebSite\",\"@id\":\"https:\\\/\\\/dach.tdsynnex.com\\\/cloud\\\/at\\\/#website\",\"url\":\"https:\\\/\\\/dach.tdsynnex.com\\\/cloud\\\/at\\\/\",\"name\":\"TD SYNNEX |\u00a0Cloud Solutions AT\",\"description\":\"\",\"potentialAction\":[{\"@type\":\"SearchAction\",\"target\":{\"@type\":\"EntryPoint\",\"urlTemplate\":\"https:\\\/\\\/dach.tdsynnex.com\\\/cloud\\\/at\\\/?s={search_term_string}\"},\"query-input\":{\"@type\":\"PropertyValueSpecification\",\"valueRequired\":true,\"valueName\":\"search_term_string\"}}],\"inLanguage\":\"de\"}]}<\/script>\n<!-- \/ Yoast SEO plugin. -->","yoast_head_json":{"title":"Cloud Solutions - TD SYNNEX |\u00a0Cloud Solutions AT","robots":{"index":"index","follow":"follow","max-snippet":"max-snippet:-1","max-image-preview":"max-image-preview:large","max-video-preview":"max-video-preview:-1"},"canonical":"https:\/\/dach.tdsynnex.com\/cloud\/at\/cloud-solutions\/","og_locale":"de_DE","og_type":"article","og_title":"Cloud Solutions - TD SYNNEX |\u00a0Cloud Solutions AT","og_url":"https:\/\/dach.tdsynnex.com\/cloud\/at\/cloud-solutions\/","og_site_name":"TD SYNNEX |\u00a0Cloud Solutions AT","article_modified_time":"2025-09-11T10:15:20+00:00","twitter_card":"summary_large_image","schema":{"@context":"https:\/\/schema.org","@graph":[{"@type":"WebPage","@id":"https:\/\/dach.tdsynnex.com\/cloud\/at\/cloud-solutions\/","url":"https:\/\/dach.tdsynnex.com\/cloud\/at\/cloud-solutions\/","name":"Cloud Solutions - TD SYNNEX |\u00a0Cloud Solutions AT","isPartOf":{"@id":"https:\/\/dach.tdsynnex.com\/cloud\/at\/#website"},"datePublished":"2025-07-30T08:25:29+00:00","dateModified":"2025-09-11T10:15:20+00:00","breadcrumb":{"@id":"https:\/\/dach.tdsynnex.com\/cloud\/at\/cloud-solutions\/#breadcrumb"},"inLanguage":"de","potentialAction":[{"@type":"ReadAction","target":["https:\/\/dach.tdsynnex.com\/cloud\/at\/cloud-solutions\/"]}]},{"@type":"BreadcrumbList","@id":"https:\/\/dach.tdsynnex.com\/cloud\/at\/cloud-solutions\/#breadcrumb","itemListElement":[{"@type":"ListItem","position":1,"name":"Home","item":"https:\/\/dach.tdsynnex.com\/cloud\/at\/"},{"@type":"ListItem","position":2,"name":"Cloud Solutions"}]},{"@type":"WebSite","@id":"https:\/\/dach.tdsynnex.com\/cloud\/at\/#website","url":"https:\/\/dach.tdsynnex.com\/cloud\/at\/","name":"TD SYNNEX |\u00a0Cloud Solutions AT","description":"","potentialAction":[{"@type":"SearchAction","target":{"@type":"EntryPoint","urlTemplate":"https:\/\/dach.tdsynnex.com\/cloud\/at\/?s={search_term_string}"},"query-input":{"@type":"PropertyValueSpecification","valueRequired":true,"valueName":"search_term_string"}}],"inLanguage":"de"}]}},"_links":{"self":[{"href":"https:\/\/dach.tdsynnex.com\/cloud\/at\/wp-json\/wp\/v2\/pages\/547","targetHints":{"allow":["GET"]}}],"collection":[{"href":"https:\/\/dach.tdsynnex.com\/cloud\/at\/wp-json\/wp\/v2\/pages"}],"about":[{"href":"https:\/\/dach.tdsynnex.com\/cloud\/at\/wp-json\/wp\/v2\/types\/page"}],"author":[{"embeddable":true,"href":"https:\/\/dach.tdsynnex.com\/cloud\/at\/wp-json\/wp\/v2\/users\/4"}],"replies":[{"embeddable":true,"href":"https:\/\/dach.tdsynnex.com\/cloud\/at\/wp-json\/wp\/v2\/comments?post=547"}],"version-history":[{"count":2,"href":"https:\/\/dach.tdsynnex.com\/cloud\/at\/wp-json\/wp\/v2\/pages\/547\/revisions"}],"predecessor-version":[{"id":813,"href":"https:\/\/dach.tdsynnex.com\/cloud\/at\/wp-json\/wp\/v2\/pages\/547\/revisions\/813"}],"wp:attachment":[{"href":"https:\/\/dach.tdsynnex.com\/cloud\/at\/wp-json\/wp\/v2\/media?parent=547"}],"curies":[{"name":"wp","href":"https:\/\/api.w.org\/{rel}","templated":true}]}}