{"id":588,"date":"2025-07-15T15:24:16","date_gmt":"2025-07-15T13:24:16","guid":{"rendered":"https:\/\/dach.tdsynnex.com\/cloud\/at\/infrastruktur\/"},"modified":"2026-04-15T10:44:53","modified_gmt":"2026-04-15T08:44:53","slug":"infrastruktur","status":"publish","type":"page","link":"https:\/\/dach.tdsynnex.com\/cloud\/at\/microsoft-cloud-solutions\/microsoft-azure\/infrastruktur\/","title":{"rendered":"Infrastruktur"},"content":{"rendered":"\n\n<section class=\"tds-cloud-block tds-hero bg bg-teal clr-white bg-center\"   style=\"background-image: url(https:\/\/dach.tdsynnex.com\/cloud\/at\/wp-content\/uploads\/sites\/3\/2025\/08\/background-teal-1.png);\">\n  <div class=\"uk-container uk-container-xlarge\">\n    <div class=\"uk-grid uk-flex-between shc\">\n      <div class=\"uk-width-4-5@m uk-width-1-1\">\n                <h1>Azure Accelerate<\/h1>\n<p>Microsoft unterst\u00fctzt Partner mit Azure Accelerate bei der finanziellen F\u00f6rderung von Azure-Migrationen.<\/p>\n<p><a class=\"btn btn-white\" href=\"https:\/\/dach.tdsynnex.com\/cloud\/at\/kontakt\/\">Jetzt Cloud Partner werden<\/a><\/p>\n      <\/div>\n      <div class=\"uk-width-1-5@m uk-width-1-1 logoGrid uk-flex-last@m uk-flex-first\">\n                    <img decoding=\"async\" src=\"https:\/\/dach.tdsynnex.com\/cloud\/at\/wp-content\/uploads\/sites\/3\/2025\/07\/logo-msft-solutions-partner.svg\" alt=\"\">\n              <\/div>\n    <\/div>\n  <\/div>\n<\/section>\n\n<section class=\"tds-cloud-block tds-text-image bg bg-green clr-white bg-center\"  >\n  <div class=\"uk-container uk-container-xlarge\">\n    <div class=\"uk-grid uk-grid-large uk-child-width-1-2 uk-flex-middle\">\n      <div class=\"uk-width-1-2@m uk-width-1-1 \">\n        <h2><strong>Azure Accelerate<\/strong><br \/>\nMehr Unterst\u00fctzung f\u00fcr Partner<\/h2>\n<p>Das Programm erg\u00e4nzt bestehende Leistungen wie SMB Assessments, Customer Adds Incentives und Workshops. Es vereinfacht die Projektakquise, sichert die Auslastung der Service Teams und f\u00f6rdert den Azure-Verbrauch sowie die Teilnahme an Partnerprogrammen.<\/p>\n<p><a class=\"btn btn-white\" href=\"https:\/\/dach.tdsynnex.com\/cloud\/at\/kontakt\/\">Jetzt Kontakt aufnehmen<\/a><\/p>\n      <\/div>\n      <div class=\"uk-width-1-2@m uk-width-1-1 uk-flex-last\">\n                  <img decoding=\"async\" src=\"https:\/\/dach.tdsynnex.com\/cloud\/at\/wp-content\/uploads\/sites\/3\/2025\/08\/img-ammp.png\" alt=\"\" class=\"img-circle img-border img-border-teal\">\n                <\/div>\n    <\/div>\n  <\/div>\n<\/section>\n\n\n<section class=\"tds-cloud-block tds-text bg bg-white clr-coolgray10 bg-center\"  >\n  <div class=\"uk-container uk-container-xlarge\">\n    <h2><strong>SMB Track<\/strong><br \/>\nEinstieg ab 1.000 \u20ac Azure-Verbrauch<\/h2>\n<p>SMB-Projekte ab 5.000 \u20ac j\u00e4hrlichem Azure-Verbrauch k\u00f6nnen \u00fcber den SMB Track nominiert werden (<a href=\"https:\/\/partner.microsoft.com\/de-de\/partnership\" target=\"_blank\" rel=\"noopener\">Microsoft AI Cloud Partner Programm<\/a> erforderlich). Bei Enterprise-Kunden oder fehlender Qualifizierung \u00fcbernimmt TD SYNNEX die Nominierung.<\/p>\n  <\/div>\n<\/section>\n\n\n<section class=\"tds-cloud-block tds-hovercards bg bg-lightgray clr-black bg-center\"  >\n  <div class=\"uk-container uk-container-xlarge\">\n        <div class=\"uk-grid uk-child-width-1-4@m uk-child-width-1-2@s uk-child-width-1-1 uk-flex-center\" uk-height-match=\"target: .icon-headline\" id=\"hovercards-69ef53a471006\">\n              <div>\n          <div class=\"hovercard\" style=\"background-image: url('https:\/\/dach.tdsynnex.com\/cloud\/at\/wp-content\/uploads\/sites\/3\/2025\/08\/img-infra-1.png'); height: 450px;\">\n            <div class=\"card-content\">\n              <div class=\"icon-headline\" style=\"justify-content: left;\">\n                <img decoding=\"async\" src=\"https:\/\/dach.tdsynnex.com\/cloud\/at\/wp-content\/uploads\/sites\/3\/2025\/08\/icon-world-laptop-chartreuse.svg\" alt=\"\">\n                <h3>Azure Accelerate<\/h3>\n              <\/div>\n              <div class=\"card-details\">\n                <p>Nutzen Sie technische Expertise und finanzielle Unterst\u00fctzung von Microsoft f\u00fcr effiziente Cloud-Migrationen. AMMP bietet Zugriff auf Experten, Tools und F\u00f6rdermittel f\u00fcr komplexe Migrationsszenarien und st\u00e4rkt Ihre Position im Cloud-Gesch\u00e4ft.<\/p>\n                              <\/div>\n            <\/div>\n          <\/div>\n        <\/div>\n              <div>\n          <div class=\"hovercard\" style=\"background-image: url('https:\/\/dach.tdsynnex.com\/cloud\/at\/wp-content\/uploads\/sites\/3\/2025\/08\/img-infra-3.png'); height: 450px;\">\n            <div class=\"card-content\">\n              <div class=\"icon-headline\" style=\"justify-content: left;\">\n                <img decoding=\"async\" src=\"https:\/\/dach.tdsynnex.com\/cloud\/at\/wp-content\/uploads\/sites\/3\/2025\/08\/icon-text-lupe.svg\" alt=\"\">\n                <h3>SMB Assessments<\/h3>\n              <\/div>\n              <div class=\"card-details\">\n                <p>SMB Assessments machen Cloud-Potenziale durch fundierte Analysen und konkrete Handlungsempfehlungen sichtbar \u2013 schnell, strukturiert und kostenfrei f\u00fcr den Endkunden. Schaffen Sie eine solide Entscheidungsgrundlage und positionieren Sie sich als strategischer Partner.<\/p>\n                              <\/div>\n            <\/div>\n          <\/div>\n        <\/div>\n          <\/div>\n      <\/div>\n<\/section>\n\n<script>\n  document.addEventListener('DOMContentLoaded', function() {\n    setTimeout(function() {\n      const cardWrapper = document.querySelector('#hovercards-69ef53a471006');\n      const hovercards = cardWrapper.querySelectorAll('.hovercard');\n      \/\/ Get the offsetHeight of every card and safe the highest value\n      let highest_height = 0;\n      hovercards.forEach(function(hovercard) {\n        const height = hovercard.querySelector('.icon-headline').offsetHeight;\n        if (height > highest_height) {\n          highest_height = height;\n        }\n      });\n      console.log(highest_height);\n      hovercards.forEach(function(hovercard) {\n        hovercard.querySelector('.card-content').style.height = highest_height + 'px';\n      });\n      hovercards.forEach(function(hovercard) {\n        hovercard.addEventListener('mouseenter', function() {\n          hovercard.querySelector('.card-content').style.height = '100%';\n        });\n        hovercard.addEventListener('mouseleave', function() {\n          hovercard.querySelector('.card-content').style.height = highest_height + 'px';\n        });\n      });\n    }, 500);\n  });\n<\/script>\n\n<section class=\"tds-cloud-block tds-contact bg bg-green clr-white bg-center\"  >\n  <div class=\"uk-container uk-container-xlarge\">\n    <div class=\"uk-grid uk-grid-large uk-flex-middle\">\n      <div class=\"uk-width-2-3@m uk-width-1-1 uk-margin-large-bottom\">\n        <h2><strong>Rufen Sie uns an oder schreiben Sie uns!<\/strong><br \/>\nWir sind jederzeit gerne f\u00fcr Sie da!<\/h2>\n        <h3>TD SYNNEX CLOUD TEAM<\/h3>\n        <div class=\"contact-data\">\n                      <div>\n              <svg width=\"40\" height=\"40\">\n                <use xlink:href=\"https:\/\/dach.tdsynnex.com\/cloud\/at\/wp-content\/themes\/tds-cloud-2025\/assets\/img\/icons.svg#icon-mobile-light\"><\/use>\n              <\/svg>\n              <p>+43 1 488 01 \u2013 254<\/p>\n            <\/div>\n                                <div>\n              <svg width=\"40\" height=\"40\">\n                <use xlink:href=\"https:\/\/dach.tdsynnex.com\/cloud\/at\/wp-content\/themes\/tds-cloud-2025\/assets\/img\/icons.svg#icon-envelope-light\"><\/use>\n              <\/svg>\n              <p>mwp.at@tdsynnex.com<\/p>\n            <\/div>\n                  <\/div>\n                  <a href=\"https:\/\/dach.tdsynnex.com\/cloud\/at\/kontakt-2\/\" class=\"btn btn-white\">Kontakt<\/a>\n              <\/div>\n      <div class=\"uk-width-1-3@m uk-width-1-1\">\n                  <img decoding=\"async\" src=\"https:\/\/dach.tdsynnex.com\/cloud\/at\/wp-content\/uploads\/sites\/3\/2025\/08\/AdobeStock_627401533-e1754909154871.png\" alt=\"\" class=\"img-circle img-border img-border-teal\">\n              <\/div>\n    <\/div>\n  <\/div>\n<\/section>","protected":false},"excerpt":{"rendered":"","protected":false},"author":1,"featured_media":0,"parent":424,"menu_order":0,"comment_status":"closed","ping_status":"closed","template":"","meta":{"_acf_changed":false,"footnotes":""},"class_list":["post-588","page","type-page","status-publish","hentry"],"acf":[],"yoast_head":"<!-- This site is optimized with the Yoast SEO plugin v27.4 - https:\/\/yoast.com\/product\/yoast-seo-wordpress\/ -->\n<title>Infrastruktur - TD SYNNEX |\u00a0Cloud Solutions AT<\/title>\n<meta name=\"robots\" content=\"index, follow, max-snippet:-1, max-image-preview:large, max-video-preview:-1\" \/>\n<link rel=\"canonical\" href=\"https:\/\/dach.tdsynnex.com\/cloud\/at\/microsoft-cloud-solutions\/microsoft-azure\/infrastruktur\/\" \/>\n<meta property=\"og:locale\" content=\"de_DE\" \/>\n<meta property=\"og:type\" content=\"article\" \/>\n<meta property=\"og:title\" content=\"Infrastruktur - TD SYNNEX |\u00a0Cloud Solutions AT\" \/>\n<meta property=\"og:url\" content=\"https:\/\/dach.tdsynnex.com\/cloud\/at\/microsoft-cloud-solutions\/microsoft-azure\/infrastruktur\/\" \/>\n<meta property=\"og:site_name\" content=\"TD SYNNEX |\u00a0Cloud Solutions AT\" \/>\n<meta property=\"article:modified_time\" content=\"2026-04-15T08:44:53+00:00\" \/>\n<meta name=\"twitter:card\" content=\"summary_large_image\" \/>\n<script type=\"application\/ld+json\" class=\"yoast-schema-graph\">{\"@context\":\"https:\\\/\\\/schema.org\",\"@graph\":[{\"@type\":\"WebPage\",\"@id\":\"https:\\\/\\\/dach.tdsynnex.com\\\/cloud\\\/at\\\/microsoft-cloud-solutions\\\/microsoft-azure\\\/infrastruktur\\\/\",\"url\":\"https:\\\/\\\/dach.tdsynnex.com\\\/cloud\\\/at\\\/microsoft-cloud-solutions\\\/microsoft-azure\\\/infrastruktur\\\/\",\"name\":\"Infrastruktur - TD SYNNEX |\u00a0Cloud Solutions AT\",\"isPartOf\":{\"@id\":\"https:\\\/\\\/dach.tdsynnex.com\\\/cloud\\\/at\\\/#website\"},\"datePublished\":\"2025-07-15T13:24:16+00:00\",\"dateModified\":\"2026-04-15T08:44:53+00:00\",\"breadcrumb\":{\"@id\":\"https:\\\/\\\/dach.tdsynnex.com\\\/cloud\\\/at\\\/microsoft-cloud-solutions\\\/microsoft-azure\\\/infrastruktur\\\/#breadcrumb\"},\"inLanguage\":\"de\",\"potentialAction\":[{\"@type\":\"ReadAction\",\"target\":[\"https:\\\/\\\/dach.tdsynnex.com\\\/cloud\\\/at\\\/microsoft-cloud-solutions\\\/microsoft-azure\\\/infrastruktur\\\/\"]}]},{\"@type\":\"BreadcrumbList\",\"@id\":\"https:\\\/\\\/dach.tdsynnex.com\\\/cloud\\\/at\\\/microsoft-cloud-solutions\\\/microsoft-azure\\\/infrastruktur\\\/#breadcrumb\",\"itemListElement\":[{\"@type\":\"ListItem\",\"position\":1,\"name\":\"Home\",\"item\":\"https:\\\/\\\/dach.tdsynnex.com\\\/cloud\\\/at\\\/\"},{\"@type\":\"ListItem\",\"position\":2,\"name\":\"Microsoft Cloud Solutions\",\"item\":\"https:\\\/\\\/dach.tdsynnex.com\\\/cloud\\\/at\\\/microsoft-cloud-solutions\\\/\"},{\"@type\":\"ListItem\",\"position\":3,\"name\":\"Microsoft Azure\",\"item\":\"https:\\\/\\\/dach.tdsynnex.com\\\/cloud\\\/at\\\/microsoft-cloud-solutions\\\/microsoft-azure\\\/\"},{\"@type\":\"ListItem\",\"position\":4,\"name\":\"Infrastruktur\"}]},{\"@type\":\"WebSite\",\"@id\":\"https:\\\/\\\/dach.tdsynnex.com\\\/cloud\\\/at\\\/#website\",\"url\":\"https:\\\/\\\/dach.tdsynnex.com\\\/cloud\\\/at\\\/\",\"name\":\"TD SYNNEX |\u00a0Cloud Solutions AT\",\"description\":\"\",\"potentialAction\":[{\"@type\":\"SearchAction\",\"target\":{\"@type\":\"EntryPoint\",\"urlTemplate\":\"https:\\\/\\\/dach.tdsynnex.com\\\/cloud\\\/at\\\/?s={search_term_string}\"},\"query-input\":{\"@type\":\"PropertyValueSpecification\",\"valueRequired\":true,\"valueName\":\"search_term_string\"}}],\"inLanguage\":\"de\"}]}<\/script>\n<!-- \/ Yoast SEO plugin. -->","yoast_head_json":{"title":"Infrastruktur - TD SYNNEX |\u00a0Cloud Solutions AT","robots":{"index":"index","follow":"follow","max-snippet":"max-snippet:-1","max-image-preview":"max-image-preview:large","max-video-preview":"max-video-preview:-1"},"canonical":"https:\/\/dach.tdsynnex.com\/cloud\/at\/microsoft-cloud-solutions\/microsoft-azure\/infrastruktur\/","og_locale":"de_DE","og_type":"article","og_title":"Infrastruktur - TD SYNNEX |\u00a0Cloud Solutions AT","og_url":"https:\/\/dach.tdsynnex.com\/cloud\/at\/microsoft-cloud-solutions\/microsoft-azure\/infrastruktur\/","og_site_name":"TD SYNNEX |\u00a0Cloud Solutions AT","article_modified_time":"2026-04-15T08:44:53+00:00","twitter_card":"summary_large_image","schema":{"@context":"https:\/\/schema.org","@graph":[{"@type":"WebPage","@id":"https:\/\/dach.tdsynnex.com\/cloud\/at\/microsoft-cloud-solutions\/microsoft-azure\/infrastruktur\/","url":"https:\/\/dach.tdsynnex.com\/cloud\/at\/microsoft-cloud-solutions\/microsoft-azure\/infrastruktur\/","name":"Infrastruktur - TD SYNNEX |\u00a0Cloud Solutions AT","isPartOf":{"@id":"https:\/\/dach.tdsynnex.com\/cloud\/at\/#website"},"datePublished":"2025-07-15T13:24:16+00:00","dateModified":"2026-04-15T08:44:53+00:00","breadcrumb":{"@id":"https:\/\/dach.tdsynnex.com\/cloud\/at\/microsoft-cloud-solutions\/microsoft-azure\/infrastruktur\/#breadcrumb"},"inLanguage":"de","potentialAction":[{"@type":"ReadAction","target":["https:\/\/dach.tdsynnex.com\/cloud\/at\/microsoft-cloud-solutions\/microsoft-azure\/infrastruktur\/"]}]},{"@type":"BreadcrumbList","@id":"https:\/\/dach.tdsynnex.com\/cloud\/at\/microsoft-cloud-solutions\/microsoft-azure\/infrastruktur\/#breadcrumb","itemListElement":[{"@type":"ListItem","position":1,"name":"Home","item":"https:\/\/dach.tdsynnex.com\/cloud\/at\/"},{"@type":"ListItem","position":2,"name":"Microsoft Cloud Solutions","item":"https:\/\/dach.tdsynnex.com\/cloud\/at\/microsoft-cloud-solutions\/"},{"@type":"ListItem","position":3,"name":"Microsoft Azure","item":"https:\/\/dach.tdsynnex.com\/cloud\/at\/microsoft-cloud-solutions\/microsoft-azure\/"},{"@type":"ListItem","position":4,"name":"Infrastruktur"}]},{"@type":"WebSite","@id":"https:\/\/dach.tdsynnex.com\/cloud\/at\/#website","url":"https:\/\/dach.tdsynnex.com\/cloud\/at\/","name":"TD SYNNEX |\u00a0Cloud Solutions AT","description":"","potentialAction":[{"@type":"SearchAction","target":{"@type":"EntryPoint","urlTemplate":"https:\/\/dach.tdsynnex.com\/cloud\/at\/?s={search_term_string}"},"query-input":{"@type":"PropertyValueSpecification","valueRequired":true,"valueName":"search_term_string"}}],"inLanguage":"de"}]}},"_links":{"self":[{"href":"https:\/\/dach.tdsynnex.com\/cloud\/at\/wp-json\/wp\/v2\/pages\/588","targetHints":{"allow":["GET"]}}],"collection":[{"href":"https:\/\/dach.tdsynnex.com\/cloud\/at\/wp-json\/wp\/v2\/pages"}],"about":[{"href":"https:\/\/dach.tdsynnex.com\/cloud\/at\/wp-json\/wp\/v2\/types\/page"}],"author":[{"embeddable":true,"href":"https:\/\/dach.tdsynnex.com\/cloud\/at\/wp-json\/wp\/v2\/users\/1"}],"replies":[{"embeddable":true,"href":"https:\/\/dach.tdsynnex.com\/cloud\/at\/wp-json\/wp\/v2\/comments?post=588"}],"version-history":[{"count":3,"href":"https:\/\/dach.tdsynnex.com\/cloud\/at\/wp-json\/wp\/v2\/pages\/588\/revisions"}],"predecessor-version":[{"id":1009,"href":"https:\/\/dach.tdsynnex.com\/cloud\/at\/wp-json\/wp\/v2\/pages\/588\/revisions\/1009"}],"up":[{"embeddable":true,"href":"https:\/\/dach.tdsynnex.com\/cloud\/at\/wp-json\/wp\/v2\/pages\/424"}],"wp:attachment":[{"href":"https:\/\/dach.tdsynnex.com\/cloud\/at\/wp-json\/wp\/v2\/media?parent=588"}],"curies":[{"name":"wp","href":"https:\/\/api.w.org\/{rel}","templated":true}]}}