{"id":627,"date":"2025-07-10T16:49:46","date_gmt":"2025-07-10T14:49:46","guid":{"rendered":"https:\/\/dach.tdsynnex.com\/cloud\/at\/dynamics-365\/"},"modified":"2025-08-20T15:44:15","modified_gmt":"2025-08-20T13:44:15","slug":"dynamics-365","status":"publish","type":"page","link":"https:\/\/dach.tdsynnex.com\/cloud\/at\/microsoft-cloud-solutions\/ai-business-solutions\/dynamics-365\/","title":{"rendered":"Dynamics 365"},"content":{"rendered":"\n\n<section class=\"tds-cloud-block tds-hero bg bg-teal clr-white bg-center\"   style=\"background-image: url(https:\/\/dach.tdsynnex.com\/cloud\/at\/wp-content\/uploads\/sites\/3\/2025\/08\/background-teal-1.png);\">\n  <div class=\"uk-container uk-container-xlarge\">\n    <div class=\"uk-grid uk-flex-between shc\">\n      <div class=\"uk-width-4-5@m uk-width-1-1\">\n                <h1>Microsoft Dynamics 365 Mentoren Programm<\/h1>\n<p>Das Dynamics 365 Mentoren Programm der TD SYNNEX unterst\u00fctzt Sie dabei, Dynamics 365 Projekte fachlich und technisch aus eigener Kraft zu stemmen.<\/p>\n<p><a class=\"btn btn-white\" href=\"https:\/\/dach.tdsynnex.com\/cloud\/at\/kontakt\/\">Jetzt Cloud Partner werden<\/a><\/p>\n      <\/div>\n      <div class=\"uk-width-1-5@m uk-width-1-1 logoGrid uk-flex-last@m uk-flex-first\">\n                    <img decoding=\"async\" src=\"https:\/\/dach.tdsynnex.com\/cloud\/at\/wp-content\/uploads\/sites\/3\/2025\/07\/logo-msft-solutions-partner.svg\" alt=\"\">\n              <\/div>\n    <\/div>\n  <\/div>\n<\/section>\n\n<section class=\"tds-cloud-block tds-text-image bg bg-green clr-white bg-center\"  >\n  <div class=\"uk-container uk-container-xlarge\">\n    <div class=\"uk-grid uk-grid-large uk-child-width-1-2 uk-flex-middle\">\n      <div class=\"uk-width-1-2@m uk-width-1-1 \">\n        <h2>Ihr Weg zum Dynamics 365-Experten<\/h2>\n<p>Starten Sie mit unserem Einsteiger Webcast und erhalten Sie ein fundiertes Verst\u00e4ndnis f\u00fcr Microsoft Dynamics 365, einschlie\u00dflich Architektur- und Lizenzmodell sowie relevanter Use-Cases. Mit dem 4-Phasen Dynamics 365 Mentoren Programm generieren wir gemeinsam Ideen f\u00fcr Ihren L\u00f6sungsvertrieb und treiben Ihr Dynamics 365 Business voran.<\/p>\n<p><a class=\"btn btn-white\" href=\"https:\/\/dach.tdsynnex.com\/cloud\/at\/kontakt\/\">Jetzt Kontakt aufnehmen<\/a><\/p>\n      <\/div>\n      <div class=\"uk-width-1-2@m uk-width-1-1 uk-flex-last\">\n                  <img decoding=\"async\" src=\"https:\/\/dach.tdsynnex.com\/cloud\/at\/wp-content\/uploads\/sites\/3\/2025\/08\/img-dyn-1.png\" alt=\"\" class=\"img-circle img-border img-border-teal\">\n                <\/div>\n    <\/div>\n  <\/div>\n<\/section>\n\n\n<section class=\"tds-cloud-block tds-text-cols bg bg-white clr-coolgray10 bg-center\"  >\n  <div class=\"uk-container uk-container-xlarge\">\n          <div class=\"uk-margin-large-bottom\">\n        <h2 class=\"whitespace-normal break-words\" style=\"text-align: center;\"><span style=\"color: #005758;\"><strong>Dynamics 365 Mentoren-Programm<br \/>\n<\/strong><\/span><span style=\"color: #005758;\">4 Phasen mit TD SYNNEX<\/span><\/h2>\n      <\/div>\n                      <div class=\"uk-grid uk-child-width-1-4@m uk-child-width-1-2@s uk-child-width-1-1\" uk-height-match=\"target: .text__content\">\n                      <div>\n              <div class=\"text-col\">\n                <div class=\"text__head\">\n                                      <img decoding=\"async\" src=\"https:\/\/dach.tdsynnex.com\/cloud\/at\/wp-content\/uploads\/sites\/3\/2025\/08\/icon-mwp-teal.svg\" alt=\"\">\n                                    <h3>Onboarding<\/h3>\n                <\/div>\n                <div class=\"text__content\">\n                  <ul>\n<li>Pers\u00f6nlicher Dynamics 365 Mentor<\/li>\n<li>Gemeinsame Erstellung von Lern-Pfaden f\u00fcr Ihr Selbststudium<\/li>\n<li>Regelm\u00e4\u00dfige Updates und Webcasts rund um Dynamics 365<\/li>\n<\/ul>\n                <\/div>\n                              <\/div>\n            <\/div>\n                      <div>\n              <div class=\"text-col\">\n                <div class=\"text__head\">\n                                      <img decoding=\"async\" src=\"https:\/\/dach.tdsynnex.com\/cloud\/at\/wp-content\/uploads\/sites\/3\/2025\/07\/icon-help.svg\" alt=\"\">\n                                    <h3>PreSales<\/h3>\n                <\/div>\n                <div class=\"text__content\">\n                  <ul>\n<li>Analyse der Kundenanforderungen<\/li>\n<li>Bedarfsorientierte Lizenzberatung<\/li>\n<li>Gemeinsame Kostenabsch\u00e4tzung<\/li>\n<li>Angebotserstellung<\/li>\n<li>CCE Umgebung<\/li>\n<\/ul>\n                <\/div>\n                              <\/div>\n            <\/div>\n                      <div>\n              <div class=\"text-col\">\n                <div class=\"text__head\">\n                                      <img decoding=\"async\" src=\"https:\/\/dach.tdsynnex.com\/cloud\/at\/wp-content\/uploads\/sites\/3\/2025\/08\/icon-rocket-teal.svg\" alt=\"\">\n                                    <h3>Projekt  Go-Live<\/h3>\n                <\/div>\n                <div class=\"text__content\">\n                  <ul>\n<li>Aufbau eines nachhaltigen Projektvorgehens<\/li>\n<li>Vermittlung kompetenter Kooperationspartner<\/li>\n<li>Begleitung in ersten Projektgespr\u00e4chen<\/li>\n<\/ul>\n                <\/div>\n                              <\/div>\n            <\/div>\n                      <div>\n              <div class=\"text-col\">\n                <div class=\"text__head\">\n                                      <img decoding=\"async\" src=\"https:\/\/dach.tdsynnex.com\/cloud\/at\/wp-content\/uploads\/sites\/3\/2025\/08\/icon-support-teal.svg\" alt=\"\">\n                                    <h3>Go-To-Market  Support<\/h3>\n                <\/div>\n                <div class=\"text__content\">\n                  <ul>\n<li>Marketingunterst\u00fctzung durch Ihr TD SYNNEX Team<\/li>\n<li>Gemeinsame Webcasts und Kampagnen<\/li>\n<li>Vermarktung Ihrer Produkte im Microsoft Store \u201cAppSource\u201d<\/li>\n<\/ul>\n                <\/div>\n                              <\/div>\n            <\/div>\n                  <\/div>\n                <\/div>\n<\/section>\n\n<section class=\"tds-cloud-block tds-contact bg bg-green clr-white bg-center\"  >\n  <div class=\"uk-container uk-container-xlarge\">\n    <div class=\"uk-grid uk-grid-large uk-flex-middle\">\n      <div class=\"uk-width-2-3@m uk-width-1-1 uk-margin-large-bottom\">\n        <h2><strong>Rufen Sie uns an oder schreiben Sie uns!<\/strong><br \/>\nWir sind jederzeit gerne f\u00fcr Sie da!<\/h2>\n        <h3>TD SYNNEX CLOUD TEAM<\/h3>\n        <div class=\"contact-data\">\n                      <div>\n              <svg width=\"40\" height=\"40\">\n                <use xlink:href=\"https:\/\/dach.tdsynnex.com\/cloud\/at\/wp-content\/themes\/tds-cloud-2025\/assets\/img\/icons.svg#icon-mobile-light\"><\/use>\n              <\/svg>\n              <p>+43 1 488 01 \u2013 254<\/p>\n            <\/div>\n                                <div>\n              <svg width=\"40\" height=\"40\">\n                <use xlink:href=\"https:\/\/dach.tdsynnex.com\/cloud\/at\/wp-content\/themes\/tds-cloud-2025\/assets\/img\/icons.svg#icon-envelope-light\"><\/use>\n              <\/svg>\n              <p>mwp.at@tdsynnex.com<\/p>\n            <\/div>\n                  <\/div>\n                  <a href=\"https:\/\/dach.tdsynnex.com\/cloud\/at\/kontakt-2\/\" class=\"btn btn-white\">Kontakt<\/a>\n              <\/div>\n      <div class=\"uk-width-1-3@m uk-width-1-1\">\n                  <img decoding=\"async\" src=\"https:\/\/dach.tdsynnex.com\/cloud\/at\/wp-content\/uploads\/sites\/3\/2025\/08\/AdobeStock_627401533-e1754909154871.png\" alt=\"\" class=\"img-circle img-border img-border-teal\">\n              <\/div>\n    <\/div>\n  <\/div>\n<\/section>","protected":false},"excerpt":{"rendered":"","protected":false},"author":1,"featured_media":0,"parent":433,"menu_order":0,"comment_status":"closed","ping_status":"closed","template":"","meta":{"_acf_changed":false,"footnotes":""},"class_list":["post-627","page","type-page","status-publish","hentry"],"acf":[],"yoast_head":"<!-- This site is optimized with the Yoast SEO plugin v27.4 - https:\/\/yoast.com\/product\/yoast-seo-wordpress\/ -->\n<title>Dynamics 365 - TD SYNNEX |\u00a0Cloud Solutions AT<\/title>\n<meta name=\"robots\" content=\"index, follow, max-snippet:-1, max-image-preview:large, max-video-preview:-1\" \/>\n<link rel=\"canonical\" href=\"https:\/\/dach.tdsynnex.com\/cloud\/at\/microsoft-cloud-solutions\/ai-business-solutions\/dynamics-365\/\" \/>\n<meta property=\"og:locale\" content=\"de_DE\" \/>\n<meta property=\"og:type\" content=\"article\" \/>\n<meta property=\"og:title\" content=\"Dynamics 365 - TD SYNNEX |\u00a0Cloud Solutions AT\" \/>\n<meta property=\"og:url\" content=\"https:\/\/dach.tdsynnex.com\/cloud\/at\/microsoft-cloud-solutions\/ai-business-solutions\/dynamics-365\/\" \/>\n<meta property=\"og:site_name\" content=\"TD SYNNEX |\u00a0Cloud Solutions AT\" \/>\n<meta property=\"article:modified_time\" content=\"2025-08-20T13:44:15+00:00\" \/>\n<meta name=\"twitter:card\" content=\"summary_large_image\" \/>\n<script type=\"application\/ld+json\" class=\"yoast-schema-graph\">{\"@context\":\"https:\\\/\\\/schema.org\",\"@graph\":[{\"@type\":\"WebPage\",\"@id\":\"https:\\\/\\\/dach.tdsynnex.com\\\/cloud\\\/at\\\/microsoft-cloud-solutions\\\/ai-business-solutions\\\/dynamics-365\\\/\",\"url\":\"https:\\\/\\\/dach.tdsynnex.com\\\/cloud\\\/at\\\/microsoft-cloud-solutions\\\/ai-business-solutions\\\/dynamics-365\\\/\",\"name\":\"Dynamics 365 - TD SYNNEX |\u00a0Cloud Solutions AT\",\"isPartOf\":{\"@id\":\"https:\\\/\\\/dach.tdsynnex.com\\\/cloud\\\/at\\\/#website\"},\"datePublished\":\"2025-07-10T14:49:46+00:00\",\"dateModified\":\"2025-08-20T13:44:15+00:00\",\"breadcrumb\":{\"@id\":\"https:\\\/\\\/dach.tdsynnex.com\\\/cloud\\\/at\\\/microsoft-cloud-solutions\\\/ai-business-solutions\\\/dynamics-365\\\/#breadcrumb\"},\"inLanguage\":\"de\",\"potentialAction\":[{\"@type\":\"ReadAction\",\"target\":[\"https:\\\/\\\/dach.tdsynnex.com\\\/cloud\\\/at\\\/microsoft-cloud-solutions\\\/ai-business-solutions\\\/dynamics-365\\\/\"]}]},{\"@type\":\"BreadcrumbList\",\"@id\":\"https:\\\/\\\/dach.tdsynnex.com\\\/cloud\\\/at\\\/microsoft-cloud-solutions\\\/ai-business-solutions\\\/dynamics-365\\\/#breadcrumb\",\"itemListElement\":[{\"@type\":\"ListItem\",\"position\":1,\"name\":\"Home\",\"item\":\"https:\\\/\\\/dach.tdsynnex.com\\\/cloud\\\/at\\\/\"},{\"@type\":\"ListItem\",\"position\":2,\"name\":\"Microsoft Cloud Solutions\",\"item\":\"https:\\\/\\\/dach.tdsynnex.com\\\/cloud\\\/at\\\/microsoft-cloud-solutions\\\/\"},{\"@type\":\"ListItem\",\"position\":3,\"name\":\"AI Business Solutions\",\"item\":\"https:\\\/\\\/dach.tdsynnex.com\\\/cloud\\\/at\\\/microsoft-cloud-solutions\\\/ai-business-solutions\\\/\"},{\"@type\":\"ListItem\",\"position\":4,\"name\":\"Dynamics 365\"}]},{\"@type\":\"WebSite\",\"@id\":\"https:\\\/\\\/dach.tdsynnex.com\\\/cloud\\\/at\\\/#website\",\"url\":\"https:\\\/\\\/dach.tdsynnex.com\\\/cloud\\\/at\\\/\",\"name\":\"TD SYNNEX |\u00a0Cloud Solutions AT\",\"description\":\"\",\"potentialAction\":[{\"@type\":\"SearchAction\",\"target\":{\"@type\":\"EntryPoint\",\"urlTemplate\":\"https:\\\/\\\/dach.tdsynnex.com\\\/cloud\\\/at\\\/?s={search_term_string}\"},\"query-input\":{\"@type\":\"PropertyValueSpecification\",\"valueRequired\":true,\"valueName\":\"search_term_string\"}}],\"inLanguage\":\"de\"}]}<\/script>\n<!-- \/ Yoast SEO plugin. -->","yoast_head_json":{"title":"Dynamics 365 - TD SYNNEX |\u00a0Cloud Solutions AT","robots":{"index":"index","follow":"follow","max-snippet":"max-snippet:-1","max-image-preview":"max-image-preview:large","max-video-preview":"max-video-preview:-1"},"canonical":"https:\/\/dach.tdsynnex.com\/cloud\/at\/microsoft-cloud-solutions\/ai-business-solutions\/dynamics-365\/","og_locale":"de_DE","og_type":"article","og_title":"Dynamics 365 - TD SYNNEX |\u00a0Cloud Solutions AT","og_url":"https:\/\/dach.tdsynnex.com\/cloud\/at\/microsoft-cloud-solutions\/ai-business-solutions\/dynamics-365\/","og_site_name":"TD SYNNEX |\u00a0Cloud Solutions AT","article_modified_time":"2025-08-20T13:44:15+00:00","twitter_card":"summary_large_image","schema":{"@context":"https:\/\/schema.org","@graph":[{"@type":"WebPage","@id":"https:\/\/dach.tdsynnex.com\/cloud\/at\/microsoft-cloud-solutions\/ai-business-solutions\/dynamics-365\/","url":"https:\/\/dach.tdsynnex.com\/cloud\/at\/microsoft-cloud-solutions\/ai-business-solutions\/dynamics-365\/","name":"Dynamics 365 - TD SYNNEX |\u00a0Cloud Solutions AT","isPartOf":{"@id":"https:\/\/dach.tdsynnex.com\/cloud\/at\/#website"},"datePublished":"2025-07-10T14:49:46+00:00","dateModified":"2025-08-20T13:44:15+00:00","breadcrumb":{"@id":"https:\/\/dach.tdsynnex.com\/cloud\/at\/microsoft-cloud-solutions\/ai-business-solutions\/dynamics-365\/#breadcrumb"},"inLanguage":"de","potentialAction":[{"@type":"ReadAction","target":["https:\/\/dach.tdsynnex.com\/cloud\/at\/microsoft-cloud-solutions\/ai-business-solutions\/dynamics-365\/"]}]},{"@type":"BreadcrumbList","@id":"https:\/\/dach.tdsynnex.com\/cloud\/at\/microsoft-cloud-solutions\/ai-business-solutions\/dynamics-365\/#breadcrumb","itemListElement":[{"@type":"ListItem","position":1,"name":"Home","item":"https:\/\/dach.tdsynnex.com\/cloud\/at\/"},{"@type":"ListItem","position":2,"name":"Microsoft Cloud Solutions","item":"https:\/\/dach.tdsynnex.com\/cloud\/at\/microsoft-cloud-solutions\/"},{"@type":"ListItem","position":3,"name":"AI Business Solutions","item":"https:\/\/dach.tdsynnex.com\/cloud\/at\/microsoft-cloud-solutions\/ai-business-solutions\/"},{"@type":"ListItem","position":4,"name":"Dynamics 365"}]},{"@type":"WebSite","@id":"https:\/\/dach.tdsynnex.com\/cloud\/at\/#website","url":"https:\/\/dach.tdsynnex.com\/cloud\/at\/","name":"TD SYNNEX |\u00a0Cloud Solutions AT","description":"","potentialAction":[{"@type":"SearchAction","target":{"@type":"EntryPoint","urlTemplate":"https:\/\/dach.tdsynnex.com\/cloud\/at\/?s={search_term_string}"},"query-input":{"@type":"PropertyValueSpecification","valueRequired":true,"valueName":"search_term_string"}}],"inLanguage":"de"}]}},"_links":{"self":[{"href":"https:\/\/dach.tdsynnex.com\/cloud\/at\/wp-json\/wp\/v2\/pages\/627","targetHints":{"allow":["GET"]}}],"collection":[{"href":"https:\/\/dach.tdsynnex.com\/cloud\/at\/wp-json\/wp\/v2\/pages"}],"about":[{"href":"https:\/\/dach.tdsynnex.com\/cloud\/at\/wp-json\/wp\/v2\/types\/page"}],"author":[{"embeddable":true,"href":"https:\/\/dach.tdsynnex.com\/cloud\/at\/wp-json\/wp\/v2\/users\/1"}],"replies":[{"embeddable":true,"href":"https:\/\/dach.tdsynnex.com\/cloud\/at\/wp-json\/wp\/v2\/comments?post=627"}],"version-history":[{"count":2,"href":"https:\/\/dach.tdsynnex.com\/cloud\/at\/wp-json\/wp\/v2\/pages\/627\/revisions"}],"predecessor-version":[{"id":749,"href":"https:\/\/dach.tdsynnex.com\/cloud\/at\/wp-json\/wp\/v2\/pages\/627\/revisions\/749"}],"up":[{"embeddable":true,"href":"https:\/\/dach.tdsynnex.com\/cloud\/at\/wp-json\/wp\/v2\/pages\/433"}],"wp:attachment":[{"href":"https:\/\/dach.tdsynnex.com\/cloud\/at\/wp-json\/wp\/v2\/media?parent=627"}],"curies":[{"name":"wp","href":"https:\/\/api.w.org\/{rel}","templated":true}]}}