{"id":692,"date":"2025-07-30T17:34:57","date_gmt":"2025-07-30T15:34:57","guid":{"rendered":"https:\/\/dach.tdsynnex.com\/cloud\/at\/solution-assessments\/"},"modified":"2025-09-12T10:12:58","modified_gmt":"2025-09-12T08:12:58","slug":"solution-assessments","status":"publish","type":"page","link":"https:\/\/dach.tdsynnex.com\/cloud\/at\/microsoft-cloud-solutions\/security\/solution-assessments\/","title":{"rendered":"Solution Assessments"},"content":{"rendered":"\n\n<section class=\"tds-cloud-block tds-hero bg bg-teal clr-white bg-center\"   style=\"background-image: url(https:\/\/dach.tdsynnex.com\/cloud\/at\/wp-content\/uploads\/sites\/3\/2025\/08\/background-teal-1.png);\">\n  <div class=\"uk-container uk-container-xlarge\">\n    <div class=\"uk-grid uk-flex-between shc\">\n      <div class=\"uk-width-4-5@m uk-width-1-1\">\n                <h1>Microsoft Cloud Security Assessment<\/h1>\n<p>Solution Assessments unterst\u00fctzen Sie bei der erfolgreichen digitalen Transformation &#8211; von der Cloud-Migration bis zur St\u00e4rkung Ihrer Sicherheitsinfrastruktur.<\/p>\n<p><a class=\"btn btn-white\" href=\"https:\/\/dach.tdsynnex.com\/cloud\/at\/kontakt\/\">Jetzt CloudPartner werden<\/a><\/p>\n      <\/div>\n      <div class=\"uk-width-1-5@m uk-width-1-1 logoGrid uk-flex-last@m uk-flex-first\">\n                    <img decoding=\"async\" src=\"https:\/\/dach.tdsynnex.com\/cloud\/at\/wp-content\/uploads\/sites\/3\/2025\/07\/logo-msft-solutions-partner.svg\" alt=\"\">\n              <\/div>\n    <\/div>\n  <\/div>\n<\/section>\n\n<section class=\"tds-cloud-block tds-text-image bg bg-green clr-white bg-center\"  >\n  <div class=\"uk-container uk-container-xlarge\">\n    <div class=\"uk-grid uk-grid-large uk-child-width-1-2 uk-flex-middle\">\n      <div class=\"uk-width-1-2@m uk-width-1-1 \">\n        <h2 class=\"whitespace-normal break-words\"><strong>Vulnerabilit\u00e4tsanalyse <\/strong><br \/>\nmit CSAT<\/h2>\n<p>Analysieren Sie Office365-Umgebungen Ihrer Kunden systematisch auf Sicherheitsl\u00fccken. Das CSAT-Assessment hilft Ihnen, IT-Umgebungen besser zu verstehen und den kompletten Microsoft 365 Sicherheitsstack optimal zu nutzen.<\/p>\n<p>Basierend auf dem detaillierten Reporting beraten Sie Ihre Kunden ganzheitlich im M365-Portfolio und identifizieren erfolgreich neue Opportunities. Der CSAT-Bericht zeigt potenzielle Upsell-L\u00f6sungen f\u00fcr gemeldete Sicherheitsbedenken auf &#8211; TD SYNNEX Professional Services unterst\u00fctzt Sie dabei umfassend.<\/p>\n<p><a class=\"btn btn-white\" href=\"https:\/\/dach.tdsynnex.com\/cloud\/at\/kontakt\/\">Jetzt Kontakt aufnehmen<\/a><\/p>\n      <\/div>\n      <div class=\"uk-width-1-2@m uk-width-1-1 uk-flex-last\">\n                  <img decoding=\"async\" src=\"https:\/\/dach.tdsynnex.com\/cloud\/at\/wp-content\/uploads\/sites\/3\/2025\/08\/img-msft-security-solution-assessments-1.png\" alt=\"\" class=\"img-circle img-border img-border-teal\">\n                <\/div>\n    <\/div>\n  <\/div>\n<\/section>\n\n<section class=\"tds-cloud-block tds-text-image bg bg-white clr-coolgray10 bg-center\"  >\n  <div class=\"uk-container uk-container-xlarge\">\n    <div class=\"uk-grid uk-grid-large uk-child-width-1-2 uk-flex-middle\">\n      <div class=\"uk-width-1-2@m uk-width-1-1  uk-flex-last@m uk-flex-first\">\n        <h2><span style=\"color: #005758;\">Was sind die Gr\u00fcnde f\u00fcr ein Solution Assessment?<\/span><\/h2>\n<ul>\n<li>Solution Assessments sind das Ideale Hilfsmittel Ihren Kunden besser kennenzulernen<\/li>\n<li>Auf Basis des Ergebnisses (CIS*) kommen Sie in ein qualitatives Gespr\u00e4ch mit Ihren Kunden wie Ihr Weg in die Cloud aussehen kann<\/li>\n<li>Upsell Potential<\/li>\n<li>Es ist aktuell kostenfrei!<\/li>\n<\/ul>\n      <\/div>\n      <div class=\"uk-width-1-2@m uk-width-1-1  uk-flex-first@m uk-flex-last\">\n                  <img decoding=\"async\" src=\"https:\/\/dach.tdsynnex.com\/cloud\/at\/wp-content\/uploads\/sites\/3\/2025\/08\/img-msft-security-solution-assessments-2.png\" alt=\"\" class=\"img-circle img-border img-border-gray\">\n                <\/div>\n    <\/div>\n  <\/div>\n<\/section>\n\n\n<section class=\"tds-cloud-block tds-text bg bg-lightgray clr-coolgray10 bg-center\"  >\n  <div class=\"uk-container uk-container-xlarge\">\n    <h2><span style=\"color: #005758;\">Wie funktioniert das Solution Assessment Tool?<\/span><\/h2>\n<p>Das Tool liefert schnell einen faktenbasierten Aktionsplan zur Sicherheitsverbesserung in hybriden IT-Umgebungen durch automatisierte Scans von Endpoints, Office 365\/M365 und Azure Active Directory.<\/p>\n<p>TD SYNNEX Presales Consultants unterst\u00fctzen bei der Bereitstellung des Cyber Security Assessment Tools (CSAT) und f\u00fchren das Assessment mit Microsoft oder QS Solutions durch.<\/p>\n<p>Erstellen Sie schnell umsetzbare Sicherheitsempfehlungen f\u00fcr Ihre Endkunden und gewinnen Sie tiefere Einblicke in deren Sicherheitslage. TD SYNNEX ber\u00fccksichtigt dabei Ihre spezifischen St\u00e4rken im Cyber-Security-\u00d6kosystem.<\/p>\n<p><strong>Informieren Sie sich hier \u00fcber die aktuellen Microsoft Solutions Assesments.<\/strong><\/p>\n<p><a class=\"btn btn-teal\" href=\"https:\/\/partner.microsoft.com\/en-us\/licensing\/solution-assessments\" target=\"_blank\" rel=\"noopener\">Mehr erfahren<\/a><\/p>\n  <\/div>\n<\/section>\n\n<section class=\"tds-cloud-block tds-contact bg bg-green clr-white bg-center\"  >\n  <div class=\"uk-container uk-container-xlarge\">\n    <div class=\"uk-grid uk-grid-large uk-flex-middle\">\n      <div class=\"uk-width-2-3@m uk-width-1-1 uk-margin-large-bottom\">\n        <h2><strong>Rufen Sie uns an oder schreiben Sie uns!<\/strong><br \/>\nWir sind jederzeit gerne f\u00fcr Sie da!<\/h2>\n        <h3>TD SYNNEX CLOUD TEAM<\/h3>\n        <div class=\"contact-data\">\n                      <div>\n              <svg width=\"40\" height=\"40\">\n                <use xlink:href=\"https:\/\/dach.tdsynnex.com\/cloud\/at\/wp-content\/themes\/tds-cloud-2025\/assets\/img\/icons.svg#icon-mobile-light\"><\/use>\n              <\/svg>\n              <p>+43 1 488 01 \u2013 254<\/p>\n            <\/div>\n                                <div>\n              <svg width=\"40\" height=\"40\">\n                <use xlink:href=\"https:\/\/dach.tdsynnex.com\/cloud\/at\/wp-content\/themes\/tds-cloud-2025\/assets\/img\/icons.svg#icon-envelope-light\"><\/use>\n              <\/svg>\n              <p>mwp.at@tdsynnex.com<\/p>\n            <\/div>\n                  <\/div>\n                  <a href=\"https:\/\/dach.tdsynnex.com\/cloud\/at\/kontakt-2\/\" class=\"btn btn-white\">Kontakt<\/a>\n              <\/div>\n      <div class=\"uk-width-1-3@m uk-width-1-1\">\n                  <img decoding=\"async\" src=\"https:\/\/dach.tdsynnex.com\/cloud\/at\/wp-content\/uploads\/sites\/3\/2025\/08\/AdobeStock_627401533-e1754909154871.png\" alt=\"\" class=\"img-circle img-border img-border-teal\">\n              <\/div>\n    <\/div>\n  <\/div>\n<\/section>","protected":false},"excerpt":{"rendered":"","protected":false},"author":4,"featured_media":0,"parent":480,"menu_order":0,"comment_status":"closed","ping_status":"closed","template":"","meta":{"_acf_changed":false,"footnotes":""},"class_list":["post-692","page","type-page","status-publish","hentry"],"acf":[],"yoast_head":"<!-- This site is optimized with the Yoast SEO plugin v27.4 - https:\/\/yoast.com\/product\/yoast-seo-wordpress\/ -->\n<title>Solution Assessments - TD SYNNEX |\u00a0Cloud Solutions AT<\/title>\n<meta name=\"robots\" content=\"index, follow, max-snippet:-1, max-image-preview:large, max-video-preview:-1\" \/>\n<link rel=\"canonical\" href=\"https:\/\/dach.tdsynnex.com\/cloud\/at\/microsoft-cloud-solutions\/security\/solution-assessments\/\" \/>\n<meta property=\"og:locale\" content=\"de_DE\" \/>\n<meta property=\"og:type\" content=\"article\" \/>\n<meta property=\"og:title\" content=\"Solution Assessments - TD SYNNEX |\u00a0Cloud Solutions AT\" \/>\n<meta property=\"og:url\" content=\"https:\/\/dach.tdsynnex.com\/cloud\/at\/microsoft-cloud-solutions\/security\/solution-assessments\/\" \/>\n<meta property=\"og:site_name\" content=\"TD SYNNEX |\u00a0Cloud Solutions AT\" \/>\n<meta property=\"article:modified_time\" content=\"2025-09-12T08:12:58+00:00\" \/>\n<meta name=\"twitter:card\" content=\"summary_large_image\" \/>\n<script type=\"application\/ld+json\" class=\"yoast-schema-graph\">{\"@context\":\"https:\\\/\\\/schema.org\",\"@graph\":[{\"@type\":\"WebPage\",\"@id\":\"https:\\\/\\\/dach.tdsynnex.com\\\/cloud\\\/at\\\/microsoft-cloud-solutions\\\/security\\\/solution-assessments\\\/\",\"url\":\"https:\\\/\\\/dach.tdsynnex.com\\\/cloud\\\/at\\\/microsoft-cloud-solutions\\\/security\\\/solution-assessments\\\/\",\"name\":\"Solution Assessments - TD SYNNEX |\u00a0Cloud Solutions AT\",\"isPartOf\":{\"@id\":\"https:\\\/\\\/dach.tdsynnex.com\\\/cloud\\\/at\\\/#website\"},\"datePublished\":\"2025-07-30T15:34:57+00:00\",\"dateModified\":\"2025-09-12T08:12:58+00:00\",\"breadcrumb\":{\"@id\":\"https:\\\/\\\/dach.tdsynnex.com\\\/cloud\\\/at\\\/microsoft-cloud-solutions\\\/security\\\/solution-assessments\\\/#breadcrumb\"},\"inLanguage\":\"de\",\"potentialAction\":[{\"@type\":\"ReadAction\",\"target\":[\"https:\\\/\\\/dach.tdsynnex.com\\\/cloud\\\/at\\\/microsoft-cloud-solutions\\\/security\\\/solution-assessments\\\/\"]}]},{\"@type\":\"BreadcrumbList\",\"@id\":\"https:\\\/\\\/dach.tdsynnex.com\\\/cloud\\\/at\\\/microsoft-cloud-solutions\\\/security\\\/solution-assessments\\\/#breadcrumb\",\"itemListElement\":[{\"@type\":\"ListItem\",\"position\":1,\"name\":\"Home\",\"item\":\"https:\\\/\\\/dach.tdsynnex.com\\\/cloud\\\/at\\\/\"},{\"@type\":\"ListItem\",\"position\":2,\"name\":\"Microsoft Cloud Solutions\",\"item\":\"https:\\\/\\\/dach.tdsynnex.com\\\/cloud\\\/at\\\/microsoft-cloud-solutions\\\/\"},{\"@type\":\"ListItem\",\"position\":3,\"name\":\"Security\",\"item\":\"https:\\\/\\\/dach.tdsynnex.com\\\/cloud\\\/at\\\/microsoft-cloud-solutions\\\/security\\\/\"},{\"@type\":\"ListItem\",\"position\":4,\"name\":\"Solution Assessments\"}]},{\"@type\":\"WebSite\",\"@id\":\"https:\\\/\\\/dach.tdsynnex.com\\\/cloud\\\/at\\\/#website\",\"url\":\"https:\\\/\\\/dach.tdsynnex.com\\\/cloud\\\/at\\\/\",\"name\":\"TD SYNNEX |\u00a0Cloud Solutions AT\",\"description\":\"\",\"potentialAction\":[{\"@type\":\"SearchAction\",\"target\":{\"@type\":\"EntryPoint\",\"urlTemplate\":\"https:\\\/\\\/dach.tdsynnex.com\\\/cloud\\\/at\\\/?s={search_term_string}\"},\"query-input\":{\"@type\":\"PropertyValueSpecification\",\"valueRequired\":true,\"valueName\":\"search_term_string\"}}],\"inLanguage\":\"de\"}]}<\/script>\n<!-- \/ Yoast SEO plugin. -->","yoast_head_json":{"title":"Solution Assessments - TD SYNNEX |\u00a0Cloud Solutions AT","robots":{"index":"index","follow":"follow","max-snippet":"max-snippet:-1","max-image-preview":"max-image-preview:large","max-video-preview":"max-video-preview:-1"},"canonical":"https:\/\/dach.tdsynnex.com\/cloud\/at\/microsoft-cloud-solutions\/security\/solution-assessments\/","og_locale":"de_DE","og_type":"article","og_title":"Solution Assessments - TD SYNNEX |\u00a0Cloud Solutions AT","og_url":"https:\/\/dach.tdsynnex.com\/cloud\/at\/microsoft-cloud-solutions\/security\/solution-assessments\/","og_site_name":"TD SYNNEX |\u00a0Cloud Solutions AT","article_modified_time":"2025-09-12T08:12:58+00:00","twitter_card":"summary_large_image","schema":{"@context":"https:\/\/schema.org","@graph":[{"@type":"WebPage","@id":"https:\/\/dach.tdsynnex.com\/cloud\/at\/microsoft-cloud-solutions\/security\/solution-assessments\/","url":"https:\/\/dach.tdsynnex.com\/cloud\/at\/microsoft-cloud-solutions\/security\/solution-assessments\/","name":"Solution Assessments - TD SYNNEX |\u00a0Cloud Solutions AT","isPartOf":{"@id":"https:\/\/dach.tdsynnex.com\/cloud\/at\/#website"},"datePublished":"2025-07-30T15:34:57+00:00","dateModified":"2025-09-12T08:12:58+00:00","breadcrumb":{"@id":"https:\/\/dach.tdsynnex.com\/cloud\/at\/microsoft-cloud-solutions\/security\/solution-assessments\/#breadcrumb"},"inLanguage":"de","potentialAction":[{"@type":"ReadAction","target":["https:\/\/dach.tdsynnex.com\/cloud\/at\/microsoft-cloud-solutions\/security\/solution-assessments\/"]}]},{"@type":"BreadcrumbList","@id":"https:\/\/dach.tdsynnex.com\/cloud\/at\/microsoft-cloud-solutions\/security\/solution-assessments\/#breadcrumb","itemListElement":[{"@type":"ListItem","position":1,"name":"Home","item":"https:\/\/dach.tdsynnex.com\/cloud\/at\/"},{"@type":"ListItem","position":2,"name":"Microsoft Cloud Solutions","item":"https:\/\/dach.tdsynnex.com\/cloud\/at\/microsoft-cloud-solutions\/"},{"@type":"ListItem","position":3,"name":"Security","item":"https:\/\/dach.tdsynnex.com\/cloud\/at\/microsoft-cloud-solutions\/security\/"},{"@type":"ListItem","position":4,"name":"Solution Assessments"}]},{"@type":"WebSite","@id":"https:\/\/dach.tdsynnex.com\/cloud\/at\/#website","url":"https:\/\/dach.tdsynnex.com\/cloud\/at\/","name":"TD SYNNEX |\u00a0Cloud Solutions AT","description":"","potentialAction":[{"@type":"SearchAction","target":{"@type":"EntryPoint","urlTemplate":"https:\/\/dach.tdsynnex.com\/cloud\/at\/?s={search_term_string}"},"query-input":{"@type":"PropertyValueSpecification","valueRequired":true,"valueName":"search_term_string"}}],"inLanguage":"de"}]}},"_links":{"self":[{"href":"https:\/\/dach.tdsynnex.com\/cloud\/at\/wp-json\/wp\/v2\/pages\/692","targetHints":{"allow":["GET"]}}],"collection":[{"href":"https:\/\/dach.tdsynnex.com\/cloud\/at\/wp-json\/wp\/v2\/pages"}],"about":[{"href":"https:\/\/dach.tdsynnex.com\/cloud\/at\/wp-json\/wp\/v2\/types\/page"}],"author":[{"embeddable":true,"href":"https:\/\/dach.tdsynnex.com\/cloud\/at\/wp-json\/wp\/v2\/users\/4"}],"replies":[{"embeddable":true,"href":"https:\/\/dach.tdsynnex.com\/cloud\/at\/wp-json\/wp\/v2\/comments?post=692"}],"version-history":[{"count":3,"href":"https:\/\/dach.tdsynnex.com\/cloud\/at\/wp-json\/wp\/v2\/pages\/692\/revisions"}],"predecessor-version":[{"id":818,"href":"https:\/\/dach.tdsynnex.com\/cloud\/at\/wp-json\/wp\/v2\/pages\/692\/revisions\/818"}],"up":[{"embeddable":true,"href":"https:\/\/dach.tdsynnex.com\/cloud\/at\/wp-json\/wp\/v2\/pages\/480"}],"wp:attachment":[{"href":"https:\/\/dach.tdsynnex.com\/cloud\/at\/wp-json\/wp\/v2\/media?parent=692"}],"curies":[{"name":"wp","href":"https:\/\/api.w.org\/{rel}","templated":true}]}}