{"id":1015,"date":"2025-07-23T14:16:56","date_gmt":"2025-07-23T12:16:56","guid":{"rendered":"https:\/\/dach.tdsynnex.com\/cloud\/de\/?page_id=1015"},"modified":"2025-08-18T16:46:08","modified_gmt":"2025-08-18T14:46:08","slug":"teams","status":"publish","type":"page","link":"https:\/\/dach.tdsynnex.com\/cloud\/de\/microsoft-cloud-solutions\/modern-workplace\/teams\/","title":{"rendered":"Teams"},"content":{"rendered":"\n\n<section class=\"tds-cloud-block tds-hero bg bg-teal clr-white bg-center\"   style=\"background-image: url(https:\/\/dach.tdsynnex.com\/cloud\/de\/wp-content\/uploads\/sites\/2\/2025\/08\/Header_Background_1.png);\">\n  <div class=\"uk-container uk-container-xlarge\">\n    <div class=\"uk-grid uk-flex-between shc\">\n      <div class=\"uk-width-4-5@m uk-width-1-1\">\n                <h1>Moderne Zusammenarbeit mit Microsoft Teams<\/h1>\n<p>Flexibilit\u00e4t und digitale Zusammenarbeit sind heute entscheidende Erfolgsfaktoren. Unternehmen, die ihre Teams effektiv vernetzen, sichern sich einen klaren Wettbewerbsvorteil.<\/p>\n<p><a class=\"btn btn-white\" href=\"https:\/\/dach.tdsynnex.com\/cloud\/de\/kontakt\/\">Jetzt Cloud Partner werden<\/a><\/p>\n      <\/div>\n      <div class=\"uk-width-1-5@m uk-width-1-1 logoGrid uk-flex-last@m uk-flex-first\">\n                    <img decoding=\"async\" src=\"https:\/\/dach.tdsynnex.com\/cloud\/de\/wp-content\/uploads\/sites\/2\/2025\/06\/logo-msft-solutions-partner.svg\" alt=\"\">\n              <\/div>\n    <\/div>\n  <\/div>\n<\/section>\n\n<section class=\"tds-cloud-block tds-text-image bg bg-green clr-white bg-center\"  >\n  <div class=\"uk-container uk-container-xlarge\">\n    <div class=\"uk-grid uk-grid-large uk-child-width-1-2 uk-flex-middle\">\n      <div class=\"uk-width-1-2@m uk-width-1-1 \">\n        <h2><strong>Hybride Arbeitswelt<\/strong><br \/>\nDer moderne Arbeitsplatz<\/h2>\n<p>Microsoft Teams erm\u00f6glicht es Ihren Kunden, schnell Teams mit internen und externen Personen zu bilden, in Echtzeit zu kommunizieren und Dokumente sicher zu teilen und gemeinsam zu bearbeiten. Projekte lassen sich in strukturierten Kan\u00e4len organisieren und vorantreiben. TD SYNNEX empfiehlt Microsoft Teams als idealen Gespr\u00e4chseinstieg, um mit Ihren Kunden \u00fcber die M\u00f6glichkeiten einer offenen, digitalen und hybriden Arbeitswelt zu sprechen.<\/p>\n<p><a class=\"btn btn-white\" href=\"https:\/\/docs.microsoft.com\/de-de\/MicrosoftTeams\/get-started-with-teams-quick-start\" target=\"_blank\" rel=\"noopener\">Mehr erfahren<\/a><\/p>\n      <\/div>\n      <div class=\"uk-width-1-2@m uk-width-1-1 uk-flex-last\">\n                  <img decoding=\"async\" src=\"https:\/\/dach.tdsynnex.com\/cloud\/de\/wp-content\/uploads\/sites\/2\/2025\/08\/img-msft-teams-1.png\" alt=\"\" class=\"img-circle img-border img-border-teal\">\n                <\/div>\n    <\/div>\n  <\/div>\n<\/section>\n\n<section class=\"tds-cloud-block tds-text-image bg bg-white clr-coolgray10 bg-center\"  >\n  <div class=\"uk-container uk-container-xlarge\">\n    <div class=\"uk-grid uk-grid-large uk-child-width-1-2 uk-flex-middle\">\n      <div class=\"uk-width-1-2@m uk-width-1-1  uk-flex-last@m uk-flex-first\">\n        <h2><span style=\"color: #005758;\"><strong>Unterst\u00fctzung zu Teams<\/strong><br \/>\nDemoangebot<\/span><\/h2>\n<p>Eine umfangreiche und exklusive Ausbildung zum Thema Teams erhalten Sie auf der Teams-f\u00fcr-Alle Plattform.<\/p>\n<p>Die Plattform unterst\u00fctzt Partner und IT-Abteilungen 12 Monate lang bei der Microsoft Teams-Einf\u00fchrung mit Videos, Workshop-Materialien, Updates und Lernmaterial von Experten. Das Abo endet automatisch nach 12 Monaten.<\/p>\n<p><a class=\"btn btn-teal\" href=\"https:\/\/cloudpartners.transform.microsoft.com\/partner-gtm\/csp\/teams-essentials\" target=\"_blank\" rel=\"noopener\">Microsoft Teams Incentive Demo<\/a><\/p>\n      <\/div>\n      <div class=\"uk-width-1-2@m uk-width-1-1  uk-flex-first@m uk-flex-last\">\n                  <img decoding=\"async\" src=\"https:\/\/dach.tdsynnex.com\/cloud\/de\/wp-content\/uploads\/sites\/2\/2025\/08\/img-msft-teams-2.png\" alt=\"\" class=\"img-circle img-border img-border-gray\">\n                <\/div>\n    <\/div>\n  <\/div>\n<\/section>\n\n\n<section class=\"tds-cloud-block tds-text-cards bg bg-teal clr-white bg-center\"   style=\"background-image: url(https:\/\/dach.tdsynnex.com\/cloud\/de\/wp-content\/uploads\/sites\/2\/2025\/08\/background-teal-2.png);\">\n  <div class=\"uk-container uk-container-xlarge\">\n          <div class=\"uk-margin-large-bottom\">\n        <h2 style=\"text-align: center;\"><strong>Microsoft Teams Essentials <\/strong><br \/>\n(f\u00fcr kleine und mittlere Unternehmen)<\/h2>\n<p style=\"text-align: center;\">Microsoft Teams Essentials ist eine Standalone-Lizenz f\u00fcr kleine und mittelst\u00e4ndische Unternehmen mit bis zu 300 Mitarbeitern. Die L\u00f6sung bietet Zugriff auf Microsoft Teams mit Outlook- und Kalenderintegration sowie Integration weiterer Anbieter wie Google Kalender.<\/p>\n      <\/div>\n              <div class=\"uk-grid uk-child-width-1-2@m uk-child-width-1-2@s uk-child-width-1-1\" uk-height-match=\"target: .text-card\">\n                  <div>\n            <div class=\"text-card  border-white\">\n                            <div class=\"text-wrapper\">\n                <h3><img decoding=\"async\" class=\"alignnone size-full wp-image-1035\" src=\"https:\/\/dach.tdsynnex.com\/cloud\/de\/wp-content\/uploads\/sites\/2\/2025\/07\/icon-video-meeting-white.svg\" alt=\"\" \/> Teams Essentials<\/h3>\n<ul>\n<li>300 Teilnehmer pro Besprechung (30 Stunden)<\/li>\n<li>Erweiterte Gruppenchats und interaktive Meetings<\/li>\n<li>10 GB Cloudspeicher pro User<\/li>\n<li>Sicherheit, Zuverl\u00e4ssigkeit und Support per Telefon\/E-Mail<\/li>\n<li>3,40 \u20ac pro User\/Monat<\/li>\n<\/ul>\n              <\/div>\n                          <\/div>\n          <\/div>\n                  <div>\n            <div class=\"text-card  border-white\">\n                            <div class=\"text-wrapper\">\n                <h3><img decoding=\"async\" class=\"size-full wp-image-1036 alignnone\" src=\"https:\/\/dach.tdsynnex.com\/cloud\/de\/wp-content\/uploads\/sites\/2\/2025\/07\/icon-money-savings-white.svg\" alt=\"\" \/> Teams for free<\/h3>\n<ul>\n<li>Unbegrenzte Gruppenbesprechungen bis zu 60 Minuten<\/li>\n<li>Bis zu 100 Teilnehmende pro Besprechung<\/li>\n<li>5 GB Cloudspeicher pro Nutzer<\/li>\n<\/ul>\n              <\/div>\n                          <\/div>\n          <\/div>\n              <\/div>\n              <div class=\"uk-margin-large-top\">\n        <p>&nbsp;<\/p>\n<p style=\"text-align: center;\"><a class=\"btn btn-white\" href=\"https:\/\/cloudpartners.transform.microsoft.com\/partner-gtm\/csp\/teams-essentials\" target=\"_blank\" rel=\"noopener\">Mehr erfahren<\/a><\/p>\n      <\/div>\n      <\/div>\n<\/section>\n\n\n<section class=\"tds-cloud-block tds-text bg bg-white clr-coolgray10 bg-center\"  >\n  <div class=\"uk-container uk-container-xlarge\">\n    <h2><span style=\"color: #005758;\">Microsoft 365 Business Basic Plan<\/span><\/h2>\n<p>F\u00fcr einen kleinen Aufpreis erhalten Sie bereits einen <strong>Microsoft 365 Business Basic Plan<\/strong>.<\/p>\n<p><strong>Hinweis:<\/strong> Im April 2023 wurde Microsoft Teams kostenlos (klassisch) eingestellt \u2013 neue Kunden m\u00fcssen auf eine kostenpflichtige Lizenz umsteigen, um ihre Daten zu behalten. Die neue kostenlose Version bietet andere Funktionen als die Legacy-Version, und alle Daten (Kan\u00e4le, Chats, Besprechungen) werden nicht \u00fcbertragen.<\/p>\n<p><a class=\"btn btn-teal\" href=\"https:\/\/www.microsoft.com\/de-de\/microsoft-teams\/free-classic-retirement?rtc=1&amp;market=de\" target=\"_blank\" rel=\"noopener\">Mehr erfahren<\/a><\/p>\n  <\/div>\n<\/section>\n\n\n<section class=\"tds-cloud-block tds-hovercards bg bg-lightgray clr-coolgray10 bg-center\"  >\n  <div class=\"uk-container uk-container-xlarge\">\n          <div class=\"uk-margin-large-bottom\">\n        <h2 style=\"text-align: center\"><span style=\"color: #005758\"><strong>Schulungsangebot<\/strong><br \/>\nTeams Essentials<\/span><\/h2>\n      <\/div>\n        <div class=\"uk-grid uk-child-width-1-4@m uk-child-width-1-2@s uk-child-width-1-1 uk-flex-center\" uk-height-match=\"target: .icon-headline\" id=\"hovercards-69e06d504defd\">\n              <div>\n          <div class=\"hovercard\" style=\"background-image: url('https:\/\/dach.tdsynnex.com\/cloud\/de\/wp-content\/uploads\/sites\/2\/2025\/07\/bg-card-webinar-1-hybrid-work.png'); height: 450px;\">\n            <div class=\"card-content\">\n              <div class=\"icon-headline\" style=\"justify-content: left;\">\n                <img decoding=\"async\" src=\"https:\/\/dach.tdsynnex.com\/cloud\/de\/wp-content\/uploads\/sites\/2\/2025\/07\/icon-mwp.svg\" alt=\"\">\n                <h3>Webinar 1: Hybrid Work<\/h3>\n              <\/div>\n              <div class=\"card-details\">\n                <p>Melden Sie sich an, um das Leistungsversprechen von Microsoft Teams und Teams Essentials zu entdecken. Erfahren Sie, wie Sie die Vorteile nutzen k\u00f6nnen, um Neukunden zu gewinnen (On Demand).<\/p>\n                                  <a href=\"https:\/\/aka.ms\/M365v385EXT-Register\" class=\"btn btn-white\" target=\"_blank\">Registrieren<\/a>\n                              <\/div>\n            <\/div>\n          <\/div>\n        <\/div>\n              <div>\n          <div class=\"hovercard\" style=\"background-image: url('https:\/\/dach.tdsynnex.com\/cloud\/de\/wp-content\/uploads\/sites\/2\/2025\/07\/bg-card-webinar-2-msft-teams-essentials.png'); height: 450px;\">\n            <div class=\"card-content\">\n              <div class=\"icon-headline\" style=\"justify-content: left;\">\n                <img decoding=\"async\" src=\"https:\/\/dach.tdsynnex.com\/cloud\/de\/wp-content\/uploads\/sites\/2\/2025\/07\/icon-computer-security-chartreusel.png\" alt=\"\">\n                <h3>Webinar 2: Microsoft Teams Essentials<\/h3>\n              <\/div>\n              <div class=\"card-details\">\n                <p>Das Webinar behandelt die Einrichtung von Teams Essentials Azure Active Directory mit E-Mail und f\u00fchrt durch drei technische Anwendungsf\u00e4lle (On Demand).<\/p>\n                                  <a href=\"https:\/\/aka.ms\/M365v385EXT-Register\" class=\"btn btn-white\" target=\"_blank\">Registrieren<\/a>\n                              <\/div>\n            <\/div>\n          <\/div>\n        <\/div>\n              <div>\n          <div class=\"hovercard\" style=\"background-image: url('https:\/\/dach.tdsynnex.com\/cloud\/de\/wp-content\/uploads\/sites\/2\/2025\/07\/bg-card-webinar-3-msft-teams-profitabel.png'); height: 450px;\">\n            <div class=\"card-content\">\n              <div class=\"icon-headline\" style=\"justify-content: left;\">\n                <img decoding=\"async\" src=\"https:\/\/dach.tdsynnex.com\/cloud\/de\/wp-content\/uploads\/sites\/2\/2025\/07\/icon-money-chartreuse.svg\" alt=\"\">\n                <h3>Webinar 3: Microsoft Teams profitabel<\/h3>\n              <\/div>\n              <div class=\"card-details\">\n                <p>Lernen Sie strategische Ans\u00e4tze zur profitablen Teams-Implementierung. Das Webinar behandelt bew\u00e4hrte Methoden zur Benutzeradoption und ROI-Messung f\u00fcr den erfolgreichen Einsatz von Microsoft Teams (On Demand).<\/p>\n                                  <a href=\"https:\/\/aka.ms\/M365v387EXT-Register\" class=\"btn btn-white\" target=\"_blank\">Registrieren<\/a>\n                              <\/div>\n            <\/div>\n          <\/div>\n        <\/div>\n          <\/div>\n      <\/div>\n<\/section>\n\n<script>\n  document.addEventListener('DOMContentLoaded', function() {\n    setTimeout(function() {\n      const cardWrapper = document.querySelector('#hovercards-69e06d504defd');\n      const hovercards = cardWrapper.querySelectorAll('.hovercard');\n      \/\/ Get the offsetHeight of every card and safe the highest value\n      let highest_height = 0;\n      hovercards.forEach(function(hovercard) {\n        const height = hovercard.querySelector('.icon-headline').offsetHeight;\n        if (height > highest_height) {\n          highest_height = height;\n        }\n      });\n      console.log(highest_height);\n      hovercards.forEach(function(hovercard) {\n        hovercard.querySelector('.card-content').style.height = highest_height + 'px';\n      });\n      hovercards.forEach(function(hovercard) {\n        hovercard.addEventListener('mouseenter', function() {\n          hovercard.querySelector('.card-content').style.height = '100%';\n        });\n        hovercard.addEventListener('mouseleave', function() {\n          hovercard.querySelector('.card-content').style.height = highest_height + 'px';\n        });\n      });\n    }, 500);\n  });\n<\/script>\n\n<section class=\"tds-cloud-block tds-contact bg bg-green clr-white bg-center\"  id=\"contact\" >\n  <div class=\"uk-container uk-container-xlarge\">\n    <div class=\"uk-grid uk-grid-large uk-flex-middle\">\n      <div class=\"uk-width-2-3@m uk-width-1-1 uk-margin-large-bottom\">\n        <h2><strong>Rufen Sie uns an oder schreiben Sie uns!<\/strong><br \/>\nWir sind jederzeit gerne f\u00fcr Sie da!<\/h2>\n        <h3>MICROSOFT CLOUD SOLUTIONS TEAM<\/h3>\n        <div class=\"contact-data\">\n                      <div>\n              <svg width=\"40\" height=\"40\">\n                <use xlink:href=\"https:\/\/dach.tdsynnex.com\/cloud\/de\/wp-content\/themes\/tds-cloud-2025\/assets\/img\/icons.svg#icon-mobile-light\"><\/use>\n              <\/svg>\n              <p>+49 89 4700 3020<\/p>\n            <\/div>\n                                <div>\n              <svg width=\"40\" height=\"40\">\n                <use xlink:href=\"https:\/\/dach.tdsynnex.com\/cloud\/de\/wp-content\/themes\/tds-cloud-2025\/assets\/img\/icons.svg#icon-envelope-light\"><\/use>\n              <\/svg>\n              <p>csp-microsoft.de@tdsynnex.com<\/p>\n            <\/div>\n                  <\/div>\n                  <a href=\"https:\/\/dach.tdsynnex.com\/cloud\/de\/kontakt\/\" class=\"btn btn-white\">Jetzt Kontakt aufnehmen<\/a>\n              <\/div>\n      <div class=\"uk-width-1-3@m uk-width-1-1\">\n                  <img decoding=\"async\" src=\"https:\/\/dach.tdsynnex.com\/cloud\/de\/wp-content\/uploads\/sites\/2\/2025\/08\/AdobeStock_627401533-e1754909154871.png\" alt=\"\" class=\"img-circle img-border img-border-teal\">\n              <\/div>\n    <\/div>\n  <\/div>\n<\/section>","protected":false},"excerpt":{"rendered":"","protected":false},"author":4,"featured_media":0,"parent":411,"menu_order":0,"comment_status":"closed","ping_status":"closed","template":"","meta":{"_acf_changed":false,"footnotes":""},"class_list":["post-1015","page","type-page","status-publish","hentry"],"acf":[],"yoast_head":"<!-- This site is optimized with the Yoast SEO plugin v27.3 - https:\/\/yoast.com\/product\/yoast-seo-wordpress\/ -->\n<title>Teams - TD SYNNEX |\u00a0Cloud Solutions DE<\/title>\n<meta name=\"robots\" content=\"index, follow, max-snippet:-1, max-image-preview:large, max-video-preview:-1\" \/>\n<link rel=\"canonical\" href=\"https:\/\/dach.tdsynnex.com\/cloud\/de\/microsoft-cloud-solutions\/modern-workplace\/teams\/\" \/>\n<meta property=\"og:locale\" content=\"de_DE\" \/>\n<meta property=\"og:type\" content=\"article\" \/>\n<meta property=\"og:title\" content=\"Teams - TD SYNNEX |\u00a0Cloud Solutions DE\" \/>\n<meta property=\"og:url\" content=\"https:\/\/dach.tdsynnex.com\/cloud\/de\/microsoft-cloud-solutions\/modern-workplace\/teams\/\" \/>\n<meta property=\"og:site_name\" content=\"TD SYNNEX |\u00a0Cloud Solutions DE\" \/>\n<meta property=\"article:modified_time\" content=\"2025-08-18T14:46:08+00:00\" \/>\n<meta name=\"twitter:card\" content=\"summary_large_image\" \/>\n<script type=\"application\/ld+json\" class=\"yoast-schema-graph\">{\"@context\":\"https:\\\/\\\/schema.org\",\"@graph\":[{\"@type\":\"WebPage\",\"@id\":\"https:\\\/\\\/dach.tdsynnex.com\\\/cloud\\\/de\\\/microsoft-cloud-solutions\\\/modern-workplace\\\/teams\\\/\",\"url\":\"https:\\\/\\\/dach.tdsynnex.com\\\/cloud\\\/de\\\/microsoft-cloud-solutions\\\/modern-workplace\\\/teams\\\/\",\"name\":\"Teams - TD SYNNEX |\u00a0Cloud Solutions DE\",\"isPartOf\":{\"@id\":\"https:\\\/\\\/dach.tdsynnex.com\\\/cloud\\\/de\\\/#website\"},\"datePublished\":\"2025-07-23T12:16:56+00:00\",\"dateModified\":\"2025-08-18T14:46:08+00:00\",\"breadcrumb\":{\"@id\":\"https:\\\/\\\/dach.tdsynnex.com\\\/cloud\\\/de\\\/microsoft-cloud-solutions\\\/modern-workplace\\\/teams\\\/#breadcrumb\"},\"inLanguage\":\"de\",\"potentialAction\":[{\"@type\":\"ReadAction\",\"target\":[\"https:\\\/\\\/dach.tdsynnex.com\\\/cloud\\\/de\\\/microsoft-cloud-solutions\\\/modern-workplace\\\/teams\\\/\"]}]},{\"@type\":\"BreadcrumbList\",\"@id\":\"https:\\\/\\\/dach.tdsynnex.com\\\/cloud\\\/de\\\/microsoft-cloud-solutions\\\/modern-workplace\\\/teams\\\/#breadcrumb\",\"itemListElement\":[{\"@type\":\"ListItem\",\"position\":1,\"name\":\"Home\",\"item\":\"https:\\\/\\\/dach.tdsynnex.com\\\/cloud\\\/de\\\/\"},{\"@type\":\"ListItem\",\"position\":2,\"name\":\"Microsoft Cloud Solutions\",\"item\":\"https:\\\/\\\/dach.tdsynnex.com\\\/cloud\\\/de\\\/microsoft-cloud-solutions\\\/\"},{\"@type\":\"ListItem\",\"position\":3,\"name\":\"Modern Workplace\",\"item\":\"https:\\\/\\\/dach.tdsynnex.com\\\/cloud\\\/de\\\/microsoft-cloud-solutions\\\/modern-workplace\\\/\"},{\"@type\":\"ListItem\",\"position\":4,\"name\":\"Teams\"}]},{\"@type\":\"WebSite\",\"@id\":\"https:\\\/\\\/dach.tdsynnex.com\\\/cloud\\\/de\\\/#website\",\"url\":\"https:\\\/\\\/dach.tdsynnex.com\\\/cloud\\\/de\\\/\",\"name\":\"TD SYNNEX |\u00a0Cloud Solutions DE\",\"description\":\"\",\"publisher\":{\"@id\":\"https:\\\/\\\/dach.tdsynnex.com\\\/cloud\\\/de\\\/#organization\"},\"potentialAction\":[{\"@type\":\"SearchAction\",\"target\":{\"@type\":\"EntryPoint\",\"urlTemplate\":\"https:\\\/\\\/dach.tdsynnex.com\\\/cloud\\\/de\\\/?s={search_term_string}\"},\"query-input\":{\"@type\":\"PropertyValueSpecification\",\"valueRequired\":true,\"valueName\":\"search_term_string\"}}],\"inLanguage\":\"de\"},{\"@type\":\"Organization\",\"@id\":\"https:\\\/\\\/dach.tdsynnex.com\\\/cloud\\\/de\\\/#organization\",\"name\":\"TD SYNNEX |\u00a0Cloud Solutions DE\",\"url\":\"https:\\\/\\\/dach.tdsynnex.com\\\/cloud\\\/de\\\/\",\"logo\":{\"@type\":\"ImageObject\",\"inLanguage\":\"de\",\"@id\":\"https:\\\/\\\/dach.tdsynnex.com\\\/cloud\\\/de\\\/#\\\/schema\\\/logo\\\/image\\\/\",\"url\":\"https:\\\/\\\/dach.tdsynnex.com\\\/cloud\\\/de\\\/wp-content\\\/uploads\\\/sites\\\/2\\\/2025\\\/07\\\/TD-SYNNEX_fav.png\",\"contentUrl\":\"https:\\\/\\\/dach.tdsynnex.com\\\/cloud\\\/de\\\/wp-content\\\/uploads\\\/sites\\\/2\\\/2025\\\/07\\\/TD-SYNNEX_fav.png\",\"width\":512,\"height\":512,\"caption\":\"TD SYNNEX |\u00a0Cloud Solutions DE\"},\"image\":{\"@id\":\"https:\\\/\\\/dach.tdsynnex.com\\\/cloud\\\/de\\\/#\\\/schema\\\/logo\\\/image\\\/\"}}]}<\/script>\n<!-- \/ Yoast SEO plugin. -->","yoast_head_json":{"title":"Teams - TD SYNNEX |\u00a0Cloud Solutions DE","robots":{"index":"index","follow":"follow","max-snippet":"max-snippet:-1","max-image-preview":"max-image-preview:large","max-video-preview":"max-video-preview:-1"},"canonical":"https:\/\/dach.tdsynnex.com\/cloud\/de\/microsoft-cloud-solutions\/modern-workplace\/teams\/","og_locale":"de_DE","og_type":"article","og_title":"Teams - TD SYNNEX |\u00a0Cloud Solutions DE","og_url":"https:\/\/dach.tdsynnex.com\/cloud\/de\/microsoft-cloud-solutions\/modern-workplace\/teams\/","og_site_name":"TD SYNNEX |\u00a0Cloud Solutions DE","article_modified_time":"2025-08-18T14:46:08+00:00","twitter_card":"summary_large_image","schema":{"@context":"https:\/\/schema.org","@graph":[{"@type":"WebPage","@id":"https:\/\/dach.tdsynnex.com\/cloud\/de\/microsoft-cloud-solutions\/modern-workplace\/teams\/","url":"https:\/\/dach.tdsynnex.com\/cloud\/de\/microsoft-cloud-solutions\/modern-workplace\/teams\/","name":"Teams - TD SYNNEX |\u00a0Cloud Solutions DE","isPartOf":{"@id":"https:\/\/dach.tdsynnex.com\/cloud\/de\/#website"},"datePublished":"2025-07-23T12:16:56+00:00","dateModified":"2025-08-18T14:46:08+00:00","breadcrumb":{"@id":"https:\/\/dach.tdsynnex.com\/cloud\/de\/microsoft-cloud-solutions\/modern-workplace\/teams\/#breadcrumb"},"inLanguage":"de","potentialAction":[{"@type":"ReadAction","target":["https:\/\/dach.tdsynnex.com\/cloud\/de\/microsoft-cloud-solutions\/modern-workplace\/teams\/"]}]},{"@type":"BreadcrumbList","@id":"https:\/\/dach.tdsynnex.com\/cloud\/de\/microsoft-cloud-solutions\/modern-workplace\/teams\/#breadcrumb","itemListElement":[{"@type":"ListItem","position":1,"name":"Home","item":"https:\/\/dach.tdsynnex.com\/cloud\/de\/"},{"@type":"ListItem","position":2,"name":"Microsoft Cloud Solutions","item":"https:\/\/dach.tdsynnex.com\/cloud\/de\/microsoft-cloud-solutions\/"},{"@type":"ListItem","position":3,"name":"Modern Workplace","item":"https:\/\/dach.tdsynnex.com\/cloud\/de\/microsoft-cloud-solutions\/modern-workplace\/"},{"@type":"ListItem","position":4,"name":"Teams"}]},{"@type":"WebSite","@id":"https:\/\/dach.tdsynnex.com\/cloud\/de\/#website","url":"https:\/\/dach.tdsynnex.com\/cloud\/de\/","name":"TD SYNNEX |\u00a0Cloud Solutions DE","description":"","publisher":{"@id":"https:\/\/dach.tdsynnex.com\/cloud\/de\/#organization"},"potentialAction":[{"@type":"SearchAction","target":{"@type":"EntryPoint","urlTemplate":"https:\/\/dach.tdsynnex.com\/cloud\/de\/?s={search_term_string}"},"query-input":{"@type":"PropertyValueSpecification","valueRequired":true,"valueName":"search_term_string"}}],"inLanguage":"de"},{"@type":"Organization","@id":"https:\/\/dach.tdsynnex.com\/cloud\/de\/#organization","name":"TD SYNNEX |\u00a0Cloud Solutions DE","url":"https:\/\/dach.tdsynnex.com\/cloud\/de\/","logo":{"@type":"ImageObject","inLanguage":"de","@id":"https:\/\/dach.tdsynnex.com\/cloud\/de\/#\/schema\/logo\/image\/","url":"https:\/\/dach.tdsynnex.com\/cloud\/de\/wp-content\/uploads\/sites\/2\/2025\/07\/TD-SYNNEX_fav.png","contentUrl":"https:\/\/dach.tdsynnex.com\/cloud\/de\/wp-content\/uploads\/sites\/2\/2025\/07\/TD-SYNNEX_fav.png","width":512,"height":512,"caption":"TD SYNNEX |\u00a0Cloud Solutions DE"},"image":{"@id":"https:\/\/dach.tdsynnex.com\/cloud\/de\/#\/schema\/logo\/image\/"}}]}},"_links":{"self":[{"href":"https:\/\/dach.tdsynnex.com\/cloud\/de\/wp-json\/wp\/v2\/pages\/1015","targetHints":{"allow":["GET"]}}],"collection":[{"href":"https:\/\/dach.tdsynnex.com\/cloud\/de\/wp-json\/wp\/v2\/pages"}],"about":[{"href":"https:\/\/dach.tdsynnex.com\/cloud\/de\/wp-json\/wp\/v2\/types\/page"}],"author":[{"embeddable":true,"href":"https:\/\/dach.tdsynnex.com\/cloud\/de\/wp-json\/wp\/v2\/users\/4"}],"replies":[{"embeddable":true,"href":"https:\/\/dach.tdsynnex.com\/cloud\/de\/wp-json\/wp\/v2\/comments?post=1015"}],"version-history":[{"count":4,"href":"https:\/\/dach.tdsynnex.com\/cloud\/de\/wp-json\/wp\/v2\/pages\/1015\/revisions"}],"predecessor-version":[{"id":1943,"href":"https:\/\/dach.tdsynnex.com\/cloud\/de\/wp-json\/wp\/v2\/pages\/1015\/revisions\/1943"}],"up":[{"embeddable":true,"href":"https:\/\/dach.tdsynnex.com\/cloud\/de\/wp-json\/wp\/v2\/pages\/411"}],"wp:attachment":[{"href":"https:\/\/dach.tdsynnex.com\/cloud\/de\/wp-json\/wp\/v2\/media?parent=1015"}],"curies":[{"name":"wp","href":"https:\/\/api.w.org\/{rel}","templated":true}]}}