{"id":1089,"date":"2025-07-24T11:01:40","date_gmt":"2025-07-24T09:01:40","guid":{"rendered":"https:\/\/dach.tdsynnex.com\/cloud\/de\/?page_id=1089"},"modified":"2025-08-18T16:57:50","modified_gmt":"2025-08-18T14:57:50","slug":"compliance-and-governance","status":"publish","type":"page","link":"https:\/\/dach.tdsynnex.com\/cloud\/de\/microsoft-cloud-solutions\/security\/compliance-and-governance\/","title":{"rendered":"Compliance &amp; Governance"},"content":{"rendered":"\n\n<section class=\"tds-cloud-block tds-hero bg bg-teal clr-white bg-center\"   style=\"background-image: url(https:\/\/dach.tdsynnex.com\/cloud\/de\/wp-content\/uploads\/sites\/2\/2025\/08\/Header_Background_1.png);\">\n  <div class=\"uk-container uk-container-xlarge\">\n    <div class=\"uk-grid uk-flex-between shc\">\n      <div class=\"uk-width-4-5@m uk-width-1-1\">\n                <h1>(NIS2) Richtlinie zur Netz- und Informationssicherheit<\/h1>\n<p>Die NIS2-Richtlinie ist die verbindliche EU-Cybersicherheitsrichtlinie mit neuen Pflichten f\u00fcr Unternehmen in kritischen Bereichen wie Energie, Verkehr, Banken und Gesundheit. Sie tritt im Oktober 2024 in Kraft.<\/p>\n<p><a class=\"btn btn-white\" href=\"https:\/\/dach.tdsynnex.com\/cloud\/de\/kontakt\/\">Jetzt Cloud Partner werden<\/a><\/p>\n      <\/div>\n      <div class=\"uk-width-1-5@m uk-width-1-1 logoGrid uk-flex-last@m uk-flex-first\">\n                    <img decoding=\"async\" src=\"https:\/\/dach.tdsynnex.com\/cloud\/de\/wp-content\/uploads\/sites\/2\/2025\/06\/logo-msft-solutions-partner.svg\" alt=\"\">\n              <\/div>\n    <\/div>\n  <\/div>\n<\/section>\n\n<section class=\"tds-cloud-block tds-text-image bg bg-green clr-white bg-center\"  >\n  <div class=\"uk-container uk-container-xlarge\">\n    <div class=\"uk-grid uk-grid-large uk-child-width-1-2 uk-flex-middle\">\n      <div class=\"uk-width-1-2@m uk-width-1-1 \">\n        <h2>Lassen Sie uns jetzt gemeinsam handeln<\/h2>\n<p>NIS2 bietet Microsoft-Partnern die Chance, Kunden beim Aufbau einer soliden Cybersicherheitsbasis zu unterst\u00fctzen und NIS2-Anforderungen zu erf\u00fcllen.<\/p>\n<p>Microsoft Security-L\u00f6sungen helfen Organisationen bei der Risikoverwaltung und dem Schutz vor Cyberangriffen. Der TD SYNNEX Managed SOC Service ist ein kosteng\u00fcnstiger Service f\u00fcr KMUs, der Sicherheitsvorf\u00e4lle rund um die Uhr \u00fcberwacht, analysiert und behebt.<\/p>\n<p>Bei Fragen zu NIS2, Microsoft-L\u00f6sungen und TD SYNNEX SOC as a Service wenden Sie sich an unser Microsoft Cloud Solution Team.<\/p>\n<p><a class=\"btn btn-white\" href=\"https:\/\/dach.tdsynnex.com\/cloud\/de\/kontakt\/\">Jetzt Kontakt aufnehmen<\/a><\/p>\n      <\/div>\n      <div class=\"uk-width-1-2@m uk-width-1-1 uk-flex-last\">\n                  <img decoding=\"async\" src=\"https:\/\/dach.tdsynnex.com\/cloud\/de\/wp-content\/uploads\/sites\/2\/2025\/08\/img-cg-1.png\" alt=\"\" class=\"img-circle img-border img-border-teal\">\n                <\/div>\n    <\/div>\n  <\/div>\n<\/section>\n\n<section class=\"tds-cloud-block tds-text-image bg bg-white clr-coolgray10 bg-center\"  >\n  <div class=\"uk-container uk-container-xlarge\">\n    <div class=\"uk-grid uk-grid-large uk-child-width-1-2 uk-flex-middle\">\n      <div class=\"uk-width-1-2@m uk-width-1-1 \">\n        <h2><span style=\"color: #005758;\"><strong>Microsoft Security-L\u00f6sungen <\/strong><br \/>\nf\u00fcr NIS2-Anforderungen<\/span><\/h2>\n<p>NIS2 erg\u00e4nzt bestehende Rechtsvorschriften um neue Anforderungen: Risikomanagement, zeitnahe Vorfallsmeldung, Lieferkettenpr\u00fcfung und vollst\u00e4ndiges Inventar digitaler Ressourcen.<\/p>\n<p>Microsoft Security-L\u00f6sungen basieren auf Zero-Trust-Prinzipien und unterst\u00fctzen NIS2-Konformit\u00e4t durch soliden Schutz der gesamten Angriffsfl\u00e4che. Wirksamer Schutz erfordert die richtigen SIEM- und XDR-Systeme. Microsoft bietet einen vollst\u00e4ndig integrierten Sicherheitsansatz mit optimierter Bedrohungsuntersuchung und -reaktion.<\/p>\n<p><strong>Die wichtigsten Microsoft Security-L\u00f6sungen:<\/strong><\/p>\n      <\/div>\n      <div class=\"uk-width-1-2@m uk-width-1-1 uk-flex-last\">\n                  <img decoding=\"async\" src=\"https:\/\/dach.tdsynnex.com\/cloud\/de\/wp-content\/uploads\/sites\/2\/2025\/07\/img-cg-2.png\" alt=\"\" class=\"img-rectangle\">\n                <\/div>\n    <\/div>\n  <\/div>\n<\/section>\n\n\n<section class=\"tds-cloud-block tds-accordion bg bg-purple clr-white bg-center\"   style=\"background-image: url(https:\/\/dach.tdsynnex.com\/cloud\/de\/wp-content\/uploads\/sites\/2\/2025\/08\/background-plum-3.png);\">\n  <div class=\"uk-container\">\n          <div class=\"uk-margin-large-bottom\">\n        <h2 style=\"text-align: center;\">Was ist NIS2 und f\u00fcr welche Branchen ist es verpflichtend?<\/h2>\n      <\/div>\n        <ul uk-accordion>\n              <li>\n          <a class=\"uk-accordion-title\" href>Was ist NIS2?<\/a>\n          <div class=\"uk-accordion-content\"><p>Die NIS2-Richtlinie ist eine \u00dcberarbeitung der urspr\u00fcnglichen NIS-Richtlinie von 2016 zur St\u00e4rkung der EU-Cybersicherheit durch versch\u00e4rfte und harmonisierte Anforderungen.<\/p>\n<p><strong>Wichtigste Punkte zu NIS2:<\/strong><\/p>\n<ul>\n<li><strong>Erweiterter Anwendungsbereich:<\/strong> Umfasst mehr Sektoren wie \u00f6ffentliche Verwaltungen, Lebensmittelproduktion und Cloud-Dienste.<\/li>\n<li><strong>H\u00f6here Sicherheitsanforderungen:<\/strong> Strengere technische und organisatorische Schutzma\u00dfnahmen f\u00fcr Netzwerke und Informationssysteme.<\/li>\n<li><strong>Meldepflichten:<\/strong> Schnellere und detailliertere Meldung schwerwiegender Sicherheitsvorf\u00e4lle.<\/li>\n<li><strong>EU-Harmonisierung:<\/strong> Einheitlichere Anwendung der Cybersicherheitsregeln in allen Mitgliedstaaten.<\/li>\n<li><strong>Strengere Aufsicht:<\/strong> Erweiterte Befugnisse der Beh\u00f6rden mit hohen Sanktionen bei Verst\u00f6\u00dfen.<\/li>\n<li><strong>F\u00fchrungsverantwortung:<\/strong> Klarere Verantwortlichkeiten und pers\u00f6nliche Haftung der Unternehmensf\u00fchrung.<\/li>\n<\/ul>\n<\/div>\n        <\/li>\n              <li>\n          <a class=\"uk-accordion-title\" href>Ab wann gilt NIS2?<\/a>\n          <div class=\"uk-accordion-content\"><p>Die NIS2-Richtlinie wurde am 27. Dezember 2022 offiziell im Amtsblatt der Europ\u00e4ischen Union ver\u00f6ffentlicht und ist 20 Tage sp\u00e4ter, also Mitte Januar 2023, in Kraft getreten. Die Mitgliedstaaten der EU haben bis zum 17. Oktober 2024 Zeit, die Richtlinie in nationales Recht umzusetzen.<\/p>\n<p>Das bedeutet, dass die NIS2-Richtlinie ab dem <strong>18. Oktober 2024<\/strong> in allen EU-Mitgliedstaaten gelten wird. Ab diesem Datum m\u00fcssen die betroffenen Unternehmen und Organisationen die Anforderungen der Richtlinie erf\u00fcllen. Die nationale Gesetzgebung in den einzelnen Mitgliedstaaten wird dabei konkret festlegen, wie die Richtlinie im jeweiligen Land umgesetzt wird.<\/p>\n<\/div>\n        <\/li>\n              <li>\n          <a class=\"uk-accordion-title\" href>F\u00fcr wen gilt NIS2?<\/a>\n          <div class=\"uk-accordion-content\"><p>Die <strong>NIS2-Richtlinie<\/strong> erweitert den Anwendungsbereich der urspr\u00fcnglichen NIS-Richtlinie erheblich und umfasst eine gr\u00f6\u00dfere Anzahl von Sektoren und Branchen. Diese sind in zwei Hauptkategorien unterteilt: wesentliche und wichtige Sektoren.<\/p>\n<p>Betroffen sind\u00a0<b>Unternehmen<\/b>, die in einen von 18 definierten Sektoren t\u00e4tig sind und eine Gr\u00f6\u00dfe von mehr als 50 bzw. 250 Mitarbeitern haben oder einen Umsatz von mehr als 10 Millionen Euro j\u00e4hrlich erwirtschaften.<\/p>\n<h3>Wesentliche Sektoren:<\/h3>\n<p>F\u00fcr diese Sektoren gelten besonders strenge Anforderungen, da sie als kritisch f\u00fcr das Funktionieren der Gesellschaft und die Wirtschaft angesehen werden:<\/p>\n<ol>\n<li><strong>Energie<\/strong>:\n<ul>\n<li>Stromerzeugung, \u00dcbertragung und Verteilung<\/li>\n<li>Erd\u00f6l- und Erdgassysteme<\/li>\n<\/ul>\n<\/li>\n<li><strong>Verkehr<\/strong>:\n<ul>\n<li>Luftverkehr<\/li>\n<li>Eisenbahnverkehr<\/li>\n<li>Stra\u00dfenverkehr<\/li>\n<li>Schifffahrt und Binnenschifffahrt<\/li>\n<\/ul>\n<\/li>\n<li><strong>Bankwesen<\/strong>:\n<ul>\n<li>Finanzinstitute<\/li>\n<\/ul>\n<\/li>\n<li><strong>Finanzmarktinfrastrukturen<\/strong>:\n<ul>\n<li>B\u00f6rsen, Clearing- und Abwicklungssysteme<\/li>\n<\/ul>\n<\/li>\n<li><strong>Gesundheitswesen<\/strong>:\n<ul>\n<li>Krankenh\u00e4user und andere medizinische Einrichtungen<\/li>\n<li>Lieferanten von medizinischen Ger\u00e4ten und Medikamenten<\/li>\n<\/ul>\n<\/li>\n<li><strong>Trinkwasserversorgung und -verteilung<\/strong><\/li>\n<li><strong>Digitale Infrastruktur<\/strong>:\n<ul>\n<li>Internetknotenpunkte<\/li>\n<li>Domain Name System (DNS)-Dienste<\/li>\n<li>Cloud-Computing-Dienste<\/li>\n<li>Rechenzentren<\/li>\n<\/ul>\n<\/li>\n<\/ol>\n<h3>Wichtige Sektoren:<\/h3>\n<p>Diese Sektoren sind ebenfalls von gro\u00dfer Bedeutung, jedoch sind die Anforderungen hier etwas weniger streng als in den wesentlichen Sektoren:<\/p>\n<ol>\n<li><strong>Post- und Kurierdienste<\/strong><\/li>\n<li><strong>Abfallwirtschaft<\/strong>:\n<ul>\n<li>Entsorgung und Recycling<\/li>\n<\/ul>\n<\/li>\n<li><strong>Chemikalien<\/strong>:\n<ul>\n<li>Herstellung und Vertrieb gef\u00e4hrlicher Chemikalien<\/li>\n<\/ul>\n<\/li>\n<li><strong>Lebensmittelproduktion und -vertrieb<\/strong><\/li>\n<li><strong>Herstellung kritischer Produkte<\/strong>:\n<ul>\n<li>Elektronische Produkte, Maschinen, Fahrzeuge, chemische Produkte, Pharmazeutika<\/li>\n<\/ul>\n<\/li>\n<li><strong>Digitale Dienste<\/strong>:\n<ul>\n<li>Online-Marktpl\u00e4tze<\/li>\n<li>Online-Suchmaschinen<\/li>\n<li>Social-Media-Plattformen<\/li>\n<\/ul>\n<\/li>\n<li><strong>\u00d6ffentliche Verwaltungen<\/strong>:\n<ul>\n<li>Staatliche Institutionen und Beh\u00f6rden<\/li>\n<\/ul>\n<\/li>\n<\/ol>\n<\/div>\n        <\/li>\n              <li>\n          <a class=\"uk-accordion-title\" href>Weitere Informationen<\/a>\n          <div class=\"uk-accordion-content\"><p>Weitere Informationen finden Sie direkt auf der Website des Europ\u00e4ische Kommission:<\/p>\n<p><a href=\"https:\/\/digital-strategy.ec.europa.eu\/de\/policies\/nis2-directive\">Richtlinie \u00fcber Ma\u00dfnahmen f\u00fcr ein hohes gemeinsames Cybersicherheitsniveau in der gesamten Union (NIS2-Richtlinie) | Gestaltung der digitalen Zukunft Europas<\/a><\/p>\n<\/div>\n        <\/li>\n          <\/ul>\n      <\/div>\n<\/section>\n\n\n<section class=\"tds-cloud-block tds-text-cards bg bg-white clr-coolgray10 bg-center\"  >\n  <div class=\"uk-container uk-container-xlarge\">\n          <div class=\"uk-margin-large-bottom\">\n        <h2 style=\"text-align: center;\"><span style=\"color: #005758;\">Machen Sie sich bereit f\u00fcr NIS2!<\/span><\/h2>\n      <\/div>\n              <div class=\"uk-grid uk-child-width-1-2@m uk-child-width-1-2@s uk-child-width-1-1\" uk-height-match=\"target: .text-card\">\n                  <div>\n            <div class=\"text-card bg-white border-teal\">\n                            <div class=\"text-wrapper\">\n                <h3><span style=\"color: #005758;\">Sicherheit greifbar gemacht!<\/span><\/h3>\n<p>In diesem Webcast erfahren Sie, wie Sie Ihre Cloud-Umgebung mit Microsoft Security Diensten sch\u00fctzen und \u00fcberwachen k\u00f6nnen. Sie lernen, wie Sie Azure Arc Sandbox, Azure SQL Defender, Azure Sentinel nutzen k\u00f6nnen, um Ihre Sicherheitsdaten zu sammeln, zu analysieren und zu reagieren.<\/p>\n              <\/div>\n                              <div class=\"button-wrapper\">\n                  <a href=\"https:\/\/tdsynnex.cloudchampion.de\/c\/sicherheit-greifbar-gemacht\" target=\"_blank\" class=\"btn btn-teal\">Aufzeichnung ansehen<\/a>\n                <\/div>\n                          <\/div>\n          <\/div>\n                  <div>\n            <div class=\"text-card bg-white border-teal\">\n                            <div class=\"text-wrapper\">\n                <h3><span style=\"color: #005758;\">Bereit f\u00fcr NIS2? Wie Microsoft und TD SYNNEX Ihnen helfen<\/span><\/h3>\n<p>In diesem Webcast erfahren Sie, wie Sie von Microsoft Sicherheitsl\u00f6sungen und dem TD SYNNEX Managed SOC Service profitieren. Microsoft bietet eine integrierte Plattform f\u00fcr Cloud- und On-Premise-Schutz, w\u00e4hrend TD SYNNEX einen kosteng\u00fcnstigen 24\/7-Service f\u00fcr KMUs zur \u00dcberwachung, Analyse und Behebung von Sicherheitsvorf\u00e4llen bietet.<\/p>\n              <\/div>\n                              <div class=\"button-wrapper\">\n                  <a href=\"https:\/\/tdsynnex.cloudchampion.de\/c\/bereit-fur-nis2-jaein-wie-microsoft-und-td-synnex-ihnen-helfen-konnen\" target=\"_blank\" class=\"btn btn-teal\">Aufzeichnung ansehen<\/a>\n                <\/div>\n                          <\/div>\n          <\/div>\n              <\/div>\n          <\/div>\n<\/section>\n\n<section class=\"tds-cloud-block tds-text-image bg bg-lightgray clr-coolgray10 bg-center\"  >\n  <div class=\"uk-container uk-container-xlarge\">\n    <div class=\"uk-grid uk-grid-large uk-child-width-1-2 uk-flex-middle\">\n      <div class=\"uk-width-1-2@m uk-width-1-1  uk-flex-last@m uk-flex-first\">\n        <h2><span style=\"color: #005758;\"><strong>Microsoft Assets <\/strong><br \/>\nCampaign in a Box<\/span><\/h2>\n<p>Mit dieser anpassbaren Kampagne machen Sie Ihre Dienste bekannt, gewinnen Leads und zeigen Microsoft Sicherheitsl\u00f6sungen. Jetzt herunterladen und starten!<\/p>\n<ul>\n<li>Campaign In A Box Leitfaden zur Durchf\u00fchrung<\/li>\n<li>Microsoft NIS2 Leitfaden<\/li>\n<li>Infographic St\u00e4rkung Ihrer Cybersicherheits Strategie als Vorbereitung auf NIS2<\/li>\n<li>Infographic \u2013 Starke Datensicherheitsstrategie bereit f\u00fcr NIS2<\/li>\n<li>Web Banner 1 (200\u00d7200)<\/li>\n<li>Web Banner 2 (200\u00d7200)<\/li>\n<li>Social Media Ad 1<\/li>\n<li>Social Media Ad 2<\/li>\n<li>Social Media Ad 3<\/li>\n<\/ul>\n      <\/div>\n      <div class=\"uk-width-1-2@m uk-width-1-1  uk-flex-first@m uk-flex-last\">\n                  <img decoding=\"async\" src=\"https:\/\/dach.tdsynnex.com\/cloud\/de\/wp-content\/uploads\/sites\/2\/2025\/08\/img-cg-3.png\" alt=\"\" class=\"img-circle img-border img-border-gray\">\n                <\/div>\n    <\/div>\n  <\/div>\n<\/section>\n\n\n<section class=\"tds-cloud-block tds-text bg bg-white clr-coolgray10 bg-center\"  >\n  <div class=\"uk-container uk-container-xlarge\">\n    <h2><span style=\"color: #005758;\">TD SYNNEX Managed SOC as-a-Service<\/span><\/h2>\n<p>Ein Security Operations Center (SOC) ist zentral f\u00fcr die fr\u00fchzeitige Erkennung von IT-Sicherheitsbedrohungen und Compliance-Gew\u00e4hrleistung. Es \u00fcberwacht die IT-Umgebung rund um die Uhr und ergreift pr\u00e4ventive Ma\u00dfnahmen.<\/p>\n<p><strong>Kernfunktionen:<\/strong><\/p>\n<ul>\n<li>Erkennung von IT-Anomalien<\/li>\n<li>Alarmierung bei kritischen Ereignissen<\/li>\n<li>Einleitung von Gegenma\u00dfnahmen<\/li>\n<\/ul>\n<p>Ein effektives SOC erfasst Cyberangriffe, Systemkompromittierungen, Insider-Bedrohungen und Leistungsabf\u00e4lle. Erfolgreicher Betrieb erfordert erfahrene Sicherheitsspezialisten.<br \/>\nDas TD SYNNEX Cyber Security Center nutzt fortschrittliche Microsoft-Technologien f\u00fcr Monitoring und Sicherheit. Viele Bedrohungen werden automatisch neutralisiert, bei Bedarf erfolgt schnelle Eskalation mit konkreten L\u00f6sungsans\u00e4tzen.<\/p>\n<p><a class=\"btn btn-white\" href=\"#\">Mehr erfahren<\/a><\/p>\n  <\/div>\n<\/section>\n\n<section class=\"tds-cloud-block tds-contact bg bg-green clr-white bg-center\"  id=\"contact\" >\n  <div class=\"uk-container uk-container-xlarge\">\n    <div class=\"uk-grid uk-grid-large uk-flex-middle\">\n      <div class=\"uk-width-2-3@m uk-width-1-1 uk-margin-large-bottom\">\n        <h2><strong>Rufen Sie uns an oder schreiben Sie uns!<\/strong><br \/>\nWir sind jederzeit gerne f\u00fcr Sie da!<\/h2>\n        <h3>MICROSOFT CLOUD SOLUTIONS TEAM<\/h3>\n        <div class=\"contact-data\">\n                      <div>\n              <svg width=\"40\" height=\"40\">\n                <use xlink:href=\"https:\/\/dach.tdsynnex.com\/cloud\/de\/wp-content\/themes\/tds-cloud-2025\/assets\/img\/icons.svg#icon-mobile-light\"><\/use>\n              <\/svg>\n              <p>+49 89 4700 3020<\/p>\n            <\/div>\n                                <div>\n              <svg width=\"40\" height=\"40\">\n                <use xlink:href=\"https:\/\/dach.tdsynnex.com\/cloud\/de\/wp-content\/themes\/tds-cloud-2025\/assets\/img\/icons.svg#icon-envelope-light\"><\/use>\n              <\/svg>\n              <p>csp-microsoft.de@tdsynnex.com<\/p>\n            <\/div>\n                  <\/div>\n                  <a href=\"https:\/\/dach.tdsynnex.com\/cloud\/de\/kontakt\/\" class=\"btn btn-white\">Jetzt Kontakt aufnehmen<\/a>\n              <\/div>\n      <div class=\"uk-width-1-3@m uk-width-1-1\">\n                  <img decoding=\"async\" src=\"https:\/\/dach.tdsynnex.com\/cloud\/de\/wp-content\/uploads\/sites\/2\/2025\/08\/AdobeStock_627401533-e1754909154871.png\" alt=\"\" class=\"img-circle img-border img-border-teal\">\n              <\/div>\n    <\/div>\n  <\/div>\n<\/section>","protected":false},"excerpt":{"rendered":"","protected":false},"author":1,"featured_media":0,"parent":417,"menu_order":0,"comment_status":"closed","ping_status":"closed","template":"","meta":{"_acf_changed":false,"footnotes":""},"class_list":["post-1089","page","type-page","status-publish","hentry"],"acf":[],"yoast_head":"<!-- This site is optimized with the Yoast SEO plugin v27.4 - https:\/\/yoast.com\/product\/yoast-seo-wordpress\/ -->\n<title>Compliance &amp; Governance - TD SYNNEX |\u00a0Cloud Solutions DE<\/title>\n<meta name=\"robots\" content=\"index, follow, max-snippet:-1, max-image-preview:large, max-video-preview:-1\" \/>\n<link rel=\"canonical\" href=\"https:\/\/dach.tdsynnex.com\/cloud\/de\/microsoft-cloud-solutions\/security\/compliance-and-governance\/\" \/>\n<meta property=\"og:locale\" content=\"de_DE\" \/>\n<meta property=\"og:type\" content=\"article\" \/>\n<meta property=\"og:title\" content=\"Compliance &amp; Governance - TD SYNNEX |\u00a0Cloud Solutions DE\" \/>\n<meta property=\"og:url\" content=\"https:\/\/dach.tdsynnex.com\/cloud\/de\/microsoft-cloud-solutions\/security\/compliance-and-governance\/\" \/>\n<meta property=\"og:site_name\" content=\"TD SYNNEX |\u00a0Cloud Solutions DE\" \/>\n<meta property=\"article:modified_time\" content=\"2025-08-18T14:57:50+00:00\" \/>\n<meta name=\"twitter:card\" content=\"summary_large_image\" \/>\n<script type=\"application\/ld+json\" class=\"yoast-schema-graph\">{\"@context\":\"https:\\\/\\\/schema.org\",\"@graph\":[{\"@type\":\"WebPage\",\"@id\":\"https:\\\/\\\/dach.tdsynnex.com\\\/cloud\\\/de\\\/microsoft-cloud-solutions\\\/security\\\/compliance-and-governance\\\/\",\"url\":\"https:\\\/\\\/dach.tdsynnex.com\\\/cloud\\\/de\\\/microsoft-cloud-solutions\\\/security\\\/compliance-and-governance\\\/\",\"name\":\"Compliance &amp; Governance - TD SYNNEX |\u00a0Cloud Solutions DE\",\"isPartOf\":{\"@id\":\"https:\\\/\\\/dach.tdsynnex.com\\\/cloud\\\/de\\\/#website\"},\"datePublished\":\"2025-07-24T09:01:40+00:00\",\"dateModified\":\"2025-08-18T14:57:50+00:00\",\"breadcrumb\":{\"@id\":\"https:\\\/\\\/dach.tdsynnex.com\\\/cloud\\\/de\\\/microsoft-cloud-solutions\\\/security\\\/compliance-and-governance\\\/#breadcrumb\"},\"inLanguage\":\"de\",\"potentialAction\":[{\"@type\":\"ReadAction\",\"target\":[\"https:\\\/\\\/dach.tdsynnex.com\\\/cloud\\\/de\\\/microsoft-cloud-solutions\\\/security\\\/compliance-and-governance\\\/\"]}]},{\"@type\":\"BreadcrumbList\",\"@id\":\"https:\\\/\\\/dach.tdsynnex.com\\\/cloud\\\/de\\\/microsoft-cloud-solutions\\\/security\\\/compliance-and-governance\\\/#breadcrumb\",\"itemListElement\":[{\"@type\":\"ListItem\",\"position\":1,\"name\":\"Home\",\"item\":\"https:\\\/\\\/dach.tdsynnex.com\\\/cloud\\\/de\\\/\"},{\"@type\":\"ListItem\",\"position\":2,\"name\":\"Microsoft Cloud Solutions\",\"item\":\"https:\\\/\\\/dach.tdsynnex.com\\\/cloud\\\/de\\\/microsoft-cloud-solutions\\\/\"},{\"@type\":\"ListItem\",\"position\":3,\"name\":\"Security\",\"item\":\"https:\\\/\\\/dach.tdsynnex.com\\\/cloud\\\/de\\\/microsoft-cloud-solutions\\\/security\\\/\"},{\"@type\":\"ListItem\",\"position\":4,\"name\":\"Compliance &amp; Governance\"}]},{\"@type\":\"WebSite\",\"@id\":\"https:\\\/\\\/dach.tdsynnex.com\\\/cloud\\\/de\\\/#website\",\"url\":\"https:\\\/\\\/dach.tdsynnex.com\\\/cloud\\\/de\\\/\",\"name\":\"TD SYNNEX |\u00a0Cloud Solutions DE\",\"description\":\"\",\"publisher\":{\"@id\":\"https:\\\/\\\/dach.tdsynnex.com\\\/cloud\\\/de\\\/#organization\"},\"potentialAction\":[{\"@type\":\"SearchAction\",\"target\":{\"@type\":\"EntryPoint\",\"urlTemplate\":\"https:\\\/\\\/dach.tdsynnex.com\\\/cloud\\\/de\\\/?s={search_term_string}\"},\"query-input\":{\"@type\":\"PropertyValueSpecification\",\"valueRequired\":true,\"valueName\":\"search_term_string\"}}],\"inLanguage\":\"de\"},{\"@type\":\"Organization\",\"@id\":\"https:\\\/\\\/dach.tdsynnex.com\\\/cloud\\\/de\\\/#organization\",\"name\":\"TD SYNNEX |\u00a0Cloud Solutions DE\",\"url\":\"https:\\\/\\\/dach.tdsynnex.com\\\/cloud\\\/de\\\/\",\"logo\":{\"@type\":\"ImageObject\",\"inLanguage\":\"de\",\"@id\":\"https:\\\/\\\/dach.tdsynnex.com\\\/cloud\\\/de\\\/#\\\/schema\\\/logo\\\/image\\\/\",\"url\":\"https:\\\/\\\/dach.tdsynnex.com\\\/cloud\\\/de\\\/wp-content\\\/uploads\\\/sites\\\/2\\\/2025\\\/07\\\/TD-SYNNEX_fav.png\",\"contentUrl\":\"https:\\\/\\\/dach.tdsynnex.com\\\/cloud\\\/de\\\/wp-content\\\/uploads\\\/sites\\\/2\\\/2025\\\/07\\\/TD-SYNNEX_fav.png\",\"width\":512,\"height\":512,\"caption\":\"TD SYNNEX |\u00a0Cloud Solutions DE\"},\"image\":{\"@id\":\"https:\\\/\\\/dach.tdsynnex.com\\\/cloud\\\/de\\\/#\\\/schema\\\/logo\\\/image\\\/\"}}]}<\/script>\n<!-- \/ Yoast SEO plugin. -->","yoast_head_json":{"title":"Compliance &amp; Governance - TD SYNNEX |\u00a0Cloud Solutions DE","robots":{"index":"index","follow":"follow","max-snippet":"max-snippet:-1","max-image-preview":"max-image-preview:large","max-video-preview":"max-video-preview:-1"},"canonical":"https:\/\/dach.tdsynnex.com\/cloud\/de\/microsoft-cloud-solutions\/security\/compliance-and-governance\/","og_locale":"de_DE","og_type":"article","og_title":"Compliance &amp; Governance - TD SYNNEX |\u00a0Cloud Solutions DE","og_url":"https:\/\/dach.tdsynnex.com\/cloud\/de\/microsoft-cloud-solutions\/security\/compliance-and-governance\/","og_site_name":"TD SYNNEX |\u00a0Cloud Solutions DE","article_modified_time":"2025-08-18T14:57:50+00:00","twitter_card":"summary_large_image","schema":{"@context":"https:\/\/schema.org","@graph":[{"@type":"WebPage","@id":"https:\/\/dach.tdsynnex.com\/cloud\/de\/microsoft-cloud-solutions\/security\/compliance-and-governance\/","url":"https:\/\/dach.tdsynnex.com\/cloud\/de\/microsoft-cloud-solutions\/security\/compliance-and-governance\/","name":"Compliance &amp; Governance - TD SYNNEX |\u00a0Cloud Solutions DE","isPartOf":{"@id":"https:\/\/dach.tdsynnex.com\/cloud\/de\/#website"},"datePublished":"2025-07-24T09:01:40+00:00","dateModified":"2025-08-18T14:57:50+00:00","breadcrumb":{"@id":"https:\/\/dach.tdsynnex.com\/cloud\/de\/microsoft-cloud-solutions\/security\/compliance-and-governance\/#breadcrumb"},"inLanguage":"de","potentialAction":[{"@type":"ReadAction","target":["https:\/\/dach.tdsynnex.com\/cloud\/de\/microsoft-cloud-solutions\/security\/compliance-and-governance\/"]}]},{"@type":"BreadcrumbList","@id":"https:\/\/dach.tdsynnex.com\/cloud\/de\/microsoft-cloud-solutions\/security\/compliance-and-governance\/#breadcrumb","itemListElement":[{"@type":"ListItem","position":1,"name":"Home","item":"https:\/\/dach.tdsynnex.com\/cloud\/de\/"},{"@type":"ListItem","position":2,"name":"Microsoft Cloud Solutions","item":"https:\/\/dach.tdsynnex.com\/cloud\/de\/microsoft-cloud-solutions\/"},{"@type":"ListItem","position":3,"name":"Security","item":"https:\/\/dach.tdsynnex.com\/cloud\/de\/microsoft-cloud-solutions\/security\/"},{"@type":"ListItem","position":4,"name":"Compliance &amp; Governance"}]},{"@type":"WebSite","@id":"https:\/\/dach.tdsynnex.com\/cloud\/de\/#website","url":"https:\/\/dach.tdsynnex.com\/cloud\/de\/","name":"TD SYNNEX |\u00a0Cloud Solutions DE","description":"","publisher":{"@id":"https:\/\/dach.tdsynnex.com\/cloud\/de\/#organization"},"potentialAction":[{"@type":"SearchAction","target":{"@type":"EntryPoint","urlTemplate":"https:\/\/dach.tdsynnex.com\/cloud\/de\/?s={search_term_string}"},"query-input":{"@type":"PropertyValueSpecification","valueRequired":true,"valueName":"search_term_string"}}],"inLanguage":"de"},{"@type":"Organization","@id":"https:\/\/dach.tdsynnex.com\/cloud\/de\/#organization","name":"TD SYNNEX |\u00a0Cloud Solutions DE","url":"https:\/\/dach.tdsynnex.com\/cloud\/de\/","logo":{"@type":"ImageObject","inLanguage":"de","@id":"https:\/\/dach.tdsynnex.com\/cloud\/de\/#\/schema\/logo\/image\/","url":"https:\/\/dach.tdsynnex.com\/cloud\/de\/wp-content\/uploads\/sites\/2\/2025\/07\/TD-SYNNEX_fav.png","contentUrl":"https:\/\/dach.tdsynnex.com\/cloud\/de\/wp-content\/uploads\/sites\/2\/2025\/07\/TD-SYNNEX_fav.png","width":512,"height":512,"caption":"TD SYNNEX |\u00a0Cloud Solutions DE"},"image":{"@id":"https:\/\/dach.tdsynnex.com\/cloud\/de\/#\/schema\/logo\/image\/"}}]}},"_links":{"self":[{"href":"https:\/\/dach.tdsynnex.com\/cloud\/de\/wp-json\/wp\/v2\/pages\/1089","targetHints":{"allow":["GET"]}}],"collection":[{"href":"https:\/\/dach.tdsynnex.com\/cloud\/de\/wp-json\/wp\/v2\/pages"}],"about":[{"href":"https:\/\/dach.tdsynnex.com\/cloud\/de\/wp-json\/wp\/v2\/types\/page"}],"author":[{"embeddable":true,"href":"https:\/\/dach.tdsynnex.com\/cloud\/de\/wp-json\/wp\/v2\/users\/1"}],"replies":[{"embeddable":true,"href":"https:\/\/dach.tdsynnex.com\/cloud\/de\/wp-json\/wp\/v2\/comments?post=1089"}],"version-history":[{"count":3,"href":"https:\/\/dach.tdsynnex.com\/cloud\/de\/wp-json\/wp\/v2\/pages\/1089\/revisions"}],"predecessor-version":[{"id":1926,"href":"https:\/\/dach.tdsynnex.com\/cloud\/de\/wp-json\/wp\/v2\/pages\/1089\/revisions\/1926"}],"up":[{"embeddable":true,"href":"https:\/\/dach.tdsynnex.com\/cloud\/de\/wp-json\/wp\/v2\/pages\/417"}],"wp:attachment":[{"href":"https:\/\/dach.tdsynnex.com\/cloud\/de\/wp-json\/wp\/v2\/media?parent=1089"}],"curies":[{"name":"wp","href":"https:\/\/api.w.org\/{rel}","templated":true}]}}