{"id":519,"date":"2025-07-15T14:34:38","date_gmt":"2025-07-15T12:34:38","guid":{"rendered":"https:\/\/dach.tdsynnex.com\/cloud\/de\/?page_id=519"},"modified":"2025-10-07T18:02:24","modified_gmt":"2025-10-07T16:02:24","slug":"news","status":"publish","type":"page","link":"https:\/\/dach.tdsynnex.com\/cloud\/de\/news\/","title":{"rendered":"News"},"content":{"rendered":"\n\n<section class=\"tds-cloud-block tds-hero bg bg-teal clr-white bg-center\"   style=\"background-image: url(https:\/\/dach.tdsynnex.com\/cloud\/de\/wp-content\/uploads\/sites\/2\/2025\/08\/Header_Background_3.png);\">\n  <div class=\"uk-container uk-container-xlarge\">\n    <div class=\"uk-grid uk-flex-between shc\">\n      <div class=\"uk-width-4-5@m uk-width-1-1\">\n                <h1>Aktuelle News aus dem Cloud Bereich<\/h1>\n<p>Die Cloud-Landschaft entwickelt sich rasant. Bleiben Sie mit den neuesten Entwicklungen auf dem Laufenden.<\/p>\n<p><a class=\"btn btn-white\" href=\"https:\/\/dach.tdsynnex.com\/cloud\/de\/kontakt\/\">Jetzt Cloud Partner werden<\/a><\/p>\n      <\/div>\n      <div class=\"uk-width-1-5@m uk-width-1-1 logoGrid uk-flex-last@m uk-flex-first\">\n              <\/div>\n    <\/div>\n  <\/div>\n<\/section>\n\n<section class=\"tds-cloud-block tds-text-image bg bg-green clr-white bg-center\"  >\n  <div class=\"uk-container uk-container-xlarge\">\n    <div class=\"uk-grid uk-grid-large uk-child-width-1-2 uk-flex-middle\">\n      <div class=\"uk-width-1-2@m uk-width-1-1 \">\n        <h2 class=\"text-xl font-bold text-text-100 mt-1 -mb-0.5\"><strong>Cloud-News<\/strong><br \/>\nWissen, was wichtig wird<\/h2>\n<p class=\"whitespace-normal break-words\">Die Cloud-Branche ver\u00e4ndert sich t\u00e4glich \u2013 neue Services, Updates und strategische Entscheidungen pr\u00e4gen den Markt. Hier finden Sie alle relevanten Entwicklungen \u00fcbersichtlich aufbereitet. Von Produktank\u00fcndigungen \u00fcber Sicherheitsupdates bis hin zu Marktanalysen: Nutzen Sie dieses Wissen f\u00fcr fundierte Entscheidungen.<\/p>\n<p class=\"whitespace-normal break-words\"><a class=\"btn btn-white\" href=\"https:\/\/dach.tdsynnex.com\/cloud\/de\/kontakt\/\" target=\"_blank\" rel=\"noopener\">Jetzt Kontakt aufnehmen<\/a><\/p>\n      <\/div>\n      <div class=\"uk-width-1-2@m uk-width-1-1 uk-flex-last\">\n                  <img decoding=\"async\" src=\"https:\/\/dach.tdsynnex.com\/cloud\/de\/wp-content\/uploads\/sites\/2\/2025\/08\/img-news.png\" alt=\"\" class=\"img-circle img-border img-border-teal\">\n                <\/div>\n    <\/div>\n  <\/div>\n<\/section>\n\n\n<section class=\"tds-cloud-block tds-news-listing bg bg-white clr-black bg-center\"  >\n  <div class=\"uk-container uk-container-xlarge\">\n    <div id=\"news-listing\"><\/div>\n  <\/div>\n<\/section>\n\n<section class=\"tds-cloud-block tds-contact bg bg-green clr-white bg-center\"  id=\"contact\" >\n  <div class=\"uk-container uk-container-xlarge\">\n    <div class=\"uk-grid uk-grid-large uk-flex-middle\">\n      <div class=\"uk-width-2-3@m uk-width-1-1 uk-margin-large-bottom\">\n        <h2><strong>Rufen Sie uns an oder schreiben Sie uns!<\/strong><br \/>\nWir sind jederzeit gerne f\u00fcr Sie da!<\/h2>\n        <h3>TD SYNNEX CLOUD TEAM<\/h3>\n        <div class=\"contact-data\">\n                      <div>\n              <svg width=\"40\" height=\"40\">\n                <use xlink:href=\"https:\/\/dach.tdsynnex.com\/cloud\/de\/wp-content\/themes\/tds-cloud-2025\/assets\/img\/icons.svg#icon-mobile-light\"><\/use>\n              <\/svg>\n              <p>+49 89 4700 3020<\/p>\n            <\/div>\n                                <div>\n              <svg width=\"40\" height=\"40\">\n                <use xlink:href=\"https:\/\/dach.tdsynnex.com\/cloud\/de\/wp-content\/themes\/tds-cloud-2025\/assets\/img\/icons.svg#icon-envelope-light\"><\/use>\n              <\/svg>\n              <p>cloud.de@tdsynnex.com<\/p>\n            <\/div>\n                  <\/div>\n                  <a href=\"https:\/\/dach.tdsynnex.com\/cloud\/de\/kontakt\/\" class=\"btn btn-white\">Jetzt Kontakt aufnehmen<\/a>\n              <\/div>\n      <div class=\"uk-width-1-3@m uk-width-1-1\">\n                  <img decoding=\"async\" src=\"https:\/\/dach.tdsynnex.com\/cloud\/de\/wp-content\/uploads\/sites\/2\/2025\/08\/AdobeStock_627401533-e1754909154871.png\" alt=\"\" class=\"img-circle img-border img-border-teal\">\n              <\/div>\n    <\/div>\n  <\/div>\n<\/section>","protected":false},"excerpt":{"rendered":"","protected":false},"author":1,"featured_media":0,"parent":0,"menu_order":0,"comment_status":"closed","ping_status":"closed","template":"","meta":{"_acf_changed":false,"footnotes":""},"class_list":["post-519","page","type-page","status-publish","hentry"],"acf":[],"yoast_head":"<!-- This site is optimized with the Yoast SEO plugin v27.4 - https:\/\/yoast.com\/product\/yoast-seo-wordpress\/ -->\n<title>News - TD SYNNEX |\u00a0Cloud Solutions DE<\/title>\n<meta name=\"robots\" content=\"index, follow, max-snippet:-1, max-image-preview:large, max-video-preview:-1\" \/>\n<link rel=\"canonical\" href=\"https:\/\/dach.tdsynnex.com\/cloud\/de\/news\/\" \/>\n<meta property=\"og:locale\" content=\"de_DE\" \/>\n<meta property=\"og:type\" content=\"article\" \/>\n<meta property=\"og:title\" content=\"News - TD SYNNEX |\u00a0Cloud Solutions DE\" \/>\n<meta property=\"og:url\" content=\"https:\/\/dach.tdsynnex.com\/cloud\/de\/news\/\" \/>\n<meta property=\"og:site_name\" content=\"TD SYNNEX |\u00a0Cloud Solutions DE\" \/>\n<meta property=\"article:modified_time\" content=\"2025-10-07T16:02:24+00:00\" \/>\n<meta name=\"twitter:card\" content=\"summary_large_image\" \/>\n<script type=\"application\/ld+json\" class=\"yoast-schema-graph\">{\"@context\":\"https:\\\/\\\/schema.org\",\"@graph\":[{\"@type\":\"WebPage\",\"@id\":\"https:\\\/\\\/dach.tdsynnex.com\\\/cloud\\\/de\\\/news\\\/\",\"url\":\"https:\\\/\\\/dach.tdsynnex.com\\\/cloud\\\/de\\\/news\\\/\",\"name\":\"News - TD SYNNEX |\u00a0Cloud Solutions DE\",\"isPartOf\":{\"@id\":\"https:\\\/\\\/dach.tdsynnex.com\\\/cloud\\\/de\\\/#website\"},\"datePublished\":\"2025-07-15T12:34:38+00:00\",\"dateModified\":\"2025-10-07T16:02:24+00:00\",\"breadcrumb\":{\"@id\":\"https:\\\/\\\/dach.tdsynnex.com\\\/cloud\\\/de\\\/news\\\/#breadcrumb\"},\"inLanguage\":\"de\",\"potentialAction\":[{\"@type\":\"ReadAction\",\"target\":[\"https:\\\/\\\/dach.tdsynnex.com\\\/cloud\\\/de\\\/news\\\/\"]}]},{\"@type\":\"BreadcrumbList\",\"@id\":\"https:\\\/\\\/dach.tdsynnex.com\\\/cloud\\\/de\\\/news\\\/#breadcrumb\",\"itemListElement\":[{\"@type\":\"ListItem\",\"position\":1,\"name\":\"Home\",\"item\":\"https:\\\/\\\/dach.tdsynnex.com\\\/cloud\\\/de\\\/\"},{\"@type\":\"ListItem\",\"position\":2,\"name\":\"News\"}]},{\"@type\":\"WebSite\",\"@id\":\"https:\\\/\\\/dach.tdsynnex.com\\\/cloud\\\/de\\\/#website\",\"url\":\"https:\\\/\\\/dach.tdsynnex.com\\\/cloud\\\/de\\\/\",\"name\":\"TD SYNNEX |\u00a0Cloud Solutions DE\",\"description\":\"\",\"publisher\":{\"@id\":\"https:\\\/\\\/dach.tdsynnex.com\\\/cloud\\\/de\\\/#organization\"},\"potentialAction\":[{\"@type\":\"SearchAction\",\"target\":{\"@type\":\"EntryPoint\",\"urlTemplate\":\"https:\\\/\\\/dach.tdsynnex.com\\\/cloud\\\/de\\\/?s={search_term_string}\"},\"query-input\":{\"@type\":\"PropertyValueSpecification\",\"valueRequired\":true,\"valueName\":\"search_term_string\"}}],\"inLanguage\":\"de\"},{\"@type\":\"Organization\",\"@id\":\"https:\\\/\\\/dach.tdsynnex.com\\\/cloud\\\/de\\\/#organization\",\"name\":\"TD SYNNEX |\u00a0Cloud Solutions DE\",\"url\":\"https:\\\/\\\/dach.tdsynnex.com\\\/cloud\\\/de\\\/\",\"logo\":{\"@type\":\"ImageObject\",\"inLanguage\":\"de\",\"@id\":\"https:\\\/\\\/dach.tdsynnex.com\\\/cloud\\\/de\\\/#\\\/schema\\\/logo\\\/image\\\/\",\"url\":\"https:\\\/\\\/dach.tdsynnex.com\\\/cloud\\\/de\\\/wp-content\\\/uploads\\\/sites\\\/2\\\/2025\\\/07\\\/TD-SYNNEX_fav.png\",\"contentUrl\":\"https:\\\/\\\/dach.tdsynnex.com\\\/cloud\\\/de\\\/wp-content\\\/uploads\\\/sites\\\/2\\\/2025\\\/07\\\/TD-SYNNEX_fav.png\",\"width\":512,\"height\":512,\"caption\":\"TD SYNNEX |\u00a0Cloud Solutions DE\"},\"image\":{\"@id\":\"https:\\\/\\\/dach.tdsynnex.com\\\/cloud\\\/de\\\/#\\\/schema\\\/logo\\\/image\\\/\"}}]}<\/script>\n<!-- \/ Yoast SEO plugin. -->","yoast_head_json":{"title":"News - TD SYNNEX |\u00a0Cloud Solutions DE","robots":{"index":"index","follow":"follow","max-snippet":"max-snippet:-1","max-image-preview":"max-image-preview:large","max-video-preview":"max-video-preview:-1"},"canonical":"https:\/\/dach.tdsynnex.com\/cloud\/de\/news\/","og_locale":"de_DE","og_type":"article","og_title":"News - TD SYNNEX |\u00a0Cloud Solutions DE","og_url":"https:\/\/dach.tdsynnex.com\/cloud\/de\/news\/","og_site_name":"TD SYNNEX |\u00a0Cloud Solutions DE","article_modified_time":"2025-10-07T16:02:24+00:00","twitter_card":"summary_large_image","schema":{"@context":"https:\/\/schema.org","@graph":[{"@type":"WebPage","@id":"https:\/\/dach.tdsynnex.com\/cloud\/de\/news\/","url":"https:\/\/dach.tdsynnex.com\/cloud\/de\/news\/","name":"News - TD SYNNEX |\u00a0Cloud Solutions DE","isPartOf":{"@id":"https:\/\/dach.tdsynnex.com\/cloud\/de\/#website"},"datePublished":"2025-07-15T12:34:38+00:00","dateModified":"2025-10-07T16:02:24+00:00","breadcrumb":{"@id":"https:\/\/dach.tdsynnex.com\/cloud\/de\/news\/#breadcrumb"},"inLanguage":"de","potentialAction":[{"@type":"ReadAction","target":["https:\/\/dach.tdsynnex.com\/cloud\/de\/news\/"]}]},{"@type":"BreadcrumbList","@id":"https:\/\/dach.tdsynnex.com\/cloud\/de\/news\/#breadcrumb","itemListElement":[{"@type":"ListItem","position":1,"name":"Home","item":"https:\/\/dach.tdsynnex.com\/cloud\/de\/"},{"@type":"ListItem","position":2,"name":"News"}]},{"@type":"WebSite","@id":"https:\/\/dach.tdsynnex.com\/cloud\/de\/#website","url":"https:\/\/dach.tdsynnex.com\/cloud\/de\/","name":"TD SYNNEX |\u00a0Cloud Solutions DE","description":"","publisher":{"@id":"https:\/\/dach.tdsynnex.com\/cloud\/de\/#organization"},"potentialAction":[{"@type":"SearchAction","target":{"@type":"EntryPoint","urlTemplate":"https:\/\/dach.tdsynnex.com\/cloud\/de\/?s={search_term_string}"},"query-input":{"@type":"PropertyValueSpecification","valueRequired":true,"valueName":"search_term_string"}}],"inLanguage":"de"},{"@type":"Organization","@id":"https:\/\/dach.tdsynnex.com\/cloud\/de\/#organization","name":"TD SYNNEX |\u00a0Cloud Solutions DE","url":"https:\/\/dach.tdsynnex.com\/cloud\/de\/","logo":{"@type":"ImageObject","inLanguage":"de","@id":"https:\/\/dach.tdsynnex.com\/cloud\/de\/#\/schema\/logo\/image\/","url":"https:\/\/dach.tdsynnex.com\/cloud\/de\/wp-content\/uploads\/sites\/2\/2025\/07\/TD-SYNNEX_fav.png","contentUrl":"https:\/\/dach.tdsynnex.com\/cloud\/de\/wp-content\/uploads\/sites\/2\/2025\/07\/TD-SYNNEX_fav.png","width":512,"height":512,"caption":"TD SYNNEX |\u00a0Cloud Solutions DE"},"image":{"@id":"https:\/\/dach.tdsynnex.com\/cloud\/de\/#\/schema\/logo\/image\/"}}]}},"_links":{"self":[{"href":"https:\/\/dach.tdsynnex.com\/cloud\/de\/wp-json\/wp\/v2\/pages\/519","targetHints":{"allow":["GET"]}}],"collection":[{"href":"https:\/\/dach.tdsynnex.com\/cloud\/de\/wp-json\/wp\/v2\/pages"}],"about":[{"href":"https:\/\/dach.tdsynnex.com\/cloud\/de\/wp-json\/wp\/v2\/types\/page"}],"author":[{"embeddable":true,"href":"https:\/\/dach.tdsynnex.com\/cloud\/de\/wp-json\/wp\/v2\/users\/1"}],"replies":[{"embeddable":true,"href":"https:\/\/dach.tdsynnex.com\/cloud\/de\/wp-json\/wp\/v2\/comments?post=519"}],"version-history":[{"count":2,"href":"https:\/\/dach.tdsynnex.com\/cloud\/de\/wp-json\/wp\/v2\/pages\/519\/revisions"}],"predecessor-version":[{"id":2098,"href":"https:\/\/dach.tdsynnex.com\/cloud\/de\/wp-json\/wp\/v2\/pages\/519\/revisions\/2098"}],"wp:attachment":[{"href":"https:\/\/dach.tdsynnex.com\/cloud\/de\/wp-json\/wp\/v2\/media?parent=519"}],"curies":[{"name":"wp","href":"https:\/\/api.w.org\/{rel}","templated":true}]}}