{"id":544,"date":"2025-07-23T09:25:44","date_gmt":"2025-07-23T07:25:44","guid":{"rendered":"https:\/\/dach.tdsynnex.com\/cloud\/de\/?page_id=544"},"modified":"2025-11-06T14:11:23","modified_gmt":"2025-11-06T13:11:23","slug":"cloud-migration","status":"publish","type":"page","link":"https:\/\/dach.tdsynnex.com\/cloud\/de\/amazon-web-services-aws\/cloud-migration\/","title":{"rendered":"Cloud-Migration"},"content":{"rendered":"\n<p><\/p>\n\n\n\n<section class=\"tds-cloud-block tds-text bg bg-white clr-white bg-center\"   style=\"background-image: url(https:\/\/dach.tdsynnex.com\/cloud\/de\/wp-content\/uploads\/sites\/2\/2025\/08\/Header_Background_1.png);\">\n  <div class=\"uk-container uk-container-xlarge\">\n    <div class=\"elementor-element elementor-element-2874e27 elementor-widget__width-initial elementor-widget elementor-widget-heading\" data-id=\"2874e27\" data-element_type=\"widget\" data-widget_type=\"heading.default\">\n<div class=\"elementor-widget-container\">\n<h1 class=\"elementor-heading-title elementor-size-default\">Vereinfachen Sie Ihre AWS Cloud-Migration mit TD SYNNEX<\/h1>\n<\/div>\n<\/div>\n<div class=\"elementor-element elementor-element-75fa3f0 elementor-align-center elementor-widget__width-initial elementor-widget elementor-widget-button animated bounceIn\" data-id=\"75fa3f0\" data-element_type=\"widget\" data-settings=\"{&quot;_animation&quot;:&quot;bounceIn&quot;}\" data-widget_type=\"button.default\">\n<div class=\"elementor-widget-container\">\n<div><a class=\"tds-Button btn btn-white\" href=\"#contact\">EINEN TERMIN VEREINBAREN<\/a><\/div>\n<\/div>\n<\/div>\n  <\/div>\n<\/section>\n\n<section class=\"tds-cloud-block tds-text-image bg bg-white clr-teal bg-center\"  >\n  <div class=\"uk-container uk-container-xlarge\">\n    <div class=\"uk-grid uk-grid-large uk-child-width-1-2 uk-flex-middle\">\n      <div class=\"uk-width-1-2@m uk-width-1-1 \">\n        <div class=\"elementor-element elementor-element-95460dd elementor-widget elementor-widget-heading\" data-id=\"95460dd\" data-element_type=\"widget\" data-widget_type=\"heading.default\">\n<div class=\"elementor-widget-container\">\n<h3 class=\"elementor-heading-title elementor-size-default\">Nutzen Sie TD SYNNEX, um in Ihrem Auftrag eine kostenlose AWS Cloud Migrationsbewertung durchzuf\u00fchren.<\/h3>\n<\/div>\n<\/div>\n<div class=\"elementor-element elementor-element-dd92220 elementor-widget elementor-widget-text-editor\" data-id=\"dd92220\" data-element_type=\"widget\" data-widget_type=\"text-editor.default\">\n<div class=\"elementor-widget-container\">\n<p>Die Experten von TD SYNNEX f\u00fchren nach einem autorisierten AWS-Framework eine risikofreie, kostenlose Bewertung Ihrer Kundenumgebung durch. Nach Abschluss liefert Ihnen TD SYNNEX einen umfassenden Business Case f\u00fcr Ihre Kundenmigration, einschlie\u00dflich der prognostizierten Kosten, um ihre On-Premise-Workloads bei AWS neu zu hosten.<\/p>\n<p>In unserem kostenlosen Online-E-Book erfahren Sie mehr \u00fcber erfolgreiche Migrationen.<\/p>\n<\/div>\n<\/div>\n<div class=\"elementor-element elementor-element-d3dbb7b elementor-align-center elementor-widget elementor-widget-button\" data-id=\"d3dbb7b\" data-element_type=\"widget\" data-widget_type=\"button.default\">\n<div class=\"elementor-widget-container\">\n<div class=\"elementor-button-wrapper\"><a class=\"elementor-button elementor-button-link elementor-size-sm tds-Button btn btn-teal\" href=\"https:\/\/indd.adobe.com\/view\/14fdb2ae-cd19-4cdd-8f6f-1f61a1f899ac\" target=\"_blank\" rel=\"noopener\"><span class=\"elementor-button-content-wrapper\"><span class=\"elementor-button-text\">Online-E-Book<\/span><\/span><\/a><\/div>\n<\/div>\n<\/div>\n      <\/div>\n      <div class=\"uk-width-1-2@m uk-width-1-1 uk-flex-last\">\n                  <img decoding=\"async\" src=\"https:\/\/dach.tdsynnex.com\/cloud\/de\/wp-content\/uploads\/sites\/2\/2025\/07\/icon-cloud-teal-1.png\" alt=\"\" class=\"\">\n                <\/div>\n    <\/div>\n  <\/div>\n<\/section>\n\n<section class=\"tds-cloud-block tds-text-image bg bg-white clr-teal bg-center\"  >\n  <div class=\"uk-container uk-container-xlarge\">\n    <div class=\"uk-grid uk-grid-large uk-child-width-1-2 uk-flex-middle\">\n      <div class=\"uk-width-1-2@m uk-width-1-1  uk-flex-last@m uk-flex-first\">\n        <div class=\"elementor-element elementor-element-d2fa5b3 elementor-widget elementor-widget-heading\" data-id=\"d2fa5b3\" data-element_type=\"widget\" data-widget_type=\"heading.default\">\n<p>&nbsp;<\/p>\n<div class=\"elementor-widget-container\">\n<h3 class=\"elementor-heading-title elementor-size-default\">Profitieren Sie von unserem Know-how und erstellen Sie Ihr Migration Success Package mit 1, 2 oder allen 3 der folgenden Optionen.<\/h3>\n<\/div>\n<\/div>\n<div class=\"elementor-element elementor-element-327c0b9 elementor-icon-list--layout-traditional elementor-list-item-link-full_width elementor-widget elementor-widget-icon-list\" data-id=\"327c0b9\" data-element_type=\"widget\" data-widget_type=\"icon-list.default\">\n<div class=\"elementor-widget-container\">\n<ul class=\"elementor-icon-list-items\">\n<li class=\"elementor-icon-list-item\"><span class=\"elementor-icon-list-text\"><b>1. M\u00f6glichkeit:<\/b>\u00a0Wir k\u00f6nnen Migrationen f\u00fcr Sie und Ihre Kunden\u00a0<b>planen und durchf\u00fchren<\/b>.<\/span><\/li>\n<li class=\"elementor-icon-list-item\"><span class=\"elementor-icon-list-text\"><b>2. M\u00f6glichkeit:<\/b>\u00a0Wir k\u00f6nnen Workloads im Namen Ihrer Kunden\u00a0<b>verwalten<\/b>, nachdem die Migration abgeschlossen ist.<\/span><\/li>\n<li class=\"elementor-icon-list-item\"><span class=\"elementor-icon-list-text\"><b>3. M\u00f6glichkeit:<\/b>\u00a0Wir k\u00f6nnen Optimierungsbewertungen und -ausf\u00fchrungen\u00a0<b>unterst\u00fctzen<\/b>.<\/span><\/li>\n<\/ul>\n<\/div>\n<\/div>\n      <\/div>\n      <div class=\"uk-width-1-2@m uk-width-1-1  uk-flex-first@m uk-flex-last\">\n                  <img decoding=\"async\" src=\"https:\/\/dach.tdsynnex.com\/cloud\/de\/wp-content\/uploads\/sites\/2\/2025\/07\/icon-Table-teal.png\" alt=\"\" class=\"\">\n                <\/div>\n    <\/div>\n  <\/div>\n<\/section>\n\n<section class=\"tds-cloud-block tds-text-image bg bg-white clr-teal bg-center\"  >\n  <div class=\"uk-container uk-container-xlarge\">\n    <div class=\"uk-grid uk-grid-large uk-child-width-1-2 uk-flex-middle\">\n      <div class=\"uk-width-1-2@m uk-width-1-1 \">\n        <div class=\"elementor-element elementor-element-eaf7440 elementor-widget elementor-widget-heading\" data-id=\"eaf7440\" data-element_type=\"widget\" data-widget_type=\"heading.default\">\n<div class=\"elementor-widget-container\">\n<h3 class=\"elementor-heading-title elementor-size-default\">Ihr Paket wird zu unserem \u00e4u\u00dferst wettbewerbsf\u00e4higen Preis pro VM-Modell zusammengestellt, wodurch Ihr Paket einfach zu erwerben und zu verkaufen ist.<\/h3>\n<\/div>\n<\/div>\n<div class=\"elementor-element elementor-element-a938ea4 elementor-widget elementor-widget-text-editor\" data-id=\"a938ea4\" data-element_type=\"widget\" data-widget_type=\"text-editor.default\">\n<div class=\"elementor-widget-container\">\n<p>TD SYNNEX kann Sie bei Ihren End-to-End-Migrationsanforderungen\u00a0<strong>weiter unterst\u00fctzen<\/strong>, einschlie\u00dflich individueller Services sowie des AWS Migration Acceleration Programme f\u00fcr gr\u00f6\u00dfere M\u00f6glichkeiten.<\/p>\n<\/div>\n<\/div>\n      <\/div>\n      <div class=\"uk-width-1-2@m uk-width-1-1 uk-flex-last\">\n                  <img decoding=\"async\" src=\"https:\/\/dach.tdsynnex.com\/cloud\/de\/wp-content\/uploads\/sites\/2\/2025\/07\/icon-wuerfel-teal-1.png\" alt=\"\" class=\"\">\n                <\/div>\n    <\/div>\n  <\/div>\n<\/section>\n\n\n<section class=\"tds-cloud-block tds-text-cols bg bg-aqua clr-white bg-center\"  >\n  <div class=\"uk-container uk-container-xlarge\">\n          <div class=\"uk-margin-large-bottom\">\n        <h2 class=\"elementor-cta__title elementor-cta__content-item elementor-content-item elementor-animated-item--grow\" style=\"text-align: center;\">W\u00e4hlen Sie Ihre Optionen und Ihr Paket<\/h2>\n<div class=\"elementor-cta__button-wrapper elementor-cta__content-item elementor-content-item elementor-animated-item--grow\" style=\"text-align: center;\"><a class=\"elementor-cta__button elementor-button elementor-size- tds-Button btn btn-white\" href=\"#contact\">Beratungstermin buchen<\/a><\/div>\n      <\/div>\n              <\/div>\n<\/section>\n\n\n<section class=\"tds-cloud-block tds-text-video bg bg-white clr-teal bg-center\"  >\n  <div class=\"uk-container uk-container-xlarge\">\n          <div class=\"uk-margin-large-bottom\">\n        <h2>Sehen Sie sich die Zusammenfassung an, um zu erfahren, wie TD SYNNEX Sie beim Ausbau Ihrer AWS-Cloud-Migrationspipelines unterst\u00fctzen kann.<\/h2>\n      <\/div>\n        <div class=\"uk-grid uk-flex-middle\">\n      <div class=\"uk-width-1-2@m uk-width-1-1 \">\n        <div>\n          <h3 style=\"text-align: center\">M\u00f6chten Sie mit der Bewertung<br \/>\nIhrer Migrationsprojekte beginnen?<\/h3>\n<p style=\"text-align: center\">Laden Sie hier das Migration Evaluator Cheat Sheet herunter.<\/p>\n<p style=\"text-align: center\"><a class=\"elementor-cta__button elementor-button elementor-size- tds-Button btn btn-teal\" href=\"https:\/\/hub.tdsynnex.com\/wp-content\/uploads\/2025\/05\/TDS-AWS-MigrationEvaluator-AT.pdf\" target=\"_blank\" rel=\"noopener\">Jetzt downloaden<\/a><\/p>\n        <\/div>\n      <\/div>\n      <div class=\"uk-width-1-2@m uk-width-1-1 uk-flex-last\">\n        <div class=\"video-wrapper\">\n                      <iframe class=\"horizontal\" src=\"https:\/\/play.vidyard.com\/uXVjHZAWjWFXiSqMjAyUaF\" frameborder=\"0\" allowfullscreen><\/iframe>\n                  <\/div>\n      <\/div>\n\n\n    <\/div>\n  <\/div>\n<\/section>\n\n<section class=\"tds-cloud-block tds-contact bg bg-green clr-white bg-center\"  id=\"contact\" >\n  <div class=\"uk-container uk-container-xlarge\">\n    <div class=\"uk-grid uk-grid-large uk-flex-middle\">\n      <div class=\"uk-width-2-3@m uk-width-1-1 uk-margin-large-bottom\">\n        <h2><strong>Rufen Sie uns an oder schreiben Sie uns!<\/strong><br \/>\nWir sind jederzeit gerne f\u00fcr Sie da!<\/h2>\n        <h3>TD SYNNEX AWS TEAM<\/h3>\n        <div class=\"contact-data\">\n                      <div>\n              <svg width=\"40\" height=\"40\">\n                <use xlink:href=\"https:\/\/dach.tdsynnex.com\/cloud\/de\/wp-content\/themes\/tds-cloud-2025\/assets\/img\/icons.svg#icon-mobile-light\"><\/use>\n              <\/svg>\n              <p>+49 89 4700 3140<\/p>\n            <\/div>\n                                <div>\n              <svg width=\"40\" height=\"40\">\n                <use xlink:href=\"https:\/\/dach.tdsynnex.com\/cloud\/de\/wp-content\/themes\/tds-cloud-2025\/assets\/img\/icons.svg#icon-envelope-light\"><\/use>\n              <\/svg>\n              <p>awsgermany@tdsynnex.com<\/p>\n            <\/div>\n                  <\/div>\n                  <a href=\"https:\/\/dach.tdsynnex.com\/cloud\/de\/kontakt\/\" class=\"btn btn-white\">Jetzt Kontakt aufnehmen<\/a>\n              <\/div>\n      <div class=\"uk-width-1-3@m uk-width-1-1\">\n                  <img decoding=\"async\" src=\"https:\/\/dach.tdsynnex.com\/cloud\/de\/wp-content\/uploads\/sites\/2\/2025\/08\/AdobeStock_627401533-e1754909154871.png\" alt=\"\" class=\"img-circle img-border img-border-teal\">\n              <\/div>\n    <\/div>\n  <\/div>\n<\/section>","protected":false},"excerpt":{"rendered":"","protected":false},"author":9,"featured_media":0,"parent":438,"menu_order":0,"comment_status":"closed","ping_status":"closed","template":"","meta":{"_acf_changed":false,"footnotes":""},"class_list":["post-544","page","type-page","status-publish","hentry"],"acf":[],"yoast_head":"<!-- This site is optimized with the Yoast SEO plugin v27.3 - https:\/\/yoast.com\/product\/yoast-seo-wordpress\/ -->\n<title>Cloud-Migration - TD SYNNEX |\u00a0Cloud Solutions DE<\/title>\n<meta name=\"robots\" content=\"index, follow, max-snippet:-1, max-image-preview:large, max-video-preview:-1\" \/>\n<link rel=\"canonical\" href=\"https:\/\/dach.tdsynnex.com\/cloud\/de\/amazon-web-services-aws\/cloud-migration\/\" \/>\n<meta property=\"og:locale\" content=\"de_DE\" \/>\n<meta property=\"og:type\" content=\"article\" \/>\n<meta property=\"og:title\" content=\"Cloud-Migration - TD SYNNEX |\u00a0Cloud Solutions DE\" \/>\n<meta property=\"og:url\" content=\"https:\/\/dach.tdsynnex.com\/cloud\/de\/amazon-web-services-aws\/cloud-migration\/\" \/>\n<meta property=\"og:site_name\" content=\"TD SYNNEX |\u00a0Cloud Solutions DE\" \/>\n<meta property=\"article:modified_time\" content=\"2025-11-06T13:11:23+00:00\" \/>\n<meta name=\"twitter:card\" content=\"summary_large_image\" \/>\n<script type=\"application\/ld+json\" class=\"yoast-schema-graph\">{\"@context\":\"https:\\\/\\\/schema.org\",\"@graph\":[{\"@type\":\"WebPage\",\"@id\":\"https:\\\/\\\/dach.tdsynnex.com\\\/cloud\\\/de\\\/amazon-web-services-aws\\\/cloud-migration\\\/\",\"url\":\"https:\\\/\\\/dach.tdsynnex.com\\\/cloud\\\/de\\\/amazon-web-services-aws\\\/cloud-migration\\\/\",\"name\":\"Cloud-Migration - TD SYNNEX |\u00a0Cloud Solutions DE\",\"isPartOf\":{\"@id\":\"https:\\\/\\\/dach.tdsynnex.com\\\/cloud\\\/de\\\/#website\"},\"datePublished\":\"2025-07-23T07:25:44+00:00\",\"dateModified\":\"2025-11-06T13:11:23+00:00\",\"breadcrumb\":{\"@id\":\"https:\\\/\\\/dach.tdsynnex.com\\\/cloud\\\/de\\\/amazon-web-services-aws\\\/cloud-migration\\\/#breadcrumb\"},\"inLanguage\":\"de\",\"potentialAction\":[{\"@type\":\"ReadAction\",\"target\":[\"https:\\\/\\\/dach.tdsynnex.com\\\/cloud\\\/de\\\/amazon-web-services-aws\\\/cloud-migration\\\/\"]}]},{\"@type\":\"BreadcrumbList\",\"@id\":\"https:\\\/\\\/dach.tdsynnex.com\\\/cloud\\\/de\\\/amazon-web-services-aws\\\/cloud-migration\\\/#breadcrumb\",\"itemListElement\":[{\"@type\":\"ListItem\",\"position\":1,\"name\":\"Home\",\"item\":\"https:\\\/\\\/dach.tdsynnex.com\\\/cloud\\\/de\\\/\"},{\"@type\":\"ListItem\",\"position\":2,\"name\":\"AWS\",\"item\":\"https:\\\/\\\/dach.tdsynnex.com\\\/cloud\\\/de\\\/amazon-web-services-aws\\\/\"},{\"@type\":\"ListItem\",\"position\":3,\"name\":\"Cloud-Migration\"}]},{\"@type\":\"WebSite\",\"@id\":\"https:\\\/\\\/dach.tdsynnex.com\\\/cloud\\\/de\\\/#website\",\"url\":\"https:\\\/\\\/dach.tdsynnex.com\\\/cloud\\\/de\\\/\",\"name\":\"TD SYNNEX |\u00a0Cloud Solutions DE\",\"description\":\"\",\"publisher\":{\"@id\":\"https:\\\/\\\/dach.tdsynnex.com\\\/cloud\\\/de\\\/#organization\"},\"potentialAction\":[{\"@type\":\"SearchAction\",\"target\":{\"@type\":\"EntryPoint\",\"urlTemplate\":\"https:\\\/\\\/dach.tdsynnex.com\\\/cloud\\\/de\\\/?s={search_term_string}\"},\"query-input\":{\"@type\":\"PropertyValueSpecification\",\"valueRequired\":true,\"valueName\":\"search_term_string\"}}],\"inLanguage\":\"de\"},{\"@type\":\"Organization\",\"@id\":\"https:\\\/\\\/dach.tdsynnex.com\\\/cloud\\\/de\\\/#organization\",\"name\":\"TD SYNNEX |\u00a0Cloud Solutions DE\",\"url\":\"https:\\\/\\\/dach.tdsynnex.com\\\/cloud\\\/de\\\/\",\"logo\":{\"@type\":\"ImageObject\",\"inLanguage\":\"de\",\"@id\":\"https:\\\/\\\/dach.tdsynnex.com\\\/cloud\\\/de\\\/#\\\/schema\\\/logo\\\/image\\\/\",\"url\":\"https:\\\/\\\/dach.tdsynnex.com\\\/cloud\\\/de\\\/wp-content\\\/uploads\\\/sites\\\/2\\\/2025\\\/07\\\/TD-SYNNEX_fav.png\",\"contentUrl\":\"https:\\\/\\\/dach.tdsynnex.com\\\/cloud\\\/de\\\/wp-content\\\/uploads\\\/sites\\\/2\\\/2025\\\/07\\\/TD-SYNNEX_fav.png\",\"width\":512,\"height\":512,\"caption\":\"TD SYNNEX |\u00a0Cloud Solutions DE\"},\"image\":{\"@id\":\"https:\\\/\\\/dach.tdsynnex.com\\\/cloud\\\/de\\\/#\\\/schema\\\/logo\\\/image\\\/\"}}]}<\/script>\n<!-- \/ Yoast SEO plugin. -->","yoast_head_json":{"title":"Cloud-Migration - TD SYNNEX |\u00a0Cloud Solutions DE","robots":{"index":"index","follow":"follow","max-snippet":"max-snippet:-1","max-image-preview":"max-image-preview:large","max-video-preview":"max-video-preview:-1"},"canonical":"https:\/\/dach.tdsynnex.com\/cloud\/de\/amazon-web-services-aws\/cloud-migration\/","og_locale":"de_DE","og_type":"article","og_title":"Cloud-Migration - TD SYNNEX |\u00a0Cloud Solutions DE","og_url":"https:\/\/dach.tdsynnex.com\/cloud\/de\/amazon-web-services-aws\/cloud-migration\/","og_site_name":"TD SYNNEX |\u00a0Cloud Solutions DE","article_modified_time":"2025-11-06T13:11:23+00:00","twitter_card":"summary_large_image","schema":{"@context":"https:\/\/schema.org","@graph":[{"@type":"WebPage","@id":"https:\/\/dach.tdsynnex.com\/cloud\/de\/amazon-web-services-aws\/cloud-migration\/","url":"https:\/\/dach.tdsynnex.com\/cloud\/de\/amazon-web-services-aws\/cloud-migration\/","name":"Cloud-Migration - TD SYNNEX |\u00a0Cloud Solutions DE","isPartOf":{"@id":"https:\/\/dach.tdsynnex.com\/cloud\/de\/#website"},"datePublished":"2025-07-23T07:25:44+00:00","dateModified":"2025-11-06T13:11:23+00:00","breadcrumb":{"@id":"https:\/\/dach.tdsynnex.com\/cloud\/de\/amazon-web-services-aws\/cloud-migration\/#breadcrumb"},"inLanguage":"de","potentialAction":[{"@type":"ReadAction","target":["https:\/\/dach.tdsynnex.com\/cloud\/de\/amazon-web-services-aws\/cloud-migration\/"]}]},{"@type":"BreadcrumbList","@id":"https:\/\/dach.tdsynnex.com\/cloud\/de\/amazon-web-services-aws\/cloud-migration\/#breadcrumb","itemListElement":[{"@type":"ListItem","position":1,"name":"Home","item":"https:\/\/dach.tdsynnex.com\/cloud\/de\/"},{"@type":"ListItem","position":2,"name":"AWS","item":"https:\/\/dach.tdsynnex.com\/cloud\/de\/amazon-web-services-aws\/"},{"@type":"ListItem","position":3,"name":"Cloud-Migration"}]},{"@type":"WebSite","@id":"https:\/\/dach.tdsynnex.com\/cloud\/de\/#website","url":"https:\/\/dach.tdsynnex.com\/cloud\/de\/","name":"TD SYNNEX |\u00a0Cloud Solutions DE","description":"","publisher":{"@id":"https:\/\/dach.tdsynnex.com\/cloud\/de\/#organization"},"potentialAction":[{"@type":"SearchAction","target":{"@type":"EntryPoint","urlTemplate":"https:\/\/dach.tdsynnex.com\/cloud\/de\/?s={search_term_string}"},"query-input":{"@type":"PropertyValueSpecification","valueRequired":true,"valueName":"search_term_string"}}],"inLanguage":"de"},{"@type":"Organization","@id":"https:\/\/dach.tdsynnex.com\/cloud\/de\/#organization","name":"TD SYNNEX |\u00a0Cloud Solutions DE","url":"https:\/\/dach.tdsynnex.com\/cloud\/de\/","logo":{"@type":"ImageObject","inLanguage":"de","@id":"https:\/\/dach.tdsynnex.com\/cloud\/de\/#\/schema\/logo\/image\/","url":"https:\/\/dach.tdsynnex.com\/cloud\/de\/wp-content\/uploads\/sites\/2\/2025\/07\/TD-SYNNEX_fav.png","contentUrl":"https:\/\/dach.tdsynnex.com\/cloud\/de\/wp-content\/uploads\/sites\/2\/2025\/07\/TD-SYNNEX_fav.png","width":512,"height":512,"caption":"TD SYNNEX |\u00a0Cloud Solutions DE"},"image":{"@id":"https:\/\/dach.tdsynnex.com\/cloud\/de\/#\/schema\/logo\/image\/"}}]}},"_links":{"self":[{"href":"https:\/\/dach.tdsynnex.com\/cloud\/de\/wp-json\/wp\/v2\/pages\/544","targetHints":{"allow":["GET"]}}],"collection":[{"href":"https:\/\/dach.tdsynnex.com\/cloud\/de\/wp-json\/wp\/v2\/pages"}],"about":[{"href":"https:\/\/dach.tdsynnex.com\/cloud\/de\/wp-json\/wp\/v2\/types\/page"}],"author":[{"embeddable":true,"href":"https:\/\/dach.tdsynnex.com\/cloud\/de\/wp-json\/wp\/v2\/users\/9"}],"replies":[{"embeddable":true,"href":"https:\/\/dach.tdsynnex.com\/cloud\/de\/wp-json\/wp\/v2\/comments?post=544"}],"version-history":[{"count":3,"href":"https:\/\/dach.tdsynnex.com\/cloud\/de\/wp-json\/wp\/v2\/pages\/544\/revisions"}],"predecessor-version":[{"id":2244,"href":"https:\/\/dach.tdsynnex.com\/cloud\/de\/wp-json\/wp\/v2\/pages\/544\/revisions\/2244"}],"up":[{"embeddable":true,"href":"https:\/\/dach.tdsynnex.com\/cloud\/de\/wp-json\/wp\/v2\/pages\/438"}],"wp:attachment":[{"href":"https:\/\/dach.tdsynnex.com\/cloud\/de\/wp-json\/wp\/v2\/media?parent=544"}],"curies":[{"name":"wp","href":"https:\/\/api.w.org\/{rel}","templated":true}]}}