{"id":704,"date":"2025-07-23T09:09:40","date_gmt":"2025-07-23T07:09:40","guid":{"rendered":"https:\/\/dach.tdsynnex.com\/cloud\/de\/?page_id=704"},"modified":"2025-08-25T14:36:03","modified_gmt":"2025-08-25T12:36:03","slug":"google-cloud-platform","status":"publish","type":"page","link":"https:\/\/dach.tdsynnex.com\/cloud\/de\/google\/google-cloud-platform\/","title":{"rendered":"Google Cloud Platform"},"content":{"rendered":"<section class=\"tds-cloud-block tds-text-image bg bg-teal clr-white bg-center\"   style=\"background-image: url(https:\/\/dach.tdsynnex.com\/cloud\/de\/wp-content\/uploads\/sites\/2\/2025\/08\/Header_Background_1.png);\">\n  <div class=\"uk-container uk-container-xlarge\">\n    <div class=\"uk-grid uk-grid-large uk-child-width-1-2 uk-flex-middle\">\n      <div class=\"uk-width-2-3@m uk-width-1-1 \">\n        <h1>Google Cloud Platform<\/h1>\n      <\/div>\n      <div class=\"uk-width-1-3@m uk-width-1-1 uk-flex-last\">\n                  <img decoding=\"async\" src=\"\" alt=\"\" class=\"img-rectangle\">\n                <\/div>\n    <\/div>\n  <\/div>\n<\/section>\n\n\n<section class=\"tds-cloud-block tds-text-cols bg bg-green clr-white bg-center\"  >\n  <div class=\"uk-container uk-container-xlarge\">\n          <div class=\"uk-margin-large-bottom\">\n        <div class=\"layout-text custom-layout col-12 \">\n<div class=\"clr-bg-default\">\n<h2>Entdecken Sie jetzt die Welt der Google Cloud!<\/h2>\n<\/div>\n<\/div>\n<div class=\"layout-text custom-layout col-12 \">\n<div class=\"clr-bg-default\">\n<p><strong>Egal, ob ihre Kunden und Kundinnen gerade erst am Anfang Ihrer digitalen Reise stehen oder schon auf dem Weg zur Transformation sind, die Google Cloud bietet Ihnen L\u00f6sungen und Technologien, um Ihr Unternehmen auf Erfolgskurs zu bringen.<\/strong><\/p>\n<ul>\n<li>Laut Magic Quadrant 2021 gilt die Google Cloud Platform als f\u00fchrend in der Kategorie Cloud-Infrastruktur- und Plattformdienste.<\/li>\n<li>Nutzer k\u00f6nnen hybride und Multi-Cloud-L\u00f6sungen ohne Anbieterbindung \u00fcbernehmen, ihre Legacy-Anwendungen modernisieren, mit einer serverlosen, vollst\u00e4ndig verwalteten Analyseplattform verwertbare Erkenntnisse aus ihren Daten gewinnen und viele weitere erstklassige Funktionen nutzen.<\/li>\n<\/ul>\n<p>Wenn Sie Ihren Kunden Google Cloud Platform anbieten, bieten Sie f\u00fchrende Cloud-Leistung in Kombination mit bew\u00e4hrter High-End-Sicherheit.<\/p>\n<\/div>\n<\/div>\n<p><a class=\"tds-Button btn btn-white\" href=\"mailto:google-germany@tdsynnex.com\" target=\"_blank\" rel=\"noopener\">Jetzt Termin vereinbaren<\/a><\/p>\n      <\/div>\n              <\/div>\n<\/section>\n\n\n<section class=\"tds-cloud-block tds-text bg bg-white clr-teal bg-center\"  >\n  <div class=\"uk-container uk-container-xlarge\">\n    <h2>Wachsen Sie mit Google Cloud Platform und TD SYNNEX<\/h2>\n<p>Da sie in der Cloud entstanden sind, erm\u00f6glichen Google-L\u00f6sungen Ihren Kunden, jederzeit, \u00fcberall und von jedem Ger\u00e4t aus nahtlos zu arbeiten. Und da alles \u00fcber eine einzige Glasscheibe verwaltet wird, sind Google-L\u00f6sungen die ideale Antwort auf viele IT-Verwaltungsprobleme. Helfen Sie Ihren Kunden, ihr Gesch\u00e4ft auszubauen und mit Google Zeit und Geld zu sparen.<\/p>\n<p>Mit Google Cloud Platform k\u00f6nnen sich Teams auf ihr Gesch\u00e4ft konzentrieren, nicht auf ihre Infrastruktur.<\/p>\n<ul>\n<li>Setzen Sie Priorit\u00e4ten bei Projekten mit gro\u00dfer Wirkung, indem Sie Mitarbeiter und Budgets von m\u00fchsamen Aufgaben wie Bereitstellung und Wartung entlasten.<\/li>\n<li>Treiben Sie Ihr Gesch\u00e4ft voran, indem Sie aufgabenzentrierte Legacy-Workloads durch Plattformen ersetzen, die Automatisierung, Intelligenz und Einblicke bieten.<\/li>\n<li>Unbegrenzte Agilit\u00e4t und Skalierbarkeit f\u00fcr jedes Team durch den Wegfall zeitaufw\u00e4ndiger, kostspieliger Hardwarebeschaffung und -erneuerung.<\/li>\n<\/ul>\n  <\/div>\n<\/section>\n\n\n<section class=\"tds-cloud-block tds-text-cols bg bg-lightgray clr-teal bg-center\"  >\n  <div class=\"uk-container uk-container-xlarge\">\n          <div class=\"uk-margin-large-bottom\">\n        <h2>Google ist der beste Cloud-Partner f\u00fcr die Reise Ihrer Kunden<\/h2>\n<p>Google bietet eine wirklich offene, sichere und zuverl\u00e4ssige Cloud-Plattform, die Unternehmen unterst\u00fctzt.<\/p>\n<ul>\n<li>Neue Workloads: Erstellen Sie neue Cloud-native Anwendungen oder richten Sie ein neues Data Warehouse ein.<\/li>\n<li>Vor-Ort-Migration: Erh\u00f6hen Sie die Flexibilit\u00e4t bei pl\u00f6tzlichen Lastspitzen oder unterst\u00fctzen Sie Backup und Recovery.<\/li>\n<li>Digitale Transformation: Verbessern Sie die gesch\u00e4ftliche Entscheidungsfindung mit Daten, Analysen und KI\/ML<\/li>\n<\/ul>\n<p><strong>TD SYNNEX verf\u00fcgt \u00fcber viele einzigartige Ressourcen, die Ihnen einen nahtlosen \u00dcbergang zur Cloud erm\u00f6glichen. Unser umfangreiches Portfolio an Cloud-L\u00f6sungen und -Services, unsere erstklassige Plattform und unsere engagierten Ressourcen helfen Ihnen beim Aufbau und der Skalierung Ihres Cloud-Gesch\u00e4fts.<\/strong><\/p>\n      <\/div>\n              <\/div>\n<\/section>\n\n\n<section class=\"tds-cloud-block tds-circles bg bg-green clr-white bg-center\"   style=\"background-image: url(https:\/\/dach.tdsynnex.com\/cloud\/de\/wp-content\/uploads\/sites\/2\/2025\/08\/Header_Background_2.png);\">\n  <div class=\"uk-container uk-container-xlarge\">\n          <div class=\"uk-margin-large-bottom\">\n        <h2 style=\"text-align: center\">Vorteile TD SYNNEX Google Partner werden:<\/h2>\n      <\/div>\n        <div class=\"uk-grid uk-child-width-1-3@l uk-child-width-1-2@m uk-child-width-1-1 uk-flex-center\">\n              <div class=\"uk-flex uk-flex-center\">\n          <div class=\"circle bg-white clr-teal\">\n            <div class=\"circle__icon\">\n              <img decoding=\"async\" src=\"https:\/\/dach.tdsynnex.com\/cloud\/de\/wp-content\/uploads\/sites\/2\/2025\/07\/logo-google.png\" alt=\"\">\n            <\/div>\n            <div class=\"circle__text\">\n              <h3>Warum Google?<\/h3>\n<p>Neue Gesch\u00e4ftschancen<\/p>\n<p>Breites Produktportfolio<\/p>\n<p>Multi-Cloud<\/p>\n<p>Cloud first \u2013 Open Cloud<\/p>\n            <\/div>\n          <\/div>\n        <\/div>\n              <div class=\"uk-flex uk-flex-center\">\n          <div class=\"circle bg-white clr-teal\">\n            <div class=\"circle__icon\">\n              <img decoding=\"async\" src=\"https:\/\/dach.tdsynnex.com\/cloud\/de\/wp-content\/uploads\/sites\/2\/2025\/07\/Logo_TD_SYNNEX.svg.png\" alt=\"\">\n            <\/div>\n            <div class=\"circle__text\">\n              <h3>Warum TD SYNNEX?<\/h3>\n<p>Exklusiver Google Distributor<\/p>\n<p>Zugriff auf das Google \u00d6kosystem<\/p>\n<p>Dediziertes Team mit Google Expertise<\/p>\n<p>Rabatte und Verkaufsberechtigung<\/p>\n            <\/div>\n          <\/div>\n        <\/div>\n          <\/div>\n          <div class=\"uk-margin-large-top\">\n        <p style=\"text-align: center\"><a class=\"tds-Button btn btn-white\" href=\"mailto:google-germany@tdsynnex.com\" target=\"_blank\" rel=\"noopener\">JETZT TERMIN VEREINBAREN<\/a><\/p>\n      <\/div>\n      <\/div>\n<\/section>\n\n<section class=\"tds-cloud-block tds-text-image bg bg-white clr-teal bg-center\"  >\n  <div class=\"uk-container uk-container-xlarge\">\n    <div class=\"uk-grid uk-grid-large uk-child-width-1-2 uk-flex-middle\">\n      <div class=\"uk-width-1-2@m uk-width-1-1  uk-flex-last@m uk-flex-first\">\n        <h2>Aktuelle News<\/h2>\n<p>Die Cloud-Landschaft entwickelt sich rasant. Bleiben Sie mit den neuesten Entwicklungen auf dem Laufenden.<\/p>\n<p><a class=\"btn-teal btn\" href=\"https:\/\/dach.tdsynnex.com\/cloud\/de\/news\/\">Jetzt entdecken<\/a><\/p>\n      <\/div>\n      <div class=\"uk-width-1-2@m uk-width-1-1  uk-flex-first@m uk-flex-last\">\n                  <img decoding=\"async\" src=\"https:\/\/dach.tdsynnex.com\/cloud\/de\/wp-content\/uploads\/sites\/2\/2025\/08\/img-news.png\" alt=\"\" class=\"img-circle img-border img-border-gray\">\n                <\/div>\n    <\/div>\n  <\/div>\n<\/section>\n\n<section class=\"tds-cloud-block tds-text-image bg bg-lightgray clr-teal bg-center\"  >\n  <div class=\"uk-container uk-container-xlarge\">\n    <div class=\"uk-grid uk-grid-large uk-child-width-1-2 uk-flex-middle\">\n      <div class=\"uk-width-1-2@m uk-width-1-1 \">\n        <h2>Anstehende Events<\/h2>\n<p>Bleiben Sie auf dem neuesten Stand der Cloud-Technologien und erweitern Sie Ihr Fachwissen. Nutzen Sie die Gelegenheit, sich mit Experten zu vernetzen und wertvolle Insights f\u00fcr Ihr Business zu gewinnen.<\/p>\n<p><a class=\"btn btn-teal\" href=\"https:\/\/dach.tdsynnex.com\/cloud\/de\/events\/\">Jetzt entdecken<\/a><\/p>\n      <\/div>\n      <div class=\"uk-width-1-2@m uk-width-1-1 uk-flex-last\">\n                  <img decoding=\"async\" src=\"https:\/\/dach.tdsynnex.com\/cloud\/de\/wp-content\/uploads\/sites\/2\/2025\/08\/img-events.png\" alt=\"\" class=\"img-circle img-border img-border-gray\">\n                <\/div>\n    <\/div>\n  <\/div>\n<\/section>\n\n\n  \n  <section class=\"tds-cloud-block tds-download-grid bg bg-white clr-teal bg-center\"  >\n    <div class=\"uk-container uk-container-xlarge\">\n              <div class=\"uk-margin-large-bottom\">\n          <h2 style=\"text-align: center\">Wachstum im Fokus<\/h2>\n        <\/div>\n                    <div class=\"uk-child-width-1-4@l uk-child-width-1-2@m uk-child-width-1-1 uk-grid uk-flex-center download_items_grid\" uk-height-match=\".download-item__content\">\n                      <div>\n              <div class=\"download-item uk-margin-large-bottom\" style=\"background-image: url('https:\/\/dach.tdsynnex.com\/cloud\/de\/wp-content\/uploads\/sites\/2\/2025\/07\/Google_Flyer-Preview_1-300x300-1.jpg')\">\n                <div class=\"download-item__content\">\n                  <h3>TD SYNNEX &amp;<br>Google ChromeOS<\/h3>\n                  <a href=\"https:\/\/dach.tdsynnex.com\/cloud\/de\/wp-content\/uploads\/sites\/2\/2025\/07\/One-Pager_TD_SYNNEX_Chrome.pdf\" target=\"_blank\">\n                    <svg width=\"60\" height=\"60\">\n                      <use xlink:href=\"https:\/\/dach.tdsynnex.com\/cloud\/de\/wp-content\/themes\/tds-cloud-2025\/assets\/img\/icons.svg#icon-download\"><\/use>\n                    <\/svg>\n                  <\/a>\n                <\/div>\n              <\/div>\n            <\/div>\n                      <div>\n              <div class=\"download-item uk-margin-large-bottom\" style=\"background-image: url('https:\/\/dach.tdsynnex.com\/cloud\/de\/wp-content\/uploads\/sites\/2\/2025\/07\/admin-ajax.jpg')\">\n                <div class=\"download-item__content\">\n                  <h3>TD SYNNEX &amp;<br>Google Cloud IT Schulungen<\/h3>\n                  <a href=\"https:\/\/dach.tdsynnex.com\/cloud\/de\/wp-content\/uploads\/sites\/2\/2025\/07\/Google-Cloud-IT-Schulung_Angebot.pdf\" target=\"_blank\">\n                    <svg width=\"60\" height=\"60\">\n                      <use xlink:href=\"https:\/\/dach.tdsynnex.com\/cloud\/de\/wp-content\/themes\/tds-cloud-2025\/assets\/img\/icons.svg#icon-download\"><\/use>\n                    <\/svg>\n                  <\/a>\n                <\/div>\n              <\/div>\n            <\/div>\n                      <div>\n              <div class=\"download-item uk-margin-large-bottom\" style=\"background-image: url('https:\/\/dach.tdsynnex.com\/cloud\/de\/wp-content\/uploads\/sites\/2\/2025\/07\/img-google-tds-300x300-1.png')\">\n                <div class=\"download-item__content\">\n                  <h3>TD SYNNEX &amp;<br>Google Cloud<\/h3>\n                  <a href=\"https:\/\/dach.tdsynnex.com\/cloud\/de\/wp-content\/uploads\/sites\/2\/2025\/07\/Two-Pager_TD_SYNNEX_Google-Cloud_.pdf\" target=\"_blank\">\n                    <svg width=\"60\" height=\"60\">\n                      <use xlink:href=\"https:\/\/dach.tdsynnex.com\/cloud\/de\/wp-content\/themes\/tds-cloud-2025\/assets\/img\/icons.svg#icon-download\"><\/use>\n                    <\/svg>\n                  <\/a>\n                <\/div>\n              <\/div>\n            <\/div>\n                  <\/div>\n            <div class=\"closure\">\n              <\/div>\n    <\/div>\n  <\/section>\n\n\n\n\n\n<section class=\"tds-cloud-block tds-contact bg bg-green clr-white bg-center\"  id=\"contact\" >\n  <div class=\"uk-container uk-container-xlarge\">\n    <div class=\"uk-grid uk-grid-large uk-flex-middle\">\n      <div class=\"uk-width-2-3@m uk-width-1-1 uk-margin-large-bottom\">\n        <h2><strong>Rufen Sie uns an oder schreiben Sie uns!<\/strong><br \/>\nWir sind jederzeit gerne f\u00fcr Sie da!<\/h2>\n        <h3>TD SYNNEX GOOGLE TEAM<\/h3>\n        <div class=\"contact-data\">\n                      <div>\n              <svg width=\"40\" height=\"40\">\n                <use xlink:href=\"https:\/\/dach.tdsynnex.com\/cloud\/de\/wp-content\/themes\/tds-cloud-2025\/assets\/img\/icons.svg#icon-mobile-light\"><\/use>\n              <\/svg>\n              <p>+49 89 4700 3135<\/p>\n            <\/div>\n                                <div>\n              <svg width=\"40\" height=\"40\">\n                <use xlink:href=\"https:\/\/dach.tdsynnex.com\/cloud\/de\/wp-content\/themes\/tds-cloud-2025\/assets\/img\/icons.svg#icon-envelope-light\"><\/use>\n              <\/svg>\n              <p>google-germany@tdsynnex.com<\/p>\n            <\/div>\n                  <\/div>\n                  <a href=\"https:\/\/dach.tdsynnex.com\/cloud\/de\/kontakt\/\" class=\"btn btn-white\">Jetzt Kontakt aufnehmen<\/a>\n              <\/div>\n      <div class=\"uk-width-1-3@m uk-width-1-1\">\n                  <img decoding=\"async\" src=\"https:\/\/dach.tdsynnex.com\/cloud\/de\/wp-content\/uploads\/sites\/2\/2025\/08\/AdobeStock_627401533-e1754909154871.png\" alt=\"\" class=\"img-circle img-border img-border-teal\">\n              <\/div>\n    <\/div>\n  <\/div>\n<\/section>","protected":false},"excerpt":{"rendered":"","protected":false},"author":9,"featured_media":0,"parent":655,"menu_order":0,"comment_status":"closed","ping_status":"closed","template":"","meta":{"_acf_changed":false,"footnotes":""},"class_list":["post-704","page","type-page","status-publish","hentry"],"acf":[],"yoast_head":"<!-- This site is optimized with the Yoast SEO plugin v27.4 - https:\/\/yoast.com\/product\/yoast-seo-wordpress\/ -->\n<title>Google Cloud Platform - TD SYNNEX |\u00a0Cloud Solutions DE<\/title>\n<meta name=\"robots\" content=\"index, follow, max-snippet:-1, max-image-preview:large, max-video-preview:-1\" \/>\n<link rel=\"canonical\" href=\"https:\/\/dach.tdsynnex.com\/cloud\/de\/google\/google-cloud-platform\/\" \/>\n<meta property=\"og:locale\" content=\"de_DE\" \/>\n<meta property=\"og:type\" content=\"article\" \/>\n<meta property=\"og:title\" content=\"Google Cloud Platform - TD SYNNEX |\u00a0Cloud Solutions DE\" \/>\n<meta property=\"og:url\" content=\"https:\/\/dach.tdsynnex.com\/cloud\/de\/google\/google-cloud-platform\/\" \/>\n<meta property=\"og:site_name\" content=\"TD SYNNEX |\u00a0Cloud Solutions DE\" \/>\n<meta property=\"article:modified_time\" content=\"2025-08-25T12:36:03+00:00\" \/>\n<meta name=\"twitter:card\" content=\"summary_large_image\" \/>\n<script type=\"application\/ld+json\" class=\"yoast-schema-graph\">{\"@context\":\"https:\\\/\\\/schema.org\",\"@graph\":[{\"@type\":\"WebPage\",\"@id\":\"https:\\\/\\\/dach.tdsynnex.com\\\/cloud\\\/de\\\/google\\\/google-cloud-platform\\\/\",\"url\":\"https:\\\/\\\/dach.tdsynnex.com\\\/cloud\\\/de\\\/google\\\/google-cloud-platform\\\/\",\"name\":\"Google Cloud Platform - TD SYNNEX |\u00a0Cloud Solutions DE\",\"isPartOf\":{\"@id\":\"https:\\\/\\\/dach.tdsynnex.com\\\/cloud\\\/de\\\/#website\"},\"datePublished\":\"2025-07-23T07:09:40+00:00\",\"dateModified\":\"2025-08-25T12:36:03+00:00\",\"breadcrumb\":{\"@id\":\"https:\\\/\\\/dach.tdsynnex.com\\\/cloud\\\/de\\\/google\\\/google-cloud-platform\\\/#breadcrumb\"},\"inLanguage\":\"de\",\"potentialAction\":[{\"@type\":\"ReadAction\",\"target\":[\"https:\\\/\\\/dach.tdsynnex.com\\\/cloud\\\/de\\\/google\\\/google-cloud-platform\\\/\"]}]},{\"@type\":\"BreadcrumbList\",\"@id\":\"https:\\\/\\\/dach.tdsynnex.com\\\/cloud\\\/de\\\/google\\\/google-cloud-platform\\\/#breadcrumb\",\"itemListElement\":[{\"@type\":\"ListItem\",\"position\":1,\"name\":\"Home\",\"item\":\"https:\\\/\\\/dach.tdsynnex.com\\\/cloud\\\/de\\\/\"},{\"@type\":\"ListItem\",\"position\":2,\"name\":\"Google\",\"item\":\"https:\\\/\\\/dach.tdsynnex.com\\\/cloud\\\/de\\\/google\\\/\"},{\"@type\":\"ListItem\",\"position\":3,\"name\":\"Google Cloud Platform\"}]},{\"@type\":\"WebSite\",\"@id\":\"https:\\\/\\\/dach.tdsynnex.com\\\/cloud\\\/de\\\/#website\",\"url\":\"https:\\\/\\\/dach.tdsynnex.com\\\/cloud\\\/de\\\/\",\"name\":\"TD SYNNEX |\u00a0Cloud Solutions DE\",\"description\":\"\",\"publisher\":{\"@id\":\"https:\\\/\\\/dach.tdsynnex.com\\\/cloud\\\/de\\\/#organization\"},\"potentialAction\":[{\"@type\":\"SearchAction\",\"target\":{\"@type\":\"EntryPoint\",\"urlTemplate\":\"https:\\\/\\\/dach.tdsynnex.com\\\/cloud\\\/de\\\/?s={search_term_string}\"},\"query-input\":{\"@type\":\"PropertyValueSpecification\",\"valueRequired\":true,\"valueName\":\"search_term_string\"}}],\"inLanguage\":\"de\"},{\"@type\":\"Organization\",\"@id\":\"https:\\\/\\\/dach.tdsynnex.com\\\/cloud\\\/de\\\/#organization\",\"name\":\"TD SYNNEX |\u00a0Cloud Solutions DE\",\"url\":\"https:\\\/\\\/dach.tdsynnex.com\\\/cloud\\\/de\\\/\",\"logo\":{\"@type\":\"ImageObject\",\"inLanguage\":\"de\",\"@id\":\"https:\\\/\\\/dach.tdsynnex.com\\\/cloud\\\/de\\\/#\\\/schema\\\/logo\\\/image\\\/\",\"url\":\"https:\\\/\\\/dach.tdsynnex.com\\\/cloud\\\/de\\\/wp-content\\\/uploads\\\/sites\\\/2\\\/2025\\\/07\\\/TD-SYNNEX_fav.png\",\"contentUrl\":\"https:\\\/\\\/dach.tdsynnex.com\\\/cloud\\\/de\\\/wp-content\\\/uploads\\\/sites\\\/2\\\/2025\\\/07\\\/TD-SYNNEX_fav.png\",\"width\":512,\"height\":512,\"caption\":\"TD SYNNEX |\u00a0Cloud Solutions DE\"},\"image\":{\"@id\":\"https:\\\/\\\/dach.tdsynnex.com\\\/cloud\\\/de\\\/#\\\/schema\\\/logo\\\/image\\\/\"}}]}<\/script>\n<!-- \/ Yoast SEO plugin. -->","yoast_head_json":{"title":"Google Cloud Platform - TD SYNNEX |\u00a0Cloud Solutions DE","robots":{"index":"index","follow":"follow","max-snippet":"max-snippet:-1","max-image-preview":"max-image-preview:large","max-video-preview":"max-video-preview:-1"},"canonical":"https:\/\/dach.tdsynnex.com\/cloud\/de\/google\/google-cloud-platform\/","og_locale":"de_DE","og_type":"article","og_title":"Google Cloud Platform - TD SYNNEX |\u00a0Cloud Solutions DE","og_url":"https:\/\/dach.tdsynnex.com\/cloud\/de\/google\/google-cloud-platform\/","og_site_name":"TD SYNNEX |\u00a0Cloud Solutions DE","article_modified_time":"2025-08-25T12:36:03+00:00","twitter_card":"summary_large_image","schema":{"@context":"https:\/\/schema.org","@graph":[{"@type":"WebPage","@id":"https:\/\/dach.tdsynnex.com\/cloud\/de\/google\/google-cloud-platform\/","url":"https:\/\/dach.tdsynnex.com\/cloud\/de\/google\/google-cloud-platform\/","name":"Google Cloud Platform - TD SYNNEX |\u00a0Cloud Solutions DE","isPartOf":{"@id":"https:\/\/dach.tdsynnex.com\/cloud\/de\/#website"},"datePublished":"2025-07-23T07:09:40+00:00","dateModified":"2025-08-25T12:36:03+00:00","breadcrumb":{"@id":"https:\/\/dach.tdsynnex.com\/cloud\/de\/google\/google-cloud-platform\/#breadcrumb"},"inLanguage":"de","potentialAction":[{"@type":"ReadAction","target":["https:\/\/dach.tdsynnex.com\/cloud\/de\/google\/google-cloud-platform\/"]}]},{"@type":"BreadcrumbList","@id":"https:\/\/dach.tdsynnex.com\/cloud\/de\/google\/google-cloud-platform\/#breadcrumb","itemListElement":[{"@type":"ListItem","position":1,"name":"Home","item":"https:\/\/dach.tdsynnex.com\/cloud\/de\/"},{"@type":"ListItem","position":2,"name":"Google","item":"https:\/\/dach.tdsynnex.com\/cloud\/de\/google\/"},{"@type":"ListItem","position":3,"name":"Google Cloud Platform"}]},{"@type":"WebSite","@id":"https:\/\/dach.tdsynnex.com\/cloud\/de\/#website","url":"https:\/\/dach.tdsynnex.com\/cloud\/de\/","name":"TD SYNNEX |\u00a0Cloud Solutions DE","description":"","publisher":{"@id":"https:\/\/dach.tdsynnex.com\/cloud\/de\/#organization"},"potentialAction":[{"@type":"SearchAction","target":{"@type":"EntryPoint","urlTemplate":"https:\/\/dach.tdsynnex.com\/cloud\/de\/?s={search_term_string}"},"query-input":{"@type":"PropertyValueSpecification","valueRequired":true,"valueName":"search_term_string"}}],"inLanguage":"de"},{"@type":"Organization","@id":"https:\/\/dach.tdsynnex.com\/cloud\/de\/#organization","name":"TD SYNNEX |\u00a0Cloud Solutions DE","url":"https:\/\/dach.tdsynnex.com\/cloud\/de\/","logo":{"@type":"ImageObject","inLanguage":"de","@id":"https:\/\/dach.tdsynnex.com\/cloud\/de\/#\/schema\/logo\/image\/","url":"https:\/\/dach.tdsynnex.com\/cloud\/de\/wp-content\/uploads\/sites\/2\/2025\/07\/TD-SYNNEX_fav.png","contentUrl":"https:\/\/dach.tdsynnex.com\/cloud\/de\/wp-content\/uploads\/sites\/2\/2025\/07\/TD-SYNNEX_fav.png","width":512,"height":512,"caption":"TD SYNNEX |\u00a0Cloud Solutions DE"},"image":{"@id":"https:\/\/dach.tdsynnex.com\/cloud\/de\/#\/schema\/logo\/image\/"}}]}},"_links":{"self":[{"href":"https:\/\/dach.tdsynnex.com\/cloud\/de\/wp-json\/wp\/v2\/pages\/704","targetHints":{"allow":["GET"]}}],"collection":[{"href":"https:\/\/dach.tdsynnex.com\/cloud\/de\/wp-json\/wp\/v2\/pages"}],"about":[{"href":"https:\/\/dach.tdsynnex.com\/cloud\/de\/wp-json\/wp\/v2\/types\/page"}],"author":[{"embeddable":true,"href":"https:\/\/dach.tdsynnex.com\/cloud\/de\/wp-json\/wp\/v2\/users\/9"}],"replies":[{"embeddable":true,"href":"https:\/\/dach.tdsynnex.com\/cloud\/de\/wp-json\/wp\/v2\/comments?post=704"}],"version-history":[{"count":3,"href":"https:\/\/dach.tdsynnex.com\/cloud\/de\/wp-json\/wp\/v2\/pages\/704\/revisions"}],"predecessor-version":[{"id":1984,"href":"https:\/\/dach.tdsynnex.com\/cloud\/de\/wp-json\/wp\/v2\/pages\/704\/revisions\/1984"}],"up":[{"embeddable":true,"href":"https:\/\/dach.tdsynnex.com\/cloud\/de\/wp-json\/wp\/v2\/pages\/655"}],"wp:attachment":[{"href":"https:\/\/dach.tdsynnex.com\/cloud\/de\/wp-json\/wp\/v2\/media?parent=704"}],"curies":[{"name":"wp","href":"https:\/\/api.w.org\/{rel}","templated":true}]}}