{"id":722,"date":"2025-07-23T09:11:08","date_gmt":"2025-07-23T07:11:08","guid":{"rendered":"https:\/\/dach.tdsynnex.com\/cloud\/de\/?page_id=722"},"modified":"2025-09-12T11:47:49","modified_gmt":"2025-09-12T09:47:49","slug":"chromeos","status":"publish","type":"page","link":"https:\/\/dach.tdsynnex.com\/cloud\/de\/google\/chromeos\/","title":{"rendered":"ChromeOS"},"content":{"rendered":"\n<p><\/p>\n\n\n\n<section class=\"tds-cloud-block tds-image bg bg-white clr-teal bg-center\"  >\n    <div class=\"uk-container uk-container-xlarge uk-flex uk-flex-center\">\n    <div class=\"image-wrapper\" style=\"max-width: 1000px\" >\n              <img decoding=\"async\" src=\"https:\/\/dach.tdsynnex.com\/cloud\/de\/wp-content\/uploads\/sites\/2\/2025\/07\/channels4_banner.jpg\" alt=\"\">\n            <\/div>\n  <\/div>\n  <\/section>\n\n\n<section class=\"tds-cloud-block tds-text bg bg-green clr-white bg-center\"  >\n  <div class=\"uk-container uk-container-xlarge\">\n    <div class=\"layout-text custom-layout col-12 \">\n<div class=\"clr-bg-default\">\n<h2><strong>D\u00fcrfen wir vorstellen: Chrome Enterprise<\/strong><\/h2>\n<\/div>\n<\/div>\n<div class=\"layout-text custom-layout col-12 \">\n<div class=\"clr-bg-default\">\n<h3>ChromeOS ist ein cloudbasiertes Betriebssystem, das Mitarbeitern eine moderne Benutzererfahrung bietet. Die Ger\u00e4te bleiben leistungsstark, haben integrierte Sicherheit, lassen sich schnell bereitstellen, sind nachhaltig und senken die Gesamtbetriebskosten.<\/h3>\n<p><strong>Sorgen Sie daf\u00fcr, dass Ihre Kunden das Beste aus ihrer Cloud-Erfahrung herausholen.<\/strong><\/p>\n<p>Google Chrome Enterprise ist die f\u00fcr Unternehmen optimierte Version von Google Chrome f\u00fcr Ger\u00e4te, Chrome Browser und ChromeOS. Sie erweitert das Standard-Chrome-Erlebnis um weitere Sicherheitsfunktionen, die Bereitstellung und Verwaltung von Ger\u00e4ten sowie Supportfunktionen auf Unternehmensebene.<\/p>\n<\/div>\n<\/div>\n  <\/div>\n<\/section>\n\n\n<section class=\"tds-cloud-block tds-video bg bg-white clr-black bg-center\"  >\n    <div class=\"uk-container uk-container-xlarge uk-flex uk-flex-center\">\n    <div class=\"video-wrapper\" style=\"width: 900px\" >\n              <iframe class=\"horizontal\" src=\"https:\/\/www.youtube-nocookie.com\/embed\/JqV2Iejx32A\" title=\"YouTube video player\" frameborder=\"0\" allow=\"accelerometer; autoplay; clipboard-write; encrypted-media; gyroscope; picture-in-picture; web-share\" referrerpolicy=\"strict-origin-when-cross-origin\" allowfullscreen><\/iframe>\n          <\/div>\n  <\/div>\n  <\/section>\n\n\n<section class=\"tds-cloud-block tds-text-cols bg bg-teal clr-white bg-center\"  >\n  <div class=\"uk-container uk-container-xlarge\">\n          <div class=\"uk-margin-large-bottom\">\n        <h2 style=\"text-align: center\"><strong>Warum Chrome Enterprise Upgrade?<\/strong><\/h2>\n<p style=\"text-align: center\">Um ein Chromebook zu nutzen und alle Funktionen des Betriebssystems f\u00fcr Unternehmen zu aktivieren sowie der IT-Abteilung die Verwaltung des Ger\u00e4ts zu erm\u00f6glichen, ben\u00f6tigen Sie Chrome Enterprise Upgrade.<\/p>\n<p style=\"text-align: center\"><small>Hinweis: Chrome Enterprise Upgrade wurde fr\u00fcher als Chrome Enterprise-Lizenz bezeichnet.<\/small><\/p>\n      <\/div>\n                      <div class=\"uk-grid uk-child-width-1-3@m uk-child-width-1-2@s uk-child-width-1-1\" uk-height-match=\"target: .text__content\">\n                      <div>\n              <div class=\"text-col\">\n                <div class=\"text__head\">\n                                    <h3>1. Sicherheit durch Design<\/h3>\n                <\/div>\n                <div class=\"text__content\">\n                  <p>Erm\u00f6glichen Sie Ihren Kunden, kostspielige Sicherheitsverletzungen und das Potenzial f\u00fcr menschliches Versagen durch mehrschichtigen Schutz zu verringern, z. B. durch Firmware-Integration, zentralisierte Verwaltung und KI- und maschinenlerngest\u00fctzte Bedrohungserkennung. Mit Chrome Enterprise Upgrade sorgen regelm\u00e4\u00dfige kontrollierte Updates daf\u00fcr, dass der Google-Bestand Ihrer Kunden mit den modernsten Sicherheitsfunktionen auf dem neuesten Stand ist.<\/p>\n                <\/div>\n                              <\/div>\n            <\/div>\n                      <div>\n              <div class=\"text-col\">\n                <div class=\"text__head\">\n                                    <h3>2. Granulare Kontrolle<\/h3>\n                <\/div>\n                <div class=\"text__content\">\n                  <p>Mit \u00fcber 200 Benutzer- und Ger\u00e4terichtlinien zentralisiert Chrome Enterprise Upgrade die Verwaltung und gew\u00e4hrleistet gleichzeitig Datenschutz und Compliance. Ihre Kunden sind in der Lage, ihre Ger\u00e4te einfach und effizient einzurichten und zu \u00fcberwachen, indem sie die Benutzerrechte anpassen und unbefugten Zugriff verhindern. Helfen Sie Ihren Kunden, schnell und auf die von ihnen gew\u00fcnschte Weise zu expandieren.<\/p>\n                <\/div>\n                              <\/div>\n            <\/div>\n                      <div>\n              <div class=\"text-col\">\n                <div class=\"text__head\">\n                                    <h3>3. Smart Investment<\/h3>\n                <\/div>\n                <div class=\"text__content\">\n                  <p>Unterst\u00fctzen Sie Ihre Kunden bei der Weiterentwicklung ihrer Unternehmen. Die vereinfachte und zentralisierte Verwaltung f\u00fchrt zu erheblichen j\u00e4hrlichen Einsparungen pro Ger\u00e4t, w\u00e4hrend automatische Updates die Produktivit\u00e4t steigern, da Wartezeiten entfallen. Ohne die Ablenkungen, die durch lokal basierte Plattformen entstehen, k\u00f6nnen die Benutzer ihren Tag besser nutzen und ihre Leistung verbessern. Mit dem Ziel, die Gesamtbetriebskosten durch reduzierte IT-Kosten und Upgrade-Ausfallzeiten zu senken, wird Chrome Enterprise mit der Zeit einfach besser.<\/p>\n                <\/div>\n                              <\/div>\n            <\/div>\n                  <\/div>\n                <\/div>\n<\/section>\n\n\n<section class=\"tds-cloud-block tds-text-cols bg bg-white clr-teal bg-center\"  >\n  <div class=\"uk-container uk-container-xlarge\">\n          <div class=\"uk-margin-large-bottom\">\n        <h2 style=\"text-align: center\"><strong>Der Chrome Browser<\/strong><\/h2>\n<p style=\"text-align: center\">Geben Sie Ihren Kunden die Freiheit zu arbeiten, wann, wo und wie sie wollen, w\u00e4hrend ihre Gesch\u00e4ftsdaten sicher sind.<\/p>\n      <\/div>\n                      <div class=\"uk-grid uk-child-width-1-2@m uk-child-width-1-2@s uk-child-width-1-1\" uk-height-match=\"target: .text__content\">\n                      <div>\n              <div class=\"text-col\">\n                <div class=\"text__head\">\n                                    <h3>Ultimative Sicherheit<\/h3>\n                <\/div>\n                <div class=\"text__content\">\n                  <ul>\n<li>Sicheres Surfen \u2013 Erweiterter Schutz vor Malware und Phishing.<\/li>\n<li>Regelm\u00e4\u00dfige Updates \u2013 Schutz vor den neuesten Sicherheitsl\u00fccken, ohne dass Patches erforderlich sind.<\/li>\n<li>Sandboxing \u2013 Verhindert Malware und isoliert b\u00f6sartige Webseiten.<\/li>\n<li>Website-Isolierung \u2013 Verhindert, dass nicht vertrauensw\u00fcrdige Websites auf Konten auf anderen Websites zugreifen.<\/li>\n<\/ul>\n                <\/div>\n                              <\/div>\n            <\/div>\n                      <div>\n              <div class=\"text-col\">\n                <div class=\"text__head\">\n                                    <h3>Benutzer aktivieren <\/h3>\n                <\/div>\n                <div class=\"text__content\">\n                  <ul>\n<li>Nahtloser Zugang \u2013 Einheitliche Benutzererfahrung \u00fcber alle Ger\u00e4te und Betriebssysteme hinweg.<\/li>\n<li>Tausende von Erweiterungen \u2013 Individuell anpassbare Browsing-Erlebnisse.<\/li>\n<li>Plattform\u00fcbergreifende Unterst\u00fctzung \u2013 Unterst\u00fctzung f\u00fcr Nutzer von Windows, Mac, Chrome OS und mobilen Ger\u00e4ten.<\/li>\n<li>Beliebte Unternehmensanwendungen \u2013 Google Workspace, Office 365, Salesforce, Workday, SAP Fiori, UberConference und mehr.<\/li>\n<\/ul>\n                <\/div>\n                              <\/div>\n            <\/div>\n                  <\/div>\n                <\/div>\n<\/section>\n\n\n<section class=\"tds-cloud-block tds-text-cols bg bg-aqua clr-white bg-center\"  >\n  <div class=\"uk-container uk-container-xlarge\">\n                      <div class=\"uk-grid uk-child-width-1-3@m uk-child-width-1-2@s uk-child-width-1-1\" uk-height-match=\"target: .text__content\">\n                      <div>\n              <div class=\"text-col\">\n                <div class=\"text__head\">\n                                      <img decoding=\"async\" src=\"https:\/\/dach.tdsynnex.com\/cloud\/de\/wp-content\/uploads\/sites\/2\/2025\/07\/Jumpstart-Bild-300x168-1.png\" alt=\"\">\n                                    <h3><\/h3>\n                <\/div>\n                <div class=\"text__content\">\n                  <h2>ChromeOS Jump Start<\/h2>\n<p>ChromeOS Jump Start ist eine\u00a0<b>Sonderaktion\u00a0<\/b>im Rahmen des ChromeOS\u00a0<b>Partner Funding Programs (PSF)<\/b>. Ziel dieser Aktion ist es, die\u00a0<b>Neukundengewinnung zu f\u00f6rdern<\/b>, indem Partnern\u00a0<b>zus\u00e4tzliche Anreize<\/b>\u00a0geboten werden,\u00a0<b>standardisierte ChromeOS-Services\u00a0<\/b>zu einem festgelegten Preis anzubieten. Diese standardisierten Dienste, die in der von Google bereitgestellten Vorlage f\u00fcr die\u00a0<b>Leistungsbeschreibung\u00a0<\/b>(Statement of Engagement, SOE) beschrieben sind, machen Kundenunterschriften\u00a0<b>\u00fcberfl\u00fcssig\u00a0<\/b>und\u00a0<b>verk\u00fcrzen\u00a0<\/b>so die\u00a0<b>Markteinf\u00fchrungszeit<\/b>.<\/p>\n<p><a class=\"tds-Button btn btn-white\" href=\"https:\/\/dach.tdsynnex.com\/cloud\/de\/google\/chromeos\/chromeos-jump-start\/\">Mehr erfahren<\/a><\/p>\n                <\/div>\n                              <\/div>\n            <\/div>\n                      <div>\n              <div class=\"text-col\">\n                <div class=\"text__head\">\n                                      <img decoding=\"async\" src=\"https:\/\/dach.tdsynnex.com\/cloud\/de\/wp-content\/uploads\/sites\/2\/2025\/07\/elevanet-logo-300x74-1.png\" alt=\"\">\n                                    <h3><\/h3>\n                <\/div>\n                <div class=\"text__content\">\n                  <h2>ELEVATE Partner Program<\/h2>\n<p>Elevate: ein TD SYNNEX ChromeOS Partnerprogramm, ist eine Initiative zur Schaffung eines robusten ChromeOS-Partner-\u00d6kosystems. Es bietet Onboarding, Schulungen, Dienstleistungen und Zertifizierungsunterst\u00fctzung f\u00fcr europ\u00e4ische TD SYNNEX-Wiederverk\u00e4ufer, um Ihr ChromeOS-Gesch\u00e4ft mit Unterst\u00fctzung von Experten auf die n\u00e4chste Stufe zu heben. Dieses Programm vermittelt Ihnen das n\u00f6tige Wissen und die Werkzeuge, um ChromeOS-L\u00f6sungen effektiv zu verkaufen, umzusetzen und zu unterst\u00fctzen. Es richtet sich ausschlie\u00dflich an Enterprise- und nicht-verwaltete Google-Partner.<\/p>\n<p><a class=\"tds-Button btn btn-white\" href=\"https:\/\/dach.tdsynnex.com\/cloud\/de\/google\/chromeos\/elevate\/\">Mehr erfahren<\/a><\/p>\n                <\/div>\n                              <\/div>\n            <\/div>\n                      <div>\n              <div class=\"text-col\">\n                <div class=\"text__head\">\n                                      <img decoding=\"async\" src=\"https:\/\/dach.tdsynnex.com\/cloud\/de\/wp-content\/uploads\/sites\/2\/2025\/07\/Google-ChromeOS-Horizontal-White-RGB-300x121-1.png\" alt=\"\">\n                                    <h3><\/h3>\n                <\/div>\n                <div class=\"text__content\">\n                  <h2>ChromeOS Flex<\/h2>\n<p>Don&#8217;t bin it, just flex it:<\/p>\n<p>ChromeOS Flex ist\u00a0<b>ein einfach zu verwaltendes und schnelles Cloud-First-Betriebssystem f\u00fcr PCs und Macs<\/b>. Mit ChromeOS Flex k\u00f6nnen Sie alten Ger\u00e4ten eine l\u00e4ngere Lebensdauer verschaffen und so Kosten sparen und Nachhaltig agieren.<\/p>\n<p><a class=\"tds-Button btn btn-white\" href=\"https:\/\/dach.tdsynnex.com\/cloud\/de\/google\/chromeos\/chromeos-flex\/\">Mehr erfahren<\/a><\/p>\n                <\/div>\n                              <\/div>\n            <\/div>\n                  <\/div>\n                <\/div>\n<\/section>\n\n\n<section class=\"tds-cloud-block tds-text bg bg-white clr-teal bg-center\"  >\n  <div class=\"uk-container uk-container-xlarge\">\n    <h2 style=\"text-align: left\"><strong>Chrome-Ger\u00e4te f\u00fcr Unternehmen<\/strong><\/h2>\n<p style=\"text-align: left\">Chrome-Ger\u00e4te wurden speziell f\u00fcr die Anforderungen von Unternehmen und verschiedenen Gesch\u00e4ftsbereichen entwickelt. Sie wurden f\u00fcr die Cloud entwickelt und bieten den Mitarbeitern Funktionen in Unternehmensqualit\u00e4t f\u00fcr Produktivit\u00e4t, Mobilit\u00e4t und Leistung.<\/p>\n<p style=\"text-align: left\"><strong>Benutzer k\u00f6nnen davon profitieren:<\/strong><\/p>\n<ul style=\"text-align: left\">\n<li>Updates im Hintergrund installieren alle 6 Wochen die neuesten Sicherheits- und Funktionsmerkmale.<\/li>\n<li>Identit\u00e4ten, Benutzerprofile und Betriebssystem in einer Sandbox.<\/li>\n<li>Datenverschl\u00fcsselung und verifizierte Sicherheitspr\u00fcfungen bei jedem Systemstart.<\/li>\n<\/ul>\n<p style=\"text-align: left\">Es gibt Chrome-Ger\u00e4te als Tablets, Laptops oder irgendwo dazwischen \u2013 f\u00fcr jede Art von Arbeitsplatz gibt es ein passendes Ger\u00e4t. Mit Ger\u00e4ten von Ihren Lieblingsherstellern wie HP, Dell, Lenovo und Asus hilft TD SYNNEX Ihnen dabei, das Ger\u00e4t zu finden, das f\u00fcr Ihre Kunden am besten geeignet ist.<\/p>\n<p style=\"text-align: left\">Wir bieten auch Chromebook Enterprise-Ger\u00e4te an, die aus einem Chromebook mit integriertem Enterprise Upgrade bestehen, so dass Ihre Kunden das Chrome Enterprise Upgrade nicht separat erwerben m\u00fcssen.<\/p>\n  <\/div>\n<\/section>\n\n\n<section class=\"tds-cloud-block tds-text bg bg-teal clr-white bg-center\"  >\n  <div class=\"uk-container uk-container-xlarge\">\n    <h2 style=\"text-align: left\"><span style=\"color: #ffffff\"><strong>Onboarding als Chrome Enterprise Partner<\/strong><\/span><\/h2>\n<p style=\"text-align: left\"><span style=\"color: #ffffff\">Durch den Verkauf von Google Chrome-Ger\u00e4ten erschlie\u00dfen Sie sich bereits einen schnell wachsenden Markt mit einem der weltweit f\u00fchrenden Anbieter von Cloud-L\u00f6sungen.<\/span><\/p>\n<p style=\"text-align: left\"><span style=\"color: #ffffff\">Um Ihre Google Chrome Enterprise-Praxis auf die n\u00e4chste Stufe zu heben, bietet Ihnen das Onboarding als Chrome Enterprise-Partner erhebliche Vorteile.<\/span><\/p>\n<p style=\"text-align: left\"><span style=\"color: #ffffff\">Sie erhalten Zugang zum Verkauf des Chrome Enterprise-Upgrades, das nur f\u00fcr zugelassene Chrome Enterprise-Partner erh\u00e4ltlich ist, exklusive Vertriebs- und Marketing-Tools, zus\u00e4tzliche Google-spezifische Online-Schulungen und eine erh\u00f6hte Marktautorit\u00e4t als offizieller Google-Partner.<\/span><\/p>\n  <\/div>\n<\/section>\n\n<section class=\"tds-cloud-block tds-text-image bg bg-lightgray clr-teal bg-center\"  >\n  <div class=\"uk-container uk-container-xlarge\">\n    <div class=\"uk-grid uk-grid-large uk-child-width-1-2 uk-flex-middle\">\n      <div class=\"uk-width-1-2@m uk-width-1-1  uk-flex-last@m uk-flex-first\">\n        <h2>Aktuelle News<\/h2>\n<p>Die Cloud-Landschaft entwickelt sich rasant. Bleiben Sie mit den neuesten Entwicklungen auf dem Laufenden.<\/p>\n<p><a class=\"btn-teal btn\" href=\"https:\/\/dach.tdsynnex.com\/cloud\/de\/news\/\">Jetzt entdecken<\/a><\/p>\n      <\/div>\n      <div class=\"uk-width-1-2@m uk-width-1-1  uk-flex-first@m uk-flex-last\">\n                  <img decoding=\"async\" src=\"https:\/\/dach.tdsynnex.com\/cloud\/de\/wp-content\/uploads\/sites\/2\/2025\/08\/img-news.png\" alt=\"\" class=\"img-circle img-border img-border-gray\">\n                <\/div>\n    <\/div>\n  <\/div>\n<\/section>\n\n\n<section class=\"tds-cloud-block tds-text-video bg bg-white clr-teal bg-center\"  >\n  <div class=\"uk-container uk-container-xlarge\">\n          <div class=\"uk-margin-large-bottom\">\n        <h2 style=\"text-align: center\">Was ist ein Chromebook?<\/h2>\n      <\/div>\n        <div class=\"uk-grid uk-flex-middle\">\n      <div class=\"uk-width-1-4@m uk-width-1-1 \">\n        <div>\n                  <\/div>\n      <\/div>\n      <div class=\"uk-width-3-4@m uk-width-1-1 uk-flex-last\">\n        <div class=\"video-wrapper\">\n                      <iframe class=\"horizontal\" src=\"https:\/\/www.youtube-nocookie.com\/embed\/OXaHt9pZCa8?feature=shared\" title=\"YouTube video player\" frameborder=\"0\" allow=\"accelerometer; autoplay; clipboard-write; encrypted-media; gyroscope; picture-in-picture; web-share\" referrerpolicy=\"strict-origin-when-cross-origin\" allowfullscreen><\/iframe>\n                  <\/div>\n      <\/div>\n\n\n    <\/div>\n  <\/div>\n<\/section>\n\n\n\n<section class=\"tds-cloud-block tds-contact bg bg-green clr-white bg-center\"  id=\"contact\" >\n  <div class=\"uk-container uk-container-xlarge\">\n    <div class=\"uk-grid uk-grid-large uk-flex-middle\">\n      <div class=\"uk-width-2-3@m uk-width-1-1 uk-margin-large-bottom\">\n        <h2><strong>Rufen Sie uns an oder schreiben Sie uns!<\/strong><br \/>\nWir sind jederzeit gerne f\u00fcr Sie da!<\/h2>\n        <h3>TD SYNNEX GOOGLE TEAM<\/h3>\n        <div class=\"contact-data\">\n                      <div>\n              <svg width=\"40\" height=\"40\">\n                <use xlink:href=\"https:\/\/dach.tdsynnex.com\/cloud\/de\/wp-content\/themes\/tds-cloud-2025\/assets\/img\/icons.svg#icon-mobile-light\"><\/use>\n              <\/svg>\n              <p>+49 89 4700 3135<\/p>\n            <\/div>\n                                <div>\n              <svg width=\"40\" height=\"40\">\n                <use xlink:href=\"https:\/\/dach.tdsynnex.com\/cloud\/de\/wp-content\/themes\/tds-cloud-2025\/assets\/img\/icons.svg#icon-envelope-light\"><\/use>\n              <\/svg>\n              <p>google-germany@tdsynnex.com<\/p>\n            <\/div>\n                  <\/div>\n                  <a href=\"https:\/\/dach.tdsynnex.com\/cloud\/de\/kontakt\/\" class=\"btn btn-white\">Jetzt Kontakt aufnehmen<\/a>\n              <\/div>\n      <div class=\"uk-width-1-3@m uk-width-1-1\">\n                  <img decoding=\"async\" src=\"https:\/\/dach.tdsynnex.com\/cloud\/de\/wp-content\/uploads\/sites\/2\/2025\/08\/AdobeStock_627401533-e1754909154871.png\" alt=\"\" class=\"img-circle img-border img-border-teal\">\n              <\/div>\n    <\/div>\n  <\/div>\n<\/section>","protected":false},"excerpt":{"rendered":"","protected":false},"author":9,"featured_media":0,"parent":655,"menu_order":0,"comment_status":"closed","ping_status":"closed","template":"","meta":{"_acf_changed":false,"footnotes":""},"class_list":["post-722","page","type-page","status-publish","hentry"],"acf":[],"yoast_head":"<!-- This site is optimized with the Yoast SEO plugin v27.3 - https:\/\/yoast.com\/product\/yoast-seo-wordpress\/ -->\n<title>ChromeOS - TD SYNNEX |\u00a0Cloud Solutions DE<\/title>\n<meta name=\"robots\" content=\"index, follow, max-snippet:-1, max-image-preview:large, max-video-preview:-1\" \/>\n<link rel=\"canonical\" href=\"https:\/\/dach.tdsynnex.com\/cloud\/de\/google\/chromeos\/\" \/>\n<meta property=\"og:locale\" content=\"de_DE\" \/>\n<meta property=\"og:type\" content=\"article\" \/>\n<meta property=\"og:title\" content=\"ChromeOS - TD SYNNEX |\u00a0Cloud Solutions DE\" \/>\n<meta property=\"og:url\" content=\"https:\/\/dach.tdsynnex.com\/cloud\/de\/google\/chromeos\/\" \/>\n<meta property=\"og:site_name\" content=\"TD SYNNEX |\u00a0Cloud Solutions DE\" \/>\n<meta property=\"article:modified_time\" content=\"2025-09-12T09:47:49+00:00\" \/>\n<meta name=\"twitter:card\" content=\"summary_large_image\" \/>\n<script type=\"application\/ld+json\" class=\"yoast-schema-graph\">{\"@context\":\"https:\\\/\\\/schema.org\",\"@graph\":[{\"@type\":\"WebPage\",\"@id\":\"https:\\\/\\\/dach.tdsynnex.com\\\/cloud\\\/de\\\/google\\\/chromeos\\\/\",\"url\":\"https:\\\/\\\/dach.tdsynnex.com\\\/cloud\\\/de\\\/google\\\/chromeos\\\/\",\"name\":\"ChromeOS - TD SYNNEX |\u00a0Cloud Solutions DE\",\"isPartOf\":{\"@id\":\"https:\\\/\\\/dach.tdsynnex.com\\\/cloud\\\/de\\\/#website\"},\"datePublished\":\"2025-07-23T07:11:08+00:00\",\"dateModified\":\"2025-09-12T09:47:49+00:00\",\"breadcrumb\":{\"@id\":\"https:\\\/\\\/dach.tdsynnex.com\\\/cloud\\\/de\\\/google\\\/chromeos\\\/#breadcrumb\"},\"inLanguage\":\"de\",\"potentialAction\":[{\"@type\":\"ReadAction\",\"target\":[\"https:\\\/\\\/dach.tdsynnex.com\\\/cloud\\\/de\\\/google\\\/chromeos\\\/\"]}]},{\"@type\":\"BreadcrumbList\",\"@id\":\"https:\\\/\\\/dach.tdsynnex.com\\\/cloud\\\/de\\\/google\\\/chromeos\\\/#breadcrumb\",\"itemListElement\":[{\"@type\":\"ListItem\",\"position\":1,\"name\":\"Home\",\"item\":\"https:\\\/\\\/dach.tdsynnex.com\\\/cloud\\\/de\\\/\"},{\"@type\":\"ListItem\",\"position\":2,\"name\":\"Google\",\"item\":\"https:\\\/\\\/dach.tdsynnex.com\\\/cloud\\\/de\\\/google\\\/\"},{\"@type\":\"ListItem\",\"position\":3,\"name\":\"ChromeOS\"}]},{\"@type\":\"WebSite\",\"@id\":\"https:\\\/\\\/dach.tdsynnex.com\\\/cloud\\\/de\\\/#website\",\"url\":\"https:\\\/\\\/dach.tdsynnex.com\\\/cloud\\\/de\\\/\",\"name\":\"TD SYNNEX |\u00a0Cloud Solutions DE\",\"description\":\"\",\"publisher\":{\"@id\":\"https:\\\/\\\/dach.tdsynnex.com\\\/cloud\\\/de\\\/#organization\"},\"potentialAction\":[{\"@type\":\"SearchAction\",\"target\":{\"@type\":\"EntryPoint\",\"urlTemplate\":\"https:\\\/\\\/dach.tdsynnex.com\\\/cloud\\\/de\\\/?s={search_term_string}\"},\"query-input\":{\"@type\":\"PropertyValueSpecification\",\"valueRequired\":true,\"valueName\":\"search_term_string\"}}],\"inLanguage\":\"de\"},{\"@type\":\"Organization\",\"@id\":\"https:\\\/\\\/dach.tdsynnex.com\\\/cloud\\\/de\\\/#organization\",\"name\":\"TD SYNNEX |\u00a0Cloud Solutions DE\",\"url\":\"https:\\\/\\\/dach.tdsynnex.com\\\/cloud\\\/de\\\/\",\"logo\":{\"@type\":\"ImageObject\",\"inLanguage\":\"de\",\"@id\":\"https:\\\/\\\/dach.tdsynnex.com\\\/cloud\\\/de\\\/#\\\/schema\\\/logo\\\/image\\\/\",\"url\":\"https:\\\/\\\/dach.tdsynnex.com\\\/cloud\\\/de\\\/wp-content\\\/uploads\\\/sites\\\/2\\\/2025\\\/07\\\/TD-SYNNEX_fav.png\",\"contentUrl\":\"https:\\\/\\\/dach.tdsynnex.com\\\/cloud\\\/de\\\/wp-content\\\/uploads\\\/sites\\\/2\\\/2025\\\/07\\\/TD-SYNNEX_fav.png\",\"width\":512,\"height\":512,\"caption\":\"TD SYNNEX |\u00a0Cloud Solutions DE\"},\"image\":{\"@id\":\"https:\\\/\\\/dach.tdsynnex.com\\\/cloud\\\/de\\\/#\\\/schema\\\/logo\\\/image\\\/\"}}]}<\/script>\n<!-- \/ Yoast SEO plugin. -->","yoast_head_json":{"title":"ChromeOS - TD SYNNEX |\u00a0Cloud Solutions DE","robots":{"index":"index","follow":"follow","max-snippet":"max-snippet:-1","max-image-preview":"max-image-preview:large","max-video-preview":"max-video-preview:-1"},"canonical":"https:\/\/dach.tdsynnex.com\/cloud\/de\/google\/chromeos\/","og_locale":"de_DE","og_type":"article","og_title":"ChromeOS - TD SYNNEX |\u00a0Cloud Solutions DE","og_url":"https:\/\/dach.tdsynnex.com\/cloud\/de\/google\/chromeos\/","og_site_name":"TD SYNNEX |\u00a0Cloud Solutions DE","article_modified_time":"2025-09-12T09:47:49+00:00","twitter_card":"summary_large_image","schema":{"@context":"https:\/\/schema.org","@graph":[{"@type":"WebPage","@id":"https:\/\/dach.tdsynnex.com\/cloud\/de\/google\/chromeos\/","url":"https:\/\/dach.tdsynnex.com\/cloud\/de\/google\/chromeos\/","name":"ChromeOS - TD SYNNEX |\u00a0Cloud Solutions DE","isPartOf":{"@id":"https:\/\/dach.tdsynnex.com\/cloud\/de\/#website"},"datePublished":"2025-07-23T07:11:08+00:00","dateModified":"2025-09-12T09:47:49+00:00","breadcrumb":{"@id":"https:\/\/dach.tdsynnex.com\/cloud\/de\/google\/chromeos\/#breadcrumb"},"inLanguage":"de","potentialAction":[{"@type":"ReadAction","target":["https:\/\/dach.tdsynnex.com\/cloud\/de\/google\/chromeos\/"]}]},{"@type":"BreadcrumbList","@id":"https:\/\/dach.tdsynnex.com\/cloud\/de\/google\/chromeos\/#breadcrumb","itemListElement":[{"@type":"ListItem","position":1,"name":"Home","item":"https:\/\/dach.tdsynnex.com\/cloud\/de\/"},{"@type":"ListItem","position":2,"name":"Google","item":"https:\/\/dach.tdsynnex.com\/cloud\/de\/google\/"},{"@type":"ListItem","position":3,"name":"ChromeOS"}]},{"@type":"WebSite","@id":"https:\/\/dach.tdsynnex.com\/cloud\/de\/#website","url":"https:\/\/dach.tdsynnex.com\/cloud\/de\/","name":"TD SYNNEX |\u00a0Cloud Solutions DE","description":"","publisher":{"@id":"https:\/\/dach.tdsynnex.com\/cloud\/de\/#organization"},"potentialAction":[{"@type":"SearchAction","target":{"@type":"EntryPoint","urlTemplate":"https:\/\/dach.tdsynnex.com\/cloud\/de\/?s={search_term_string}"},"query-input":{"@type":"PropertyValueSpecification","valueRequired":true,"valueName":"search_term_string"}}],"inLanguage":"de"},{"@type":"Organization","@id":"https:\/\/dach.tdsynnex.com\/cloud\/de\/#organization","name":"TD SYNNEX |\u00a0Cloud Solutions DE","url":"https:\/\/dach.tdsynnex.com\/cloud\/de\/","logo":{"@type":"ImageObject","inLanguage":"de","@id":"https:\/\/dach.tdsynnex.com\/cloud\/de\/#\/schema\/logo\/image\/","url":"https:\/\/dach.tdsynnex.com\/cloud\/de\/wp-content\/uploads\/sites\/2\/2025\/07\/TD-SYNNEX_fav.png","contentUrl":"https:\/\/dach.tdsynnex.com\/cloud\/de\/wp-content\/uploads\/sites\/2\/2025\/07\/TD-SYNNEX_fav.png","width":512,"height":512,"caption":"TD SYNNEX |\u00a0Cloud Solutions DE"},"image":{"@id":"https:\/\/dach.tdsynnex.com\/cloud\/de\/#\/schema\/logo\/image\/"}}]}},"_links":{"self":[{"href":"https:\/\/dach.tdsynnex.com\/cloud\/de\/wp-json\/wp\/v2\/pages\/722","targetHints":{"allow":["GET"]}}],"collection":[{"href":"https:\/\/dach.tdsynnex.com\/cloud\/de\/wp-json\/wp\/v2\/pages"}],"about":[{"href":"https:\/\/dach.tdsynnex.com\/cloud\/de\/wp-json\/wp\/v2\/types\/page"}],"author":[{"embeddable":true,"href":"https:\/\/dach.tdsynnex.com\/cloud\/de\/wp-json\/wp\/v2\/users\/9"}],"replies":[{"embeddable":true,"href":"https:\/\/dach.tdsynnex.com\/cloud\/de\/wp-json\/wp\/v2\/comments?post=722"}],"version-history":[{"count":3,"href":"https:\/\/dach.tdsynnex.com\/cloud\/de\/wp-json\/wp\/v2\/pages\/722\/revisions"}],"predecessor-version":[{"id":2033,"href":"https:\/\/dach.tdsynnex.com\/cloud\/de\/wp-json\/wp\/v2\/pages\/722\/revisions\/2033"}],"up":[{"embeddable":true,"href":"https:\/\/dach.tdsynnex.com\/cloud\/de\/wp-json\/wp\/v2\/pages\/655"}],"wp:attachment":[{"href":"https:\/\/dach.tdsynnex.com\/cloud\/de\/wp-json\/wp\/v2\/media?parent=722"}],"curies":[{"name":"wp","href":"https:\/\/api.w.org\/{rel}","templated":true}]}}