{"id":780,"date":"2025-07-23T09:10:43","date_gmt":"2025-07-23T07:10:43","guid":{"rendered":"https:\/\/dach.tdsynnex.com\/cloud\/de\/?page_id=780"},"modified":"2025-12-05T12:38:49","modified_gmt":"2025-12-05T11:38:49","slug":"gemini","status":"publish","type":"page","link":"https:\/\/dach.tdsynnex.com\/cloud\/de\/google\/google-workspace\/gemini\/","title":{"rendered":"Gemini"},"content":{"rendered":"\n<p><\/p>\n\n\n<section class=\"tds-cloud-block tds-text-image bg bg-white clr-teal bg-center\"  >\n  <div class=\"uk-container uk-container-xlarge\">\n    <div class=\"uk-grid uk-grid-large uk-child-width-1-2 uk-flex-middle\">\n      <div class=\"uk-width-2-3@m uk-width-1-1 \">\n        <p>Willkommen in der\u00a0<strong>\u00c4ra von Gemini<\/strong>, Googles wachsendem KI-\u00d6kosystem! Innerhalb k\u00fcrzester Zeit hat Google ein beeindruckendes Universum von Gemini-Produkten, Abos und Plattformen entwickelt, die das Potenzial haben, sowohl den Alltag als auch die Arbeitswelt zu revolutionieren. Hier finden Sie einen \u00dcberblick \u00fcber alles, was Sie \u00fcber Gemini wissen m\u00fcssen \u2013 von KI-Modellen bis zu Business-L\u00f6sungen.<\/p>\n      <\/div>\n      <div class=\"uk-width-1-3@m uk-width-1-1 uk-flex-last\">\n                  <img decoding=\"async\" src=\"https:\/\/dach.tdsynnex.com\/cloud\/de\/wp-content\/uploads\/sites\/2\/2025\/07\/Gemini_primary_logo_full-color_rgb@2x.png\" alt=\"\" class=\"\">\n                <\/div>\n    <\/div>\n  <\/div>\n<\/section>\n\n\n<section class=\"tds-cloud-block tds-text-video bg bg-aqua clr-white bg-center\"  >\n  <div class=\"uk-container uk-container-xlarge\">\n        <div class=\"uk-grid uk-flex-middle\">\n      <div class=\"uk-width-1-2@m uk-width-1-1 \">\n        <div>\n          <h2 style=\"text-align: center\">Was ist Gemini?<\/h2>\n<p style=\"text-align: center\">Urspr\u00fcnglich als KI-Sprachmodell gestartet, hat sich Gemini zu einem zentralen Bestandteil von Googles KI-Strategie entwickelt. Ob im Smartphone, in den Google Workspace-Apps oder als KI-Assistent f\u00fcr Unternehmen \u2013 Gemini ist \u00fcberall und wird kontinuierlich weiter ausgebaut. Google spricht heute sogar von der\u00a0<strong>\u201eGemini-\u00c4ra\u201c<\/strong>.<\/p>\n        <\/div>\n      <\/div>\n      <div class=\"uk-width-1-2@m uk-width-1-1 uk-flex-last\">\n        <div class=\"video-wrapper\">\n                      <iframe class=\"horizontal\" src=\"https:\/\/www.youtube-nocookie.com\/embed\/mBpDneBmaLM\" title=\"YouTube video player\" frameborder=\"0\" allow=\"accelerometer; autoplay; clipboard-write; encrypted-media; gyroscope; picture-in-picture; web-share\" referrerpolicy=\"strict-origin-when-cross-origin\" allowfullscreen><\/iframe>\n                  <\/div>\n      <\/div>\n\n\n    <\/div>\n  <\/div>\n<\/section>\n\n\n<section class=\"tds-cloud-block tds-text-cols bg bg-plum clr-white bg-center\"  >\n  <div class=\"uk-container uk-container-xlarge\">\n          <div class=\"uk-margin-large-bottom\">\n        <h2 style=\"text-align: center\">Die Gemini KI-Modelle<\/h2>\n<p style=\"text-align: center\">Gemini bietet unterschiedliche Modelle f\u00fcr verschiedene Anwendungsbereiche:<\/p>\n      <\/div>\n                      <div class=\"uk-grid uk-child-width-1-3@m uk-child-width-1-2@s uk-child-width-1-1\" uk-height-match=\"target: .text__content\">\n                      <div>\n              <div class=\"text-col\">\n                <div class=\"text__head\">\n                                    <h3>Gemini Nano<\/h3>\n                <\/div>\n                <div class=\"text__content\">\n                  <div class=\"tdsCard\">\n<p>Das effizienteste Modell, optimiert f\u00fcr lokale Anwendungen auf Smartphones. Es l\u00e4uft bereits auf Google Pixel-Ger\u00e4ten und Samsung Galaxy S24.<\/p>\n<\/div>\n<div class=\"tdsCard\"><\/div>\n                <\/div>\n                              <\/div>\n            <\/div>\n                      <div>\n              <div class=\"text-col\">\n                <div class=\"text__head\">\n                                    <h3>Gemini Pro<\/h3>\n                <\/div>\n                <div class=\"text__content\">\n                  <p>Die Standardversion und treibende Kraft hinter dem KI-ChatBot Gemini (ehemals Bard). Das neue\u00a0<strong>Gemini Pro 1.5<\/strong>\u00a0setzt neue Ma\u00dfst\u00e4be in der KI-Leistung.<\/p>\n                <\/div>\n                              <\/div>\n            <\/div>\n                      <div>\n              <div class=\"text-col\">\n                <div class=\"text__head\">\n                                    <h3>Gemini Ultra<\/h3>\n                <\/div>\n                <div class=\"text__content\">\n                  <p>Der Spitzenreiter f\u00fcr hochkomplexe Aufgaben. Das leistungsst\u00e4rkste Modell, das auch in Google Workspace integriert ist.<\/p>\n                <\/div>\n                              <\/div>\n            <\/div>\n                  <\/div>\n                <\/div>\n<\/section>\n\n\n<section class=\"tds-cloud-block tds-text bg bg-white clr-teal bg-center\"  >\n  <div class=\"uk-container uk-container-xlarge\">\n    <div class=\"column col-12 \">\n<div class=\"custom-layout layout-text\">\n<h3 class=\"section-title\">Gemini f\u00fcr Unternehmen:<\/h3>\n<\/div>\n<\/div>\n<div class=\"column col-auto \">\n<div class=\"custom-layout layout-text\">\n<p><strong>Gemini f\u00fcr Google Workspace:<\/strong><br \/>\nSeit Februar 2024 steht Gemini auch f\u00fcr\u00a0<strong>Google Workspace<\/strong>-Nutzer zur Verf\u00fcgung und bietet umfassende KI-Unterst\u00fctzung in Apps wie Gmail, Docs und Google Meet.<\/p>\n<p><strong>Tarifoptionen:<\/strong><\/p>\n<p><strong>\u2013 Gemini Business<\/strong>\u00a0f\u00fcr 20 EUR pro Nutzer\/Monat<\/p>\n<p><strong>\u2013 Gemini Enterprise<\/strong> f\u00fcr 30 EUR pro Nutzer\/Monat (Noch leistungsst\u00e4rker, Details folgen)<\/p>\n<p>&nbsp;<\/p>\n<\/div>\n<\/div>\n<div class=\"column col-12 \">\n<div class=\"custom-layout layout-text\">\n<h3 class=\"section-title\">Gemini f\u00fcr Endnutzer:<\/h3>\n<\/div>\n<\/div>\n<div class=\"column col-auto \">\n<div class=\"custom-layout layout-text\">\n<p><strong>Gemini Advanced:<\/strong><br \/>\nDie kostenpflichtige Version von Gemini, die durch das\u00a0<strong>Google One AI Premium<\/strong>-Abo zug\u00e4nglich ist. Hier erhalten Sie Zugang zu exklusiven Funktionen und der leistungsst\u00e4rksten KI.<\/p>\n<p><strong>Google One AI Premium:<\/strong><br \/>\nNeben den bekannten Speicherpl\u00e4nen bietet Google One jetzt auch den Zugang zu\u00a0<strong>Gemini Advanced<\/strong>, das ab 2 TB erh\u00e4ltlich ist. Mit diesem Abo k\u00f6nnen Sie Gemini Ultra nutzen und so die M\u00f6glichkeiten in Google Workspace erweitern.<\/p>\n<\/div>\n<\/div>\n  <\/div>\n<\/section>\n\n\n<section class=\"tds-cloud-block tds-text-cols bg bg-aqua clr-white bg-center\"  >\n  <div class=\"uk-container uk-container-xlarge\">\n                      <div class=\"uk-grid uk-child-width-1-3@m uk-child-width-1-2@s uk-child-width-1-1\" uk-height-match=\"target: .text__content\">\n                      <div>\n              <div class=\"text-col\">\n                <div class=\"text__head\">\n                                    <h3>Zukunftsvision: Noch mehr Gemini!<\/h3>\n                <\/div>\n                <div class=\"text__content\">\n                  <p>Google plant, Gemini bald auf einer Vielzahl von Ger\u00e4ten und Plattformen einzusetzen. Zuk\u00fcnftige Anwendungsbereiche k\u00f6nnten\u00a0<strong>smarte Kopfh\u00f6rer<\/strong>,\u00a0<strong>Smart-TVs<\/strong>,\u00a0<strong>Autos<\/strong>\u00a0und\u00a0<strong>Smartwatches<\/strong>\u00a0umfassen.<\/p>\n                <\/div>\n                              <\/div>\n            <\/div>\n                      <div>\n              <div class=\"text-col\">\n                <div class=\"text__head\">\n                                    <h3>Gemma: Die Open-Source-Version<\/h3>\n                <\/div>\n                <div class=\"text__content\">\n                  <p>Neben Gemini gibt es\u00a0<strong>Gemma<\/strong>, ein Open-Source-Projekt, das auf der Gemini-Technologie basiert. Es bietet Entwicklern und Enthusiasten die M\u00f6glichkeit, die KI weiterzuentwickeln und eigene Projekte zu starten.<\/p>\n                <\/div>\n                              <\/div>\n            <\/div>\n                      <div>\n              <div class=\"text-col\">\n                <div class=\"text__head\">\n                                    <h3>Fazit<\/h3>\n                <\/div>\n                <div class=\"text__content\">\n                  <p>Gemini spielt eine immer wichtigere Rolle in Googles Strategie, und die Produktpalette wird kontinuierlich erweitert. Ob du die KI f\u00fcr private Anwendungen, im Business-Kontext oder als Entwickler nutzen m\u00f6chtest \u2013 Gemini bietet f\u00fcr jeden etwas. Bleibe gespannt auf die kommenden Entwicklungen!<\/p>\n                <\/div>\n                              <\/div>\n            <\/div>\n                  <\/div>\n                <\/div>\n<\/section>\n\n\n<section class=\"tds-cloud-block tds-text-video bg bg-white clr-teal bg-center\"  >\n  <div class=\"uk-container uk-container-xlarge\">\n        <div class=\"uk-grid uk-flex-middle\">\n      <div class=\"uk-width-1-2@m uk-width-1-1 \">\n        <div>\n          <h2 style=\"text-align: center\">Chromebook Plus<\/h2>\n        <\/div>\n      <\/div>\n      <div class=\"uk-width-1-2@m uk-width-1-1 uk-flex-last\">\n        <div class=\"video-wrapper\">\n                      <iframe class=\"horizontal\" src=\"https:\/\/www.youtube-nocookie.com\/embed\/YQXwubAKvUk\" title=\"YouTube video player\" frameborder=\"0\" allow=\"accelerometer; autoplay; clipboard-write; encrypted-media; gyroscope; picture-in-picture; web-share\" referrerpolicy=\"strict-origin-when-cross-origin\" allowfullscreen><\/iframe>\n                  <\/div>\n      <\/div>\n\n\n    <\/div>\n  <\/div>\n<\/section>\n\n<section class=\"tds-cloud-block tds-text-image bg bg-white clr-teal bg-center\"  >\n  <div class=\"uk-container uk-container-xlarge\">\n    <div class=\"uk-grid uk-grid-large uk-child-width-1-2 uk-flex-middle\">\n      <div class=\"uk-width-1-2@m uk-width-1-1 \">\n        <h2 style=\"text-align: center\">Mehr M\u00f6glichkeiten mit Chromebook Plus.<\/h2>\n<p style=\"text-align: center\">Chromebook Plus-Ger\u00e4te erm\u00f6glichen es deinem Team, mehr zu leisten \u2013 mit erstklassiger Sicherheit und einfacher Verwaltung. Entfessele Kreativit\u00e4t, f\u00f6rdere Zusammenarbeit und steigere Produktivit\u00e4t mit der Leistung, Geschwindigkeit, dem Speicher und dem Speicherplatz der Chromebook Plus-Ger\u00e4te.<\/p>\n      <\/div>\n      <div class=\"uk-width-1-2@m uk-width-1-1 uk-flex-last\">\n                  <img decoding=\"async\" src=\"https:\/\/dach.tdsynnex.com\/cloud\/de\/wp-content\/uploads\/sites\/2\/2025\/07\/Chromebook.png\" alt=\"\" class=\"\">\n                <\/div>\n    <\/div>\n  <\/div>\n<\/section>\n\n\n\n<section class=\"tds-cloud-block tds-contact bg bg-green clr-white bg-center\"  id=\"contact\" >\n  <div class=\"uk-container uk-container-xlarge\">\n    <div class=\"uk-grid uk-grid-large uk-flex-middle\">\n      <div class=\"uk-width-2-3@m uk-width-1-1 uk-margin-large-bottom\">\n        <h2><strong>Rufen Sie uns an oder schreiben Sie uns!<\/strong><br \/>\nWir sind jederzeit gerne f\u00fcr Sie da!<\/h2>\n        <h3>TD SYNNEX GOOGLE TEAM<\/h3>\n        <div class=\"contact-data\">\n                      <div>\n              <svg width=\"40\" height=\"40\">\n                <use xlink:href=\"https:\/\/dach.tdsynnex.com\/cloud\/de\/wp-content\/themes\/tds-cloud-2025\/assets\/img\/icons.svg#icon-mobile-light\"><\/use>\n              <\/svg>\n              <p>+49 89 4700 3135<\/p>\n            <\/div>\n                                <div>\n              <svg width=\"40\" height=\"40\">\n                <use xlink:href=\"https:\/\/dach.tdsynnex.com\/cloud\/de\/wp-content\/themes\/tds-cloud-2025\/assets\/img\/icons.svg#icon-envelope-light\"><\/use>\n              <\/svg>\n              <p>google-germany@tdsynnex.com<\/p>\n            <\/div>\n                  <\/div>\n                  <a href=\"https:\/\/dach.tdsynnex.com\/cloud\/de\/kontakt\/\" class=\"btn btn-white\">Jetzt Kontakt aufnehmen<\/a>\n              <\/div>\n      <div class=\"uk-width-1-3@m uk-width-1-1\">\n                  <img decoding=\"async\" src=\"https:\/\/dach.tdsynnex.com\/cloud\/de\/wp-content\/uploads\/sites\/2\/2025\/08\/AdobeStock_627401533-e1754909154871.png\" alt=\"\" class=\"img-circle img-border img-border-teal\">\n              <\/div>\n    <\/div>\n  <\/div>\n<\/section>","protected":false},"excerpt":{"rendered":"","protected":false},"author":9,"featured_media":0,"parent":711,"menu_order":0,"comment_status":"closed","ping_status":"closed","template":"","meta":{"_acf_changed":false,"footnotes":""},"class_list":["post-780","page","type-page","status-publish","hentry"],"acf":[],"yoast_head":"<!-- This site is optimized with the Yoast SEO plugin v27.3 - https:\/\/yoast.com\/product\/yoast-seo-wordpress\/ -->\n<title>Gemini - TD SYNNEX |\u00a0Cloud Solutions DE<\/title>\n<meta name=\"robots\" content=\"index, follow, max-snippet:-1, max-image-preview:large, max-video-preview:-1\" \/>\n<link rel=\"canonical\" href=\"https:\/\/dach.tdsynnex.com\/cloud\/de\/google\/google-workspace\/gemini\/\" \/>\n<meta property=\"og:locale\" content=\"de_DE\" \/>\n<meta property=\"og:type\" content=\"article\" \/>\n<meta property=\"og:title\" content=\"Gemini - TD SYNNEX |\u00a0Cloud Solutions DE\" \/>\n<meta property=\"og:url\" content=\"https:\/\/dach.tdsynnex.com\/cloud\/de\/google\/google-workspace\/gemini\/\" \/>\n<meta property=\"og:site_name\" content=\"TD SYNNEX |\u00a0Cloud Solutions DE\" \/>\n<meta property=\"article:modified_time\" content=\"2025-12-05T11:38:49+00:00\" \/>\n<meta name=\"twitter:card\" content=\"summary_large_image\" \/>\n<script type=\"application\/ld+json\" class=\"yoast-schema-graph\">{\"@context\":\"https:\\\/\\\/schema.org\",\"@graph\":[{\"@type\":\"WebPage\",\"@id\":\"https:\\\/\\\/dach.tdsynnex.com\\\/cloud\\\/de\\\/google\\\/google-workspace\\\/gemini\\\/\",\"url\":\"https:\\\/\\\/dach.tdsynnex.com\\\/cloud\\\/de\\\/google\\\/google-workspace\\\/gemini\\\/\",\"name\":\"Gemini - TD SYNNEX |\u00a0Cloud Solutions DE\",\"isPartOf\":{\"@id\":\"https:\\\/\\\/dach.tdsynnex.com\\\/cloud\\\/de\\\/#website\"},\"datePublished\":\"2025-07-23T07:10:43+00:00\",\"dateModified\":\"2025-12-05T11:38:49+00:00\",\"breadcrumb\":{\"@id\":\"https:\\\/\\\/dach.tdsynnex.com\\\/cloud\\\/de\\\/google\\\/google-workspace\\\/gemini\\\/#breadcrumb\"},\"inLanguage\":\"de\",\"potentialAction\":[{\"@type\":\"ReadAction\",\"target\":[\"https:\\\/\\\/dach.tdsynnex.com\\\/cloud\\\/de\\\/google\\\/google-workspace\\\/gemini\\\/\"]}]},{\"@type\":\"BreadcrumbList\",\"@id\":\"https:\\\/\\\/dach.tdsynnex.com\\\/cloud\\\/de\\\/google\\\/google-workspace\\\/gemini\\\/#breadcrumb\",\"itemListElement\":[{\"@type\":\"ListItem\",\"position\":1,\"name\":\"Home\",\"item\":\"https:\\\/\\\/dach.tdsynnex.com\\\/cloud\\\/de\\\/\"},{\"@type\":\"ListItem\",\"position\":2,\"name\":\"Google\",\"item\":\"https:\\\/\\\/dach.tdsynnex.com\\\/cloud\\\/de\\\/google\\\/\"},{\"@type\":\"ListItem\",\"position\":3,\"name\":\"Google Workspace\",\"item\":\"https:\\\/\\\/dach.tdsynnex.com\\\/cloud\\\/de\\\/google\\\/google-workspace\\\/\"},{\"@type\":\"ListItem\",\"position\":4,\"name\":\"Gemini\"}]},{\"@type\":\"WebSite\",\"@id\":\"https:\\\/\\\/dach.tdsynnex.com\\\/cloud\\\/de\\\/#website\",\"url\":\"https:\\\/\\\/dach.tdsynnex.com\\\/cloud\\\/de\\\/\",\"name\":\"TD SYNNEX |\u00a0Cloud Solutions DE\",\"description\":\"\",\"publisher\":{\"@id\":\"https:\\\/\\\/dach.tdsynnex.com\\\/cloud\\\/de\\\/#organization\"},\"potentialAction\":[{\"@type\":\"SearchAction\",\"target\":{\"@type\":\"EntryPoint\",\"urlTemplate\":\"https:\\\/\\\/dach.tdsynnex.com\\\/cloud\\\/de\\\/?s={search_term_string}\"},\"query-input\":{\"@type\":\"PropertyValueSpecification\",\"valueRequired\":true,\"valueName\":\"search_term_string\"}}],\"inLanguage\":\"de\"},{\"@type\":\"Organization\",\"@id\":\"https:\\\/\\\/dach.tdsynnex.com\\\/cloud\\\/de\\\/#organization\",\"name\":\"TD SYNNEX |\u00a0Cloud Solutions DE\",\"url\":\"https:\\\/\\\/dach.tdsynnex.com\\\/cloud\\\/de\\\/\",\"logo\":{\"@type\":\"ImageObject\",\"inLanguage\":\"de\",\"@id\":\"https:\\\/\\\/dach.tdsynnex.com\\\/cloud\\\/de\\\/#\\\/schema\\\/logo\\\/image\\\/\",\"url\":\"https:\\\/\\\/dach.tdsynnex.com\\\/cloud\\\/de\\\/wp-content\\\/uploads\\\/sites\\\/2\\\/2025\\\/07\\\/TD-SYNNEX_fav.png\",\"contentUrl\":\"https:\\\/\\\/dach.tdsynnex.com\\\/cloud\\\/de\\\/wp-content\\\/uploads\\\/sites\\\/2\\\/2025\\\/07\\\/TD-SYNNEX_fav.png\",\"width\":512,\"height\":512,\"caption\":\"TD SYNNEX |\u00a0Cloud Solutions DE\"},\"image\":{\"@id\":\"https:\\\/\\\/dach.tdsynnex.com\\\/cloud\\\/de\\\/#\\\/schema\\\/logo\\\/image\\\/\"}}]}<\/script>\n<!-- \/ Yoast SEO plugin. -->","yoast_head_json":{"title":"Gemini - TD SYNNEX |\u00a0Cloud Solutions DE","robots":{"index":"index","follow":"follow","max-snippet":"max-snippet:-1","max-image-preview":"max-image-preview:large","max-video-preview":"max-video-preview:-1"},"canonical":"https:\/\/dach.tdsynnex.com\/cloud\/de\/google\/google-workspace\/gemini\/","og_locale":"de_DE","og_type":"article","og_title":"Gemini - TD SYNNEX |\u00a0Cloud Solutions DE","og_url":"https:\/\/dach.tdsynnex.com\/cloud\/de\/google\/google-workspace\/gemini\/","og_site_name":"TD SYNNEX |\u00a0Cloud Solutions DE","article_modified_time":"2025-12-05T11:38:49+00:00","twitter_card":"summary_large_image","schema":{"@context":"https:\/\/schema.org","@graph":[{"@type":"WebPage","@id":"https:\/\/dach.tdsynnex.com\/cloud\/de\/google\/google-workspace\/gemini\/","url":"https:\/\/dach.tdsynnex.com\/cloud\/de\/google\/google-workspace\/gemini\/","name":"Gemini - TD SYNNEX |\u00a0Cloud Solutions DE","isPartOf":{"@id":"https:\/\/dach.tdsynnex.com\/cloud\/de\/#website"},"datePublished":"2025-07-23T07:10:43+00:00","dateModified":"2025-12-05T11:38:49+00:00","breadcrumb":{"@id":"https:\/\/dach.tdsynnex.com\/cloud\/de\/google\/google-workspace\/gemini\/#breadcrumb"},"inLanguage":"de","potentialAction":[{"@type":"ReadAction","target":["https:\/\/dach.tdsynnex.com\/cloud\/de\/google\/google-workspace\/gemini\/"]}]},{"@type":"BreadcrumbList","@id":"https:\/\/dach.tdsynnex.com\/cloud\/de\/google\/google-workspace\/gemini\/#breadcrumb","itemListElement":[{"@type":"ListItem","position":1,"name":"Home","item":"https:\/\/dach.tdsynnex.com\/cloud\/de\/"},{"@type":"ListItem","position":2,"name":"Google","item":"https:\/\/dach.tdsynnex.com\/cloud\/de\/google\/"},{"@type":"ListItem","position":3,"name":"Google Workspace","item":"https:\/\/dach.tdsynnex.com\/cloud\/de\/google\/google-workspace\/"},{"@type":"ListItem","position":4,"name":"Gemini"}]},{"@type":"WebSite","@id":"https:\/\/dach.tdsynnex.com\/cloud\/de\/#website","url":"https:\/\/dach.tdsynnex.com\/cloud\/de\/","name":"TD SYNNEX |\u00a0Cloud Solutions DE","description":"","publisher":{"@id":"https:\/\/dach.tdsynnex.com\/cloud\/de\/#organization"},"potentialAction":[{"@type":"SearchAction","target":{"@type":"EntryPoint","urlTemplate":"https:\/\/dach.tdsynnex.com\/cloud\/de\/?s={search_term_string}"},"query-input":{"@type":"PropertyValueSpecification","valueRequired":true,"valueName":"search_term_string"}}],"inLanguage":"de"},{"@type":"Organization","@id":"https:\/\/dach.tdsynnex.com\/cloud\/de\/#organization","name":"TD SYNNEX |\u00a0Cloud Solutions DE","url":"https:\/\/dach.tdsynnex.com\/cloud\/de\/","logo":{"@type":"ImageObject","inLanguage":"de","@id":"https:\/\/dach.tdsynnex.com\/cloud\/de\/#\/schema\/logo\/image\/","url":"https:\/\/dach.tdsynnex.com\/cloud\/de\/wp-content\/uploads\/sites\/2\/2025\/07\/TD-SYNNEX_fav.png","contentUrl":"https:\/\/dach.tdsynnex.com\/cloud\/de\/wp-content\/uploads\/sites\/2\/2025\/07\/TD-SYNNEX_fav.png","width":512,"height":512,"caption":"TD SYNNEX |\u00a0Cloud Solutions DE"},"image":{"@id":"https:\/\/dach.tdsynnex.com\/cloud\/de\/#\/schema\/logo\/image\/"}}]}},"_links":{"self":[{"href":"https:\/\/dach.tdsynnex.com\/cloud\/de\/wp-json\/wp\/v2\/pages\/780","targetHints":{"allow":["GET"]}}],"collection":[{"href":"https:\/\/dach.tdsynnex.com\/cloud\/de\/wp-json\/wp\/v2\/pages"}],"about":[{"href":"https:\/\/dach.tdsynnex.com\/cloud\/de\/wp-json\/wp\/v2\/types\/page"}],"author":[{"embeddable":true,"href":"https:\/\/dach.tdsynnex.com\/cloud\/de\/wp-json\/wp\/v2\/users\/9"}],"replies":[{"embeddable":true,"href":"https:\/\/dach.tdsynnex.com\/cloud\/de\/wp-json\/wp\/v2\/comments?post=780"}],"version-history":[{"count":3,"href":"https:\/\/dach.tdsynnex.com\/cloud\/de\/wp-json\/wp\/v2\/pages\/780\/revisions"}],"predecessor-version":[{"id":1987,"href":"https:\/\/dach.tdsynnex.com\/cloud\/de\/wp-json\/wp\/v2\/pages\/780\/revisions\/1987"}],"up":[{"embeddable":true,"href":"https:\/\/dach.tdsynnex.com\/cloud\/de\/wp-json\/wp\/v2\/pages\/711"}],"wp:attachment":[{"href":"https:\/\/dach.tdsynnex.com\/cloud\/de\/wp-json\/wp\/v2\/media?parent=780"}],"curies":[{"name":"wp","href":"https:\/\/api.w.org\/{rel}","templated":true}]}}