{"id":791,"date":"2025-07-23T09:11:40","date_gmt":"2025-07-23T07:11:40","guid":{"rendered":"https:\/\/dach.tdsynnex.com\/cloud\/de\/?page_id=791"},"modified":"2025-11-06T15:13:14","modified_gmt":"2025-11-06T14:13:14","slug":"chrome-enterprise-premium","status":"publish","type":"page","link":"https:\/\/dach.tdsynnex.com\/cloud\/de\/google\/chromeos\/chrome-enterprise-premium\/","title":{"rendered":"Chrome Enterprise Premium"},"content":{"rendered":"\n<p><\/p>\n\n\n\n<section class=\"tds-cloud-block tds-text-video bg bg-teal clr-white bg-center\"   style=\"background-image: url(https:\/\/dach.tdsynnex.com\/cloud\/de\/wp-content\/uploads\/sites\/2\/2025\/08\/Header_Background_1.png);\">\n  <div class=\"uk-container uk-container-xlarge\">\n        <div class=\"uk-grid uk-flex-middle\">\n      <div class=\"uk-width-1-2@m uk-width-1-1 \">\n        <div>\n          <h2 style=\"text-align: center\">Willkommen bei Chrome Enterprise Premium<\/h2>\n<h3 style=\"text-align: center\"><span data-teams=\"true\">Chrome Enterprise Premium bietet neben den fortschrittlichen Verwaltungsm\u00f6glichkeiten von Chrome Enterprise Core erweiterte Sicherheitsfunktionen\u00a0\u2013 mit dem Fachwissen und der Skalierbarkeit von Google.<\/span><\/h3>\n        <\/div>\n      <\/div>\n      <div class=\"uk-width-1-2@m uk-width-1-1 uk-flex-last\">\n        <div class=\"video-wrapper\">\n                      <iframe class=\"horizontal\" src=\"https:\/\/www.youtube-nocookie.com\/embed\/-qeWUat257o\" title=\"YouTube video player\" frameborder=\"0\" allow=\"accelerometer; autoplay; clipboard-write; encrypted-media; gyroscope; picture-in-picture; web-share\" referrerpolicy=\"strict-origin-when-cross-origin\" allowfullscreen><\/iframe>\n                  <\/div>\n      <\/div>\n\n\n    <\/div>\n  <\/div>\n<\/section>\n\n\n<section class=\"tds-cloud-block tds-text-cols bg bg-green clr-white bg-center\"  >\n  <div class=\"uk-container uk-container-xlarge\">\n          <div class=\"uk-margin-large-bottom\">\n        <h2 style=\"text-align: center\" data-start=\"0\" data-end=\"70\">Das von Google entwickelte, sichere Betriebssystem f\u00fcr Ihr Unternehmen<\/h2>\n<p style=\"text-align: center\" data-start=\"72\" data-end=\"437\" data-is-last-node=\"\" data-is-only-node=\"\">ChromeOS Enterprise-Ger\u00e4te werden mit dem ChromeOS-Ger\u00e4temanagement \u00fcber das Chrome Enterprise Upgrade geliefert. Damit sind die gesch\u00e4ftlichen Funktionen von ChromeOS bereits freigeschaltet \u2013 f\u00fcr eine vereinfachte Bereitstellung, pr\u00e4zise Kontrolle, nahtlose Integration in bestehende Infrastrukturen, n\u00fctzliche Betriebsmodi und 24\/7-Support f\u00fcr IT-Administratoren.<\/p>\n      <\/div>\n                      <div class=\"uk-grid uk-child-width-1-4@m uk-child-width-1-2@s uk-child-width-1-1\" uk-height-match=\"target: .text__content\">\n                      <div>\n              <div class=\"text-col\">\n                <div class=\"text__head\">\n                                      <img decoding=\"async\" src=\"https:\/\/dach.tdsynnex.com\/cloud\/de\/wp-content\/uploads\/sites\/2\/2025\/07\/icon-mwp.svg\" alt=\"\">\n                                    <h3>Datenschutzrichtlinien umsetzen<\/h3>\n                <\/div>\n                <div class=\"text__content\">\n                                  <\/div>\n                              <\/div>\n            <\/div>\n                      <div>\n              <div class=\"text-col\">\n                <div class=\"text__head\">\n                                      <img decoding=\"async\" src=\"https:\/\/dach.tdsynnex.com\/cloud\/de\/wp-content\/uploads\/sites\/2\/2025\/07\/icon-experts-chartreuse.svg\" alt=\"\">\n                                    <h3>Kontextabh\u00e4ngige Zugriffskontrollen erstellen<\/h3>\n                <\/div>\n                <div class=\"text__content\">\n                                  <\/div>\n                              <\/div>\n            <\/div>\n                      <div>\n              <div class=\"text-col\">\n                <div class=\"text__head\">\n                                      <img decoding=\"async\" src=\"https:\/\/dach.tdsynnex.com\/cloud\/de\/wp-content\/uploads\/sites\/2\/2025\/07\/icon-cloud-chartreuse.svg\" alt=\"\">\n                                    <h3>Sicherung verwalteter und nicht verwalteter Ger\u00e4te<\/h3>\n                <\/div>\n                <div class=\"text__content\">\n                                  <\/div>\n                              <\/div>\n            <\/div>\n                      <div>\n              <div class=\"text-col\">\n                <div class=\"text__head\">\n                                      <img decoding=\"async\" src=\"https:\/\/dach.tdsynnex.com\/cloud\/de\/wp-content\/uploads\/sites\/2\/2025\/07\/icon-security.svg\" alt=\"\">\n                                    <h3>Schutz f\u00fcr Remote-, externe und hybride Arbeitskr\u00e4fte<\/h3>\n                <\/div>\n                <div class=\"text__content\">\n                                  <\/div>\n                              <\/div>\n            <\/div>\n                  <\/div>\n                <\/div>\n<\/section>\n\n\n<section class=\"tds-cloud-block tds-text-cols bg bg-lightgray clr-teal bg-center\"  >\n  <div class=\"uk-container uk-container-xlarge\">\n          <div class=\"uk-margin-large-bottom\">\n        <h2 style=\"text-align: center\">Unsere Programme and Promotions<\/h2>\n      <\/div>\n                      <div class=\"uk-grid uk-child-width-1-3@m uk-child-width-1-2@s uk-child-width-1-1\" uk-height-match=\"target: .text__content\">\n                      <div>\n              <div class=\"text-col\">\n                <div class=\"text__head\">\n                                    <h3>ChromeOS Jump Start<\/h3>\n                <\/div>\n                <div class=\"text__content\">\n                  <p><a class=\"tds-Button btn btn-teal\" href=\"https:\/\/dach.tdsynnex.com\/cloud\/de\/google\/chromeos\/chromeos-jump-start\/\">Learn more<\/a><\/p>\n                <\/div>\n                              <\/div>\n            <\/div>\n                      <div>\n              <div class=\"text-col\">\n                <div class=\"text__head\">\n                                    <h3>ELEVATE Programme<\/h3>\n                <\/div>\n                <div class=\"text__content\">\n                  <p><a class=\"tds-Button btn btn-teal\" href=\"https:\/\/dach.tdsynnex.com\/cloud\/de\/google\/chromeos\/elevate\/\">Learn more\u00a0<\/a><\/p>\n                <\/div>\n                              <\/div>\n            <\/div>\n                      <div>\n              <div class=\"text-col\">\n                <div class=\"text__head\">\n                                    <h3>ChromeOS Flex<\/h3>\n                <\/div>\n                <div class=\"text__content\">\n                  <p><a class=\"tds-Button btn btn-teal\" href=\"https:\/\/dach.tdsynnex.com\/cloud\/de\/google\/chromeos\/chromeos-flex\/\">Learn more\u00a0<\/a><\/p>\n                <\/div>\n                              <\/div>\n            <\/div>\n                  <\/div>\n                <\/div>\n<\/section>\n\n\n<section class=\"tds-cloud-block tds-image bg bg-white clr-black bg-center\"  >\n    <div class=\"uk-container uk-container-xlarge uk-flex uk-flex-center\">\n    <div class=\"image-wrapper\" >\n              <img decoding=\"async\" src=\"https:\/\/dach.tdsynnex.com\/cloud\/de\/wp-content\/uploads\/sites\/2\/2025\/07\/Screenshot-2025-07-21-100214.png\" alt=\"\">\n            <\/div>\n  <\/div>\n  <\/section>\n\n\n<section class=\"tds-cloud-block tds-text-video bg bg-teal clr-white bg-center\"  >\n  <div class=\"uk-container uk-container-xlarge\">\n        <div class=\"uk-grid uk-flex-middle\">\n      <div class=\"uk-width-1-2@m uk-width-1-1 \">\n        <div>\n          <article class=\"text-token-text-primary w-full\" dir=\"auto\" data-testid=\"conversation-turn-2\" data-scroll-anchor=\"true\">\n<div class=\"text-base my-auto mx-auto py-5 [--thread-content-margin:--spacing(4)] @[37rem]:[--thread-content-margin:--spacing(6)] @[72rem]:[--thread-content-margin:--spacing(16)] px-(--thread-content-margin)\">\n<div class=\"[--thread-content-max-width:32rem] @[34rem]:[--thread-content-max-width:40rem] @[64rem]:[--thread-content-max-width:48rem] mx-auto flex max-w-(--thread-content-max-width) flex-1 text-base gap-4 md:gap-5 lg:gap-6 group\/turn-messages focus-visible:outline-hidden\">\n<div class=\"group\/conversation-turn relative flex w-full min-w-0 flex-col agent-turn\">\n<div class=\"relative flex-col gap-1 md:gap-3\">\n<div class=\"flex max-w-full flex-col grow\">\n<div class=\"min-h-8 text-message relative flex w-full flex-col items-end gap-2 text-start break-words whitespace-normal [.text-message+&amp;]:mt-5\" dir=\"auto\" data-message-author-role=\"assistant\" data-message-id=\"3d116ebc-0681-4e15-b64b-b7bc2563dc0b\" data-message-model-slug=\"gpt-4o\">\n<div class=\"flex w-full flex-col gap-1 empty:hidden first:pt-[3px]\">\n<div class=\"markdown prose dark:prose-invert w-full break-words light\">\n<h2 data-start=\"0\" data-end=\"29\">Warum ChromeOS mit TD SYNNEX?<\/h2>\n<p data-start=\"31\" data-end=\"231\" data-is-last-node=\"\" data-is-only-node=\"\">In diesem Video erfahren Sie mehr \u00fcber die Kosteneffizienz von ChromeOS sowie \u00fcber dessen Vorteile. Arbeiten Sie noch heute mit TD SYNNEX zusammen, um neue Umsatzquellen und Potenziale zu erschlie\u00dfen.<\/p>\n<\/div>\n<\/div>\n<\/div>\n<\/div>\n<\/div>\n<\/div>\n<\/div>\n<\/div>\n<\/article>\n        <\/div>\n      <\/div>\n      <div class=\"uk-width-1-2@m uk-width-1-1 uk-flex-last\">\n        <div class=\"video-wrapper\">\n                      <iframe class=\"horizontal\" src=\"https:\/\/www.youtube-nocookie.com\/embed\/l4QOTno9Yw4?list=PLpWe2oHJj6ITkVABsC__ArSa3vW_fgKH-\" title=\"YouTube video player\" frameborder=\"0\" allow=\"accelerometer; autoplay; clipboard-write; encrypted-media; gyroscope; picture-in-picture; web-share\" referrerpolicy=\"strict-origin-when-cross-origin\" allowfullscreen><\/iframe>\n                  <\/div>\n      <\/div>\n\n\n    <\/div>\n  <\/div>\n<\/section>\n\n<section class=\"tds-cloud-block tds-text-image bg bg-white clr-teal bg-center\"  >\n  <div class=\"uk-container uk-container-xlarge\">\n    <div class=\"uk-grid uk-grid-large uk-child-width-1-2 uk-flex-middle\">\n      <div class=\"uk-width-1-2@m uk-width-1-1 \">\n        <p><a class=\"tds-Button btn btn-teal\" href=\"https:\/\/dach.tdsynnex.com\/cloud\/de\/wp-content\/uploads\/sites\/2\/2025\/11\/Chrome-Enterprise-Premium-One-Pager.pdf\">Download Chrome Enterprise Premium One-Pager<\/a><\/p>\n      <\/div>\n      <div class=\"uk-width-1-2@m uk-width-1-1 uk-flex-last\">\n                  <img decoding=\"async\" src=\"https:\/\/dach.tdsynnex.com\/cloud\/de\/wp-content\/uploads\/sites\/2\/2025\/07\/One-pager-Vorschau-.png\" alt=\"\" class=\"img-rectangle\">\n                <\/div>\n    <\/div>\n  <\/div>\n<\/section>\n\n\n<section class=\"tds-cloud-block tds-text bg bg-green clr-white bg-center\"  >\n  <div class=\"uk-container uk-container-xlarge\">\n    <h2 style=\"text-align: center\" data-start=\"0\" data-end=\"40\">Onboarding als Chrome Enterprise Partner<\/h2>\n<p style=\"text-align: center\" data-start=\"42\" data-end=\"210\">Durch den Verkauf von Google Chrome-Ger\u00e4ten erschlie\u00dfen Sie bereits einen schnell wachsenden Markt \u2013 gemeinsam mit einem der weltweit f\u00fchrenden cloudbasierten Anbieter.<\/p>\n<p style=\"text-align: center\" data-start=\"212\" data-end=\"364\">Um Ihre Google Chrome Enterprise-Aktivit\u00e4ten auf das n\u00e4chste Level zu heben, bietet das Onboarding als Chrome Enterprise Partner entscheidende Vorteile:<\/p>\n<p style=\"text-align: center\" data-start=\"366\" data-end=\"633\" data-is-last-node=\"\" data-is-only-node=\"\">Zugang zum Vertrieb des Chrome Enterprise Upgrades \u2013 exklusiv f\u00fcr autorisierte Chrome Enterprise Partner \u2013 sowie exklusive Vertriebs- und Marketing-Tools, zus\u00e4tzliche Google-spezifische Online-Schulungen und eine gest\u00e4rkte Marktpr\u00e4senz als offizieller Google-Partner.<\/p>\n  <\/div>\n<\/section>\n\n","protected":false},"excerpt":{"rendered":"","protected":false},"author":9,"featured_media":0,"parent":722,"menu_order":0,"comment_status":"closed","ping_status":"closed","template":"","meta":{"_acf_changed":false,"footnotes":""},"class_list":["post-791","page","type-page","status-publish","hentry"],"acf":[],"yoast_head":"<!-- This site is optimized with the Yoast SEO plugin v27.3 - https:\/\/yoast.com\/product\/yoast-seo-wordpress\/ -->\n<title>Chrome Enterprise Premium - TD SYNNEX |\u00a0Cloud Solutions DE<\/title>\n<meta name=\"robots\" content=\"index, follow, max-snippet:-1, max-image-preview:large, max-video-preview:-1\" \/>\n<link rel=\"canonical\" href=\"https:\/\/dach.tdsynnex.com\/cloud\/de\/google\/chromeos\/chrome-enterprise-premium\/\" \/>\n<meta property=\"og:locale\" content=\"de_DE\" \/>\n<meta property=\"og:type\" content=\"article\" \/>\n<meta property=\"og:title\" content=\"Chrome Enterprise Premium - TD SYNNEX |\u00a0Cloud Solutions DE\" \/>\n<meta property=\"og:url\" content=\"https:\/\/dach.tdsynnex.com\/cloud\/de\/google\/chromeos\/chrome-enterprise-premium\/\" \/>\n<meta property=\"og:site_name\" content=\"TD SYNNEX |\u00a0Cloud Solutions DE\" \/>\n<meta property=\"article:modified_time\" content=\"2025-11-06T14:13:14+00:00\" \/>\n<meta name=\"twitter:card\" content=\"summary_large_image\" \/>\n<script type=\"application\/ld+json\" class=\"yoast-schema-graph\">{\"@context\":\"https:\\\/\\\/schema.org\",\"@graph\":[{\"@type\":\"WebPage\",\"@id\":\"https:\\\/\\\/dach.tdsynnex.com\\\/cloud\\\/de\\\/google\\\/chromeos\\\/chrome-enterprise-premium\\\/\",\"url\":\"https:\\\/\\\/dach.tdsynnex.com\\\/cloud\\\/de\\\/google\\\/chromeos\\\/chrome-enterprise-premium\\\/\",\"name\":\"Chrome Enterprise Premium - TD SYNNEX |\u00a0Cloud Solutions DE\",\"isPartOf\":{\"@id\":\"https:\\\/\\\/dach.tdsynnex.com\\\/cloud\\\/de\\\/#website\"},\"datePublished\":\"2025-07-23T07:11:40+00:00\",\"dateModified\":\"2025-11-06T14:13:14+00:00\",\"breadcrumb\":{\"@id\":\"https:\\\/\\\/dach.tdsynnex.com\\\/cloud\\\/de\\\/google\\\/chromeos\\\/chrome-enterprise-premium\\\/#breadcrumb\"},\"inLanguage\":\"de\",\"potentialAction\":[{\"@type\":\"ReadAction\",\"target\":[\"https:\\\/\\\/dach.tdsynnex.com\\\/cloud\\\/de\\\/google\\\/chromeos\\\/chrome-enterprise-premium\\\/\"]}]},{\"@type\":\"BreadcrumbList\",\"@id\":\"https:\\\/\\\/dach.tdsynnex.com\\\/cloud\\\/de\\\/google\\\/chromeos\\\/chrome-enterprise-premium\\\/#breadcrumb\",\"itemListElement\":[{\"@type\":\"ListItem\",\"position\":1,\"name\":\"Home\",\"item\":\"https:\\\/\\\/dach.tdsynnex.com\\\/cloud\\\/de\\\/\"},{\"@type\":\"ListItem\",\"position\":2,\"name\":\"Google\",\"item\":\"https:\\\/\\\/dach.tdsynnex.com\\\/cloud\\\/de\\\/google\\\/\"},{\"@type\":\"ListItem\",\"position\":3,\"name\":\"ChromeOS\",\"item\":\"https:\\\/\\\/dach.tdsynnex.com\\\/cloud\\\/de\\\/google\\\/chromeos\\\/\"},{\"@type\":\"ListItem\",\"position\":4,\"name\":\"Chrome Enterprise Premium\"}]},{\"@type\":\"WebSite\",\"@id\":\"https:\\\/\\\/dach.tdsynnex.com\\\/cloud\\\/de\\\/#website\",\"url\":\"https:\\\/\\\/dach.tdsynnex.com\\\/cloud\\\/de\\\/\",\"name\":\"TD SYNNEX |\u00a0Cloud Solutions DE\",\"description\":\"\",\"publisher\":{\"@id\":\"https:\\\/\\\/dach.tdsynnex.com\\\/cloud\\\/de\\\/#organization\"},\"potentialAction\":[{\"@type\":\"SearchAction\",\"target\":{\"@type\":\"EntryPoint\",\"urlTemplate\":\"https:\\\/\\\/dach.tdsynnex.com\\\/cloud\\\/de\\\/?s={search_term_string}\"},\"query-input\":{\"@type\":\"PropertyValueSpecification\",\"valueRequired\":true,\"valueName\":\"search_term_string\"}}],\"inLanguage\":\"de\"},{\"@type\":\"Organization\",\"@id\":\"https:\\\/\\\/dach.tdsynnex.com\\\/cloud\\\/de\\\/#organization\",\"name\":\"TD SYNNEX |\u00a0Cloud Solutions DE\",\"url\":\"https:\\\/\\\/dach.tdsynnex.com\\\/cloud\\\/de\\\/\",\"logo\":{\"@type\":\"ImageObject\",\"inLanguage\":\"de\",\"@id\":\"https:\\\/\\\/dach.tdsynnex.com\\\/cloud\\\/de\\\/#\\\/schema\\\/logo\\\/image\\\/\",\"url\":\"https:\\\/\\\/dach.tdsynnex.com\\\/cloud\\\/de\\\/wp-content\\\/uploads\\\/sites\\\/2\\\/2025\\\/07\\\/TD-SYNNEX_fav.png\",\"contentUrl\":\"https:\\\/\\\/dach.tdsynnex.com\\\/cloud\\\/de\\\/wp-content\\\/uploads\\\/sites\\\/2\\\/2025\\\/07\\\/TD-SYNNEX_fav.png\",\"width\":512,\"height\":512,\"caption\":\"TD SYNNEX |\u00a0Cloud Solutions DE\"},\"image\":{\"@id\":\"https:\\\/\\\/dach.tdsynnex.com\\\/cloud\\\/de\\\/#\\\/schema\\\/logo\\\/image\\\/\"}}]}<\/script>\n<!-- \/ Yoast SEO plugin. -->","yoast_head_json":{"title":"Chrome Enterprise Premium - TD SYNNEX |\u00a0Cloud Solutions DE","robots":{"index":"index","follow":"follow","max-snippet":"max-snippet:-1","max-image-preview":"max-image-preview:large","max-video-preview":"max-video-preview:-1"},"canonical":"https:\/\/dach.tdsynnex.com\/cloud\/de\/google\/chromeos\/chrome-enterprise-premium\/","og_locale":"de_DE","og_type":"article","og_title":"Chrome Enterprise Premium - TD SYNNEX |\u00a0Cloud Solutions DE","og_url":"https:\/\/dach.tdsynnex.com\/cloud\/de\/google\/chromeos\/chrome-enterprise-premium\/","og_site_name":"TD SYNNEX |\u00a0Cloud Solutions DE","article_modified_time":"2025-11-06T14:13:14+00:00","twitter_card":"summary_large_image","schema":{"@context":"https:\/\/schema.org","@graph":[{"@type":"WebPage","@id":"https:\/\/dach.tdsynnex.com\/cloud\/de\/google\/chromeos\/chrome-enterprise-premium\/","url":"https:\/\/dach.tdsynnex.com\/cloud\/de\/google\/chromeos\/chrome-enterprise-premium\/","name":"Chrome Enterprise Premium - TD SYNNEX |\u00a0Cloud Solutions DE","isPartOf":{"@id":"https:\/\/dach.tdsynnex.com\/cloud\/de\/#website"},"datePublished":"2025-07-23T07:11:40+00:00","dateModified":"2025-11-06T14:13:14+00:00","breadcrumb":{"@id":"https:\/\/dach.tdsynnex.com\/cloud\/de\/google\/chromeos\/chrome-enterprise-premium\/#breadcrumb"},"inLanguage":"de","potentialAction":[{"@type":"ReadAction","target":["https:\/\/dach.tdsynnex.com\/cloud\/de\/google\/chromeos\/chrome-enterprise-premium\/"]}]},{"@type":"BreadcrumbList","@id":"https:\/\/dach.tdsynnex.com\/cloud\/de\/google\/chromeos\/chrome-enterprise-premium\/#breadcrumb","itemListElement":[{"@type":"ListItem","position":1,"name":"Home","item":"https:\/\/dach.tdsynnex.com\/cloud\/de\/"},{"@type":"ListItem","position":2,"name":"Google","item":"https:\/\/dach.tdsynnex.com\/cloud\/de\/google\/"},{"@type":"ListItem","position":3,"name":"ChromeOS","item":"https:\/\/dach.tdsynnex.com\/cloud\/de\/google\/chromeos\/"},{"@type":"ListItem","position":4,"name":"Chrome Enterprise Premium"}]},{"@type":"WebSite","@id":"https:\/\/dach.tdsynnex.com\/cloud\/de\/#website","url":"https:\/\/dach.tdsynnex.com\/cloud\/de\/","name":"TD SYNNEX |\u00a0Cloud Solutions DE","description":"","publisher":{"@id":"https:\/\/dach.tdsynnex.com\/cloud\/de\/#organization"},"potentialAction":[{"@type":"SearchAction","target":{"@type":"EntryPoint","urlTemplate":"https:\/\/dach.tdsynnex.com\/cloud\/de\/?s={search_term_string}"},"query-input":{"@type":"PropertyValueSpecification","valueRequired":true,"valueName":"search_term_string"}}],"inLanguage":"de"},{"@type":"Organization","@id":"https:\/\/dach.tdsynnex.com\/cloud\/de\/#organization","name":"TD SYNNEX |\u00a0Cloud Solutions DE","url":"https:\/\/dach.tdsynnex.com\/cloud\/de\/","logo":{"@type":"ImageObject","inLanguage":"de","@id":"https:\/\/dach.tdsynnex.com\/cloud\/de\/#\/schema\/logo\/image\/","url":"https:\/\/dach.tdsynnex.com\/cloud\/de\/wp-content\/uploads\/sites\/2\/2025\/07\/TD-SYNNEX_fav.png","contentUrl":"https:\/\/dach.tdsynnex.com\/cloud\/de\/wp-content\/uploads\/sites\/2\/2025\/07\/TD-SYNNEX_fav.png","width":512,"height":512,"caption":"TD SYNNEX |\u00a0Cloud Solutions DE"},"image":{"@id":"https:\/\/dach.tdsynnex.com\/cloud\/de\/#\/schema\/logo\/image\/"}}]}},"_links":{"self":[{"href":"https:\/\/dach.tdsynnex.com\/cloud\/de\/wp-json\/wp\/v2\/pages\/791","targetHints":{"allow":["GET"]}}],"collection":[{"href":"https:\/\/dach.tdsynnex.com\/cloud\/de\/wp-json\/wp\/v2\/pages"}],"about":[{"href":"https:\/\/dach.tdsynnex.com\/cloud\/de\/wp-json\/wp\/v2\/types\/page"}],"author":[{"embeddable":true,"href":"https:\/\/dach.tdsynnex.com\/cloud\/de\/wp-json\/wp\/v2\/users\/9"}],"replies":[{"embeddable":true,"href":"https:\/\/dach.tdsynnex.com\/cloud\/de\/wp-json\/wp\/v2\/comments?post=791"}],"version-history":[{"count":3,"href":"https:\/\/dach.tdsynnex.com\/cloud\/de\/wp-json\/wp\/v2\/pages\/791\/revisions"}],"predecessor-version":[{"id":2253,"href":"https:\/\/dach.tdsynnex.com\/cloud\/de\/wp-json\/wp\/v2\/pages\/791\/revisions\/2253"}],"up":[{"embeddable":true,"href":"https:\/\/dach.tdsynnex.com\/cloud\/de\/wp-json\/wp\/v2\/pages\/722"}],"wp:attachment":[{"href":"https:\/\/dach.tdsynnex.com\/cloud\/de\/wp-json\/wp\/v2\/media?parent=791"}],"curies":[{"name":"wp","href":"https:\/\/api.w.org\/{rel}","templated":true}]}}