{"id":833,"date":"2025-07-23T09:13:04","date_gmt":"2025-07-23T07:13:04","guid":{"rendered":"https:\/\/dach.tdsynnex.com\/cloud\/de\/?page_id=833"},"modified":"2025-08-25T14:17:02","modified_gmt":"2025-08-25T12:17:02","slug":"chromeos-flex","status":"publish","type":"page","link":"https:\/\/dach.tdsynnex.com\/cloud\/de\/google\/chromeos\/chromeos-flex\/","title":{"rendered":"ChromeOS Flex"},"content":{"rendered":"<section class=\"tds-cloud-block tds-text-image bg bg-teal clr-white bg-center\"   style=\"background-image: url(https:\/\/dach.tdsynnex.com\/cloud\/de\/wp-content\/uploads\/sites\/2\/2025\/08\/Header_Background_1.png);\">\n  <div class=\"uk-container uk-container-xlarge\">\n    <div class=\"uk-grid uk-grid-large uk-child-width-1-2 uk-flex-middle\">\n      <div class=\"uk-width-2-3@m uk-width-1-1 \">\n        <h1>Google ChromeOS Flex<\/h1>\n      <\/div>\n      <div class=\"uk-width-1-3@m uk-width-1-1 uk-flex-last\">\n                  <img decoding=\"async\" src=\"https:\/\/dach.tdsynnex.com\/cloud\/de\/wp-content\/uploads\/sites\/2\/2025\/07\/Google-ChromeOS-Horizontal-Full-Colour-Transparent-Background-RGB-1.png\" alt=\"\" class=\"img-rectangle\">\n                <\/div>\n    <\/div>\n  <\/div>\n<\/section>\n\n\n<section class=\"tds-cloud-block tds-text bg bg-green clr-white bg-center\"  >\n  <div class=\"uk-container uk-container-xlarge\">\n    <div class=\"column col-12 \">\n<div class=\"custom-layout layout-text\">\n<div class=\"layout-text custom-layout col-12 \">\n<div class=\"clr-bg-default\">\n<h2 style=\"text-align: center\">Don\u2019t bin it, just flex it \u2013 ChromeOS Flex<\/h2>\n<\/div>\n<\/div>\n<div class=\"layout-text custom-layout col-12 \" style=\"text-align: center\">\n<div class=\"clr-bg-default\">\n<p>&nbsp;<\/p>\n<\/div>\n<\/div>\n<\/div>\n<\/div>\n<div class=\"column col-12 \">\n<div class=\"custom-layout layout-text\">\n<p style=\"text-align: center\">Wir wurden dazu gebracht zu glauben, dass jedes erfolgreiche Unternehmen die neuesten Ger\u00e4te haben muss, um als erfolgreich zu gelten. Doch es gibt keinen Erfolg, wenn wir nicht nachhaltig erfolgreich sind. Es gibt eine M\u00f6glichkeit, wettbewerbsf\u00e4hig zu bleiben und die neueste, schnellste, aktuellste Technologie zu haben, ohne die Umwelt zu belasten.<\/p>\n<p style=\"text-align: center\">Neu muss nicht in einem brandneuen Ger\u00e4t kommen. Neu kommt in deinem Ger\u00e4t von 2019. Deinem Ger\u00e4t von 2013. Vielleicht sogar in deinem Ger\u00e4t von 2008. Neu entsteht, wenn du dein Ger\u00e4t mit ChromeOS Flex erneuerst.<\/p>\n<p style=\"text-align: center\">Es ist\u00a0<strong>einfach<\/strong>\u00a0zu machen.\u00a0<strong>Schnell<\/strong>\u00a0zu installieren.\u00a0<strong>Kostenlos<\/strong>. Und das Wichtigste: Es wird helfen, unseren Elektroschrott zu reduzieren. Hilf deinem Planeten. Hilf deiner Gewinnmarge. Und zeige deinen Kunden, dass du dich k\u00fcmmerst.<\/p>\n<p style=\"text-align: center\"><strong>Schmei\u00df es nicht weg, flex es einfach.<\/strong><\/p>\n<\/div>\n<\/div>\n  <\/div>\n<\/section>\n\n\n<section class=\"tds-cloud-block tds-video bg bg-lightgray clr-white bg-center\"  >\n    <div class=\"uk-container uk-container-xlarge uk-flex uk-flex-center\">\n    <div class=\"video-wrapper\" style=\"width: 800px\" >\n              <iframe class=\"horizontal\" src=\"https:\/\/www.youtube-nocookie.com\/embed\/7LiHsv8DPFE\" title=\"YouTube video player\" frameborder=\"0\" allow=\"accelerometer; autoplay; clipboard-write; encrypted-media; gyroscope; picture-in-picture; web-share\" referrerpolicy=\"strict-origin-when-cross-origin\" allowfullscreen><\/iframe>\n          <\/div>\n  <\/div>\n  <\/section>\n\n\n<section class=\"tds-cloud-block tds-text-cols bg bg-white clr-teal bg-center\"  >\n  <div class=\"uk-container uk-container-xlarge\">\n          <div class=\"uk-margin-large-bottom\">\n        <h2 class=\"ce-heading ce-centered ce-spacer-3-padding-bottom glue-headline glue-headline--headline-2\" style=\"text-align: center\">Das ideale Upgrade f\u00fcr Ihre PCs und Macs<\/h2>\n<p style=\"text-align: center\"><a class=\"tds-Button btn btn-teal\" href=\"https:\/\/support.google.com\/chromeosflex\/answer\/11513094?hl=de\">Liste der zertifizierten Modelle<\/a><\/p>\n      <\/div>\n                      <div class=\"uk-grid uk-child-width-1-4@m uk-child-width-1-2@s uk-child-width-1-1\" uk-height-match=\"target: .text__content\">\n                      <div>\n              <div class=\"text-col\">\n                <div class=\"text__head\">\n                                      <img decoding=\"async\" src=\"https:\/\/dach.tdsynnex.com\/cloud\/de\/wp-content\/uploads\/sites\/2\/2025\/07\/icon-mwp.svg\" alt=\"\">\n                                    <h3>Effizientes, modernes Arbeiten von \u00fcberall aus<\/h3>\n                <\/div>\n                <div class=\"text__content\">\n                  <ul class=\" \" role=\"list\">\n<li class=\"ce-list__item \">Die Ger\u00e4te fahren schnell hoch, werden im Lauf der Zeit nicht langsamer und die Aktualisierung erfolgt im Hintergrund. Dadurch werden Ausfallzeiten minimiert.<\/li>\n<li class=\"ce-list__item \">Schneller Zugriff auf VDI und Web-Apps erm\u00f6glicht intuitives, \u00fcbersichtliches und zuverl\u00e4ssiges Arbeiten.<\/li>\n<\/ul>\n                <\/div>\n                              <\/div>\n            <\/div>\n                      <div>\n              <div class=\"text-col\">\n                <div class=\"text__head\">\n                                      <img decoding=\"async\" src=\"https:\/\/dach.tdsynnex.com\/cloud\/de\/wp-content\/uploads\/sites\/2\/2025\/06\/icon-services.svg\" alt=\"\">\n                                    <h3>Schnelle Bereitstellung und einfache Verwaltung<\/h3>\n                <\/div>\n                <div class=\"text__content\">\n                  <ul class=\" \" role=\"list\">\n<li class=\"ce-list__item \">Sie k\u00f6nnen ChromeOS Flex \u00fcber USB oder ein Netzwerk-Deployment auf allen Ger\u00e4ten bereitstellen. Die Nutzereinstellungen und Richtlinien werden unmittelbar synchronisiert.<\/li>\n<li class=\"ce-list__item \">In der Admin-Konsole k\u00f6nnen Sie Updates verwalten und Ger\u00e4terichtlinien von \u00fcberall aus konfigurieren.<\/li>\n<\/ul>\n                <\/div>\n                              <\/div>\n            <\/div>\n                      <div>\n              <div class=\"text-col\">\n                <div class=\"text__head\">\n                                      <img decoding=\"async\" src=\"https:\/\/dach.tdsynnex.com\/cloud\/de\/wp-content\/uploads\/sites\/2\/2025\/07\/icon-security.svg\" alt=\"\">\n                                    <h3>Proaktive Sicherheit<\/h3>\n                <\/div>\n                <div class=\"text__content\">\n                  <ul class=\" \" role=\"list\">\n<li class=\"ce-list__item \">Dank der Blockierung ausf\u00fchrbarer Dateien und Sandbox-Technologie ist keine zus\u00e4tzliche Antivirensoftware erforderlich.<\/li>\n<li class=\"ce-list__item \">Durch IT-Steuerelemente wird der Datenverlust auf verloren gegangenen oder gestohlenen Ger\u00e4ten verhindert.<\/li>\n<\/ul>\n                <\/div>\n                              <\/div>\n            <\/div>\n                      <div>\n              <div class=\"text-col\">\n                <div class=\"text__head\">\n                                      <img decoding=\"async\" src=\"https:\/\/dach.tdsynnex.com\/cloud\/de\/wp-content\/uploads\/sites\/2\/2025\/07\/icon-world-laptop-chartreuse.svg\" alt=\"\">\n                                    <h3>Vorhandene Hardware optimal nutzen<\/h3>\n                <\/div>\n                <div class=\"text__content\">\n                  <ul>\n<li>Wenn Sie Ihre vorhandenen Ger\u00e4te mit einem modernen Betriebssystem ausstatten, verl\u00e4ngern Sie ihre Lebensdauer und reduzieren Elektroschrott.<\/li>\n<li>Sie profitieren von einer energieeffizienteren, nachhaltigeren L\u00f6sung mit geringeren Gesamtbetriebskosten.<\/li>\n<\/ul>\n                <\/div>\n                              <\/div>\n            <\/div>\n                  <\/div>\n                <\/div>\n<\/section>\n\n\n<section class=\"tds-cloud-block tds-circles bg bg-green clr-white bg-center\"   style=\"background-image: url(https:\/\/dach.tdsynnex.com\/cloud\/de\/wp-content\/uploads\/sites\/2\/2025\/08\/Header_Background_2.png);\">\n  <div class=\"uk-container uk-container-xlarge\">\n          <div class=\"uk-margin-large-bottom\">\n        <h2 class=\"ce-heading ce-centered ce-spacer-3-padding-bottom glue-headline glue-headline--headline-2\" style=\"text-align: center\">So funktioniert ChromeOS Flex<\/h2>\n<div class=\"ce-copy-block ce-centered\">\n<p class=\"ce-paragraph glue-body--large \" style=\"text-align: center\">Sie ben\u00f6tigen lediglich einen USB-Speicher, um ChromeOS Flex auf Ihrem PC oder Mac zu verwenden. Das Einrichten geht im Handumdrehen und Sie erhalten selbstverst\u00e4ndlich eine Anleitung.<\/p>\n<\/div>\n      <\/div>\n        <div class=\"uk-grid uk-child-width-1-3@l uk-child-width-1-2@m uk-child-width-1-1 uk-flex-center\">\n              <div class=\"uk-flex uk-flex-center\">\n          <div class=\"circle bg-white clr-teal\">\n            <div class=\"circle__icon\">\n              <img decoding=\"async\" src=\"https:\/\/dach.tdsynnex.com\/cloud\/de\/wp-content\/uploads\/sites\/2\/2025\/07\/icon-server-stack-teal.svg\" alt=\"\">\n            <\/div>\n            <div class=\"circle__text\">\n              <h3>1. Schritt<br \/>\n\u00dcber einen bootf\u00e4higen USB-Speicher k\u00f6nnen Sie ChromeOS Flex vor der Installation testen.<\/h3>\n            <\/div>\n          <\/div>\n        <\/div>\n              <div class=\"uk-flex uk-flex-center\">\n          <div class=\"circle bg-white clr-teal\">\n            <div class=\"circle__icon\">\n              <img decoding=\"async\" src=\"https:\/\/dach.tdsynnex.com\/cloud\/de\/wp-content\/uploads\/sites\/2\/2025\/07\/icon-mwp-teal.svg\" alt=\"\">\n            <\/div>\n            <div class=\"circle__text\">\n              <h3>2. Schritt<br \/>\nWenn Sie fertig sind, k\u00f6nnen Sie ChromeOS Flex auf Ihrem PC\/ Mac installieren und damit Ihr bisheriges Betriebssystem ersetzen.<\/h3>\n<h3><\/h3>\n            <\/div>\n          <\/div>\n        <\/div>\n              <div class=\"uk-flex uk-flex-center\">\n          <div class=\"circle bg-white clr-teal\">\n            <div class=\"circle__icon\">\n              <img decoding=\"async\" src=\"https:\/\/dach.tdsynnex.com\/cloud\/de\/wp-content\/uploads\/sites\/2\/2025\/07\/icon-cloud-settings-teal.svg\" alt=\"\">\n            <\/div>\n            <div class=\"circle__text\">\n              <h3>3. Schritt<br \/>\nChromeOS Flex ist \u00fcber einen USB-Speicher\/ ein Netzwerk-Deployment<br \/>\nauf weitere Ger\u00e4ten in Ihrer<br \/>\nOrganisation \u00fcbertragbar.<\/h3>\n            <\/div>\n          <\/div>\n        <\/div>\n          <\/div>\n          <div class=\"uk-margin-large-top\">\n        <p style=\"text-align: center\"><a class=\"tds-Button btn-white btn\" href=\"https:\/\/support.google.com\/chromeosflex\/answer\/11552529?hl=de&amp;ref_topic=11551271&amp;sjid=11133223741575077163-EU\">Hier geht es zur Anleitung<\/a><\/p>\n      <\/div>\n      <\/div>\n<\/section>\n\n\n<section class=\"tds-cloud-block tds-text bg bg-white clr-teal bg-center\"  >\n  <div class=\"uk-container uk-container-xlarge\">\n    <h2 style=\"text-align: center\">Unterschiede zwischen ChromeOS Flex und ChromeOS<\/h2>\n<div class=\"inline-feedback__container\">\n<div class=\"article-content-container\">\n<div class=\"cc\" style=\"text-align: center\">\n<p class=\"\" data-outlined=\"false\">ChromeOS und ChromeOS Flex haben die gleiche zugrunde liegende Technologie und die gleichen Verwaltungstools. Wenn Sie ChromeOS Flex auf Windows-, Mac- oder Linux-Ger\u00e4ten installieren, profitieren Sie von den meisten Funktionen und Vorteilen von ChromeOS. Es gibt jedoch einige wichtige Unterschiede zwischen ChromeOS Flex und ChromeOS, das nur auf Chromebooks, Chromeboxes und Chromebases verf\u00fcgbar ist.<\/p>\n<\/div>\n<p style=\"text-align: center\" data-outlined=\"false\"><a class=\"tds-Button btn btn-teal\" href=\"https:\/\/support.google.com\/chromeosflex\/answer\/11542901?hl=de\">Mehr erfahren\u00a0<\/a><\/p>\n<\/div>\n<\/div>\n  <\/div>\n<\/section>\n\n\n<section class=\"tds-cloud-block tds-accordion bg bg-navy clr-white bg-center\"  >\n  <div class=\"uk-container\">\n          <div class=\"uk-margin-large-bottom\">\n        <h2 class=\"ce-heading glue-headline glue-headline--headline-2\" style=\"text-align: center\">Einstellungen f\u00fcr ChromeOS Flex-Ger\u00e4te mit dem Chrome Enterprise-Upgrade verwalten und sichern<\/h2>\n<p class=\"ce-paragraph glue-body--large \" style=\"text-align: center\">Mit dem Chrome Enterprise-Upgrade k\u00f6nnen Sie die integrierten Unternehmensfunktionen von ChromeOS Flex-Ger\u00e4ten optimal einsetzen. Auch die f\u00fcr sie festgelegten Einstellungen lassen sich damit in der cloudbasierten Admin-Konsole sichern und verwalten\u00a0\u2013 genau wie die Konfiguration f\u00fcr Ihre Chromebooks.<\/p>\n      <\/div>\n        <ul uk-accordion>\n              <li>\n          <a class=\"uk-accordion-title\" href>Erweiterte Sicherheit<\/a>\n          <div class=\"uk-accordion-content\"><div id=\"uk-accordion-2-content-0\" class=\"uk-accordion-content\" role=\"region\" aria-labelledby=\"uk-accordion-2-title-0\">\n<p>Sie k\u00f6nnen Ger\u00e4te aus der Ferne deaktivieren oder die Daten darauf l\u00f6schen sowie Anmeldebeschr\u00e4nkungen festlegen. So geraten Daten nicht in die falschen H\u00e4nde.<\/p>\n<\/div>\n<\/div>\n        <\/li>\n              <li>\n          <a class=\"uk-accordion-title\" href>Updates steuern<\/a>\n          <div class=\"uk-accordion-content\"><p>Sie k\u00f6nnen Updates nach und nach oder automatisch einf\u00fchren\u00a0\u2013 mit der zus\u00e4tzlichen Option f\u00fcr Langzeitsupport.<\/p>\n<\/div>\n        <\/li>\n              <li>\n          <a class=\"uk-accordion-title\" href>Detaillierte Ger\u00e4testeuerung<\/a>\n          <div class=\"uk-accordion-content\"><p>Sie k\u00f6nnen die Einmalanmeldung (SSO) sowie die identit\u00e4tslose Anmeldung aktivieren und Drucker sowie WLAN-Netzwerke konfigurieren.<\/p>\n<\/div>\n        <\/li>\n              <li>\n          <a class=\"uk-accordion-title\" href>Berichte und Statistiken<\/a>\n          <div class=\"uk-accordion-content\"><p>Sie k\u00f6nnen aufschlussreiche Berichte abrufen, die Messwerte zu Aktivit\u00e4ten der letzten sieben Tage sowie Daten zu Betriebssystemversionen und zu Abst\u00fcrzen enthalten.<\/p>\n<\/div>\n        <\/li>\n              <li>\n          <a class=\"uk-accordion-title\" href>Skalierbare Cloud-First-Verwaltung<\/a>\n          <div class=\"uk-accordion-content\"><p>&nbsp;<\/p>\n<div id=\"uk-accordion-2-content-4\" class=\"uk-accordion-content\" role=\"region\" aria-labelledby=\"uk-accordion-2-title-4\">\n<p>Die Verwaltung der Ger\u00e4te ist von \u00fcberall aus skalierbar m\u00f6glich\u00a0\u2013 \u00fcber die Admin-Konsole, mit UEM-L\u00f6sungen von Drittanbietern oder \u00fcber die Chrome Policy\u00a0API.<\/p>\n<\/div>\n<\/div>\n        <\/li>\n          <\/ul>\n      <\/div>\n<\/section>\n\n\n\n<section class=\"tds-cloud-block tds-contact bg bg-green clr-white bg-center\"  id=\"contact\" >\n  <div class=\"uk-container uk-container-xlarge\">\n    <div class=\"uk-grid uk-grid-large uk-flex-middle\">\n      <div class=\"uk-width-2-3@m uk-width-1-1 uk-margin-large-bottom\">\n        <h2><strong>Rufen Sie uns an oder schreiben Sie uns!<\/strong><br \/>\nWir sind jederzeit gerne f\u00fcr Sie da!<\/h2>\n        <h3>TD SYNNEX GOOGLE TEAM<\/h3>\n        <div class=\"contact-data\">\n                      <div>\n              <svg width=\"40\" height=\"40\">\n                <use xlink:href=\"https:\/\/dach.tdsynnex.com\/cloud\/de\/wp-content\/themes\/tds-cloud-2025\/assets\/img\/icons.svg#icon-mobile-light\"><\/use>\n              <\/svg>\n              <p>+49 89 4700 3135<\/p>\n            <\/div>\n                                <div>\n              <svg width=\"40\" height=\"40\">\n                <use xlink:href=\"https:\/\/dach.tdsynnex.com\/cloud\/de\/wp-content\/themes\/tds-cloud-2025\/assets\/img\/icons.svg#icon-envelope-light\"><\/use>\n              <\/svg>\n              <p>google-germany@tdsynnex.com<\/p>\n            <\/div>\n                  <\/div>\n                  <a href=\"https:\/\/dach.tdsynnex.com\/cloud\/de\/kontakt\/\" class=\"btn btn-white\">Jetzt Kontakt aufnehmen<\/a>\n              <\/div>\n      <div class=\"uk-width-1-3@m uk-width-1-1\">\n                  <img decoding=\"async\" src=\"https:\/\/dach.tdsynnex.com\/cloud\/de\/wp-content\/uploads\/sites\/2\/2025\/08\/AdobeStock_627401533-e1754909154871.png\" alt=\"\" class=\"img-circle img-border img-border-teal\">\n              <\/div>\n    <\/div>\n  <\/div>\n<\/section>","protected":false},"excerpt":{"rendered":"","protected":false},"author":9,"featured_media":0,"parent":722,"menu_order":0,"comment_status":"closed","ping_status":"closed","template":"","meta":{"_acf_changed":false,"footnotes":""},"class_list":["post-833","page","type-page","status-publish","hentry"],"acf":[],"yoast_head":"<!-- This site is optimized with the Yoast SEO plugin v27.3 - https:\/\/yoast.com\/product\/yoast-seo-wordpress\/ -->\n<title>ChromeOS Flex - TD SYNNEX |\u00a0Cloud Solutions DE<\/title>\n<meta name=\"robots\" content=\"index, follow, max-snippet:-1, max-image-preview:large, max-video-preview:-1\" \/>\n<link rel=\"canonical\" href=\"https:\/\/dach.tdsynnex.com\/cloud\/de\/google\/chromeos\/chromeos-flex\/\" \/>\n<meta property=\"og:locale\" content=\"de_DE\" \/>\n<meta property=\"og:type\" content=\"article\" \/>\n<meta property=\"og:title\" content=\"ChromeOS Flex - TD SYNNEX |\u00a0Cloud Solutions DE\" \/>\n<meta property=\"og:url\" content=\"https:\/\/dach.tdsynnex.com\/cloud\/de\/google\/chromeos\/chromeos-flex\/\" \/>\n<meta property=\"og:site_name\" content=\"TD SYNNEX |\u00a0Cloud Solutions DE\" \/>\n<meta property=\"article:modified_time\" content=\"2025-08-25T12:17:02+00:00\" \/>\n<meta name=\"twitter:card\" content=\"summary_large_image\" \/>\n<script type=\"application\/ld+json\" class=\"yoast-schema-graph\">{\"@context\":\"https:\\\/\\\/schema.org\",\"@graph\":[{\"@type\":\"WebPage\",\"@id\":\"https:\\\/\\\/dach.tdsynnex.com\\\/cloud\\\/de\\\/google\\\/chromeos\\\/chromeos-flex\\\/\",\"url\":\"https:\\\/\\\/dach.tdsynnex.com\\\/cloud\\\/de\\\/google\\\/chromeos\\\/chromeos-flex\\\/\",\"name\":\"ChromeOS Flex - TD SYNNEX |\u00a0Cloud Solutions DE\",\"isPartOf\":{\"@id\":\"https:\\\/\\\/dach.tdsynnex.com\\\/cloud\\\/de\\\/#website\"},\"datePublished\":\"2025-07-23T07:13:04+00:00\",\"dateModified\":\"2025-08-25T12:17:02+00:00\",\"breadcrumb\":{\"@id\":\"https:\\\/\\\/dach.tdsynnex.com\\\/cloud\\\/de\\\/google\\\/chromeos\\\/chromeos-flex\\\/#breadcrumb\"},\"inLanguage\":\"de\",\"potentialAction\":[{\"@type\":\"ReadAction\",\"target\":[\"https:\\\/\\\/dach.tdsynnex.com\\\/cloud\\\/de\\\/google\\\/chromeos\\\/chromeos-flex\\\/\"]}]},{\"@type\":\"BreadcrumbList\",\"@id\":\"https:\\\/\\\/dach.tdsynnex.com\\\/cloud\\\/de\\\/google\\\/chromeos\\\/chromeos-flex\\\/#breadcrumb\",\"itemListElement\":[{\"@type\":\"ListItem\",\"position\":1,\"name\":\"Home\",\"item\":\"https:\\\/\\\/dach.tdsynnex.com\\\/cloud\\\/de\\\/\"},{\"@type\":\"ListItem\",\"position\":2,\"name\":\"Google\",\"item\":\"https:\\\/\\\/dach.tdsynnex.com\\\/cloud\\\/de\\\/google\\\/\"},{\"@type\":\"ListItem\",\"position\":3,\"name\":\"ChromeOS\",\"item\":\"https:\\\/\\\/dach.tdsynnex.com\\\/cloud\\\/de\\\/google\\\/chromeos\\\/\"},{\"@type\":\"ListItem\",\"position\":4,\"name\":\"ChromeOS Flex\"}]},{\"@type\":\"WebSite\",\"@id\":\"https:\\\/\\\/dach.tdsynnex.com\\\/cloud\\\/de\\\/#website\",\"url\":\"https:\\\/\\\/dach.tdsynnex.com\\\/cloud\\\/de\\\/\",\"name\":\"TD SYNNEX |\u00a0Cloud Solutions DE\",\"description\":\"\",\"publisher\":{\"@id\":\"https:\\\/\\\/dach.tdsynnex.com\\\/cloud\\\/de\\\/#organization\"},\"potentialAction\":[{\"@type\":\"SearchAction\",\"target\":{\"@type\":\"EntryPoint\",\"urlTemplate\":\"https:\\\/\\\/dach.tdsynnex.com\\\/cloud\\\/de\\\/?s={search_term_string}\"},\"query-input\":{\"@type\":\"PropertyValueSpecification\",\"valueRequired\":true,\"valueName\":\"search_term_string\"}}],\"inLanguage\":\"de\"},{\"@type\":\"Organization\",\"@id\":\"https:\\\/\\\/dach.tdsynnex.com\\\/cloud\\\/de\\\/#organization\",\"name\":\"TD SYNNEX |\u00a0Cloud Solutions DE\",\"url\":\"https:\\\/\\\/dach.tdsynnex.com\\\/cloud\\\/de\\\/\",\"logo\":{\"@type\":\"ImageObject\",\"inLanguage\":\"de\",\"@id\":\"https:\\\/\\\/dach.tdsynnex.com\\\/cloud\\\/de\\\/#\\\/schema\\\/logo\\\/image\\\/\",\"url\":\"https:\\\/\\\/dach.tdsynnex.com\\\/cloud\\\/de\\\/wp-content\\\/uploads\\\/sites\\\/2\\\/2025\\\/07\\\/TD-SYNNEX_fav.png\",\"contentUrl\":\"https:\\\/\\\/dach.tdsynnex.com\\\/cloud\\\/de\\\/wp-content\\\/uploads\\\/sites\\\/2\\\/2025\\\/07\\\/TD-SYNNEX_fav.png\",\"width\":512,\"height\":512,\"caption\":\"TD SYNNEX |\u00a0Cloud Solutions DE\"},\"image\":{\"@id\":\"https:\\\/\\\/dach.tdsynnex.com\\\/cloud\\\/de\\\/#\\\/schema\\\/logo\\\/image\\\/\"}}]}<\/script>\n<!-- \/ Yoast SEO plugin. -->","yoast_head_json":{"title":"ChromeOS Flex - TD SYNNEX |\u00a0Cloud Solutions DE","robots":{"index":"index","follow":"follow","max-snippet":"max-snippet:-1","max-image-preview":"max-image-preview:large","max-video-preview":"max-video-preview:-1"},"canonical":"https:\/\/dach.tdsynnex.com\/cloud\/de\/google\/chromeos\/chromeos-flex\/","og_locale":"de_DE","og_type":"article","og_title":"ChromeOS Flex - TD SYNNEX |\u00a0Cloud Solutions DE","og_url":"https:\/\/dach.tdsynnex.com\/cloud\/de\/google\/chromeos\/chromeos-flex\/","og_site_name":"TD SYNNEX |\u00a0Cloud Solutions DE","article_modified_time":"2025-08-25T12:17:02+00:00","twitter_card":"summary_large_image","schema":{"@context":"https:\/\/schema.org","@graph":[{"@type":"WebPage","@id":"https:\/\/dach.tdsynnex.com\/cloud\/de\/google\/chromeos\/chromeos-flex\/","url":"https:\/\/dach.tdsynnex.com\/cloud\/de\/google\/chromeos\/chromeos-flex\/","name":"ChromeOS Flex - TD SYNNEX |\u00a0Cloud Solutions DE","isPartOf":{"@id":"https:\/\/dach.tdsynnex.com\/cloud\/de\/#website"},"datePublished":"2025-07-23T07:13:04+00:00","dateModified":"2025-08-25T12:17:02+00:00","breadcrumb":{"@id":"https:\/\/dach.tdsynnex.com\/cloud\/de\/google\/chromeos\/chromeos-flex\/#breadcrumb"},"inLanguage":"de","potentialAction":[{"@type":"ReadAction","target":["https:\/\/dach.tdsynnex.com\/cloud\/de\/google\/chromeos\/chromeos-flex\/"]}]},{"@type":"BreadcrumbList","@id":"https:\/\/dach.tdsynnex.com\/cloud\/de\/google\/chromeos\/chromeos-flex\/#breadcrumb","itemListElement":[{"@type":"ListItem","position":1,"name":"Home","item":"https:\/\/dach.tdsynnex.com\/cloud\/de\/"},{"@type":"ListItem","position":2,"name":"Google","item":"https:\/\/dach.tdsynnex.com\/cloud\/de\/google\/"},{"@type":"ListItem","position":3,"name":"ChromeOS","item":"https:\/\/dach.tdsynnex.com\/cloud\/de\/google\/chromeos\/"},{"@type":"ListItem","position":4,"name":"ChromeOS Flex"}]},{"@type":"WebSite","@id":"https:\/\/dach.tdsynnex.com\/cloud\/de\/#website","url":"https:\/\/dach.tdsynnex.com\/cloud\/de\/","name":"TD SYNNEX |\u00a0Cloud Solutions DE","description":"","publisher":{"@id":"https:\/\/dach.tdsynnex.com\/cloud\/de\/#organization"},"potentialAction":[{"@type":"SearchAction","target":{"@type":"EntryPoint","urlTemplate":"https:\/\/dach.tdsynnex.com\/cloud\/de\/?s={search_term_string}"},"query-input":{"@type":"PropertyValueSpecification","valueRequired":true,"valueName":"search_term_string"}}],"inLanguage":"de"},{"@type":"Organization","@id":"https:\/\/dach.tdsynnex.com\/cloud\/de\/#organization","name":"TD SYNNEX |\u00a0Cloud Solutions DE","url":"https:\/\/dach.tdsynnex.com\/cloud\/de\/","logo":{"@type":"ImageObject","inLanguage":"de","@id":"https:\/\/dach.tdsynnex.com\/cloud\/de\/#\/schema\/logo\/image\/","url":"https:\/\/dach.tdsynnex.com\/cloud\/de\/wp-content\/uploads\/sites\/2\/2025\/07\/TD-SYNNEX_fav.png","contentUrl":"https:\/\/dach.tdsynnex.com\/cloud\/de\/wp-content\/uploads\/sites\/2\/2025\/07\/TD-SYNNEX_fav.png","width":512,"height":512,"caption":"TD SYNNEX |\u00a0Cloud Solutions DE"},"image":{"@id":"https:\/\/dach.tdsynnex.com\/cloud\/de\/#\/schema\/logo\/image\/"}}]}},"_links":{"self":[{"href":"https:\/\/dach.tdsynnex.com\/cloud\/de\/wp-json\/wp\/v2\/pages\/833","targetHints":{"allow":["GET"]}}],"collection":[{"href":"https:\/\/dach.tdsynnex.com\/cloud\/de\/wp-json\/wp\/v2\/pages"}],"about":[{"href":"https:\/\/dach.tdsynnex.com\/cloud\/de\/wp-json\/wp\/v2\/types\/page"}],"author":[{"embeddable":true,"href":"https:\/\/dach.tdsynnex.com\/cloud\/de\/wp-json\/wp\/v2\/users\/9"}],"replies":[{"embeddable":true,"href":"https:\/\/dach.tdsynnex.com\/cloud\/de\/wp-json\/wp\/v2\/comments?post=833"}],"version-history":[{"count":3,"href":"https:\/\/dach.tdsynnex.com\/cloud\/de\/wp-json\/wp\/v2\/pages\/833\/revisions"}],"predecessor-version":[{"id":1981,"href":"https:\/\/dach.tdsynnex.com\/cloud\/de\/wp-json\/wp\/v2\/pages\/833\/revisions\/1981"}],"up":[{"embeddable":true,"href":"https:\/\/dach.tdsynnex.com\/cloud\/de\/wp-json\/wp\/v2\/pages\/722"}],"wp:attachment":[{"href":"https:\/\/dach.tdsynnex.com\/cloud\/de\/wp-json\/wp\/v2\/media?parent=833"}],"curies":[{"name":"wp","href":"https:\/\/api.w.org\/{rel}","templated":true}]}}