{"id":13655,"date":"2024-03-15T08:54:02","date_gmt":"2024-03-15T07:54:02","guid":{"rendered":"https:\/\/dach.tdsynnex.com\/de\/iiyama-adventure\/?page_id=13655"},"modified":"2026-05-11T10:22:09","modified_gmt":"2026-05-11T08:22:09","slug":"teilnahmebedingungen","status":"publish","type":"page","link":"https:\/\/dach.tdsynnex.com\/de\/iiyama-adventure\/teilnahmebedingungen\/","title":{"rendered":"Teilnahmebedingungen"},"content":{"rendered":"<div class=\"wpb-content-wrapper\">[vc_section pix_over_visibility=&#8220;&#8220; css=&#8220;.vc_custom_1778487726939{padding-top: 50px !important;padding-bottom: 100px !important;}&#8220;][vc_row pix_particles_check=&#8220;&#8220;][vc_column]<div id=\"advanced-text-118035106\" class=\"pix-el-text   w-100  \" ><p class=\"\"><h1><span style=\"color: #005758;\">Teilnahmebedingungen<\/span><\/h1>\n<p>&nbsp;<\/p>\n<p>Teilnahmeberechtigt sind alle SMB Kunden und Maverick Kunden der TD SYNNEX Germany GmbH &amp; Co. OHG mit einer g\u00fcltigen Kundennummer. Nicht teilnahmeberechtigt sind Kunden aus dem Retail-Bereich, Subdistributoren, Key Account und dem Bereich Advanced Solution sowie Mitarbeiter von TD SYNNEX. Ein Rechtsanspruch auf Teilnahme besteht nicht.<\/p>\n<p>Die Teilnahme an der Kampagne erfolgt, indem der Kunde sich auf der Kampagnenseite https:\/\/dach.tdsynnex.com\/de\/iiyama-adventure registriert und die Teilnahmebedingungen best\u00e4tigt.<\/p>\n<p>Die ersten 20 neu registrierten Kunden sowie die ersten 20 bereits registrierten und im Kampagnenzeitraum erneut angemeldeten Kunden erhalten ein Willkommensgeschenk. Ma\u00dfgeblich ist der Zeitpunkt der erfolgreichen Registrierung (System-Zeitstempel). Bei zeitgleicher Registrierung entscheidet das Los.<\/p>\n<p>&nbsp;<\/p>\n<p><span class=\"headline\">Laufzeit<br \/>\n<\/span><\/p>\n<p>Die Kampagne l\u00e4uft vom 04.05.-31.07.2026<\/p>\n<p>&nbsp;<\/p>\n<p><span class=\"headline\">Punkte<br \/>\n<\/span><\/p>\n<p>Punkte k\u00f6nnen durch folgende Aktivit\u00e4ten gesammelt werden:<\/p>\n<table style=\"width: 100%; border-collapse: collapse; font-family: Arial, sans-serif;\">\n<thead style=\"background-color: #f2f2f2;\">\n<tr>\n<th style=\"border: 1px solid #ddd; padding: 8px; text-align: left;\">Aktion<\/th>\n<th style=\"border: 1px solid #ddd; padding: 8px; text-align: left;\">Punkte<\/th>\n<\/tr>\n<\/thead>\n<tbody>\n<tr>\n<td style=\"border: 1px solid #ddd; padding: 8px;\">Anmeldung<\/td>\n<td style=\"border: 1px solid #ddd; padding: 8px;\">100<\/td>\n<\/tr>\n<tr>\n<td style=\"border: 1px solid #ddd; padding: 8px;\">Umsatz 500 EUR<\/td>\n<td style=\"border: 1px solid #ddd; padding: 8px;\">500<\/td>\n<\/tr>\n<tr>\n<td style=\"border: 1px solid #ddd; padding: 8px;\">Umsatz 1.000 EUR<\/td>\n<td style=\"border: 1px solid #ddd; padding: 8px;\">Weitere 600<\/td>\n<\/tr>\n<tr>\n<td style=\"border: 1px solid #ddd; padding: 8px;\">Umsatz 2.500 EUR<\/td>\n<td style=\"border: 1px solid #ddd; padding: 8px;\">Weitere 700<\/td>\n<\/tr>\n<tr>\n<td style=\"border: 1px solid #ddd; padding: 8px;\">Umsatz 7.500 EUR<\/td>\n<td style=\"border: 1px solid #ddd; padding: 8px;\">Weitere 1.000<\/td>\n<\/tr>\n<tr>\n<td style=\"border: 1px solid #ddd; padding: 8px;\">Projektpreisanfragen<\/td>\n<td style=\"border: 1px solid #ddd; padding: 8px;\">500<\/td>\n<\/tr>\n<tr>\n<td style=\"border: 1px solid #ddd; padding: 8px;\">Cross-Sell (Kauf von LFD und Display)<\/td>\n<td style=\"border: 1px solid #ddd; padding: 8px;\">400<\/td>\n<\/tr>\n<tr>\n<td style=\"border: 1px solid #ddd; padding: 8px;\">Showroombesuch in MUC mit Endkunde<\/td>\n<td style=\"border: 1px solid #ddd; padding: 8px;\">300<\/td>\n<\/tr>\n<tr>\n<td style=\"border: 1px solid #ddd; padding: 8px;\">Neukunden bzw. Reaktivierungsbonus (kein Umsatz im Vergleichszeitraum des Vorjahrs)<\/td>\n<td style=\"border: 1px solid #ddd; padding: 8px;\">300<\/td>\n<\/tr>\n<tr>\n<td style=\"border: 1px solid #ddd; padding: 8px;\">LinkedIn Posts zur Kampagne<\/td>\n<td style=\"border: 1px solid #ddd; padding: 8px;\">200 (einmalig im Kampagnenzeitraum)<\/td>\n<\/tr>\n<\/tbody>\n<\/table>\n<p>Es werden Ums\u00e4tze f\u00fcr iiyama Displays, LFD und Zubeh\u00f6r gewertet. K\u00e4ufe m\u00fcssen hierbei mit g\u00fcltiger Kundennummer bei TD SYNNEX get\u00e4tigt werden und w\u00e4hrend des Aktionszeitraumes erfolgen.<\/p>\n<p>&nbsp;<\/p>\n<p><span class=\"headline\">Gewinne<br \/>\n<\/span><\/p>\n<p>F\u00fcr die Top 10 Kunden, die am Ende der Kampagne die meisten Punkte gesammelt haben und somit auf der Rangliste ganz oben vertreten sind, gibt es folgende Preise zu gewinnen:<\/p>\n<p>&nbsp;<\/p>\n<table style=\"width: 100%; border-collapse: collapse; font-family: Arial, sans-serif; margin-top: 20px;\">\n<thead style=\"background-color: #f2f2f2;\">\n<tr>\n<th style=\"border: 1px solid #ddd; padding: 8px; text-align: left;\">Platzierung<\/th>\n<th style=\"border: 1px solid #ddd; padding: 8px; text-align: left;\">Preis<\/th>\n<\/tr>\n<\/thead>\n<tbody>\n<tr>\n<td style=\"border: 1px solid #ddd; padding: 8px;\">1. Preis<\/td>\n<td style=\"border: 1px solid #ddd; padding: 8px;\">Cala Kanaloa Board<\/td>\n<\/tr>\n<tr>\n<td style=\"border: 1px solid #ddd; padding: 8px;\">2. Preis<\/td>\n<td style=\"border: 1px solid #ddd; padding: 8px;\">Cube Attention PRO Mountainbike<\/td>\n<\/tr>\n<tr>\n<td style=\"border: 1px solid #ddd; padding: 8px;\">3. Preis<\/td>\n<td style=\"border: 1px solid #ddd; padding: 8px;\">TUI Reisegutschein (Wert 500\u20ac)<\/td>\n<\/tr>\n<tr>\n<td style=\"border: 1px solid #ddd; padding: 8px;\">4. &#8211; 6. Preis<\/td>\n<td style=\"border: 1px solid #ddd; padding: 8px;\">The North Face Gutschein (Wert 200\u20ac)<\/td>\n<\/tr>\n<tr>\n<td style=\"border: 1px solid #ddd; padding: 8px;\">7. &#8211; 8. Preis<\/td>\n<td style=\"border: 1px solid #ddd; padding: 8px;\">Jochen Schweizer Gutschein (Wert 100\u20ac)<\/td>\n<\/tr>\n<\/tbody>\n<\/table>\n<p>Die ersten 20 neu-registrierten Kunden und die ersten 20 bereits registrierten und neu-angemeldeten bekommen als Dankesch\u00f6n f\u00fcr die Teilnahme als Willkommensgeschenk je ein Schweizer Taschenmesser.<\/p>\n<p>Gewinne sind nicht \u00fcbertragbar, nicht austauschbar und nicht in bar auszahlbar.<\/p>\n<p>Kurzfristige \u00c4nderungen der Preise aufgrund von Verf\u00fcgbarkeit vorbehalten.<\/p>\n<p>Die Ermittlung der Gewinner erfolgt nach dem Gesamtpunktestand am Ende der Kampagne. Stornierungen und Retouren von Ums\u00e4tzen werden bei der Gesamtauswertung der Kampagne ber\u00fccksichtigt. Haben zwei oder mehr Teilnehmer die gleiche Punktzahl, erfolgt die Platzierung in der Rangliste anhand des h\u00f6heren Umsatzes. Besteht dann immer noch Gleichstand, entscheidet das Los.<\/p>\n<p>Um sicherzustellen, dass nur ein Teilnehmer pro Firma gewinnen kann, wird nur derjenige Teilnehmer ber\u00fccksichtigt, der w\u00e4hrend des Kampagnenzeitraums die h\u00f6chste Gesamtzahl an Punkten unter allen Teilnehmern seiner Firma erreicht hat. Der Gewinn wird somit pro teilnehmende Firma vergeben. Besteht unter den Teilnehmern Gleichstand, entscheidet das Los.<\/p>\n<p>Jeder Gewinner wird sp\u00e4testens nach 4 Wochen per E-Mail \u00fcber seinen Gewinn benachrichtigt. Der Versand der Gewinne erfolgt an die bei der Registrierung angegebene Adresse.<\/p>\n<p>&nbsp;<\/p>\n<p><span class=\"headline\">Versteuerung<br \/>\n<\/span><\/p>\n<p>Wir \u00fcbernehmen f\u00fcr Sie die komplette Versteuerung. Es f\u00e4llt f\u00fcr Sie keine Versteuerung mehr an. Es wird darauf hingewiesen, dass die vorgenannten Gewinne Eink\u00fcnfte\/Zuwendungen darstellen und entsprechend der Pauschalierungsregelung des \u00a7 37b EStG von TD SYNNEX versteuert werden.<\/p>\n<p>Der Gewinner muss daher die erhaltenen Gewinne nicht noch einmal versteuern. Es wird empfohlen, Ihren Arbeitgeber \u00fcber diesen Vorgang in Kenntnis zu setzen und entsprechende Nachweise vorzulegen.<\/p>\n<p>&nbsp;<\/p>\n<p><span class=\"headline\">Allgemeines<br \/>\n<\/span><\/p>\n<p>Soweit in diesen Teilnahmebedingungen nichts abweichendes geregelt ist, gelten die <a href=\"https:\/\/eu.tdsynnex.com\/CatAdminHtmlContentEditor\/uploads\/Country\/COM\/NEW%20Terms-and-Conditions\/Additional%20Local\/DACH_AGB_Marcom-Services%20-%20DE.pdf\">AGB Marcom Services<\/a>.<\/p>\n<\/p><\/div>[\/vc_column][\/vc_row][\/vc_section]<\/div>","protected":false},"excerpt":{"rendered":"[vc_section pix_over_visibility=&#8220;&#8220; css=&#8220;.vc_custom_1778487726939{padding-top: 50px !important;padding-bottom: 100px !important;}&#8220;][vc_row pix_particles_check=&#8220;&#8220;][vc_column][\/vc_column][\/vc_row][\/vc_section]","protected":false},"author":2,"featured_media":0,"parent":0,"menu_order":0,"comment_status":"closed","ping_status":"closed","template":"","meta":{"footnotes":""},"class_list":["post-13655","page","type-page","status-publish","hentry"],"_links":{"self":[{"href":"https:\/\/dach.tdsynnex.com\/de\/iiyama-adventure\/wp-json\/wp\/v2\/pages\/13655","targetHints":{"allow":["GET"]}}],"collection":[{"href":"https:\/\/dach.tdsynnex.com\/de\/iiyama-adventure\/wp-json\/wp\/v2\/pages"}],"about":[{"href":"https:\/\/dach.tdsynnex.com\/de\/iiyama-adventure\/wp-json\/wp\/v2\/types\/page"}],"author":[{"embeddable":true,"href":"https:\/\/dach.tdsynnex.com\/de\/iiyama-adventure\/wp-json\/wp\/v2\/users\/2"}],"replies":[{"embeddable":true,"href":"https:\/\/dach.tdsynnex.com\/de\/iiyama-adventure\/wp-json\/wp\/v2\/comments?post=13655"}],"version-history":[{"count":36,"href":"https:\/\/dach.tdsynnex.com\/de\/iiyama-adventure\/wp-json\/wp\/v2\/pages\/13655\/revisions"}],"predecessor-version":[{"id":15366,"href":"https:\/\/dach.tdsynnex.com\/de\/iiyama-adventure\/wp-json\/wp\/v2\/pages\/13655\/revisions\/15366"}],"wp:attachment":[{"href":"https:\/\/dach.tdsynnex.com\/de\/iiyama-adventure\/wp-json\/wp\/v2\/media?parent=13655"}],"curies":[{"name":"wp","href":"https:\/\/api.w.org\/{rel}","templated":true}]}}