{"id":282,"date":"2017-06-06T11:07:14","date_gmt":"2017-06-06T09:07:14","guid":{"rendered":"http:\/\/www.oracle-azlan.de\/?page_id=282"},"modified":"2025-11-10T14:34:19","modified_gmt":"2025-11-10T13:34:19","slug":"lizenzierung-support","status":"publish","type":"page","link":"https:\/\/dach.tdsynnex.com\/de\/oracle\/software-lizenzierung\/lizenzierung-support\/","title":{"rendered":"Lizenzierung: Support"},"content":{"rendered":"","protected":false},"excerpt":{"rendered":"","protected":false},"author":1,"featured_media":0,"parent":7,"menu_order":0,"comment_status":"closed","ping_status":"closed","template":"","meta":{"_acf_changed":false,"footnotes":""},"class_list":["post-282","page","type-page","status-publish","hentry"],"acf":[],"yoast_head":"<!-- This site is optimized with the Yoast SEO plugin v27.5 - https:\/\/yoast.com\/product\/yoast-seo-wordpress\/ -->\n<title>Oracle Value Added Distributor: Oracle Support Services<\/title>\n<meta name=\"description\" content=\"Oracle bietet f\u00fcr alle Produkte und Cloud Services Support an. Die Leistungen k\u00f6nnen variieren, z.B. abh\u00e4ngig von der Software Version oder dem Modell.\" \/>\n<meta name=\"robots\" content=\"index, follow, max-snippet:-1, max-image-preview:large, max-video-preview:-1\" \/>\n<link rel=\"canonical\" href=\"https:\/\/dach.tdsynnex.com\/de\/oracle\/software-lizenzierung\/lizenzierung-support\/\" \/>\n<meta property=\"og:locale\" content=\"de_DE\" \/>\n<meta property=\"og:type\" content=\"article\" \/>\n<meta property=\"og:title\" content=\"Oracle Value Added Distributor: Oracle Support Services\" \/>\n<meta property=\"og:description\" content=\"Oracle bietet f\u00fcr alle Produkte und Cloud Services Support an. Die Leistungen k\u00f6nnen variieren, z.B. abh\u00e4ngig von der Software Version oder dem Modell.\" \/>\n<meta property=\"og:url\" content=\"https:\/\/dach.tdsynnex.com\/de\/oracle\/software-lizenzierung\/lizenzierung-support\/\" \/>\n<meta property=\"og:site_name\" content=\"TD SYNNEX &quot;Go&#039;n&#039;Grow\" \/>\n<meta property=\"article:modified_time\" content=\"2025-11-10T13:34:19+00:00\" \/>\n<meta name=\"twitter:card\" content=\"summary_large_image\" \/>\n<meta name=\"twitter:label1\" content=\"Gesch\u00e4tzte Lesezeit\" \/>\n\t<meta name=\"twitter:data1\" content=\"3\u00a0Minuten\" \/>\n<script type=\"application\/ld+json\" class=\"yoast-schema-graph\">{\"@context\":\"https:\\\/\\\/schema.org\",\"@graph\":[{\"@type\":\"WebPage\",\"@id\":\"https:\\\/\\\/dach.tdsynnex.com\\\/de\\\/oracle\\\/software-lizenzierung\\\/lizenzierung-support\\\/\",\"url\":\"https:\\\/\\\/dach.tdsynnex.com\\\/de\\\/oracle\\\/software-lizenzierung\\\/lizenzierung-support\\\/\",\"name\":\"Oracle Value Added Distributor: Oracle Support Services\",\"isPartOf\":{\"@id\":\"https:\\\/\\\/dach.tdsynnex.com\\\/de\\\/oracle\\\/#website\"},\"datePublished\":\"2017-06-06T09:07:14+00:00\",\"dateModified\":\"2025-11-10T13:34:19+00:00\",\"description\":\"Oracle bietet f\u00fcr alle Produkte und Cloud Services Support an. Die Leistungen k\u00f6nnen variieren, z.B. abh\u00e4ngig von der Software Version oder dem Modell.\",\"breadcrumb\":{\"@id\":\"https:\\\/\\\/dach.tdsynnex.com\\\/de\\\/oracle\\\/software-lizenzierung\\\/lizenzierung-support\\\/#breadcrumb\"},\"inLanguage\":\"de\",\"potentialAction\":[{\"@type\":\"ReadAction\",\"target\":[\"https:\\\/\\\/dach.tdsynnex.com\\\/de\\\/oracle\\\/software-lizenzierung\\\/lizenzierung-support\\\/\"]}]},{\"@type\":\"BreadcrumbList\",\"@id\":\"https:\\\/\\\/dach.tdsynnex.com\\\/de\\\/oracle\\\/software-lizenzierung\\\/lizenzierung-support\\\/#breadcrumb\",\"itemListElement\":[{\"@type\":\"ListItem\",\"position\":1,\"name\":\"Startseite\",\"item\":\"https:\\\/\\\/dach.tdsynnex.com\\\/de\\\/oracle\\\/\"},{\"@type\":\"ListItem\",\"position\":2,\"name\":\"Oracle Software &#038; Lizenzierung\",\"item\":\"https:\\\/\\\/dach.tdsynnex.com\\\/de\\\/oracle\\\/software-lizenzierung\\\/\"},{\"@type\":\"ListItem\",\"position\":3,\"name\":\"Lizenzierung: Support\"}]},{\"@type\":\"WebSite\",\"@id\":\"https:\\\/\\\/dach.tdsynnex.com\\\/de\\\/oracle\\\/#website\",\"url\":\"https:\\\/\\\/dach.tdsynnex.com\\\/de\\\/oracle\\\/\",\"name\":\"TD SYNNEX &quot;Go&#039;n&#039;Grow\",\"description\":\"Ihr Partner f\u00fcr Oracle-Produkte\",\"potentialAction\":[{\"@type\":\"SearchAction\",\"target\":{\"@type\":\"EntryPoint\",\"urlTemplate\":\"https:\\\/\\\/dach.tdsynnex.com\\\/de\\\/oracle\\\/?s={search_term_string}\"},\"query-input\":{\"@type\":\"PropertyValueSpecification\",\"valueRequired\":true,\"valueName\":\"search_term_string\"}}],\"inLanguage\":\"de\"}]}<\/script>\n<!-- \/ Yoast SEO plugin. -->","yoast_head_json":{"title":"Oracle Value Added Distributor: Oracle Support Services","description":"Oracle bietet f\u00fcr alle Produkte und Cloud Services Support an. Die Leistungen k\u00f6nnen variieren, z.B. abh\u00e4ngig von der Software Version oder dem Modell.","robots":{"index":"index","follow":"follow","max-snippet":"max-snippet:-1","max-image-preview":"max-image-preview:large","max-video-preview":"max-video-preview:-1"},"canonical":"https:\/\/dach.tdsynnex.com\/de\/oracle\/software-lizenzierung\/lizenzierung-support\/","og_locale":"de_DE","og_type":"article","og_title":"Oracle Value Added Distributor: Oracle Support Services","og_description":"Oracle bietet f\u00fcr alle Produkte und Cloud Services Support an. Die Leistungen k\u00f6nnen variieren, z.B. abh\u00e4ngig von der Software Version oder dem Modell.","og_url":"https:\/\/dach.tdsynnex.com\/de\/oracle\/software-lizenzierung\/lizenzierung-support\/","og_site_name":"TD SYNNEX &quot;Go&#039;n&#039;Grow","article_modified_time":"2025-11-10T13:34:19+00:00","twitter_card":"summary_large_image","twitter_misc":{"Gesch\u00e4tzte Lesezeit":"3\u00a0Minuten"},"schema":{"@context":"https:\/\/schema.org","@graph":[{"@type":"WebPage","@id":"https:\/\/dach.tdsynnex.com\/de\/oracle\/software-lizenzierung\/lizenzierung-support\/","url":"https:\/\/dach.tdsynnex.com\/de\/oracle\/software-lizenzierung\/lizenzierung-support\/","name":"Oracle Value Added Distributor: Oracle Support Services","isPartOf":{"@id":"https:\/\/dach.tdsynnex.com\/de\/oracle\/#website"},"datePublished":"2017-06-06T09:07:14+00:00","dateModified":"2025-11-10T13:34:19+00:00","description":"Oracle bietet f\u00fcr alle Produkte und Cloud Services Support an. Die Leistungen k\u00f6nnen variieren, z.B. abh\u00e4ngig von der Software Version oder dem Modell.","breadcrumb":{"@id":"https:\/\/dach.tdsynnex.com\/de\/oracle\/software-lizenzierung\/lizenzierung-support\/#breadcrumb"},"inLanguage":"de","potentialAction":[{"@type":"ReadAction","target":["https:\/\/dach.tdsynnex.com\/de\/oracle\/software-lizenzierung\/lizenzierung-support\/"]}]},{"@type":"BreadcrumbList","@id":"https:\/\/dach.tdsynnex.com\/de\/oracle\/software-lizenzierung\/lizenzierung-support\/#breadcrumb","itemListElement":[{"@type":"ListItem","position":1,"name":"Startseite","item":"https:\/\/dach.tdsynnex.com\/de\/oracle\/"},{"@type":"ListItem","position":2,"name":"Oracle Software &#038; Lizenzierung","item":"https:\/\/dach.tdsynnex.com\/de\/oracle\/software-lizenzierung\/"},{"@type":"ListItem","position":3,"name":"Lizenzierung: Support"}]},{"@type":"WebSite","@id":"https:\/\/dach.tdsynnex.com\/de\/oracle\/#website","url":"https:\/\/dach.tdsynnex.com\/de\/oracle\/","name":"TD SYNNEX &quot;Go&#039;n&#039;Grow","description":"Ihr Partner f\u00fcr Oracle-Produkte","potentialAction":[{"@type":"SearchAction","target":{"@type":"EntryPoint","urlTemplate":"https:\/\/dach.tdsynnex.com\/de\/oracle\/?s={search_term_string}"},"query-input":{"@type":"PropertyValueSpecification","valueRequired":true,"valueName":"search_term_string"}}],"inLanguage":"de"}]}},"_links":{"self":[{"href":"https:\/\/dach.tdsynnex.com\/de\/oracle\/wp-json\/wp\/v2\/pages\/282","targetHints":{"allow":["GET"]}}],"collection":[{"href":"https:\/\/dach.tdsynnex.com\/de\/oracle\/wp-json\/wp\/v2\/pages"}],"about":[{"href":"https:\/\/dach.tdsynnex.com\/de\/oracle\/wp-json\/wp\/v2\/types\/page"}],"author":[{"embeddable":true,"href":"https:\/\/dach.tdsynnex.com\/de\/oracle\/wp-json\/wp\/v2\/users\/1"}],"replies":[{"embeddable":true,"href":"https:\/\/dach.tdsynnex.com\/de\/oracle\/wp-json\/wp\/v2\/comments?post=282"}],"version-history":[{"count":25,"href":"https:\/\/dach.tdsynnex.com\/de\/oracle\/wp-json\/wp\/v2\/pages\/282\/revisions"}],"predecessor-version":[{"id":1382,"href":"https:\/\/dach.tdsynnex.com\/de\/oracle\/wp-json\/wp\/v2\/pages\/282\/revisions\/1382"}],"up":[{"embeddable":true,"href":"https:\/\/dach.tdsynnex.com\/de\/oracle\/wp-json\/wp\/v2\/pages\/7"}],"wp:attachment":[{"href":"https:\/\/dach.tdsynnex.com\/de\/oracle\/wp-json\/wp\/v2\/media?parent=282"}],"curies":[{"name":"wp","href":"https:\/\/api.w.org\/{rel}","templated":true}]}}