{"id":13671,"date":"2023-11-23T11:20:39","date_gmt":"2023-11-23T10:20:39","guid":{"rendered":"https:\/\/dach.tdsynnex.com\/snow-hunter\/ch\/?page_id=13671"},"modified":"2023-11-23T12:05:42","modified_gmt":"2023-11-23T11:05:42","slug":"gewinne","status":"publish","type":"page","link":"https:\/\/dach.tdsynnex.com\/snow-hunter\/ch\/gewinne\/","title":{"rendered":"Gewinne"},"content":{"rendered":"<div class=\"wpb-content-wrapper\">[vc_section full_width=&#8220;stretch_row&#8220; pix_over_visibility=&#8220;&#8220; css=&#8220;.vc_custom_1700736480270{padding-top: 60px !important;padding-bottom: 60px !important;}&#8220; fade_in_intro=&#8220;13678&#8243;][vc_row pix_particles_check=&#8220;&#8220;][vc_column width=&#8220;1\/6&#8243;][\/vc_column][vc_column width=&#8220;2\/3&#8243;]<div  class=\"pix-heading-el text-center \"><h2 class=\"text-secondary h2 animate-in heading-text el-title_custom_color mb-12\" style=\"\" data-anim-type=\"slide-in-up\" data-anim-delay=\"400\">Gewinne<\/h2><\/div><div class=\"pix-el-text w-100 text-center \" ><p class=\"text-20  text-secondary text-center secondary-font\" ><span class=\"text-secondary animate-in d-inline-block\" data-anim-delay=\"500\" data-anim-type=\"fade-in-up\">Auf die Besten unserer Snow Hunter Rangliste warten tolle Preise.\r\nTD SYNNEX w\u00fcnscht Ihnen viel Gl\u00fcck!<\/span><\/p><\/div><div class=\"pix-el-text w-100 text-center  vc_custom_1700734921284\" ><p class=\"text-xs  text-secondary text-center font-italic\" ><span class=\"text-secondary animate-in d-inline-block\" data-anim-delay=\"600\" data-anim-type=\"fade-in-up\">Gewinnabbildungen \u00e4hnlich<\/span><\/p><\/div>[\/vc_column][\/vc_row][vc_row pix_particles_check=&#8220;&#8220;][vc_column]<div class=\"pix-content-box card      vc_custom_1700736591243    rounded-lg  bg- w-100  \"   ><div class=\"\" style=\"z-index:30;position:relative;\">[vc_row_inner][vc_column_inner width=&#8220;1\/2&#8243;][vc_column_text css=&#8220;.vc_custom_1700737509862{padding-top: 30px !important;padding-right: 30px !important;padding-bottom: 30px !important;padding-left: 30px !important;}&#8220;]\r\n<h4><span style=\"color: #ccd814; line-height: 12pt;\">Platz 1-2:<\/span><\/h4>\r\n<h4><span class=\"TextRun SCXW226732905 BCX0\" lang=\"DE-DE\" xml:lang=\"DE-DE\" data-contrast=\"auto\"><span class=\"EOP SCXW226732905 BCX0\" data-ccp-props=\"{&quot;201341983&quot;:0,&quot;335559739&quot;:160,&quot;335559740&quot;:259}\"><span class=\"NormalTextRun SCXW35729964 BCX0\">2x <\/span><span class=\"NormalTextRun SCXW35729964 BCX0\">Gutschein Reka Check \u00fcber 300,- CHF<\/span><\/span><\/span><\/h4>\r\nTD SYNNEX w\u00fcnscht Ihnen viel Erfolg bei der Verlosung eines Reka Checks im Wert von 300,- CHF! Mit diesem Gutschein haben Sie die M\u00f6glichkeit, vielf\u00e4ltige Erlebnisse nach Ihrem Geschmack zu genie\u00dfen. Ob Freizeitaktivit\u00e4ten, kulinarische Gen\u00fcsse oder entspannende Momente \u2013 nutzen Sie den Reka Check nach Ihren individuellen W\u00fcnschen. Viel Gl\u00fcck![\/vc_column_text][\/vc_column_inner][vc_column_inner width=&#8220;1\/2&#8243;]<div id=\"img-809bc4b48f70c85a366c3a70b480c2e0\" class=\"pix-img-element d-inline-block \" ><div class=\"pix-img-el     text-center d-inline-block  w-100 rounded-0\"  ><img loading=\"lazy\" decoding=\"async\" width=\"700\" height=\"700\" src=\"https:\/\/dach.tdsynnex.com\/snow-hunter\/ch\/wp-content\/uploads\/sites\/2\/2023\/11\/Gewinne_CH_0002_Gutschein01.jpg\" class=\"pix-img-elem rounded-0\" alt=\"Image link\" srcset=\"https:\/\/dach.tdsynnex.com\/snow-hunter\/ch\/wp-content\/uploads\/sites\/2\/2023\/11\/Gewinne_CH_0002_Gutschein01.jpg 700w, https:\/\/dach.tdsynnex.com\/snow-hunter\/ch\/wp-content\/uploads\/sites\/2\/2023\/11\/Gewinne_CH_0002_Gutschein01-300x300.jpg 300w, https:\/\/dach.tdsynnex.com\/snow-hunter\/ch\/wp-content\/uploads\/sites\/2\/2023\/11\/Gewinne_CH_0002_Gutschein01-150x150.jpg 150w, https:\/\/dach.tdsynnex.com\/snow-hunter\/ch\/wp-content\/uploads\/sites\/2\/2023\/11\/Gewinne_CH_0002_Gutschein01-400x400.jpg 400w, https:\/\/dach.tdsynnex.com\/snow-hunter\/ch\/wp-content\/uploads\/sites\/2\/2023\/11\/Gewinne_CH_0002_Gutschein01-75x75.jpg 75w, https:\/\/dach.tdsynnex.com\/snow-hunter\/ch\/wp-content\/uploads\/sites\/2\/2023\/11\/Gewinne_CH_0002_Gutschein01-460x460.jpg 460w, https:\/\/dach.tdsynnex.com\/snow-hunter\/ch\/wp-content\/uploads\/sites\/2\/2023\/11\/Gewinne_CH_0002_Gutschein01-50x50.jpg 50w, https:\/\/dach.tdsynnex.com\/snow-hunter\/ch\/wp-content\/uploads\/sites\/2\/2023\/11\/Gewinne_CH_0002_Gutschein01-100x100.jpg 100w, https:\/\/dach.tdsynnex.com\/snow-hunter\/ch\/wp-content\/uploads\/sites\/2\/2023\/11\/Gewinne_CH_0002_Gutschein01-600x600.jpg 600w\" sizes=\"auto, (max-width: 700px) 100vw, 700px\" \/><\/div><\/div>[\/vc_column_inner][\/vc_row_inner]<\/div><\/div>[\/vc_column][\/vc_row][vc_row pix_particles_check=&#8220;&#8220;][vc_column]<div class=\"pix-content-box card      vc_custom_1700736612441    rounded-lg  bg- w-100  \"   ><div class=\"\" style=\"z-index:30;position:relative;\">[vc_row_inner][vc_column_inner width=&#8220;1\/2&#8243;][vc_column_text css=&#8220;.vc_custom_1700737522334{padding-top: 30px !important;padding-right: 30px !important;padding-bottom: 30px !important;padding-left: 30px !important;}&#8220;]\r\n<h4><span style=\"color: #ccd814; line-height: 12pt;\">Platz 3- 20:<\/span><\/h4>\r\n<h4><span class=\"TextRun SCXW226732905 BCX0\" lang=\"DE-DE\" xml:lang=\"DE-DE\" data-contrast=\"auto\"><span class=\"EOP SCXW226732905 BCX0\" data-ccp-props=\"{&quot;201341983&quot;:0,&quot;335559739&quot;:160,&quot;335559740&quot;:259}\"><span class=\"NormalTextRun SCXW35729964 BCX0\">3x <\/span><span class=\"NormalTextRun SCXW35729964 BCX0\">Gutschein InTouch \u00fcber 150,- CHF<\/span><\/span><\/span><\/h4>\r\nSeien Sie gespannt auf diese Verlosung. Es winkt ein exklusiver Gutschein f\u00fcr den TD SYNNEX InTouch Shop im Wert von 150,- CHF. Platzieren Sie sich zwischen Rang 3 und 20, um einen der drei verf\u00fcgbaren Gutscheine zu ergattern. Entdecken Sie hochwertige Produkte nach Wahl und g\u00f6nnen Sie sich etwas Besonderes. Viel Erfolg![\/vc_column_text][\/vc_column_inner][vc_column_inner width=&#8220;1\/2&#8243;]<div id=\"img-7a91cd5d92e27cbce777b095a010a29b\" class=\"pix-img-element d-inline-block \" ><div class=\"pix-img-el     text-center d-inline-block  w-100 rounded-0\"  ><img loading=\"lazy\" decoding=\"async\" width=\"700\" height=\"700\" src=\"https:\/\/dach.tdsynnex.com\/snow-hunter\/ch\/wp-content\/uploads\/sites\/2\/2023\/11\/Gewinne_CH_0001_Gutschein02.jpg\" class=\"pix-img-elem rounded-0\" alt=\"Image link\" srcset=\"https:\/\/dach.tdsynnex.com\/snow-hunter\/ch\/wp-content\/uploads\/sites\/2\/2023\/11\/Gewinne_CH_0001_Gutschein02.jpg 700w, https:\/\/dach.tdsynnex.com\/snow-hunter\/ch\/wp-content\/uploads\/sites\/2\/2023\/11\/Gewinne_CH_0001_Gutschein02-300x300.jpg 300w, https:\/\/dach.tdsynnex.com\/snow-hunter\/ch\/wp-content\/uploads\/sites\/2\/2023\/11\/Gewinne_CH_0001_Gutschein02-150x150.jpg 150w, https:\/\/dach.tdsynnex.com\/snow-hunter\/ch\/wp-content\/uploads\/sites\/2\/2023\/11\/Gewinne_CH_0001_Gutschein02-400x400.jpg 400w, https:\/\/dach.tdsynnex.com\/snow-hunter\/ch\/wp-content\/uploads\/sites\/2\/2023\/11\/Gewinne_CH_0001_Gutschein02-75x75.jpg 75w, https:\/\/dach.tdsynnex.com\/snow-hunter\/ch\/wp-content\/uploads\/sites\/2\/2023\/11\/Gewinne_CH_0001_Gutschein02-460x460.jpg 460w, https:\/\/dach.tdsynnex.com\/snow-hunter\/ch\/wp-content\/uploads\/sites\/2\/2023\/11\/Gewinne_CH_0001_Gutschein02-50x50.jpg 50w, https:\/\/dach.tdsynnex.com\/snow-hunter\/ch\/wp-content\/uploads\/sites\/2\/2023\/11\/Gewinne_CH_0001_Gutschein02-100x100.jpg 100w, https:\/\/dach.tdsynnex.com\/snow-hunter\/ch\/wp-content\/uploads\/sites\/2\/2023\/11\/Gewinne_CH_0001_Gutschein02-600x600.jpg 600w\" sizes=\"auto, (max-width: 700px) 100vw, 700px\" \/><\/div><\/div>[\/vc_column_inner][\/vc_row_inner]<\/div><\/div>[\/vc_column][\/vc_row][vc_row pix_particles_check=&#8220;&#8220;][vc_column]<div class=\"pix-content-box card      vc_custom_1700736626988    rounded-lg  bg- w-100  \"   ><div class=\"\" style=\"z-index:30;position:relative;\">[vc_row_inner][vc_column_inner width=&#8220;1\/2&#8243;][vc_column_text css=&#8220;.vc_custom_1700737539109{padding-top: 30px !important;padding-right: 30px !important;padding-bottom: 30px !important;padding-left: 30px !important;}&#8220;]\r\n<h4><span style=\"color: #ccd814; line-height: 12pt;\">Platz 4- 50:<\/span><\/h4>\r\n<h4><span class=\"TextRun SCXW226732905 BCX0\" lang=\"DE-DE\" xml:lang=\"DE-DE\" data-contrast=\"auto\"><span class=\"EOP SCXW226732905 BCX0\" data-ccp-props=\"{&quot;201341983&quot;:0,&quot;335559739&quot;:160,&quot;335559740&quot;:259}\"><span class=\"NormalTextRun SCXW35729964 BCX0\">10x <\/span><span class=\"NormalTextRun SCXW35729964 BCX0\">Gutschein Coop 50,- CHF<\/span><\/span><\/span><\/h4>\r\nGewinnen Sie jetzt mit TD SYNNEX! Sichern Sie sich einen exklusiven Coop Gutschein im Wert von 50,- CHF. Platzieren Sie sich zwischen Rang 4 und 50, um eine von zehn Chancen auf diesen tollen Gewinn zu erhalten. Entdecken Sie die Vielfalt bei Coop und g\u00f6nnen Sie sich Eink\u00e4ufe nach Ihrem Geschmack. Viel Erfolg![\/vc_column_text][\/vc_column_inner][vc_column_inner width=&#8220;1\/2&#8243;]<div id=\"img-a055fdfb7cda0baa801e498a94bab51c\" class=\"pix-img-element d-inline-block \" ><div class=\"pix-img-el     text-center d-inline-block  w-100 rounded-0\"  ><img loading=\"lazy\" decoding=\"async\" width=\"700\" height=\"700\" src=\"https:\/\/dach.tdsynnex.com\/snow-hunter\/ch\/wp-content\/uploads\/sites\/2\/2023\/11\/Gewinne_CH_0000_Gutschein03.jpg\" class=\"pix-img-elem rounded-0\" alt=\"Image link\" srcset=\"https:\/\/dach.tdsynnex.com\/snow-hunter\/ch\/wp-content\/uploads\/sites\/2\/2023\/11\/Gewinne_CH_0000_Gutschein03.jpg 700w, https:\/\/dach.tdsynnex.com\/snow-hunter\/ch\/wp-content\/uploads\/sites\/2\/2023\/11\/Gewinne_CH_0000_Gutschein03-300x300.jpg 300w, https:\/\/dach.tdsynnex.com\/snow-hunter\/ch\/wp-content\/uploads\/sites\/2\/2023\/11\/Gewinne_CH_0000_Gutschein03-150x150.jpg 150w, https:\/\/dach.tdsynnex.com\/snow-hunter\/ch\/wp-content\/uploads\/sites\/2\/2023\/11\/Gewinne_CH_0000_Gutschein03-400x400.jpg 400w, https:\/\/dach.tdsynnex.com\/snow-hunter\/ch\/wp-content\/uploads\/sites\/2\/2023\/11\/Gewinne_CH_0000_Gutschein03-75x75.jpg 75w, https:\/\/dach.tdsynnex.com\/snow-hunter\/ch\/wp-content\/uploads\/sites\/2\/2023\/11\/Gewinne_CH_0000_Gutschein03-460x460.jpg 460w, https:\/\/dach.tdsynnex.com\/snow-hunter\/ch\/wp-content\/uploads\/sites\/2\/2023\/11\/Gewinne_CH_0000_Gutschein03-50x50.jpg 50w, https:\/\/dach.tdsynnex.com\/snow-hunter\/ch\/wp-content\/uploads\/sites\/2\/2023\/11\/Gewinne_CH_0000_Gutschein03-100x100.jpg 100w, https:\/\/dach.tdsynnex.com\/snow-hunter\/ch\/wp-content\/uploads\/sites\/2\/2023\/11\/Gewinne_CH_0000_Gutschein03-600x600.jpg 600w\" sizes=\"auto, (max-width: 700px) 100vw, 700px\" \/><\/div><\/div>[\/vc_column_inner][\/vc_row_inner]<\/div><\/div>[\/vc_column][\/vc_row][\/vc_section]<\/div>","protected":false},"excerpt":{"rendered":"[vc_section full_width=&#8220;stretch_row&#8220; pix_over_visibility=&#8220;&#8220; css=&#8220;.vc_custom_1700736480270{padding-top: 60px !important;padding-bottom: 60px !important;}&#8220; fade_in_intro=&#8220;13678&#8243;][vc_row pix_particles_check=&#8220;&#8220;][vc_column width=&#8220;1\/6&#8243;][\/vc_column][vc_column width=&#8220;2\/3&#8243;][\/vc_column][\/vc_row][vc_row pix_particles_check=&#8220;&#8220;][vc_column][\/vc_column][\/vc_row][vc_row pix_particles_check=&#8220;&#8220;][vc_column][\/vc_column][\/vc_row][vc_row pix_particles_check=&#8220;&#8220;][vc_column][\/vc_column][\/vc_row][\/vc_section]","protected":false},"author":2,"featured_media":0,"parent":0,"menu_order":0,"comment_status":"closed","ping_status":"closed","template":"","meta":{"footnotes":""},"folder":[],"class_list":["post-13671","page","type-page","status-publish","hentry"],"yoast_head":"<!-- This site is optimized with the Yoast SEO plugin v26.4 - https:\/\/yoast.com\/wordpress\/plugins\/seo\/ -->\n<title>Gewinne - Snow Hunter CH<\/title>\n<meta name=\"robots\" content=\"index, follow, max-snippet:-1, max-image-preview:large, max-video-preview:-1\" \/>\n<link rel=\"canonical\" href=\"https:\/\/dach.tdsynnex.com\/snow-hunter\/ch\/gewinne\/\" \/>\n<meta property=\"og:locale\" content=\"de_DE\" \/>\n<meta property=\"og:type\" content=\"article\" \/>\n<meta property=\"og:title\" content=\"Gewinne - Snow Hunter CH\" \/>\n<meta property=\"og:description\" content=\"[vc_section full_width=&#8220;stretch_row&#8220; pix_over_visibility=&#8220;&#8220; css=&#8220;.vc_custom_1700736480270{padding-top: 60px !important;padding-bottom: 60px !important;}&#8220; fade_in_intro=&#8220;13678&#8243;][vc_row pix_particles_check=&#8220;&#8220;][vc_column width=&#8220;1\/6&#8243;][\/vc_column][vc_column width=&#8220;2\/3&#8243;][\/vc_column][\/vc_row][vc_row pix_particles_check=&#8220;&#8220;][vc_column][\/vc_column][\/vc_row][vc_row pix_particles_check=&#8220;&#8220;][vc_column][\/vc_column][\/vc_row][vc_row pix_particles_check=&#8220;&#8220;][vc_column][\/vc_column][\/vc_row][\/vc_section]\" \/>\n<meta property=\"og:url\" content=\"https:\/\/dach.tdsynnex.com\/snow-hunter\/ch\/gewinne\/\" \/>\n<meta property=\"og:site_name\" content=\"Snow Hunter CH\" \/>\n<meta property=\"article:modified_time\" content=\"2023-11-23T11:05:42+00:00\" \/>\n<meta name=\"twitter:card\" content=\"summary_large_image\" \/>\n<meta name=\"twitter:label1\" content=\"Gesch\u00e4tzte Lesezeit\" \/>\n\t<meta name=\"twitter:data1\" content=\"3\u00a0Minuten\" \/>\n<script type=\"application\/ld+json\" class=\"yoast-schema-graph\">{\"@context\":\"https:\/\/schema.org\",\"@graph\":[{\"@type\":\"WebPage\",\"@id\":\"https:\/\/dach.tdsynnex.com\/snow-hunter\/ch\/gewinne\/\",\"url\":\"https:\/\/dach.tdsynnex.com\/snow-hunter\/ch\/gewinne\/\",\"name\":\"Gewinne - Snow Hunter CH\",\"isPartOf\":{\"@id\":\"https:\/\/dach.tdsynnex.com\/snow-hunter\/ch\/#website\"},\"datePublished\":\"2023-11-23T10:20:39+00:00\",\"dateModified\":\"2023-11-23T11:05:42+00:00\",\"breadcrumb\":{\"@id\":\"https:\/\/dach.tdsynnex.com\/snow-hunter\/ch\/gewinne\/#breadcrumb\"},\"inLanguage\":\"de\",\"potentialAction\":[{\"@type\":\"ReadAction\",\"target\":[\"https:\/\/dach.tdsynnex.com\/snow-hunter\/ch\/gewinne\/\"]}]},{\"@type\":\"BreadcrumbList\",\"@id\":\"https:\/\/dach.tdsynnex.com\/snow-hunter\/ch\/gewinne\/#breadcrumb\",\"itemListElement\":[{\"@type\":\"ListItem\",\"position\":1,\"name\":\"Startseite\",\"item\":\"https:\/\/dach.tdsynnex.com\/snow-hunter\/ch\/\"},{\"@type\":\"ListItem\",\"position\":2,\"name\":\"Gewinne\"}]},{\"@type\":\"WebSite\",\"@id\":\"https:\/\/dach.tdsynnex.com\/snow-hunter\/ch\/#website\",\"url\":\"https:\/\/dach.tdsynnex.com\/snow-hunter\/ch\/\",\"name\":\"Snow Hunter CH\",\"description\":\"\",\"potentialAction\":[{\"@type\":\"SearchAction\",\"target\":{\"@type\":\"EntryPoint\",\"urlTemplate\":\"https:\/\/dach.tdsynnex.com\/snow-hunter\/ch\/?s={search_term_string}\"},\"query-input\":{\"@type\":\"PropertyValueSpecification\",\"valueRequired\":true,\"valueName\":\"search_term_string\"}}],\"inLanguage\":\"de\"}]}<\/script>\n<!-- \/ Yoast SEO plugin. -->","yoast_head_json":{"title":"Gewinne - Snow Hunter CH","robots":{"index":"index","follow":"follow","max-snippet":"max-snippet:-1","max-image-preview":"max-image-preview:large","max-video-preview":"max-video-preview:-1"},"canonical":"https:\/\/dach.tdsynnex.com\/snow-hunter\/ch\/gewinne\/","og_locale":"de_DE","og_type":"article","og_title":"Gewinne - Snow Hunter CH","og_description":"[vc_section full_width=&#8220;stretch_row&#8220; pix_over_visibility=&#8220;&#8220; css=&#8220;.vc_custom_1700736480270{padding-top: 60px !important;padding-bottom: 60px !important;}&#8220; fade_in_intro=&#8220;13678&#8243;][vc_row pix_particles_check=&#8220;&#8220;][vc_column width=&#8220;1\/6&#8243;][\/vc_column][vc_column width=&#8220;2\/3&#8243;][\/vc_column][\/vc_row][vc_row pix_particles_check=&#8220;&#8220;][vc_column][\/vc_column][\/vc_row][vc_row pix_particles_check=&#8220;&#8220;][vc_column][\/vc_column][\/vc_row][vc_row pix_particles_check=&#8220;&#8220;][vc_column][\/vc_column][\/vc_row][\/vc_section]","og_url":"https:\/\/dach.tdsynnex.com\/snow-hunter\/ch\/gewinne\/","og_site_name":"Snow Hunter CH","article_modified_time":"2023-11-23T11:05:42+00:00","twitter_card":"summary_large_image","twitter_misc":{"Gesch\u00e4tzte Lesezeit":"3\u00a0Minuten"},"schema":{"@context":"https:\/\/schema.org","@graph":[{"@type":"WebPage","@id":"https:\/\/dach.tdsynnex.com\/snow-hunter\/ch\/gewinne\/","url":"https:\/\/dach.tdsynnex.com\/snow-hunter\/ch\/gewinne\/","name":"Gewinne - Snow Hunter CH","isPartOf":{"@id":"https:\/\/dach.tdsynnex.com\/snow-hunter\/ch\/#website"},"datePublished":"2023-11-23T10:20:39+00:00","dateModified":"2023-11-23T11:05:42+00:00","breadcrumb":{"@id":"https:\/\/dach.tdsynnex.com\/snow-hunter\/ch\/gewinne\/#breadcrumb"},"inLanguage":"de","potentialAction":[{"@type":"ReadAction","target":["https:\/\/dach.tdsynnex.com\/snow-hunter\/ch\/gewinne\/"]}]},{"@type":"BreadcrumbList","@id":"https:\/\/dach.tdsynnex.com\/snow-hunter\/ch\/gewinne\/#breadcrumb","itemListElement":[{"@type":"ListItem","position":1,"name":"Startseite","item":"https:\/\/dach.tdsynnex.com\/snow-hunter\/ch\/"},{"@type":"ListItem","position":2,"name":"Gewinne"}]},{"@type":"WebSite","@id":"https:\/\/dach.tdsynnex.com\/snow-hunter\/ch\/#website","url":"https:\/\/dach.tdsynnex.com\/snow-hunter\/ch\/","name":"Snow Hunter CH","description":"","potentialAction":[{"@type":"SearchAction","target":{"@type":"EntryPoint","urlTemplate":"https:\/\/dach.tdsynnex.com\/snow-hunter\/ch\/?s={search_term_string}"},"query-input":{"@type":"PropertyValueSpecification","valueRequired":true,"valueName":"search_term_string"}}],"inLanguage":"de"}]}},"_links":{"self":[{"href":"https:\/\/dach.tdsynnex.com\/snow-hunter\/ch\/wp-json\/wp\/v2\/pages\/13671","targetHints":{"allow":["GET"]}}],"collection":[{"href":"https:\/\/dach.tdsynnex.com\/snow-hunter\/ch\/wp-json\/wp\/v2\/pages"}],"about":[{"href":"https:\/\/dach.tdsynnex.com\/snow-hunter\/ch\/wp-json\/wp\/v2\/types\/page"}],"author":[{"embeddable":true,"href":"https:\/\/dach.tdsynnex.com\/snow-hunter\/ch\/wp-json\/wp\/v2\/users\/2"}],"replies":[{"embeddable":true,"href":"https:\/\/dach.tdsynnex.com\/snow-hunter\/ch\/wp-json\/wp\/v2\/comments?post=13671"}],"version-history":[{"count":6,"href":"https:\/\/dach.tdsynnex.com\/snow-hunter\/ch\/wp-json\/wp\/v2\/pages\/13671\/revisions"}],"predecessor-version":[{"id":13681,"href":"https:\/\/dach.tdsynnex.com\/snow-hunter\/ch\/wp-json\/wp\/v2\/pages\/13671\/revisions\/13681"}],"wp:attachment":[{"href":"https:\/\/dach.tdsynnex.com\/snow-hunter\/ch\/wp-json\/wp\/v2\/media?parent=13671"}],"wp:term":[{"taxonomy":"folder","embeddable":true,"href":"https:\/\/dach.tdsynnex.com\/snow-hunter\/ch\/wp-json\/wp\/v2\/folder?post=13671"}],"curies":[{"name":"wp","href":"https:\/\/api.w.org\/{rel}","templated":true}]}}